{"id":720,"date":"2023-07-04T19:05:33","date_gmt":"2023-07-04T19:05:33","guid":{"rendered":"https:\/\/www.electronicajnc.com\/web\/?post_type=product&#038;p=720"},"modified":"2023-07-04T19:05:35","modified_gmt":"2023-07-04T19:05:35","slug":"kit-electrico-estudiantil-de-6-piezas","status":"publish","type":"product","link":"https:\/\/www.electronicajnc.com\/web\/producto\/kit-electrico-estudiantil-de-6-piezas\/","title":{"rendered":"Kit El\u00e9ctrico Estudiantil de 6 Piezas"},"content":{"rendered":"<p class=\"product_title entry-title\">Kit El\u00e9ctrico Estudiantil de 6 Piezas<\/p>\n<p>&nbsp;<\/p>\n<h1><img fetchpriority=\"high\" decoding=\"async\" class=\"aligncenter\" src=\"https:\/\/cdn.goconqr.com\/uploads\/media\/image\/26358443\/desktop_8f2ed56c-39c3-442e-bff5-51d9303e74a4.jpg\" alt=\"Robot Casero | Mind Map\" width=\"400\" height=\"225\" \/><\/h1>\n<h1 class=\"h1 product_name\">KIT ELECTRONICO PARA PROYECTO ESCOLAR EDUCATIVO ELECTRICIDAD<\/h1>\n<p><strong>KIT ELECTRONICO PARA PROYECTO ESCOLAR EDUCATIVO ELECTRICIDAD<\/strong><\/p>\n<div>\n<p>Conjunto de 6 piezas dise\u00f1adas para la ense\u00f1anza y aprendizaje de principios de electricidad y electr\u00f3nica.<\/p>\n<p>Kit el\u00e9ctrico escolar , para los proyectos tecnol\u00f3gicos o de aprendizajes escolares para tu hijo ya que es f\u00e1cil de armar y lo hace ideal para armar un circuito simple y c\u00f3modo.<\/p>\n<p><span style=\"font-size: 2.61792em; letter-spacing: -1px;\">Kit El\u00e9ctrico Estudiantil de 6 Piezas<\/span><\/p>\n<p><strong>CARACTERISTICAS:<\/strong><\/p>\n<p>Ideal para experimentos y comprobar teor\u00edas dadas en clases.<\/p>\n<p>Incluye 7 piezas: motor, portapila, caimanes con cable, soquete, bombillo, h\u00e9lice y switch.<\/p>\n<p>Un kit sencillo y pr\u00e1ctico para trabajar con los ni\u00f1os.<\/p>\n<p>Funciona con bater\u00edas AA (No incluidas)<\/p>\n<p><strong>ESPECIFICACIONES TECNICAS:<\/strong><\/p>\n<p>El kit Contiene:<\/p>\n<p>1 motor DC<\/p>\n<p>1 bombillo<\/p>\n<p>1 base para bombillo<\/p>\n<p>1 juego de cables caim\u00e1n-caim\u00e1n<\/p>\n<p>1 interruptor<\/p>\n<p>1 portabater\u00edas<\/p>\n<p><strong style=\"font-size: 16px;\">\u00bfD\u00f3nde conseguir ?<\/strong><\/p>\n<div class=\"product-prices js-product-prices\">\n<div class=\"product-price h5 \">\n<p>Puedes conseguir este producto y mucho mas en nuestra tienda de electr\u00f3nica \u201cElectr\u00f3nica JNC\u201d a un excelente precio, de igual manera puedes preguntar por otros productos que tenemos para ti y as\u00ed adquirirlos seg\u00fan tu necesidad para\u00a0 tus proyectos.<\/p>\n<p>Adem\u00e1s de vender realizamos todo tipo de proyectos de Rob\u00f3tica Electr\u00f3nica y de Programaci\u00f3n en Arduino-Raspberry, realizamos maquetas y brindamos asesoramiento en la elaboraci\u00f3n de proyectos y personalizamos sus clases cuando deseas armar un robot.<\/p>\n<p><strong>\u00a1\u00a1\u00a1\u00a1 PREGUNTANOS!!!!<\/strong><\/p>\n<p>Puede retirar sus pedidos en nuestra\u00a0<a href=\"https:\/\/www.electronicajnc.com\/web\/contactos\" target=\"_blank\" rel=\"noopener\">TIENDA F\u00cdSICA<\/a>\u00a0o realizar sus pedidos\u00a0<a href=\"https:\/\/www.electronicajnc.com\/web\/mi-cuenta\" target=\"_blank\" rel=\"noopener\">ONLINE<\/a>\u00a0o por\u00a0<a href=\"https:\/\/api.whatsapp.com\/send?phone=593958753126\" target=\"_blank\" rel=\"noopener\">WHATSAPP<\/a>.<\/p>\n<\/div>\n<\/div>\n<\/div>\n","protected":false},"excerpt":{"rendered":"<p>Kit el\u00e9ctrico escolar , para los proyectos tecnol\u00f3gicos o de aprendizajes escolares para tu hijo ya que es f\u00e1cil de armar y lo hace ideal para armar un circuito simple y c\u00f3modo.<\/p>\n","protected":false},"featured_media":721,"comment_status":"closed","ping_status":"closed","template":"","meta":{"saved_in_kubio":false,"_joinchat":[]},"product_brand":[],"product_cat":[53],"product_tag":[558,560,563,557,556,564,562,559,561,555,565,79],"class_list":{"0":"post-720","1":"product","2":"type-product","3":"status-publish","4":"has-post-thumbnail","6":"product_cat-kits-de-robotica","7":"product_tag-basico","8":"product_tag-caimanes","9":"product_tag-economico","10":"product_tag-escolar","11":"product_tag-estudiantil","12":"product_tag-estudiantiles","13":"product_tag-facil","14":"product_tag-foco","15":"product_tag-lagartos","16":"product_tag-motor","17":"product_tag-paquete","18":"product_tag-proyectos","20":"first","21":"instock","22":"taxable","23":"shipping-taxable","24":"purchasable","25":"product-type-simple"},"yoast_head":"<!-- This site is optimized with the Yoast SEO plugin v27.5 - https:\/\/yoast.com\/product\/yoast-seo-wordpress\/ -->\n<title>Kit El\u00e9ctrico Estudiantil de 6 Piezas - Electronica JNC<\/title>\n<meta name=\"description\" content=\"Kit El\u00e9ctrico Estudiantil de 6 Piezas\" \/>\n<meta name=\"robots\" content=\"index, follow, max-snippet:-1, max-image-preview:large, max-video-preview:-1\" \/>\n<link rel=\"canonical\" href=\"https:\/\/www.electronicajnc.com\/web\/producto\/kit-electrico-estudiantil-de-6-piezas\/\" \/>\n<meta property=\"og:locale\" content=\"es_ES\" \/>\n<meta property=\"og:type\" content=\"article\" \/>\n<meta property=\"og:title\" content=\"Kit El\u00e9ctrico Estudiantil de 6 Piezas - Electronica JNC\" \/>\n<meta property=\"og:description\" content=\"Kit El\u00e9ctrico Estudiantil de 6 Piezas\" \/>\n<meta property=\"og:url\" content=\"https:\/\/www.electronicajnc.com\/web\/producto\/kit-electrico-estudiantil-de-6-piezas\/\" \/>\n<meta property=\"og:site_name\" content=\"Electronica JNC\" \/>\n<meta property=\"article:modified_time\" content=\"2023-07-04T19:05:35+00:00\" \/>\n<meta property=\"og:image\" content=\"https:\/\/www.electronicajnc.com\/web\/wp-content\/uploads\/2023\/07\/kit-motor-foco.jpg\" \/>\n\t<meta property=\"og:image:width\" content=\"1028\" \/>\n\t<meta property=\"og:image:height\" content=\"1018\" \/>\n\t<meta property=\"og:image:type\" content=\"image\/jpeg\" \/>\n<meta name=\"twitter:card\" content=\"summary_large_image\" \/>\n<meta name=\"twitter:label1\" content=\"Tiempo de lectura\" \/>\n\t<meta name=\"twitter:data1\" content=\"2 minutos\" \/>\n<script type=\"application\/ld+json\" class=\"yoast-schema-graph\">{\"@context\":\"https:\\\/\\\/schema.org\",\"@graph\":[{\"@type\":\"WebPage\",\"@id\":\"https:\\\/\\\/www.electronicajnc.com\\\/web\\\/producto\\\/kit-electrico-estudiantil-de-6-piezas\\\/\",\"url\":\"https:\\\/\\\/www.electronicajnc.com\\\/web\\\/producto\\\/kit-electrico-estudiantil-de-6-piezas\\\/\",\"name\":\"Kit El\u00e9ctrico Estudiantil de 6 Piezas - Electronica JNC\",\"isPartOf\":{\"@id\":\"https:\\\/\\\/www.electronicajnc.com\\\/web\\\/#website\"},\"primaryImageOfPage\":{\"@id\":\"https:\\\/\\\/www.electronicajnc.com\\\/web\\\/producto\\\/kit-electrico-estudiantil-de-6-piezas\\\/#primaryimage\"},\"image\":{\"@id\":\"https:\\\/\\\/www.electronicajnc.com\\\/web\\\/producto\\\/kit-electrico-estudiantil-de-6-piezas\\\/#primaryimage\"},\"thumbnailUrl\":\"https:\\\/\\\/www.electronicajnc.com\\\/web\\\/wp-content\\\/uploads\\\/2023\\\/07\\\/kit-motor-foco.jpg\",\"datePublished\":\"2023-07-04T19:05:33+00:00\",\"dateModified\":\"2023-07-04T19:05:35+00:00\",\"description\":\"Kit El\u00e9ctrico Estudiantil de 6 Piezas\",\"breadcrumb\":{\"@id\":\"https:\\\/\\\/www.electronicajnc.com\\\/web\\\/producto\\\/kit-electrico-estudiantil-de-6-piezas\\\/#breadcrumb\"},\"inLanguage\":\"es\",\"potentialAction\":[{\"@type\":\"ReadAction\",\"target\":[\"https:\\\/\\\/www.electronicajnc.com\\\/web\\\/producto\\\/kit-electrico-estudiantil-de-6-piezas\\\/\"]}]},{\"@type\":\"ImageObject\",\"inLanguage\":\"es\",\"@id\":\"https:\\\/\\\/www.electronicajnc.com\\\/web\\\/producto\\\/kit-electrico-estudiantil-de-6-piezas\\\/#primaryimage\",\"url\":\"https:\\\/\\\/www.electronicajnc.com\\\/web\\\/wp-content\\\/uploads\\\/2023\\\/07\\\/kit-motor-foco.jpg\",\"contentUrl\":\"https:\\\/\\\/www.electronicajnc.com\\\/web\\\/wp-content\\\/uploads\\\/2023\\\/07\\\/kit-motor-foco.jpg\",\"width\":1028,\"height\":1018,\"caption\":\"Kit El\u00e9ctrico Estudiantil de 6 Piezas\"},{\"@type\":\"BreadcrumbList\",\"@id\":\"https:\\\/\\\/www.electronicajnc.com\\\/web\\\/producto\\\/kit-electrico-estudiantil-de-6-piezas\\\/#breadcrumb\",\"itemListElement\":[{\"@type\":\"ListItem\",\"position\":1,\"name\":\"Portada\",\"item\":\"https:\\\/\\\/www.electronicajnc.com\\\/web\\\/\"},{\"@type\":\"ListItem\",\"position\":2,\"name\":\"TIENDA\",\"item\":\"https:\\\/\\\/www.electronicajnc.com\\\/web\\\/tienda\\\/\"},{\"@type\":\"ListItem\",\"position\":3,\"name\":\"Kit El\u00e9ctrico Estudiantil de 6 Piezas\"}]},{\"@type\":\"WebSite\",\"@id\":\"https:\\\/\\\/www.electronicajnc.com\\\/web\\\/#website\",\"url\":\"https:\\\/\\\/www.electronicajnc.com\\\/web\\\/\",\"name\":\"Electronica JNC\",\"description\":\"Robotica Tecnologia Mecatronica en Ecuador\",\"publisher\":{\"@id\":\"https:\\\/\\\/www.electronicajnc.com\\\/web\\\/#organization\"},\"potentialAction\":[{\"@type\":\"SearchAction\",\"target\":{\"@type\":\"EntryPoint\",\"urlTemplate\":\"https:\\\/\\\/www.electronicajnc.com\\\/web\\\/?s={search_term_string}\"},\"query-input\":{\"@type\":\"PropertyValueSpecification\",\"valueRequired\":true,\"valueName\":\"search_term_string\"}}],\"inLanguage\":\"es\"},{\"@type\":\"Organization\",\"@id\":\"https:\\\/\\\/www.electronicajnc.com\\\/web\\\/#organization\",\"name\":\"Electronica JNC\",\"url\":\"https:\\\/\\\/www.electronicajnc.com\\\/web\\\/\",\"logo\":{\"@type\":\"ImageObject\",\"inLanguage\":\"es\",\"@id\":\"https:\\\/\\\/www.electronicajnc.com\\\/web\\\/#\\\/schema\\\/logo\\\/image\\\/\",\"url\":\"https:\\\/\\\/www.electronicajnc.com\\\/web\\\/wp-content\\\/uploads\\\/2023\\\/06\\\/nuevo-logo.jpg\",\"contentUrl\":\"https:\\\/\\\/www.electronicajnc.com\\\/web\\\/wp-content\\\/uploads\\\/2023\\\/06\\\/nuevo-logo.jpg\",\"width\":1256,\"height\":612,\"caption\":\"Electronica JNC\"},\"image\":{\"@id\":\"https:\\\/\\\/www.electronicajnc.com\\\/web\\\/#\\\/schema\\\/logo\\\/image\\\/\"}}]}<\/script>\n<!-- \/ Yoast SEO plugin. -->","yoast_head_json":{"title":"Kit El\u00e9ctrico Estudiantil de 6 Piezas - Electronica JNC","description":"Kit El\u00e9ctrico Estudiantil de 6 Piezas","robots":{"index":"index","follow":"follow","max-snippet":"max-snippet:-1","max-image-preview":"max-image-preview:large","max-video-preview":"max-video-preview:-1"},"canonical":"https:\/\/www.electronicajnc.com\/web\/producto\/kit-electrico-estudiantil-de-6-piezas\/","og_locale":"es_ES","og_type":"article","og_title":"Kit El\u00e9ctrico Estudiantil de 6 Piezas - Electronica JNC","og_description":"Kit El\u00e9ctrico Estudiantil de 6 Piezas","og_url":"https:\/\/www.electronicajnc.com\/web\/producto\/kit-electrico-estudiantil-de-6-piezas\/","og_site_name":"Electronica JNC","article_modified_time":"2023-07-04T19:05:35+00:00","og_image":[{"width":1028,"height":1018,"url":"https:\/\/www.electronicajnc.com\/web\/wp-content\/uploads\/2023\/07\/kit-motor-foco.jpg","type":"image\/jpeg"}],"twitter_card":"summary_large_image","twitter_misc":{"Tiempo de lectura":"2 minutos"},"schema":{"@context":"https:\/\/schema.org","@graph":[{"@type":"WebPage","@id":"https:\/\/www.electronicajnc.com\/web\/producto\/kit-electrico-estudiantil-de-6-piezas\/","url":"https:\/\/www.electronicajnc.com\/web\/producto\/kit-electrico-estudiantil-de-6-piezas\/","name":"Kit El\u00e9ctrico Estudiantil de 6 Piezas - Electronica JNC","isPartOf":{"@id":"https:\/\/www.electronicajnc.com\/web\/#website"},"primaryImageOfPage":{"@id":"https:\/\/www.electronicajnc.com\/web\/producto\/kit-electrico-estudiantil-de-6-piezas\/#primaryimage"},"image":{"@id":"https:\/\/www.electronicajnc.com\/web\/producto\/kit-electrico-estudiantil-de-6-piezas\/#primaryimage"},"thumbnailUrl":"https:\/\/www.electronicajnc.com\/web\/wp-content\/uploads\/2023\/07\/kit-motor-foco.jpg","datePublished":"2023-07-04T19:05:33+00:00","dateModified":"2023-07-04T19:05:35+00:00","description":"Kit El\u00e9ctrico Estudiantil de 6 Piezas","breadcrumb":{"@id":"https:\/\/www.electronicajnc.com\/web\/producto\/kit-electrico-estudiantil-de-6-piezas\/#breadcrumb"},"inLanguage":"es","potentialAction":[{"@type":"ReadAction","target":["https:\/\/www.electronicajnc.com\/web\/producto\/kit-electrico-estudiantil-de-6-piezas\/"]}]},{"@type":"ImageObject","inLanguage":"es","@id":"https:\/\/www.electronicajnc.com\/web\/producto\/kit-electrico-estudiantil-de-6-piezas\/#primaryimage","url":"https:\/\/www.electronicajnc.com\/web\/wp-content\/uploads\/2023\/07\/kit-motor-foco.jpg","contentUrl":"https:\/\/www.electronicajnc.com\/web\/wp-content\/uploads\/2023\/07\/kit-motor-foco.jpg","width":1028,"height":1018,"caption":"Kit El\u00e9ctrico Estudiantil de 6 Piezas"},{"@type":"BreadcrumbList","@id":"https:\/\/www.electronicajnc.com\/web\/producto\/kit-electrico-estudiantil-de-6-piezas\/#breadcrumb","itemListElement":[{"@type":"ListItem","position":1,"name":"Portada","item":"https:\/\/www.electronicajnc.com\/web\/"},{"@type":"ListItem","position":2,"name":"TIENDA","item":"https:\/\/www.electronicajnc.com\/web\/tienda\/"},{"@type":"ListItem","position":3,"name":"Kit El\u00e9ctrico Estudiantil de 6 Piezas"}]},{"@type":"WebSite","@id":"https:\/\/www.electronicajnc.com\/web\/#website","url":"https:\/\/www.electronicajnc.com\/web\/","name":"Electronica JNC","description":"Robotica Tecnologia Mecatronica en Ecuador","publisher":{"@id":"https:\/\/www.electronicajnc.com\/web\/#organization"},"potentialAction":[{"@type":"SearchAction","target":{"@type":"EntryPoint","urlTemplate":"https:\/\/www.electronicajnc.com\/web\/?s={search_term_string}"},"query-input":{"@type":"PropertyValueSpecification","valueRequired":true,"valueName":"search_term_string"}}],"inLanguage":"es"},{"@type":"Organization","@id":"https:\/\/www.electronicajnc.com\/web\/#organization","name":"Electronica JNC","url":"https:\/\/www.electronicajnc.com\/web\/","logo":{"@type":"ImageObject","inLanguage":"es","@id":"https:\/\/www.electronicajnc.com\/web\/#\/schema\/logo\/image\/","url":"https:\/\/www.electronicajnc.com\/web\/wp-content\/uploads\/2023\/06\/nuevo-logo.jpg","contentUrl":"https:\/\/www.electronicajnc.com\/web\/wp-content\/uploads\/2023\/06\/nuevo-logo.jpg","width":1256,"height":612,"caption":"Electronica JNC"},"image":{"@id":"https:\/\/www.electronicajnc.com\/web\/#\/schema\/logo\/image\/"}}]}},"_links":{"self":[{"href":"https:\/\/www.electronicajnc.com\/web\/wp-json\/wp\/v2\/product\/720","targetHints":{"allow":["GET"]}}],"collection":[{"href":"https:\/\/www.electronicajnc.com\/web\/wp-json\/wp\/v2\/product"}],"about":[{"href":"https:\/\/www.electronicajnc.com\/web\/wp-json\/wp\/v2\/types\/product"}],"replies":[{"embeddable":true,"href":"https:\/\/www.electronicajnc.com\/web\/wp-json\/wp\/v2\/comments?post=720"}],"wp:featuredmedia":[{"embeddable":true,"href":"https:\/\/www.electronicajnc.com\/web\/wp-json\/wp\/v2\/media\/721"}],"wp:attachment":[{"href":"https:\/\/www.electronicajnc.com\/web\/wp-json\/wp\/v2\/media?parent=720"}],"wp:term":[{"taxonomy":"product_brand","embeddable":true,"href":"https:\/\/www.electronicajnc.com\/web\/wp-json\/wp\/v2\/product_brand?post=720"},{"taxonomy":"product_cat","embeddable":true,"href":"https:\/\/www.electronicajnc.com\/web\/wp-json\/wp\/v2\/product_cat?post=720"},{"taxonomy":"product_tag","embeddable":true,"href":"https:\/\/www.electronicajnc.com\/web\/wp-json\/wp\/v2\/product_tag?post=720"}],"curies":[{"name":"wp","href":"https:\/\/api.w.org\/{rel}","templated":true}]}}