{"id":724,"date":"2023-07-04T20:56:57","date_gmt":"2023-07-04T20:56:57","guid":{"rendered":"https:\/\/www.electronicajnc.com\/web\/?post_type=product&#038;p=724"},"modified":"2023-07-04T20:56:58","modified_gmt":"2023-07-04T20:56:58","slug":"mini-voltimetro-digital-100v-arduino","status":"publish","type":"product","link":"https:\/\/www.electronicajnc.com\/web\/producto\/mini-voltimetro-digital-100v-arduino\/","title":{"rendered":"Mini Volt\u00edmetro Digital 100v &#8211; Arduino"},"content":{"rendered":"<p>Mini Volt\u00edmetro Digital 100v &#8211; Arduino<\/p>\n<p><img fetchpriority=\"high\" decoding=\"async\" class=\"aligncenter\" src=\"https:\/\/i5.walmartimages.com.mx\/mg\/gm\/3pp\/asr\/17b4ad19-9244-4246-a56d-f1baec7844d2.1f0d8cec3f35a8ed74fc64c07b1fcb4d.jpeg?odnHeight=612&amp;odnWidth=612&amp;odnBg=FFFFFF\" alt=\"Mini Volt\u00edmetro Digital LED Panelmeter 3 cables, Rango de Medici\u00f3n DC  0-10V, DC2.5-30 Cola Medidor de voltaje digital | Bodega Aurrera en l\u00ednea\" width=\"300\" height=\"300\" \/><\/p>\n<p class=\"a-size-large a-spacing-none\">Este medidor de voltaje CC es de tama\u00f1o peque\u00f1o, dise\u00f1o compacto. Puede medir y mostrar voltaje, el rango de medici\u00f3n es de 2,5 a 30 V CC. El medidor de voltaje utiliza pantalla LED de 3 d\u00edgitos de 0,28 pulgadas, claro para leer. Hay 2 cables, f\u00e1cil de conectar, soporta protecci\u00f3n de entrada inversa, no se quema. Ampliamente utilizado para coches de ni\u00f1os, bicicletas el\u00e9ctricas, motocicletas para controlar el voltaje de la bater\u00eda y muchos otros fines de medici\u00f3n de voltaje. Sin necesidad de fuente de alimentaci\u00f3n, puede probar el voltaje directamente.<\/p>\n<p><span class=\"a-list-item\">Medidor de voltaje, con este medidor de voltaje, puede medir f\u00e1cilmente el voltaje del circuito, muy confiable y conveniente es de a<\/span>lta precisi\u00f3n su rango de detecci\u00f3n es de 0 a 30 V, mientras que la precisi\u00f3n de medici\u00f3n del 3 % garantiza un peque\u00f1o error en su trabajo, tiene una pantalla clara LED de 0,28 pulgadas permite una visualizaci\u00f3n digital clara, lo que tambi\u00e9n simplifica en gran medida la operaci\u00f3n.<\/p>\n<p><span class=\"a-list-item\">Trabajo m\u00e1s seguro y es dise\u00f1ado para tener protecci\u00f3n de conexi\u00f3n inversa, el volt\u00edmetro tiene una mejor seguridad y estabilidad en el trabajo de f<\/span><span class=\"a-list-item\">\u00e1cil de instalacion y viene con un tama\u00f1o compacto y un peso ligero, la instalaci\u00f3n se puede completar r\u00e1pidamente.<\/span><\/p>\n<h1>Mini Volt\u00edmetro Digital 100v &#8211; Arduino<\/h1>\n<ul>\n<li>Volt\u00edmetro digital de dos cables, pantalla LED de 0.28 \u00ab, tama\u00f1o mini, protecci\u00f3n de conexi\u00f3n inversa.<\/li>\n<li>Perfermance estable y alta precisi\u00f3n.<\/li>\n<li>Tama\u00f1o est\u00e1ndar y f\u00e1cil instalaci\u00f3n.<\/li>\n<li>Para la motocicleta electrom\u00f3vil del coche y as\u00ed sucesivamente<\/li>\n<li>Cuando el voltaje es inferior a 10 V, nuestro volt\u00edmetro muestra la con una precisi\u00f3n de dos decimales. Cuando m\u00e1s de 10V, la es exacta a un decimal.<\/li>\n<li>Especificaci\u00f3n:<\/li>\n<li>Rango de medici\u00f3n: .5-30V (rojo); 2,6-30 V (verde); 3.2-30V (azul)<\/li>\n<li>Pantalla: Tres tubos digitales de 0.28 \u00ab(rojo, azul, verde)<\/li>\n<li>Corriente de trabajo:<\/li>\n<\/ul>\n<p><strong style=\"font-size: 16px;\">\u00bfD\u00f3nde conseguir ?<\/strong><\/p>\n<div class=\"product-prices js-product-prices\">\n<div class=\"product-price h5 \">\n<p>Puedes conseguir este producto y mucho mas en nuestra tienda de electr\u00f3nica \u201cElectr\u00f3nica JNC\u201d a un excelente precio, de igual manera puedes preguntar por otros productos que tenemos para ti y as\u00ed adquirirlos seg\u00fan tu necesidad para\u00a0 tus proyectos.<\/p>\n<p>Adem\u00e1s de vender realizamos todo tipo de proyectos de Rob\u00f3tica Electr\u00f3nica y de Programaci\u00f3n en Arduino-Raspberry, realizamos maquetas y brindamos asesoramiento en la elaboraci\u00f3n de proyectos y personalizamos sus clases cuando deseas armar un robot.<\/p>\n<p><strong>\u00a1\u00a1\u00a1\u00a1 PREGUNTANOS!!!!<\/strong><\/p>\n<p>Puede retirar sus pedidos en nuestra\u00a0<a href=\"https:\/\/www.electronicajnc.com\/web\/contactos\" target=\"_blank\" rel=\"noopener\">TIENDA F\u00cdSICA<\/a>\u00a0o realizar sus pedidos\u00a0<a href=\"https:\/\/www.electronicajnc.com\/web\/mi-cuenta\" target=\"_blank\" rel=\"noopener\">ONLINE<\/a>\u00a0o por\u00a0<a href=\"https:\/\/api.whatsapp.com\/send?phone=593958753126\" target=\"_blank\" rel=\"noopener\">WHATSAPP<\/a>.<\/p>\n<\/div>\n<\/div>\n","protected":false},"excerpt":{"rendered":"<p>Este medidor de voltaje CC es de tama\u00f1o peque\u00f1o, dise\u00f1o compacto. Puede medir y mostrar voltaje, el rango de medici\u00f3n es de 2,5 a 30 V CC. El medidor de voltaje utiliza pantalla LED de 3 d\u00edgitos de 0,28 pulgadas, claro para leer. Hay 2 cables, f\u00e1cil de conectar, soporta protecci\u00f3n de entrada inversa, no se quema. Ampliamente utilizado para coches de ni\u00f1os, bicicletas el\u00e9ctricas, motocicletas para controlar el voltaje de la bater\u00eda y muchos otros fines de medici\u00f3n de voltaje. Sin necesidad de fuente de alimentaci\u00f3n, puede probar el voltaje directamente.<\/p>\n","protected":false},"featured_media":725,"comment_status":"closed","ping_status":"closed","template":"","meta":{"saved_in_kubio":false,"_joinchat":[]},"product_brand":[],"product_cat":[21],"product_tag":[196,571,408,573,572,570,231,72,567,566,568,569],"class_list":{"0":"post-724","1":"product","2":"type-product","3":"status-publish","4":"has-post-thumbnail","6":"product_cat-modulos_sensores","7":"product_tag-arduino","8":"product_tag-medidor","9":"product_tag-modulo","10":"product_tag-modulos","11":"product_tag-ninos","12":"product_tag-panel-mini","13":"product_tag-sensor","14":"product_tag-sensores","15":"product_tag-voltaje","16":"product_tag-voltaje-etiquetas-invasivo","17":"product_tag-voltimetro","18":"product_tag-voltios","20":"first","21":"instock","22":"taxable","23":"shipping-taxable","24":"purchasable","25":"product-type-simple"},"yoast_head":"<!-- This site is optimized with the Yoast SEO plugin v27.4 - https:\/\/yoast.com\/product\/yoast-seo-wordpress\/ -->\n<title>Mini Volt\u00edmetro Digital 100v - Arduino - Electronica JNC<\/title>\n<meta name=\"description\" content=\"Mini Volt\u00edmetro Digital 100v - Arduino utilizado para coches de ni\u00f1os, bicicletas el\u00e9ctricas, motocicletas para controlar la tensi\u00f3n de la bater\u00eda y mas.\" \/>\n<meta name=\"robots\" content=\"index, follow, max-snippet:-1, max-image-preview:large, max-video-preview:-1\" \/>\n<link rel=\"canonical\" href=\"https:\/\/www.electronicajnc.com\/web\/producto\/mini-voltimetro-digital-100v-arduino\/\" \/>\n<meta property=\"og:locale\" content=\"es_ES\" \/>\n<meta property=\"og:type\" content=\"article\" \/>\n<meta property=\"og:title\" content=\"Mini Volt\u00edmetro Digital 100v - Arduino - Electronica JNC\" \/>\n<meta property=\"og:description\" content=\"Mini Volt\u00edmetro Digital 100v - Arduino utilizado para coches de ni\u00f1os, bicicletas el\u00e9ctricas, motocicletas para controlar la tensi\u00f3n de la bater\u00eda y mas.\" \/>\n<meta property=\"og:url\" content=\"https:\/\/www.electronicajnc.com\/web\/producto\/mini-voltimetro-digital-100v-arduino\/\" \/>\n<meta property=\"og:site_name\" content=\"Electronica JNC\" \/>\n<meta property=\"article:modified_time\" content=\"2023-07-04T20:56:58+00:00\" \/>\n<meta property=\"og:image\" content=\"https:\/\/www.electronicajnc.com\/web\/wp-content\/uploads\/2023\/07\/panel-v-dos-hilos.jpg\" \/>\n\t<meta property=\"og:image:width\" content=\"1028\" \/>\n\t<meta property=\"og:image:height\" content=\"1001\" \/>\n\t<meta property=\"og:image:type\" content=\"image\/jpeg\" \/>\n<meta name=\"twitter:card\" content=\"summary_large_image\" \/>\n<meta name=\"twitter:label1\" content=\"Tiempo de lectura\" \/>\n\t<meta name=\"twitter:data1\" content=\"3 minutos\" \/>\n<script type=\"application\/ld+json\" class=\"yoast-schema-graph\">{\"@context\":\"https:\\\/\\\/schema.org\",\"@graph\":[{\"@type\":\"WebPage\",\"@id\":\"https:\\\/\\\/www.electronicajnc.com\\\/web\\\/producto\\\/mini-voltimetro-digital-100v-arduino\\\/\",\"url\":\"https:\\\/\\\/www.electronicajnc.com\\\/web\\\/producto\\\/mini-voltimetro-digital-100v-arduino\\\/\",\"name\":\"Mini Volt\u00edmetro Digital 100v - Arduino - Electronica JNC\",\"isPartOf\":{\"@id\":\"https:\\\/\\\/www.electronicajnc.com\\\/web\\\/#website\"},\"primaryImageOfPage\":{\"@id\":\"https:\\\/\\\/www.electronicajnc.com\\\/web\\\/producto\\\/mini-voltimetro-digital-100v-arduino\\\/#primaryimage\"},\"image\":{\"@id\":\"https:\\\/\\\/www.electronicajnc.com\\\/web\\\/producto\\\/mini-voltimetro-digital-100v-arduino\\\/#primaryimage\"},\"thumbnailUrl\":\"https:\\\/\\\/www.electronicajnc.com\\\/web\\\/wp-content\\\/uploads\\\/2023\\\/07\\\/panel-v-dos-hilos.jpg\",\"datePublished\":\"2023-07-04T20:56:57+00:00\",\"dateModified\":\"2023-07-04T20:56:58+00:00\",\"description\":\"Mini Volt\u00edmetro Digital 100v - Arduino utilizado para coches de ni\u00f1os, bicicletas el\u00e9ctricas, motocicletas para controlar la tensi\u00f3n de la bater\u00eda y mas.\",\"breadcrumb\":{\"@id\":\"https:\\\/\\\/www.electronicajnc.com\\\/web\\\/producto\\\/mini-voltimetro-digital-100v-arduino\\\/#breadcrumb\"},\"inLanguage\":\"es\",\"potentialAction\":[{\"@type\":\"ReadAction\",\"target\":[\"https:\\\/\\\/www.electronicajnc.com\\\/web\\\/producto\\\/mini-voltimetro-digital-100v-arduino\\\/\"]}]},{\"@type\":\"ImageObject\",\"inLanguage\":\"es\",\"@id\":\"https:\\\/\\\/www.electronicajnc.com\\\/web\\\/producto\\\/mini-voltimetro-digital-100v-arduino\\\/#primaryimage\",\"url\":\"https:\\\/\\\/www.electronicajnc.com\\\/web\\\/wp-content\\\/uploads\\\/2023\\\/07\\\/panel-v-dos-hilos.jpg\",\"contentUrl\":\"https:\\\/\\\/www.electronicajnc.com\\\/web\\\/wp-content\\\/uploads\\\/2023\\\/07\\\/panel-v-dos-hilos.jpg\",\"width\":1028,\"height\":1001,\"caption\":\"Medidor de Voltios, Volt\u00edmetro de Pantalla Digital\"},{\"@type\":\"BreadcrumbList\",\"@id\":\"https:\\\/\\\/www.electronicajnc.com\\\/web\\\/producto\\\/mini-voltimetro-digital-100v-arduino\\\/#breadcrumb\",\"itemListElement\":[{\"@type\":\"ListItem\",\"position\":1,\"name\":\"Portada\",\"item\":\"https:\\\/\\\/www.electronicajnc.com\\\/web\\\/\"},{\"@type\":\"ListItem\",\"position\":2,\"name\":\"TIENDA\",\"item\":\"https:\\\/\\\/www.electronicajnc.com\\\/web\\\/tienda\\\/\"},{\"@type\":\"ListItem\",\"position\":3,\"name\":\"Mini Volt\u00edmetro Digital 100v &#8211; Arduino\"}]},{\"@type\":\"WebSite\",\"@id\":\"https:\\\/\\\/www.electronicajnc.com\\\/web\\\/#website\",\"url\":\"https:\\\/\\\/www.electronicajnc.com\\\/web\\\/\",\"name\":\"Electronica JNC\",\"description\":\"Robotica Tecnologia Mecatronica en Ecuador\",\"publisher\":{\"@id\":\"https:\\\/\\\/www.electronicajnc.com\\\/web\\\/#organization\"},\"potentialAction\":[{\"@type\":\"SearchAction\",\"target\":{\"@type\":\"EntryPoint\",\"urlTemplate\":\"https:\\\/\\\/www.electronicajnc.com\\\/web\\\/?s={search_term_string}\"},\"query-input\":{\"@type\":\"PropertyValueSpecification\",\"valueRequired\":true,\"valueName\":\"search_term_string\"}}],\"inLanguage\":\"es\"},{\"@type\":\"Organization\",\"@id\":\"https:\\\/\\\/www.electronicajnc.com\\\/web\\\/#organization\",\"name\":\"Electronica JNC\",\"url\":\"https:\\\/\\\/www.electronicajnc.com\\\/web\\\/\",\"logo\":{\"@type\":\"ImageObject\",\"inLanguage\":\"es\",\"@id\":\"https:\\\/\\\/www.electronicajnc.com\\\/web\\\/#\\\/schema\\\/logo\\\/image\\\/\",\"url\":\"https:\\\/\\\/www.electronicajnc.com\\\/web\\\/wp-content\\\/uploads\\\/2023\\\/06\\\/nuevo-logo.jpg\",\"contentUrl\":\"https:\\\/\\\/www.electronicajnc.com\\\/web\\\/wp-content\\\/uploads\\\/2023\\\/06\\\/nuevo-logo.jpg\",\"width\":1256,\"height\":612,\"caption\":\"Electronica JNC\"},\"image\":{\"@id\":\"https:\\\/\\\/www.electronicajnc.com\\\/web\\\/#\\\/schema\\\/logo\\\/image\\\/\"}}]}<\/script>\n<!-- \/ Yoast SEO plugin. -->","yoast_head_json":{"title":"Mini Volt\u00edmetro Digital 100v - Arduino - Electronica JNC","description":"Mini Volt\u00edmetro Digital 100v - Arduino utilizado para coches de ni\u00f1os, bicicletas el\u00e9ctricas, motocicletas para controlar la tensi\u00f3n de la bater\u00eda y mas.","robots":{"index":"index","follow":"follow","max-snippet":"max-snippet:-1","max-image-preview":"max-image-preview:large","max-video-preview":"max-video-preview:-1"},"canonical":"https:\/\/www.electronicajnc.com\/web\/producto\/mini-voltimetro-digital-100v-arduino\/","og_locale":"es_ES","og_type":"article","og_title":"Mini Volt\u00edmetro Digital 100v - Arduino - Electronica JNC","og_description":"Mini Volt\u00edmetro Digital 100v - Arduino utilizado para coches de ni\u00f1os, bicicletas el\u00e9ctricas, motocicletas para controlar la tensi\u00f3n de la bater\u00eda y mas.","og_url":"https:\/\/www.electronicajnc.com\/web\/producto\/mini-voltimetro-digital-100v-arduino\/","og_site_name":"Electronica JNC","article_modified_time":"2023-07-04T20:56:58+00:00","og_image":[{"width":1028,"height":1001,"url":"https:\/\/www.electronicajnc.com\/web\/wp-content\/uploads\/2023\/07\/panel-v-dos-hilos.jpg","type":"image\/jpeg"}],"twitter_card":"summary_large_image","twitter_misc":{"Tiempo de lectura":"3 minutos"},"schema":{"@context":"https:\/\/schema.org","@graph":[{"@type":"WebPage","@id":"https:\/\/www.electronicajnc.com\/web\/producto\/mini-voltimetro-digital-100v-arduino\/","url":"https:\/\/www.electronicajnc.com\/web\/producto\/mini-voltimetro-digital-100v-arduino\/","name":"Mini Volt\u00edmetro Digital 100v - Arduino - Electronica JNC","isPartOf":{"@id":"https:\/\/www.electronicajnc.com\/web\/#website"},"primaryImageOfPage":{"@id":"https:\/\/www.electronicajnc.com\/web\/producto\/mini-voltimetro-digital-100v-arduino\/#primaryimage"},"image":{"@id":"https:\/\/www.electronicajnc.com\/web\/producto\/mini-voltimetro-digital-100v-arduino\/#primaryimage"},"thumbnailUrl":"https:\/\/www.electronicajnc.com\/web\/wp-content\/uploads\/2023\/07\/panel-v-dos-hilos.jpg","datePublished":"2023-07-04T20:56:57+00:00","dateModified":"2023-07-04T20:56:58+00:00","description":"Mini Volt\u00edmetro Digital 100v - Arduino utilizado para coches de ni\u00f1os, bicicletas el\u00e9ctricas, motocicletas para controlar la tensi\u00f3n de la bater\u00eda y mas.","breadcrumb":{"@id":"https:\/\/www.electronicajnc.com\/web\/producto\/mini-voltimetro-digital-100v-arduino\/#breadcrumb"},"inLanguage":"es","potentialAction":[{"@type":"ReadAction","target":["https:\/\/www.electronicajnc.com\/web\/producto\/mini-voltimetro-digital-100v-arduino\/"]}]},{"@type":"ImageObject","inLanguage":"es","@id":"https:\/\/www.electronicajnc.com\/web\/producto\/mini-voltimetro-digital-100v-arduino\/#primaryimage","url":"https:\/\/www.electronicajnc.com\/web\/wp-content\/uploads\/2023\/07\/panel-v-dos-hilos.jpg","contentUrl":"https:\/\/www.electronicajnc.com\/web\/wp-content\/uploads\/2023\/07\/panel-v-dos-hilos.jpg","width":1028,"height":1001,"caption":"Medidor de Voltios, Volt\u00edmetro de Pantalla Digital"},{"@type":"BreadcrumbList","@id":"https:\/\/www.electronicajnc.com\/web\/producto\/mini-voltimetro-digital-100v-arduino\/#breadcrumb","itemListElement":[{"@type":"ListItem","position":1,"name":"Portada","item":"https:\/\/www.electronicajnc.com\/web\/"},{"@type":"ListItem","position":2,"name":"TIENDA","item":"https:\/\/www.electronicajnc.com\/web\/tienda\/"},{"@type":"ListItem","position":3,"name":"Mini Volt\u00edmetro Digital 100v &#8211; Arduino"}]},{"@type":"WebSite","@id":"https:\/\/www.electronicajnc.com\/web\/#website","url":"https:\/\/www.electronicajnc.com\/web\/","name":"Electronica JNC","description":"Robotica Tecnologia Mecatronica en Ecuador","publisher":{"@id":"https:\/\/www.electronicajnc.com\/web\/#organization"},"potentialAction":[{"@type":"SearchAction","target":{"@type":"EntryPoint","urlTemplate":"https:\/\/www.electronicajnc.com\/web\/?s={search_term_string}"},"query-input":{"@type":"PropertyValueSpecification","valueRequired":true,"valueName":"search_term_string"}}],"inLanguage":"es"},{"@type":"Organization","@id":"https:\/\/www.electronicajnc.com\/web\/#organization","name":"Electronica JNC","url":"https:\/\/www.electronicajnc.com\/web\/","logo":{"@type":"ImageObject","inLanguage":"es","@id":"https:\/\/www.electronicajnc.com\/web\/#\/schema\/logo\/image\/","url":"https:\/\/www.electronicajnc.com\/web\/wp-content\/uploads\/2023\/06\/nuevo-logo.jpg","contentUrl":"https:\/\/www.electronicajnc.com\/web\/wp-content\/uploads\/2023\/06\/nuevo-logo.jpg","width":1256,"height":612,"caption":"Electronica JNC"},"image":{"@id":"https:\/\/www.electronicajnc.com\/web\/#\/schema\/logo\/image\/"}}]}},"_links":{"self":[{"href":"https:\/\/www.electronicajnc.com\/web\/wp-json\/wp\/v2\/product\/724","targetHints":{"allow":["GET"]}}],"collection":[{"href":"https:\/\/www.electronicajnc.com\/web\/wp-json\/wp\/v2\/product"}],"about":[{"href":"https:\/\/www.electronicajnc.com\/web\/wp-json\/wp\/v2\/types\/product"}],"replies":[{"embeddable":true,"href":"https:\/\/www.electronicajnc.com\/web\/wp-json\/wp\/v2\/comments?post=724"}],"wp:featuredmedia":[{"embeddable":true,"href":"https:\/\/www.electronicajnc.com\/web\/wp-json\/wp\/v2\/media\/725"}],"wp:attachment":[{"href":"https:\/\/www.electronicajnc.com\/web\/wp-json\/wp\/v2\/media?parent=724"}],"wp:term":[{"taxonomy":"product_brand","embeddable":true,"href":"https:\/\/www.electronicajnc.com\/web\/wp-json\/wp\/v2\/product_brand?post=724"},{"taxonomy":"product_cat","embeddable":true,"href":"https:\/\/www.electronicajnc.com\/web\/wp-json\/wp\/v2\/product_cat?post=724"},{"taxonomy":"product_tag","embeddable":true,"href":"https:\/\/www.electronicajnc.com\/web\/wp-json\/wp\/v2\/product_tag?post=724"}],"curies":[{"name":"wp","href":"https:\/\/api.w.org\/{rel}","templated":true}]}}