{"id":728,"date":"2023-07-04T21:17:10","date_gmt":"2023-07-04T21:17:10","guid":{"rendered":"https:\/\/www.electronicajnc.com\/web\/?post_type=product&#038;p=728"},"modified":"2023-07-04T21:18:55","modified_gmt":"2023-07-04T21:18:55","slug":"voltimetro-pequeno-dc-0-100v-3-hilos","status":"publish","type":"product","link":"https:\/\/www.electronicajnc.com\/web\/producto\/voltimetro-pequeno-dc-0-100v-3-hilos\/","title":{"rendered":"Volt\u00edmetro peque\u00f1o dc 0-100v 3 hilos"},"content":{"rendered":"<p class=\"product_title entry-title\">Volt\u00edmetro peque\u00f1o dc 0-100v 3 hilos, Display DC 0-100V Volt\u00edmetro Digital Panel de Voltaje DIY , Yelllow Amarillo Yotijar Medidor de voltaje digital<\/p>\n<p><img fetchpriority=\"high\" decoding=\"async\" class=\"aligncenter\" src=\"https:\/\/uelectronics.com\/wp-content\/uploads\/2018\/08\/AR0574-Voltimetro-digital-de-0.28-pulgadas-0-100V-V1.jpg\" width=\"844\" height=\"352\" \/><\/p>\n<p>Este es un volt\u00edmetro que cuenta con 3 cables, 2 de ellos son para energizar al volt\u00edmetro y el restante es para el censado de voltaje, este se puede usar para monitorear el voltaje dentro de nuestro circuito y detectar alg\u00fan tipo de falla, otro uso es simplemente usarlo como monitor de voltaje en nuestros dise\u00f1os de fuentes variables o fijas.<\/p>\n<p>Tambi\u00e9n se puede usar para medir el voltaje de nuestras bater\u00edas.<\/p>\n<p>Se puede alimentar desde 4.5 hasta 28VDC El cable caf\u00e9 o negro van a tierra, el rojo va al voltaje positivo de alimentaci\u00f3n y el naranja o blanco va al voltaje a medir.<\/p>\n<p>&nbsp;<\/p>\n<h1 class=\"product_title entry-title\">Volt\u00edmetro peque\u00f1o dc 0-100v 3 hilos<\/h1>\n<p><strong>Caracter\u00edsticas:<\/strong><\/p>\n<p>Descripci\u00f3n:<\/p>\n<p>&nbsp;<\/p>\n<p>Modo de visualizaci\u00f3n: Tres tubos digitales de 0,28 LED<\/p>\n<p>Color de la pantalla: Verde \/ Rojo \/ Azul \/ Amarillo<\/p>\n<p>Velocidad de actualizaci\u00f3n: Aproximadamente 500 ms \/ tiempo<\/p>\n<p>Tama\u00f1o f\u00edsico: 30 x 12 x 8,5 mm (L * W * H, incluida la oreja de instalaci\u00f3n)<\/p>\n<p>Fuente de alimentaci\u00f3n: Don no necesita la fuente de alimentaci\u00f3n, uso directo del voltaje de prueba como fuente de alimentaci\u00f3n<\/p>\n<p>Longitud del cable conductor: 10 cm<\/p>\n<p>La entrada m\u00ednima: 3.50V<\/p>\n<p>La entrada m\u00e1xima: 30V<\/p>\n<p>Rango de medici\u00f3n: DC3.50 &#8211; 30V<\/p>\n<p>Temperatura de operaci\u00f3n: -10 grados ~ 65 grados<\/p>\n<p>Precisi\u00f3n de la medici\u00f3n: plusmn (1% + 2 d\u00edgitos)<\/p>\n<p>Distancia de los orificios de montaje: 26 mm<\/p>\n<p>L\u00ednea roja: Fuente de alimentaci\u00f3n +, Medir voltaje +, (3,50-30 V CC)<\/p>\n<p>L\u00ednea negra: Fuente de alimentaci\u00f3n -, Medir voltaje-<\/p>\n<p><strong style=\"font-size: 16px;\">\u00bfD\u00f3nde conseguir ?<\/strong><\/p>\n<div class=\"product-prices js-product-prices\">\n<div class=\"product-price h5 \">\n<p>Puedes conseguir este producto y mucho mas en nuestra tienda de electr\u00f3nica \u201cElectr\u00f3nica JNC\u201d a un excelente precio, de igual manera puedes preguntar por otros productos que tenemos para ti y as\u00ed adquirirlos seg\u00fan tu necesidad para\u00a0 tus proyectos.<\/p>\n<p>Adem\u00e1s de vender realizamos todo tipo de proyectos de Rob\u00f3tica Electr\u00f3nica y de Programaci\u00f3n en Arduino-Raspberry, realizamos maquetas y brindamos asesoramiento en la elaboraci\u00f3n de proyectos y personalizamos sus clases cuando deseas armar un robot.<\/p>\n<p><strong>\u00a1\u00a1\u00a1\u00a1 PREGUNTANOS!!!!<\/strong><\/p>\n<p>Puede retirar sus pedidos en nuestra\u00a0<a href=\"https:\/\/www.electronicajnc.com\/web\/contactos\" target=\"_blank\" rel=\"noopener\">TIENDA F\u00cdSICA<\/a>\u00a0o realizar sus pedidos\u00a0<a href=\"https:\/\/www.electronicajnc.com\/web\/mi-cuenta\" target=\"_blank\" rel=\"noopener\">ONLINE<\/a>\u00a0o por\u00a0<a href=\"https:\/\/api.whatsapp.com\/send?phone=593958753126\" target=\"_blank\" rel=\"noopener\">WHATSAPP<\/a>.<\/p>\n<\/div>\n<\/div>\n","protected":false},"excerpt":{"rendered":"<p>Este es un volt\u00edmetro que cuenta con 3 cables, 2 de ellos son para energizar al volt\u00edmetro y el restante es para el censado de voltaje, este se puede usar para monitorear el voltaje<\/p>\n<p>Ideal para aplicaciones como fuentes de alimentaci\u00f3n, prototipos electr\u00f3nicos, equipos industriales, proyectos en los que se necesite obtener una medici\u00f3n r\u00e1pida o para instalarlo de manera fija en alg\u00fan proyecto donde se requiera el constante monitoreo del voltaje. El volt\u00edmetro de se entrega como un PCB suelto, lo que lo hace ideal para incorporar a cualquier desarrollo, cuenta con dos orificios que permiten fijarlo al gabinete o panel del equipo donde se instala. Las conexiones se realizan mediante cables con una longitud de 130 a 150mm.<\/p>\n","protected":false},"featured_media":730,"comment_status":"closed","ping_status":"closed","template":"","meta":{"saved_in_kubio":false,"_joinchat":[]},"product_brand":[],"product_cat":[21],"product_tag":[574,408,231,567,568,569],"class_list":{"0":"post-728","1":"product","2":"type-product","3":"status-publish","4":"has-post-thumbnail","6":"product_cat-modulos_sensores","7":"product_tag-invasivo","8":"product_tag-modulo","9":"product_tag-sensor","10":"product_tag-voltaje","11":"product_tag-voltimetro","12":"product_tag-voltios","14":"first","15":"instock","16":"taxable","17":"shipping-taxable","18":"purchasable","19":"product-type-simple"},"yoast_head":"<!-- This site is optimized with the Yoast SEO plugin v27.4 - https:\/\/yoast.com\/product\/yoast-seo-wordpress\/ -->\n<title>Volt\u00edmetro peque\u00f1o dc 0-100v 3 hilos - Electronica JNC<\/title>\n<meta name=\"description\" content=\"Volt\u00edmetro peque\u00f1o dc 0-100v 3 hilos cuenta con 3 cables, 2 de ellos son para energizar al volt\u00edmetro y el restante es para el censado de voltaje.\" \/>\n<meta name=\"robots\" content=\"index, follow, max-snippet:-1, max-image-preview:large, max-video-preview:-1\" \/>\n<link rel=\"canonical\" href=\"https:\/\/www.electronicajnc.com\/web\/producto\/voltimetro-pequeno-dc-0-100v-3-hilos\/\" \/>\n<meta property=\"og:locale\" content=\"es_ES\" \/>\n<meta property=\"og:type\" content=\"article\" \/>\n<meta property=\"og:title\" content=\"Volt\u00edmetro peque\u00f1o dc 0-100v 3 hilos - Electronica JNC\" \/>\n<meta property=\"og:description\" content=\"Volt\u00edmetro peque\u00f1o dc 0-100v 3 hilos cuenta con 3 cables, 2 de ellos son para energizar al volt\u00edmetro y el restante es para el censado de voltaje.\" \/>\n<meta property=\"og:url\" content=\"https:\/\/www.electronicajnc.com\/web\/producto\/voltimetro-pequeno-dc-0-100v-3-hilos\/\" \/>\n<meta property=\"og:site_name\" content=\"Electronica JNC\" \/>\n<meta property=\"article:modified_time\" content=\"2023-07-04T21:18:55+00:00\" \/>\n<meta property=\"og:image\" content=\"https:\/\/www.electronicajnc.com\/web\/wp-content\/uploads\/2023\/07\/panel-medidor-1.jpg\" \/>\n\t<meta property=\"og:image:width\" content=\"1028\" \/>\n\t<meta property=\"og:image:height\" content=\"1091\" \/>\n\t<meta property=\"og:image:type\" content=\"image\/jpeg\" \/>\n<meta name=\"twitter:card\" content=\"summary_large_image\" \/>\n<meta name=\"twitter:label1\" content=\"Tiempo de lectura\" \/>\n\t<meta name=\"twitter:data1\" content=\"2 minutos\" \/>\n<script type=\"application\/ld+json\" class=\"yoast-schema-graph\">{\"@context\":\"https:\\\/\\\/schema.org\",\"@graph\":[{\"@type\":\"WebPage\",\"@id\":\"https:\\\/\\\/www.electronicajnc.com\\\/web\\\/producto\\\/voltimetro-pequeno-dc-0-100v-3-hilos\\\/\",\"url\":\"https:\\\/\\\/www.electronicajnc.com\\\/web\\\/producto\\\/voltimetro-pequeno-dc-0-100v-3-hilos\\\/\",\"name\":\"Volt\u00edmetro peque\u00f1o dc 0-100v 3 hilos - Electronica JNC\",\"isPartOf\":{\"@id\":\"https:\\\/\\\/www.electronicajnc.com\\\/web\\\/#website\"},\"primaryImageOfPage\":{\"@id\":\"https:\\\/\\\/www.electronicajnc.com\\\/web\\\/producto\\\/voltimetro-pequeno-dc-0-100v-3-hilos\\\/#primaryimage\"},\"image\":{\"@id\":\"https:\\\/\\\/www.electronicajnc.com\\\/web\\\/producto\\\/voltimetro-pequeno-dc-0-100v-3-hilos\\\/#primaryimage\"},\"thumbnailUrl\":\"https:\\\/\\\/www.electronicajnc.com\\\/web\\\/wp-content\\\/uploads\\\/2023\\\/07\\\/panel-medidor-1.jpg\",\"datePublished\":\"2023-07-04T21:17:10+00:00\",\"dateModified\":\"2023-07-04T21:18:55+00:00\",\"description\":\"Volt\u00edmetro peque\u00f1o dc 0-100v 3 hilos cuenta con 3 cables, 2 de ellos son para energizar al volt\u00edmetro y el restante es para el censado de voltaje.\",\"breadcrumb\":{\"@id\":\"https:\\\/\\\/www.electronicajnc.com\\\/web\\\/producto\\\/voltimetro-pequeno-dc-0-100v-3-hilos\\\/#breadcrumb\"},\"inLanguage\":\"es\",\"potentialAction\":[{\"@type\":\"ReadAction\",\"target\":[\"https:\\\/\\\/www.electronicajnc.com\\\/web\\\/producto\\\/voltimetro-pequeno-dc-0-100v-3-hilos\\\/\"]}]},{\"@type\":\"ImageObject\",\"inLanguage\":\"es\",\"@id\":\"https:\\\/\\\/www.electronicajnc.com\\\/web\\\/producto\\\/voltimetro-pequeno-dc-0-100v-3-hilos\\\/#primaryimage\",\"url\":\"https:\\\/\\\/www.electronicajnc.com\\\/web\\\/wp-content\\\/uploads\\\/2023\\\/07\\\/panel-medidor-1.jpg\",\"contentUrl\":\"https:\\\/\\\/www.electronicajnc.com\\\/web\\\/wp-content\\\/uploads\\\/2023\\\/07\\\/panel-medidor-1.jpg\",\"width\":1028,\"height\":1091,\"caption\":\"Mini Voltimetro Digital Arduino 0-100 Vdc 0.28in\"},{\"@type\":\"BreadcrumbList\",\"@id\":\"https:\\\/\\\/www.electronicajnc.com\\\/web\\\/producto\\\/voltimetro-pequeno-dc-0-100v-3-hilos\\\/#breadcrumb\",\"itemListElement\":[{\"@type\":\"ListItem\",\"position\":1,\"name\":\"Portada\",\"item\":\"https:\\\/\\\/www.electronicajnc.com\\\/web\\\/\"},{\"@type\":\"ListItem\",\"position\":2,\"name\":\"TIENDA\",\"item\":\"https:\\\/\\\/www.electronicajnc.com\\\/web\\\/tienda\\\/\"},{\"@type\":\"ListItem\",\"position\":3,\"name\":\"Volt\u00edmetro peque\u00f1o dc 0-100v 3 hilos\"}]},{\"@type\":\"WebSite\",\"@id\":\"https:\\\/\\\/www.electronicajnc.com\\\/web\\\/#website\",\"url\":\"https:\\\/\\\/www.electronicajnc.com\\\/web\\\/\",\"name\":\"Electronica JNC\",\"description\":\"Robotica Tecnologia Mecatronica en Ecuador\",\"publisher\":{\"@id\":\"https:\\\/\\\/www.electronicajnc.com\\\/web\\\/#organization\"},\"potentialAction\":[{\"@type\":\"SearchAction\",\"target\":{\"@type\":\"EntryPoint\",\"urlTemplate\":\"https:\\\/\\\/www.electronicajnc.com\\\/web\\\/?s={search_term_string}\"},\"query-input\":{\"@type\":\"PropertyValueSpecification\",\"valueRequired\":true,\"valueName\":\"search_term_string\"}}],\"inLanguage\":\"es\"},{\"@type\":\"Organization\",\"@id\":\"https:\\\/\\\/www.electronicajnc.com\\\/web\\\/#organization\",\"name\":\"Electronica JNC\",\"url\":\"https:\\\/\\\/www.electronicajnc.com\\\/web\\\/\",\"logo\":{\"@type\":\"ImageObject\",\"inLanguage\":\"es\",\"@id\":\"https:\\\/\\\/www.electronicajnc.com\\\/web\\\/#\\\/schema\\\/logo\\\/image\\\/\",\"url\":\"https:\\\/\\\/www.electronicajnc.com\\\/web\\\/wp-content\\\/uploads\\\/2023\\\/06\\\/nuevo-logo.jpg\",\"contentUrl\":\"https:\\\/\\\/www.electronicajnc.com\\\/web\\\/wp-content\\\/uploads\\\/2023\\\/06\\\/nuevo-logo.jpg\",\"width\":1256,\"height\":612,\"caption\":\"Electronica JNC\"},\"image\":{\"@id\":\"https:\\\/\\\/www.electronicajnc.com\\\/web\\\/#\\\/schema\\\/logo\\\/image\\\/\"}}]}<\/script>\n<!-- \/ Yoast SEO plugin. -->","yoast_head_json":{"title":"Volt\u00edmetro peque\u00f1o dc 0-100v 3 hilos - Electronica JNC","description":"Volt\u00edmetro peque\u00f1o dc 0-100v 3 hilos cuenta con 3 cables, 2 de ellos son para energizar al volt\u00edmetro y el restante es para el censado de voltaje.","robots":{"index":"index","follow":"follow","max-snippet":"max-snippet:-1","max-image-preview":"max-image-preview:large","max-video-preview":"max-video-preview:-1"},"canonical":"https:\/\/www.electronicajnc.com\/web\/producto\/voltimetro-pequeno-dc-0-100v-3-hilos\/","og_locale":"es_ES","og_type":"article","og_title":"Volt\u00edmetro peque\u00f1o dc 0-100v 3 hilos - Electronica JNC","og_description":"Volt\u00edmetro peque\u00f1o dc 0-100v 3 hilos cuenta con 3 cables, 2 de ellos son para energizar al volt\u00edmetro y el restante es para el censado de voltaje.","og_url":"https:\/\/www.electronicajnc.com\/web\/producto\/voltimetro-pequeno-dc-0-100v-3-hilos\/","og_site_name":"Electronica JNC","article_modified_time":"2023-07-04T21:18:55+00:00","og_image":[{"width":1028,"height":1091,"url":"https:\/\/www.electronicajnc.com\/web\/wp-content\/uploads\/2023\/07\/panel-medidor-1.jpg","type":"image\/jpeg"}],"twitter_card":"summary_large_image","twitter_misc":{"Tiempo de lectura":"2 minutos"},"schema":{"@context":"https:\/\/schema.org","@graph":[{"@type":"WebPage","@id":"https:\/\/www.electronicajnc.com\/web\/producto\/voltimetro-pequeno-dc-0-100v-3-hilos\/","url":"https:\/\/www.electronicajnc.com\/web\/producto\/voltimetro-pequeno-dc-0-100v-3-hilos\/","name":"Volt\u00edmetro peque\u00f1o dc 0-100v 3 hilos - Electronica JNC","isPartOf":{"@id":"https:\/\/www.electronicajnc.com\/web\/#website"},"primaryImageOfPage":{"@id":"https:\/\/www.electronicajnc.com\/web\/producto\/voltimetro-pequeno-dc-0-100v-3-hilos\/#primaryimage"},"image":{"@id":"https:\/\/www.electronicajnc.com\/web\/producto\/voltimetro-pequeno-dc-0-100v-3-hilos\/#primaryimage"},"thumbnailUrl":"https:\/\/www.electronicajnc.com\/web\/wp-content\/uploads\/2023\/07\/panel-medidor-1.jpg","datePublished":"2023-07-04T21:17:10+00:00","dateModified":"2023-07-04T21:18:55+00:00","description":"Volt\u00edmetro peque\u00f1o dc 0-100v 3 hilos cuenta con 3 cables, 2 de ellos son para energizar al volt\u00edmetro y el restante es para el censado de voltaje.","breadcrumb":{"@id":"https:\/\/www.electronicajnc.com\/web\/producto\/voltimetro-pequeno-dc-0-100v-3-hilos\/#breadcrumb"},"inLanguage":"es","potentialAction":[{"@type":"ReadAction","target":["https:\/\/www.electronicajnc.com\/web\/producto\/voltimetro-pequeno-dc-0-100v-3-hilos\/"]}]},{"@type":"ImageObject","inLanguage":"es","@id":"https:\/\/www.electronicajnc.com\/web\/producto\/voltimetro-pequeno-dc-0-100v-3-hilos\/#primaryimage","url":"https:\/\/www.electronicajnc.com\/web\/wp-content\/uploads\/2023\/07\/panel-medidor-1.jpg","contentUrl":"https:\/\/www.electronicajnc.com\/web\/wp-content\/uploads\/2023\/07\/panel-medidor-1.jpg","width":1028,"height":1091,"caption":"Mini Voltimetro Digital Arduino 0-100 Vdc 0.28in"},{"@type":"BreadcrumbList","@id":"https:\/\/www.electronicajnc.com\/web\/producto\/voltimetro-pequeno-dc-0-100v-3-hilos\/#breadcrumb","itemListElement":[{"@type":"ListItem","position":1,"name":"Portada","item":"https:\/\/www.electronicajnc.com\/web\/"},{"@type":"ListItem","position":2,"name":"TIENDA","item":"https:\/\/www.electronicajnc.com\/web\/tienda\/"},{"@type":"ListItem","position":3,"name":"Volt\u00edmetro peque\u00f1o dc 0-100v 3 hilos"}]},{"@type":"WebSite","@id":"https:\/\/www.electronicajnc.com\/web\/#website","url":"https:\/\/www.electronicajnc.com\/web\/","name":"Electronica JNC","description":"Robotica Tecnologia Mecatronica en Ecuador","publisher":{"@id":"https:\/\/www.electronicajnc.com\/web\/#organization"},"potentialAction":[{"@type":"SearchAction","target":{"@type":"EntryPoint","urlTemplate":"https:\/\/www.electronicajnc.com\/web\/?s={search_term_string}"},"query-input":{"@type":"PropertyValueSpecification","valueRequired":true,"valueName":"search_term_string"}}],"inLanguage":"es"},{"@type":"Organization","@id":"https:\/\/www.electronicajnc.com\/web\/#organization","name":"Electronica JNC","url":"https:\/\/www.electronicajnc.com\/web\/","logo":{"@type":"ImageObject","inLanguage":"es","@id":"https:\/\/www.electronicajnc.com\/web\/#\/schema\/logo\/image\/","url":"https:\/\/www.electronicajnc.com\/web\/wp-content\/uploads\/2023\/06\/nuevo-logo.jpg","contentUrl":"https:\/\/www.electronicajnc.com\/web\/wp-content\/uploads\/2023\/06\/nuevo-logo.jpg","width":1256,"height":612,"caption":"Electronica JNC"},"image":{"@id":"https:\/\/www.electronicajnc.com\/web\/#\/schema\/logo\/image\/"}}]}},"_links":{"self":[{"href":"https:\/\/www.electronicajnc.com\/web\/wp-json\/wp\/v2\/product\/728","targetHints":{"allow":["GET"]}}],"collection":[{"href":"https:\/\/www.electronicajnc.com\/web\/wp-json\/wp\/v2\/product"}],"about":[{"href":"https:\/\/www.electronicajnc.com\/web\/wp-json\/wp\/v2\/types\/product"}],"replies":[{"embeddable":true,"href":"https:\/\/www.electronicajnc.com\/web\/wp-json\/wp\/v2\/comments?post=728"}],"wp:featuredmedia":[{"embeddable":true,"href":"https:\/\/www.electronicajnc.com\/web\/wp-json\/wp\/v2\/media\/730"}],"wp:attachment":[{"href":"https:\/\/www.electronicajnc.com\/web\/wp-json\/wp\/v2\/media?parent=728"}],"wp:term":[{"taxonomy":"product_brand","embeddable":true,"href":"https:\/\/www.electronicajnc.com\/web\/wp-json\/wp\/v2\/product_brand?post=728"},{"taxonomy":"product_cat","embeddable":true,"href":"https:\/\/www.electronicajnc.com\/web\/wp-json\/wp\/v2\/product_cat?post=728"},{"taxonomy":"product_tag","embeddable":true,"href":"https:\/\/www.electronicajnc.com\/web\/wp-json\/wp\/v2\/product_tag?post=728"}],"curies":[{"name":"wp","href":"https:\/\/api.w.org\/{rel}","templated":true}]}}