{"id":740,"date":"2023-07-05T20:20:04","date_gmt":"2023-07-05T20:20:04","guid":{"rendered":"https:\/\/www.electronicajnc.com\/web\/?post_type=product&#038;p=740"},"modified":"2026-04-24T22:14:30","modified_gmt":"2026-04-24T22:14:30","slug":"motor-vibracion-3v","status":"publish","type":"product","link":"https:\/\/www.electronicajnc.com\/web\/producto\/motor-vibracion-3v\/","title":{"rendered":"Motor Vibraci\u00f3n 3V"},"content":{"rendered":"<p class=\"product_title entry-title\">Motor Vibraci\u00f3n 3V<\/p>\n<p><img fetchpriority=\"high\" decoding=\"async\" class=\"aligncenter\" src=\"https:\/\/ja-bots.com\/wp-content\/uploads\/2021\/12\/Motor-de-vibracion-5.jpg\" alt=\"Motor de vibraci\u00f3n plano - Ja-Bots\" width=\"305\" height=\"305\" \/><\/p>\n<p><span style=\"font-size: 16px;\">El motor vibraci\u00f3n es un peque\u00f1o motor que al momento de ser conectado a un voltaje entre 3V , causar\u00e1 un efecto vibratorio. Es \u00fatil como actuador en proyectos de electr\u00f3nica, para tel\u00e9fono celular, equipos de masaje de vibraci\u00f3n, relojes electr\u00f3nicos, juguetes inteligentes, proyectos estudiantiles ya que se puede usar directamente con alguna bater\u00eda considerando que entre mayor sea el voltaje de alimentaci\u00f3n el consumo de corriente ser\u00e1 m\u00e1s alto. Tambi\u00e9n lo puedes usar en con tarjetas de desarrollo (Arduino, ESP, Raspberry..) y otros microcontroladores.<\/span><\/p>\n<h1 class=\"product_title entry-title\">Motor Vibraci\u00f3n 3V<\/h1>\n<h3>Caracter\u00edsticas<\/h3>\n<ul>\n<li>Voltaje de alimentaci\u00f3n: 3 V<\/li>\n<li>Velocidad nominal del rotor: 11,000 RPM<\/li>\n<li>Direcci\u00f3n de rotaci\u00f3n: Sentido horario y antihorario<\/li>\n<li>Posici\u00f3n del motor: Cualquier posici\u00f3n disponible<\/li>\n<li>Temperatura de operaci\u00f3n : -20 \u00b0C\u00a0 a 70 \u00b0C<\/li>\n<li>Peso: 1 g<\/li>\n<li><span id=\"result_box\" class=\"short_text\" lang=\"es\"><span class=\"hps\">Largo del cable: 20 mm<\/span><\/span><\/li>\n<li>Almohadilla de goma: 0.2mm<\/li>\n<li>Dimensiones motor:\n<ul>\n<li>Di\u00e1metro: 10 mm<\/li>\n<li>Grosor: 2.7 mm<\/li>\n<\/ul>\n<\/li>\n<li>Forma: Plano redondo<\/li>\n<li>Material: Met\u00e1lico<\/li>\n<li>Color: Plateado con negro<\/li>\n<li>N\u00famero de cables: 2<\/li>\n<\/ul>\n<p>USO Y APLICACIONES MINI MOTOR DE VIBRACION:<\/p>\n<p>El mini motor de vibraci\u00f3n es usado para muchas actividades de rob\u00f3tica educativa y con proyectos con Arduino.<\/p>\n<p>Adem\u00e1s, es ampliamente usados en tel\u00e9fonos m\u00f3viles, bluetooth, juguetes y productos de cuidado de la salud.<\/p>\n<div><\/div>\n<div>\n<h2><b>\u00bfD\u00f3nde<\/b><strong>\u00a0conseguir ?<\/strong><\/h2>\n<\/div>\n<p>Puedes conseguir este producto y mucho mas en nuestra tienda de electr\u00f3nica \u201cElectr\u00f3nica JNC\u201d a un excelente precio, de igual manera puedes preguntar por otros productos que tenemos para ti y as\u00ed adquirirlos seg\u00fan tu necesidad para\u00a0 tus proyectos.<\/p>\n<p>Adem\u00e1s de vender realizamos todo tipo de proyectos de Rob\u00f3tica Electr\u00f3nica y de Programaci\u00f3n en Arduino-Raspberry, brindamos asesoramiento en la elaboraci\u00f3n de proyectos y personalizamos sus clases cuando deseas armar un robot.<\/p>\n<p>Somos importadores Directos de todo en Electr\u00f3nica y Rob\u00f3tica directamente desde los fabricantes, a los mejores precios del mercado.<\/p>\n<div class=\"x11i5rnm xat24cr x1mh8g0r x1vvkbs xtlvy1s x126k92a\">\n<div dir=\"auto\">SERVICIO PERSONALIZADO, APOYO TEORICO Y VENTA DE MATERIAL<\/div>\n<\/div>\n<div class=\"x11i5rnm xat24cr x1mh8g0r x1vvkbs xtlvy1s x126k92a\">\n<div dir=\"auto\">COTIZA CON NOSOTROS<\/div>\n<div dir=\"auto\">SERVICIO, EXPERIENCIA, CALIDAD Y CONFIANZA<\/div>\n<div dir=\"auto\">\u00abTodo lo que buscas en un solo lugar\u00bb<\/div>\n<\/div>\n<div dir=\"auto\"><\/div>\n<p><img decoding=\"async\" class=\"aligncenter\" src=\"https:\/\/images.ua.prom.st\/1494267654_1494267654.jpg?PImaGE_ID=1494267654\" \/><\/p>\n<p>Realizar un pedido en la web o por \u00a0<a href=\"https:\/\/api.whatsapp.com\/send?phone=593958753126\" target=\"_blank\" rel=\"noopener\">WHATSAPP<\/a>.<\/p>\n<p><img decoding=\"async\" class=\"aligncenter\" src=\"https:\/\/images.ua.prom.st\/1494267867_1494267867.jpg?PImaGE_ID=1494267867\" \/><\/p>\n<p>Consulta con un asesor\u00a0 todas tus inquietudes.<\/p>\n<p><img decoding=\"async\" class=\"aligncenter\" src=\"https:\/\/images.ua.prom.st\/1494266627_1494266627.jpg?PImaGE_ID=1494266627\" \/><\/p>\n<p>Pregunta las formas de pago.<\/p>\n<p><img decoding=\"async\" class=\"aligncenter\" src=\"https:\/\/images.ua.prom.st\/1494267985_1494267985.jpg?PImaGE_ID=1494267985\" \/><\/p>\n<p>Tu pedido llega a la puerta de tu casa.<\/p>\n<p>&nbsp;<\/p>\n<p><strong>\u00a1\u00a1 PREGUNTANOS Sin compromiso !!!!<\/strong><\/p>\n<p>Puede retirar sus pedidos en nuestra\u00a0<a href=\"https:\/\/www.electronicajnc.com\/web\/contactos\" target=\"_blank\" rel=\"noopener\">TIENDA F\u00cdSICA<\/a>\u00a0o realizar sus pedidos\u00a0<a href=\"https:\/\/www.electronicajnc.com\/web\/mi-cuenta\" target=\"_blank\" rel=\"noopener\">ONLINE<\/a>\u00a0o por\u00a0<a href=\"https:\/\/api.whatsapp.com\/send?phone=593958753126\" target=\"_blank\" rel=\"noopener\">WHATSAPP<\/a>.<\/p>\n","protected":false},"excerpt":{"rendered":"<p><span style=\"font-size: 16px;\">El motor vibraci\u00f3n es un peque\u00f1o motor que al momento de ser conectado a un voltaje entre 3V a 5V, causar\u00e1 un efecto vibratorio. Es \u00fatil como actuador en proyectos de electr\u00f3nica, para tel\u00e9fono celular, equipos de masaje de vibraci\u00f3n, relojes electr\u00f3nicos, juguetes inteligentes, proyectos estudiantiles ya que se puede usar directamente con alguna bater\u00eda considerando que entre mayor sea el voltaje de alimentaci\u00f3n el consumo de corriente ser\u00e1 m\u00e1s alto.<\/span><\/p>\n","protected":false},"featured_media":741,"comment_status":"closed","ping_status":"closed","template":"","meta":{"saved_in_kubio":false,"_joinchat":[]},"product_brand":[],"product_cat":[309],"product_tag":[195,46,502,576,555,575,577,31,580,578,579],"class_list":{"0":"post-740","1":"product","2":"type-product","3":"status-publish","4":"has-post-thumbnail","6":"product_cat-componentes-electronicos","7":"product_tag-5v","8":"product_tag-electronica","9":"product_tag-kit-diy-robot-d2-1-seguidor-lineas-line-tracking-car-2wd","10":"product_tag-mini-motor","11":"product_tag-motor","12":"product_tag-motores-y-actuadores","13":"product_tag-redondo","14":"product_tag-robotica","15":"product_tag-robotica-en-casa","16":"product_tag-vibracion","17":"product_tag-vibrador","19":"first","20":"instock","21":"taxable","22":"shipping-taxable","23":"product-type-simple"},"yoast_head":"<!-- This site is optimized with the Yoast SEO plugin v27.5 - https:\/\/yoast.com\/product\/yoast-seo-wordpress\/ -->\n<title>Motor Vibraci\u00f3n 3V - Electronica JNC<\/title>\n<meta name=\"description\" content=\"Motor Vibraci\u00f3n 3V es un peque\u00f1o motor que al momento de ser conectado a un voltaje entre 3V, causar\u00e1 un efecto vibratorio ideal para robots caseros.\" \/>\n<meta name=\"robots\" content=\"index, follow, max-snippet:-1, max-image-preview:large, max-video-preview:-1\" \/>\n<link rel=\"canonical\" href=\"https:\/\/www.electronicajnc.com\/web\/producto\/motor-vibracion-3v\/\" \/>\n<meta property=\"og:locale\" content=\"es_ES\" \/>\n<meta property=\"og:type\" content=\"article\" \/>\n<meta property=\"og:title\" content=\"Motor Vibraci\u00f3n 3V - Electronica JNC\" \/>\n<meta property=\"og:description\" content=\"Motor Vibraci\u00f3n 3V es un peque\u00f1o motor que al momento de ser conectado a un voltaje entre 3V, causar\u00e1 un efecto vibratorio ideal para robots caseros.\" \/>\n<meta property=\"og:url\" content=\"https:\/\/www.electronicajnc.com\/web\/producto\/motor-vibracion-3v\/\" \/>\n<meta property=\"og:site_name\" content=\"Electronica JNC\" \/>\n<meta property=\"article:modified_time\" content=\"2026-04-24T22:14:30+00:00\" \/>\n<meta property=\"og:image\" content=\"https:\/\/www.electronicajnc.com\/web\/wp-content\/uploads\/2023\/07\/motor-de-vibracion.jpg\" \/>\n\t<meta property=\"og:image:width\" content=\"974\" \/>\n\t<meta property=\"og:image:height\" content=\"1003\" \/>\n\t<meta property=\"og:image:type\" content=\"image\/jpeg\" \/>\n<meta name=\"twitter:card\" content=\"summary_large_image\" \/>\n<meta name=\"twitter:label1\" content=\"Tiempo de lectura\" \/>\n\t<meta name=\"twitter:data1\" content=\"3 minutos\" \/>\n<script type=\"application\/ld+json\" class=\"yoast-schema-graph\">{\"@context\":\"https:\\\/\\\/schema.org\",\"@graph\":[{\"@type\":\"WebPage\",\"@id\":\"https:\\\/\\\/www.electronicajnc.com\\\/web\\\/producto\\\/motor-vibracion-3v\\\/\",\"url\":\"https:\\\/\\\/www.electronicajnc.com\\\/web\\\/producto\\\/motor-vibracion-3v\\\/\",\"name\":\"Motor Vibraci\u00f3n 3V - Electronica JNC\",\"isPartOf\":{\"@id\":\"https:\\\/\\\/www.electronicajnc.com\\\/web\\\/#website\"},\"primaryImageOfPage\":{\"@id\":\"https:\\\/\\\/www.electronicajnc.com\\\/web\\\/producto\\\/motor-vibracion-3v\\\/#primaryimage\"},\"image\":{\"@id\":\"https:\\\/\\\/www.electronicajnc.com\\\/web\\\/producto\\\/motor-vibracion-3v\\\/#primaryimage\"},\"thumbnailUrl\":\"https:\\\/\\\/www.electronicajnc.com\\\/web\\\/wp-content\\\/uploads\\\/2023\\\/07\\\/motor-de-vibracion.jpg\",\"datePublished\":\"2023-07-05T20:20:04+00:00\",\"dateModified\":\"2026-04-24T22:14:30+00:00\",\"description\":\"Motor Vibraci\u00f3n 3V es un peque\u00f1o motor que al momento de ser conectado a un voltaje entre 3V, causar\u00e1 un efecto vibratorio ideal para robots caseros.\",\"breadcrumb\":{\"@id\":\"https:\\\/\\\/www.electronicajnc.com\\\/web\\\/producto\\\/motor-vibracion-3v\\\/#breadcrumb\"},\"inLanguage\":\"es\",\"potentialAction\":[{\"@type\":\"ReadAction\",\"target\":[\"https:\\\/\\\/www.electronicajnc.com\\\/web\\\/producto\\\/motor-vibracion-3v\\\/\"]}]},{\"@type\":\"ImageObject\",\"inLanguage\":\"es\",\"@id\":\"https:\\\/\\\/www.electronicajnc.com\\\/web\\\/producto\\\/motor-vibracion-3v\\\/#primaryimage\",\"url\":\"https:\\\/\\\/www.electronicajnc.com\\\/web\\\/wp-content\\\/uploads\\\/2023\\\/07\\\/motor-de-vibracion.jpg\",\"contentUrl\":\"https:\\\/\\\/www.electronicajnc.com\\\/web\\\/wp-content\\\/uploads\\\/2023\\\/07\\\/motor-de-vibracion.jpg\",\"width\":974,\"height\":1003,\"caption\":\"Motor Vibraci\u00f3n 5V\"},{\"@type\":\"BreadcrumbList\",\"@id\":\"https:\\\/\\\/www.electronicajnc.com\\\/web\\\/producto\\\/motor-vibracion-3v\\\/#breadcrumb\",\"itemListElement\":[{\"@type\":\"ListItem\",\"position\":1,\"name\":\"Portada\",\"item\":\"https:\\\/\\\/www.electronicajnc.com\\\/web\\\/\"},{\"@type\":\"ListItem\",\"position\":2,\"name\":\"TIENDA\",\"item\":\"https:\\\/\\\/www.electronicajnc.com\\\/web\\\/tienda\\\/\"},{\"@type\":\"ListItem\",\"position\":3,\"name\":\"Motor Vibraci\u00f3n 3V\"}]},{\"@type\":\"WebSite\",\"@id\":\"https:\\\/\\\/www.electronicajnc.com\\\/web\\\/#website\",\"url\":\"https:\\\/\\\/www.electronicajnc.com\\\/web\\\/\",\"name\":\"Electronica JNC\",\"description\":\"Robotica Tecnologia Mecatronica en Ecuador\",\"publisher\":{\"@id\":\"https:\\\/\\\/www.electronicajnc.com\\\/web\\\/#organization\"},\"potentialAction\":[{\"@type\":\"SearchAction\",\"target\":{\"@type\":\"EntryPoint\",\"urlTemplate\":\"https:\\\/\\\/www.electronicajnc.com\\\/web\\\/?s={search_term_string}\"},\"query-input\":{\"@type\":\"PropertyValueSpecification\",\"valueRequired\":true,\"valueName\":\"search_term_string\"}}],\"inLanguage\":\"es\"},{\"@type\":\"Organization\",\"@id\":\"https:\\\/\\\/www.electronicajnc.com\\\/web\\\/#organization\",\"name\":\"Electronica JNC\",\"url\":\"https:\\\/\\\/www.electronicajnc.com\\\/web\\\/\",\"logo\":{\"@type\":\"ImageObject\",\"inLanguage\":\"es\",\"@id\":\"https:\\\/\\\/www.electronicajnc.com\\\/web\\\/#\\\/schema\\\/logo\\\/image\\\/\",\"url\":\"https:\\\/\\\/www.electronicajnc.com\\\/web\\\/wp-content\\\/uploads\\\/2023\\\/06\\\/nuevo-logo.jpg\",\"contentUrl\":\"https:\\\/\\\/www.electronicajnc.com\\\/web\\\/wp-content\\\/uploads\\\/2023\\\/06\\\/nuevo-logo.jpg\",\"width\":1256,\"height\":612,\"caption\":\"Electronica JNC\"},\"image\":{\"@id\":\"https:\\\/\\\/www.electronicajnc.com\\\/web\\\/#\\\/schema\\\/logo\\\/image\\\/\"}}]}<\/script>\n<!-- \/ Yoast SEO plugin. -->","yoast_head_json":{"title":"Motor Vibraci\u00f3n 3V - Electronica JNC","description":"Motor Vibraci\u00f3n 3V es un peque\u00f1o motor que al momento de ser conectado a un voltaje entre 3V, causar\u00e1 un efecto vibratorio ideal para robots caseros.","robots":{"index":"index","follow":"follow","max-snippet":"max-snippet:-1","max-image-preview":"max-image-preview:large","max-video-preview":"max-video-preview:-1"},"canonical":"https:\/\/www.electronicajnc.com\/web\/producto\/motor-vibracion-3v\/","og_locale":"es_ES","og_type":"article","og_title":"Motor Vibraci\u00f3n 3V - Electronica JNC","og_description":"Motor Vibraci\u00f3n 3V es un peque\u00f1o motor que al momento de ser conectado a un voltaje entre 3V, causar\u00e1 un efecto vibratorio ideal para robots caseros.","og_url":"https:\/\/www.electronicajnc.com\/web\/producto\/motor-vibracion-3v\/","og_site_name":"Electronica JNC","article_modified_time":"2026-04-24T22:14:30+00:00","og_image":[{"width":974,"height":1003,"url":"https:\/\/www.electronicajnc.com\/web\/wp-content\/uploads\/2023\/07\/motor-de-vibracion.jpg","type":"image\/jpeg"}],"twitter_card":"summary_large_image","twitter_misc":{"Tiempo de lectura":"3 minutos"},"schema":{"@context":"https:\/\/schema.org","@graph":[{"@type":"WebPage","@id":"https:\/\/www.electronicajnc.com\/web\/producto\/motor-vibracion-3v\/","url":"https:\/\/www.electronicajnc.com\/web\/producto\/motor-vibracion-3v\/","name":"Motor Vibraci\u00f3n 3V - Electronica JNC","isPartOf":{"@id":"https:\/\/www.electronicajnc.com\/web\/#website"},"primaryImageOfPage":{"@id":"https:\/\/www.electronicajnc.com\/web\/producto\/motor-vibracion-3v\/#primaryimage"},"image":{"@id":"https:\/\/www.electronicajnc.com\/web\/producto\/motor-vibracion-3v\/#primaryimage"},"thumbnailUrl":"https:\/\/www.electronicajnc.com\/web\/wp-content\/uploads\/2023\/07\/motor-de-vibracion.jpg","datePublished":"2023-07-05T20:20:04+00:00","dateModified":"2026-04-24T22:14:30+00:00","description":"Motor Vibraci\u00f3n 3V es un peque\u00f1o motor que al momento de ser conectado a un voltaje entre 3V, causar\u00e1 un efecto vibratorio ideal para robots caseros.","breadcrumb":{"@id":"https:\/\/www.electronicajnc.com\/web\/producto\/motor-vibracion-3v\/#breadcrumb"},"inLanguage":"es","potentialAction":[{"@type":"ReadAction","target":["https:\/\/www.electronicajnc.com\/web\/producto\/motor-vibracion-3v\/"]}]},{"@type":"ImageObject","inLanguage":"es","@id":"https:\/\/www.electronicajnc.com\/web\/producto\/motor-vibracion-3v\/#primaryimage","url":"https:\/\/www.electronicajnc.com\/web\/wp-content\/uploads\/2023\/07\/motor-de-vibracion.jpg","contentUrl":"https:\/\/www.electronicajnc.com\/web\/wp-content\/uploads\/2023\/07\/motor-de-vibracion.jpg","width":974,"height":1003,"caption":"Motor Vibraci\u00f3n 5V"},{"@type":"BreadcrumbList","@id":"https:\/\/www.electronicajnc.com\/web\/producto\/motor-vibracion-3v\/#breadcrumb","itemListElement":[{"@type":"ListItem","position":1,"name":"Portada","item":"https:\/\/www.electronicajnc.com\/web\/"},{"@type":"ListItem","position":2,"name":"TIENDA","item":"https:\/\/www.electronicajnc.com\/web\/tienda\/"},{"@type":"ListItem","position":3,"name":"Motor Vibraci\u00f3n 3V"}]},{"@type":"WebSite","@id":"https:\/\/www.electronicajnc.com\/web\/#website","url":"https:\/\/www.electronicajnc.com\/web\/","name":"Electronica JNC","description":"Robotica Tecnologia Mecatronica en Ecuador","publisher":{"@id":"https:\/\/www.electronicajnc.com\/web\/#organization"},"potentialAction":[{"@type":"SearchAction","target":{"@type":"EntryPoint","urlTemplate":"https:\/\/www.electronicajnc.com\/web\/?s={search_term_string}"},"query-input":{"@type":"PropertyValueSpecification","valueRequired":true,"valueName":"search_term_string"}}],"inLanguage":"es"},{"@type":"Organization","@id":"https:\/\/www.electronicajnc.com\/web\/#organization","name":"Electronica JNC","url":"https:\/\/www.electronicajnc.com\/web\/","logo":{"@type":"ImageObject","inLanguage":"es","@id":"https:\/\/www.electronicajnc.com\/web\/#\/schema\/logo\/image\/","url":"https:\/\/www.electronicajnc.com\/web\/wp-content\/uploads\/2023\/06\/nuevo-logo.jpg","contentUrl":"https:\/\/www.electronicajnc.com\/web\/wp-content\/uploads\/2023\/06\/nuevo-logo.jpg","width":1256,"height":612,"caption":"Electronica JNC"},"image":{"@id":"https:\/\/www.electronicajnc.com\/web\/#\/schema\/logo\/image\/"}}]}},"_links":{"self":[{"href":"https:\/\/www.electronicajnc.com\/web\/wp-json\/wp\/v2\/product\/740","targetHints":{"allow":["GET"]}}],"collection":[{"href":"https:\/\/www.electronicajnc.com\/web\/wp-json\/wp\/v2\/product"}],"about":[{"href":"https:\/\/www.electronicajnc.com\/web\/wp-json\/wp\/v2\/types\/product"}],"replies":[{"embeddable":true,"href":"https:\/\/www.electronicajnc.com\/web\/wp-json\/wp\/v2\/comments?post=740"}],"wp:featuredmedia":[{"embeddable":true,"href":"https:\/\/www.electronicajnc.com\/web\/wp-json\/wp\/v2\/media\/741"}],"wp:attachment":[{"href":"https:\/\/www.electronicajnc.com\/web\/wp-json\/wp\/v2\/media?parent=740"}],"wp:term":[{"taxonomy":"product_brand","embeddable":true,"href":"https:\/\/www.electronicajnc.com\/web\/wp-json\/wp\/v2\/product_brand?post=740"},{"taxonomy":"product_cat","embeddable":true,"href":"https:\/\/www.electronicajnc.com\/web\/wp-json\/wp\/v2\/product_cat?post=740"},{"taxonomy":"product_tag","embeddable":true,"href":"https:\/\/www.electronicajnc.com\/web\/wp-json\/wp\/v2\/product_tag?post=740"}],"curies":[{"name":"wp","href":"https:\/\/api.w.org\/{rel}","templated":true}]}}