{"id":743,"date":"2023-07-11T17:22:16","date_gmt":"2023-07-11T17:22:16","guid":{"rendered":"https:\/\/www.electronicajnc.com\/web\/?post_type=product&#038;p=743"},"modified":"2023-07-21T00:32:26","modified_gmt":"2023-07-21T00:32:26","slug":"modulo-sensor-jsn-sr04t-ultrasonico","status":"publish","type":"product","link":"https:\/\/www.electronicajnc.com\/web\/producto\/modulo-sensor-jsn-sr04t-ultrasonico\/","title":{"rendered":"M\u00f3dulo sensor JSN-SR04T ultras\u00f3nico"},"content":{"rendered":"<p class=\"product_title entry-title\">M\u00f3dulo sensor JSN-SR04T ultras\u00f3nico\u00a0 <span id=\"productTitle\" class=\"a-size-large product-title-word-break\">Alta precisi\u00f3n. JSN-SR04T DC 5 V m\u00f3dulo ultras\u00f3nico medici\u00f3n de distancia transductor sensor IO puerto impermeable para Arduino<\/span><\/p>\n<p><img fetchpriority=\"high\" decoding=\"async\" class=\"aligncenter\" src=\"https:\/\/www.electroniclinic.com\/wp-content\/uploads\/2021\/11\/jsn.jpg\" alt=\"Waterproof Ultrasonic Sensor JSN SR-40T with Arduino for distance\" width=\"622\" height=\"238\" \/><\/p>\n<p>Este m\u00f3dulo es similar a nuestro m\u00f3dulo HC-SR04, sin embargo, el JSR-SRO4T tiene un sensor remoto que es resistente al agua que le permite utilizar este m\u00f3dulo en condiciones muy duras, manteniendo el sistema electr\u00f3nico de seguridad de los elementos. El sensor ultras\u00f3nico HC-SR04 utiliza un pule ultras\u00f3nica para determinar la distancia a un objeto. Los m\u00f3dulos incluye circuito de transmisores \/ receptor y el control ultras\u00f3nico.<\/p>\n<p>El m\u00f3dulo de rango ultras\u00f3nico JSN-SR04 tiene algunas diferencias notables: tiene una sola sonda de transductor ultras\u00f3nico impermeable y un circuito electr\u00f3nico dedicado para manejar el transductor. Adem\u00e1s, el transductor viene con un cable resistente a la intemperie bastante largo (~ 2.5 metros). Seg\u00fan muchas publicaciones de blog, el tel\u00e9metro ultras\u00f3nico JSN-SR0T4 puede proporcionar una funci\u00f3n de detecci\u00f3n de distancia sin contacto de 25 cm a 450 cm, con una precisi\u00f3n de hasta 2 mm. Tenga en cuenta que solo la sonda del transductor y el propio exterior son resistentes al agua. Si entra agua en el m\u00f3dulo electr\u00f3nico, el dispositivo puede dejar de funcionar o da\u00f1arse permanentemente \u26a0 Creo que para algunos proyectos de autom\u00f3viles \/ rob\u00f3tica, el sensor JSN-SR04 es m\u00e1s adecuado en comparaci\u00f3n con el sensor HC-SR04 normal.<\/p>\n<p>El sensor ultrasonido\u00a0<strong>JSN-SR04T<\/strong>\u00a0es un sensor de distancia que utiliza ultrasonido (sonar) para determinar la distancia de un objeto en un rango de 25-450 cm. Destaca por su peque\u00f1o tama\u00f1o, bajo consumo energ\u00e9tico y por su resistencia al agua<\/p>\n<h1 class=\"product_title entry-title\">M\u00f3dulo sensor JSN-SR04T ultras\u00f3nico<\/h1>\n<p>Voltaje de funcionamiento: 5V<br \/>\nCorriente total de operaci\u00f3n: 30mA.<br \/>\nQuiescent current: 5mA.<br \/>\nFrecuencia de emisi\u00f3n ac\u00fastica: 40KHz.<br \/>\nDistancia m\u00e1xima: 4.5m<br \/>\nResoluci\u00f3n: aproximadamente 0.5cm<br \/>\n\u00c1ngulo: menos de 50 grados.<br \/>\nTemperatura de operaci\u00f3n: -10\u00b0C -70\u00b0C<br \/>\nTemperatura de almacenamiento: -20\u00b0C &#8211; 80\u00b0C<\/p>\n<div>\n<h1><strong style=\"font-size: 16px;\">\u00bfD\u00f3nde conseguir ?<\/strong><\/h1>\n<\/div>\n<p>Puedes conseguir este producto y mucho mas en nuestra tienda de electr\u00f3nica \u201cElectr\u00f3nica JNC\u201d a un excelente precio, de igual manera puedes preguntar por otros productos que tenemos para ti y as\u00ed adquirirlos seg\u00fan tu necesidad para\u00a0 tus proyectos.<\/p>\n<p>Adem\u00e1s de vender realizamos todo tipo de proyectos de Rob\u00f3tica Electr\u00f3nica y de Programaci\u00f3n en Arduino-Raspberry, brindamos asesoramiento en la elaboraci\u00f3n de proyectos y personalizamos sus clases cuando deseas armar un robot.<\/p>\n<p><strong>\u00a1\u00a1\u00a1\u00a1 PREGUNTANOS!!!!<\/strong><\/p>\n<p>Puede retirar sus pedidos en nuestra\u00a0<a href=\"https:\/\/www.electronicajnc.com\/web\/contactos\" target=\"_blank\" rel=\"noopener\">TIENDA F\u00cdSICA<\/a>\u00a0o realizar sus pedidos\u00a0<a href=\"https:\/\/www.electronicajnc.com\/web\/mi-cuenta\" target=\"_blank\" rel=\"noopener\">ONLINE<\/a>\u00a0o por\u00a0<a href=\"https:\/\/api.whatsapp.com\/send?phone=593958753126\" target=\"_blank\" rel=\"noopener\">WHATSAPP<\/a>.<\/p>\n","protected":false},"excerpt":{"rendered":"<p>Este m\u00f3dulo es similar a nuestro m\u00f3dulo HC-SR04, sin embargo, el JSR-SRO4T tiene un sensor remoto que es resistente al agua que le permite utilizar este m\u00f3dulo en condiciones muy duras, manteniendo el sistema electr\u00f3nico de seguridad de los elementos. El sensor ultras\u00f3nico HC-SR04 utiliza un pule ultras\u00f3nica para determinar la distancia a un objeto. Los m\u00f3dulos incluye circuito de transmisores \/ receptor y el control ultras\u00f3nico.<\/p>\n","protected":false},"featured_media":744,"comment_status":"closed","ping_status":"closed","template":"","meta":{"saved_in_kubio":false,"_joinchat":[]},"product_brand":[],"product_cat":[21],"product_tag":[581,468,469,582,584,408,231,25,583],"class_list":{"0":"post-743","1":"product","2":"type-product","3":"status-publish","4":"has-post-thumbnail","6":"product_cat-modulos_sensores","7":"product_tag-agua","8":"product_tag-deteccion","9":"product_tag-detector","10":"product_tag-distancia","11":"product_tag-jsn-sr04t","12":"product_tag-modulo","13":"product_tag-sensor","14":"product_tag-ultrasonico","15":"product_tag-ultrasonido","17":"first","18":"instock","19":"taxable","20":"shipping-taxable","21":"purchasable","22":"product-type-simple"},"yoast_head":"<!-- This site is optimized with the Yoast SEO plugin v27.4 - https:\/\/yoast.com\/product\/yoast-seo-wordpress\/ -->\n<title>M\u00f3dulo sensor JSN-SR04T ultras\u00f3nico - Electronica JNC<\/title>\n<meta name=\"description\" content=\"M\u00f3dulo sensor JSN-SR04T ultras\u00f3nico utiliza un pule ultras\u00f3nica para determinar la distancia a un objeto en un rango de 25-450 cm, para Arduino.\" \/>\n<meta name=\"robots\" content=\"index, follow, max-snippet:-1, max-image-preview:large, max-video-preview:-1\" \/>\n<link rel=\"canonical\" href=\"https:\/\/www.electronicajnc.com\/web\/producto\/modulo-sensor-jsn-sr04t-ultrasonico\/\" \/>\n<meta property=\"og:locale\" content=\"es_ES\" \/>\n<meta property=\"og:type\" content=\"article\" \/>\n<meta property=\"og:title\" content=\"M\u00f3dulo sensor JSN-SR04T ultras\u00f3nico - Electronica JNC\" \/>\n<meta property=\"og:description\" content=\"M\u00f3dulo sensor JSN-SR04T ultras\u00f3nico utiliza un pule ultras\u00f3nica para determinar la distancia a un objeto en un rango de 25-450 cm, para Arduino.\" \/>\n<meta property=\"og:url\" content=\"https:\/\/www.electronicajnc.com\/web\/producto\/modulo-sensor-jsn-sr04t-ultrasonico\/\" \/>\n<meta property=\"og:site_name\" content=\"Electronica JNC\" \/>\n<meta property=\"article:modified_time\" content=\"2023-07-21T00:32:26+00:00\" \/>\n<meta property=\"og:image\" content=\"https:\/\/www.electronicajnc.com\/web\/wp-content\/uploads\/2023\/07\/ultra-con-sonda-JNC.jpg\" \/>\n\t<meta property=\"og:image:width\" content=\"1028\" \/>\n\t<meta property=\"og:image:height\" content=\"873\" \/>\n\t<meta property=\"og:image:type\" content=\"image\/jpeg\" \/>\n<meta name=\"twitter:card\" content=\"summary_large_image\" \/>\n<meta name=\"twitter:label1\" content=\"Tiempo de lectura\" \/>\n\t<meta name=\"twitter:data1\" content=\"2 minutos\" \/>\n<script type=\"application\/ld+json\" class=\"yoast-schema-graph\">{\"@context\":\"https:\\\/\\\/schema.org\",\"@graph\":[{\"@type\":\"WebPage\",\"@id\":\"https:\\\/\\\/www.electronicajnc.com\\\/web\\\/producto\\\/modulo-sensor-jsn-sr04t-ultrasonico\\\/\",\"url\":\"https:\\\/\\\/www.electronicajnc.com\\\/web\\\/producto\\\/modulo-sensor-jsn-sr04t-ultrasonico\\\/\",\"name\":\"M\u00f3dulo sensor JSN-SR04T ultras\u00f3nico - Electronica JNC\",\"isPartOf\":{\"@id\":\"https:\\\/\\\/www.electronicajnc.com\\\/web\\\/#website\"},\"primaryImageOfPage\":{\"@id\":\"https:\\\/\\\/www.electronicajnc.com\\\/web\\\/producto\\\/modulo-sensor-jsn-sr04t-ultrasonico\\\/#primaryimage\"},\"image\":{\"@id\":\"https:\\\/\\\/www.electronicajnc.com\\\/web\\\/producto\\\/modulo-sensor-jsn-sr04t-ultrasonico\\\/#primaryimage\"},\"thumbnailUrl\":\"https:\\\/\\\/www.electronicajnc.com\\\/web\\\/wp-content\\\/uploads\\\/2023\\\/07\\\/ultra-con-sonda-JNC.jpg\",\"datePublished\":\"2023-07-11T17:22:16+00:00\",\"dateModified\":\"2023-07-21T00:32:26+00:00\",\"description\":\"M\u00f3dulo sensor JSN-SR04T ultras\u00f3nico utiliza un pule ultras\u00f3nica para determinar la distancia a un objeto en un rango de 25-450 cm, para Arduino.\",\"breadcrumb\":{\"@id\":\"https:\\\/\\\/www.electronicajnc.com\\\/web\\\/producto\\\/modulo-sensor-jsn-sr04t-ultrasonico\\\/#breadcrumb\"},\"inLanguage\":\"es\",\"potentialAction\":[{\"@type\":\"ReadAction\",\"target\":[\"https:\\\/\\\/www.electronicajnc.com\\\/web\\\/producto\\\/modulo-sensor-jsn-sr04t-ultrasonico\\\/\"]}]},{\"@type\":\"ImageObject\",\"inLanguage\":\"es\",\"@id\":\"https:\\\/\\\/www.electronicajnc.com\\\/web\\\/producto\\\/modulo-sensor-jsn-sr04t-ultrasonico\\\/#primaryimage\",\"url\":\"https:\\\/\\\/www.electronicajnc.com\\\/web\\\/wp-content\\\/uploads\\\/2023\\\/07\\\/ultra-con-sonda-JNC.jpg\",\"contentUrl\":\"https:\\\/\\\/www.electronicajnc.com\\\/web\\\/wp-content\\\/uploads\\\/2023\\\/07\\\/ultra-con-sonda-JNC.jpg\",\"width\":1028,\"height\":873,\"caption\":\"M\u00d3DULO SENSOR JSN-SR04T ULTRAS\u00d3NICO\"},{\"@type\":\"BreadcrumbList\",\"@id\":\"https:\\\/\\\/www.electronicajnc.com\\\/web\\\/producto\\\/modulo-sensor-jsn-sr04t-ultrasonico\\\/#breadcrumb\",\"itemListElement\":[{\"@type\":\"ListItem\",\"position\":1,\"name\":\"Portada\",\"item\":\"https:\\\/\\\/www.electronicajnc.com\\\/web\\\/\"},{\"@type\":\"ListItem\",\"position\":2,\"name\":\"TIENDA\",\"item\":\"https:\\\/\\\/www.electronicajnc.com\\\/web\\\/tienda\\\/\"},{\"@type\":\"ListItem\",\"position\":3,\"name\":\"M\u00f3dulo sensor JSN-SR04T ultras\u00f3nico\"}]},{\"@type\":\"WebSite\",\"@id\":\"https:\\\/\\\/www.electronicajnc.com\\\/web\\\/#website\",\"url\":\"https:\\\/\\\/www.electronicajnc.com\\\/web\\\/\",\"name\":\"Electronica JNC\",\"description\":\"Robotica Tecnologia Mecatronica en Ecuador\",\"publisher\":{\"@id\":\"https:\\\/\\\/www.electronicajnc.com\\\/web\\\/#organization\"},\"potentialAction\":[{\"@type\":\"SearchAction\",\"target\":{\"@type\":\"EntryPoint\",\"urlTemplate\":\"https:\\\/\\\/www.electronicajnc.com\\\/web\\\/?s={search_term_string}\"},\"query-input\":{\"@type\":\"PropertyValueSpecification\",\"valueRequired\":true,\"valueName\":\"search_term_string\"}}],\"inLanguage\":\"es\"},{\"@type\":\"Organization\",\"@id\":\"https:\\\/\\\/www.electronicajnc.com\\\/web\\\/#organization\",\"name\":\"Electronica JNC\",\"url\":\"https:\\\/\\\/www.electronicajnc.com\\\/web\\\/\",\"logo\":{\"@type\":\"ImageObject\",\"inLanguage\":\"es\",\"@id\":\"https:\\\/\\\/www.electronicajnc.com\\\/web\\\/#\\\/schema\\\/logo\\\/image\\\/\",\"url\":\"https:\\\/\\\/www.electronicajnc.com\\\/web\\\/wp-content\\\/uploads\\\/2023\\\/06\\\/nuevo-logo.jpg\",\"contentUrl\":\"https:\\\/\\\/www.electronicajnc.com\\\/web\\\/wp-content\\\/uploads\\\/2023\\\/06\\\/nuevo-logo.jpg\",\"width\":1256,\"height\":612,\"caption\":\"Electronica JNC\"},\"image\":{\"@id\":\"https:\\\/\\\/www.electronicajnc.com\\\/web\\\/#\\\/schema\\\/logo\\\/image\\\/\"}}]}<\/script>\n<!-- \/ Yoast SEO plugin. -->","yoast_head_json":{"title":"M\u00f3dulo sensor JSN-SR04T ultras\u00f3nico - Electronica JNC","description":"M\u00f3dulo sensor JSN-SR04T ultras\u00f3nico utiliza un pule ultras\u00f3nica para determinar la distancia a un objeto en un rango de 25-450 cm, para Arduino.","robots":{"index":"index","follow":"follow","max-snippet":"max-snippet:-1","max-image-preview":"max-image-preview:large","max-video-preview":"max-video-preview:-1"},"canonical":"https:\/\/www.electronicajnc.com\/web\/producto\/modulo-sensor-jsn-sr04t-ultrasonico\/","og_locale":"es_ES","og_type":"article","og_title":"M\u00f3dulo sensor JSN-SR04T ultras\u00f3nico - Electronica JNC","og_description":"M\u00f3dulo sensor JSN-SR04T ultras\u00f3nico utiliza un pule ultras\u00f3nica para determinar la distancia a un objeto en un rango de 25-450 cm, para Arduino.","og_url":"https:\/\/www.electronicajnc.com\/web\/producto\/modulo-sensor-jsn-sr04t-ultrasonico\/","og_site_name":"Electronica JNC","article_modified_time":"2023-07-21T00:32:26+00:00","og_image":[{"width":1028,"height":873,"url":"https:\/\/www.electronicajnc.com\/web\/wp-content\/uploads\/2023\/07\/ultra-con-sonda-JNC.jpg","type":"image\/jpeg"}],"twitter_card":"summary_large_image","twitter_misc":{"Tiempo de lectura":"2 minutos"},"schema":{"@context":"https:\/\/schema.org","@graph":[{"@type":"WebPage","@id":"https:\/\/www.electronicajnc.com\/web\/producto\/modulo-sensor-jsn-sr04t-ultrasonico\/","url":"https:\/\/www.electronicajnc.com\/web\/producto\/modulo-sensor-jsn-sr04t-ultrasonico\/","name":"M\u00f3dulo sensor JSN-SR04T ultras\u00f3nico - Electronica JNC","isPartOf":{"@id":"https:\/\/www.electronicajnc.com\/web\/#website"},"primaryImageOfPage":{"@id":"https:\/\/www.electronicajnc.com\/web\/producto\/modulo-sensor-jsn-sr04t-ultrasonico\/#primaryimage"},"image":{"@id":"https:\/\/www.electronicajnc.com\/web\/producto\/modulo-sensor-jsn-sr04t-ultrasonico\/#primaryimage"},"thumbnailUrl":"https:\/\/www.electronicajnc.com\/web\/wp-content\/uploads\/2023\/07\/ultra-con-sonda-JNC.jpg","datePublished":"2023-07-11T17:22:16+00:00","dateModified":"2023-07-21T00:32:26+00:00","description":"M\u00f3dulo sensor JSN-SR04T ultras\u00f3nico utiliza un pule ultras\u00f3nica para determinar la distancia a un objeto en un rango de 25-450 cm, para Arduino.","breadcrumb":{"@id":"https:\/\/www.electronicajnc.com\/web\/producto\/modulo-sensor-jsn-sr04t-ultrasonico\/#breadcrumb"},"inLanguage":"es","potentialAction":[{"@type":"ReadAction","target":["https:\/\/www.electronicajnc.com\/web\/producto\/modulo-sensor-jsn-sr04t-ultrasonico\/"]}]},{"@type":"ImageObject","inLanguage":"es","@id":"https:\/\/www.electronicajnc.com\/web\/producto\/modulo-sensor-jsn-sr04t-ultrasonico\/#primaryimage","url":"https:\/\/www.electronicajnc.com\/web\/wp-content\/uploads\/2023\/07\/ultra-con-sonda-JNC.jpg","contentUrl":"https:\/\/www.electronicajnc.com\/web\/wp-content\/uploads\/2023\/07\/ultra-con-sonda-JNC.jpg","width":1028,"height":873,"caption":"M\u00d3DULO SENSOR JSN-SR04T ULTRAS\u00d3NICO"},{"@type":"BreadcrumbList","@id":"https:\/\/www.electronicajnc.com\/web\/producto\/modulo-sensor-jsn-sr04t-ultrasonico\/#breadcrumb","itemListElement":[{"@type":"ListItem","position":1,"name":"Portada","item":"https:\/\/www.electronicajnc.com\/web\/"},{"@type":"ListItem","position":2,"name":"TIENDA","item":"https:\/\/www.electronicajnc.com\/web\/tienda\/"},{"@type":"ListItem","position":3,"name":"M\u00f3dulo sensor JSN-SR04T ultras\u00f3nico"}]},{"@type":"WebSite","@id":"https:\/\/www.electronicajnc.com\/web\/#website","url":"https:\/\/www.electronicajnc.com\/web\/","name":"Electronica JNC","description":"Robotica Tecnologia Mecatronica en Ecuador","publisher":{"@id":"https:\/\/www.electronicajnc.com\/web\/#organization"},"potentialAction":[{"@type":"SearchAction","target":{"@type":"EntryPoint","urlTemplate":"https:\/\/www.electronicajnc.com\/web\/?s={search_term_string}"},"query-input":{"@type":"PropertyValueSpecification","valueRequired":true,"valueName":"search_term_string"}}],"inLanguage":"es"},{"@type":"Organization","@id":"https:\/\/www.electronicajnc.com\/web\/#organization","name":"Electronica JNC","url":"https:\/\/www.electronicajnc.com\/web\/","logo":{"@type":"ImageObject","inLanguage":"es","@id":"https:\/\/www.electronicajnc.com\/web\/#\/schema\/logo\/image\/","url":"https:\/\/www.electronicajnc.com\/web\/wp-content\/uploads\/2023\/06\/nuevo-logo.jpg","contentUrl":"https:\/\/www.electronicajnc.com\/web\/wp-content\/uploads\/2023\/06\/nuevo-logo.jpg","width":1256,"height":612,"caption":"Electronica JNC"},"image":{"@id":"https:\/\/www.electronicajnc.com\/web\/#\/schema\/logo\/image\/"}}]}},"_links":{"self":[{"href":"https:\/\/www.electronicajnc.com\/web\/wp-json\/wp\/v2\/product\/743","targetHints":{"allow":["GET"]}}],"collection":[{"href":"https:\/\/www.electronicajnc.com\/web\/wp-json\/wp\/v2\/product"}],"about":[{"href":"https:\/\/www.electronicajnc.com\/web\/wp-json\/wp\/v2\/types\/product"}],"replies":[{"embeddable":true,"href":"https:\/\/www.electronicajnc.com\/web\/wp-json\/wp\/v2\/comments?post=743"}],"wp:featuredmedia":[{"embeddable":true,"href":"https:\/\/www.electronicajnc.com\/web\/wp-json\/wp\/v2\/media\/744"}],"wp:attachment":[{"href":"https:\/\/www.electronicajnc.com\/web\/wp-json\/wp\/v2\/media?parent=743"}],"wp:term":[{"taxonomy":"product_brand","embeddable":true,"href":"https:\/\/www.electronicajnc.com\/web\/wp-json\/wp\/v2\/product_brand?post=743"},{"taxonomy":"product_cat","embeddable":true,"href":"https:\/\/www.electronicajnc.com\/web\/wp-json\/wp\/v2\/product_cat?post=743"},{"taxonomy":"product_tag","embeddable":true,"href":"https:\/\/www.electronicajnc.com\/web\/wp-json\/wp\/v2\/product_tag?post=743"}],"curies":[{"name":"wp","href":"https:\/\/api.w.org\/{rel}","templated":true}]}}