{"id":772,"date":"2023-08-02T23:14:49","date_gmt":"2023-08-02T23:14:49","guid":{"rendered":"https:\/\/www.electronicajnc.com\/web\/?post_type=product&#038;p=772"},"modified":"2024-10-09T17:18:40","modified_gmt":"2024-10-09T17:18:40","slug":"convertidor-voltaje-dc-dc-step-up-2a-mt3608","status":"publish","type":"product","link":"https:\/\/www.electronicajnc.com\/web\/producto\/convertidor-voltaje-dc-dc-step-up-2a-mt3608\/","title":{"rendered":"Convertidor Voltaje DC-DC Step-Up 2A MT3608"},"content":{"rendered":"<p class=\"product_title entry-title\">Convertidor Voltaje DC-DC Step-Up 2A MT3608<\/p>\n<p><img fetchpriority=\"high\" decoding=\"async\" class=\"aligncenter\" src=\"https:\/\/grupoelectrostore.com\/wp-content\/uploads\/2021\/07\/pinout-11.jpg\" alt=\"M\u00d3DULO ELEVADOR DE VOLTAJE 2A MT3608 AJUSTABLE STEP-UP BOOST \u2013 Grupo  Electrostore\" width=\"290\" height=\"290\" \/><\/p>\n<h1 class=\"product_title entry-title\"><\/h1>\n<p>El convertidor de voltaje DC-DC Step-Up\u00a02A MT3608 tiene como funci\u00f3n\u00a0entregar un voltaje de salida constante superior al voltaje de entrada frente a variaciones del voltaje de entrada o de carga. Soporta corrientes de salida de hasta 2A, voltaje de entrada entre 2V a 24V y voltaje de salida entre 2V a 28V. El voltaje de salida se selecciona mediante un potenci\u00f3metro multivuelta.<\/p>\n<p>El convertidor DC-DC\u00a0MT3608 es un regulador de tipo conmutado\u00a0elevador (Step-Up o Boost) con una alta eficiencia de conversi\u00f3n,\u00a0excelente regulaci\u00f3n de l\u00ednea y bajo voltaje de rizado.\u00a0 El m\u00f3dulo reduce al m\u00ednimo el uso de componentes externos para simplificar el dise\u00f1o de fuentes de alimentaci\u00f3n. Permite obtener un voltaje regulado a partir de una fuente con un voltaje inferior, por ejemplo:\u00a0obtener\u00a05V o 12V a partir de una bater\u00eda de litio de 3.7V.\u00a0Es capaz de manejar una carga de hasta 2A\u00a0o 6W m\u00e1x.<\/p>\n<div class=\"col-md-3\">\n<p><span style=\"font-size: 2.61792em; letter-spacing: -1px;\">Convertidor Voltaje DC-DC Step-Up 2A MT3608<\/span><\/p>\n<\/div>\n<div class=\"col-md-3\">\n<p><strong>Caracter\u00edsticas:<\/strong><\/p>\n<\/div>\n<div class=\"col-md-9\">\n<ul>\n<li>Convertidor DC-DC Boost: MT3608.<\/li>\n<li>Voltaje de entrada: 2V a 24V DC.<\/li>\n<li>Voltaje de salida: 5V a 28V DC.<\/li>\n<li>V. Salida ajustable (Regulable por trimmer).<\/li>\n<li>Corriente de salida: m\u00e1x. 2A (usar disipador para corrientes mayores a 1.5A).<\/li>\n<li>Potencia de salida: 6W.<\/li>\n<li>Eficiencia de conversi\u00f3n: 93% m\u00e1x.<\/li>\n<li>Frecuencia de Trabajo: 1.2MHz.<\/li>\n<li>Protecci\u00f3n de sobre-temperatura: SI (apaga la salida).<\/li>\n<li>Protecci\u00f3n de corto circuito: NO.<\/li>\n<li>Protecci\u00f3n limitadora de corriente: SI (4A).<\/li>\n<li>Protecci\u00f3n frente a inversi\u00f3n de polaridad: NO.<\/li>\n<li>Dimensiones: 36mm*17mm*7mm.<\/li>\n<\/ul>\n<div>\n<h1><strong style=\"font-size: 16px;\">\u00bfD\u00f3nde conseguir ?<\/strong><\/h1>\n<\/div>\n<p>Puedes conseguir este producto y mucho mas en nuestra tienda de electr\u00f3nica \u201cElectr\u00f3nica JNC\u201d a un excelente precio, de igual manera puedes preguntar por otros productos que tenemos para ti y as\u00ed adquirirlos seg\u00fan tu necesidad para\u00a0 tus proyectos.<\/p>\n<p>Adem\u00e1s de vender realizamos todo tipo de proyectos de Rob\u00f3tica Electr\u00f3nica y de Programaci\u00f3n en Arduino-Raspberry, brindamos asesoramiento en la elaboraci\u00f3n de proyectos y personalizamos sus clases cuando deseas armar un robot.<\/p>\n<p><strong>\u00a1\u00a1\u00a1\u00a1 PREGUNTANOS!!!!<\/strong><\/p>\n<p>Puede retirar sus pedidos en nuestra\u00a0<a href=\"https:\/\/www.electronicajnc.com\/web\/contactos\" target=\"_blank\" rel=\"noopener\">TIENDA F\u00cdSICA<\/a>\u00a0o realizar sus pedidos\u00a0<a href=\"https:\/\/www.electronicajnc.com\/web\/mi-cuenta\" target=\"_blank\" rel=\"noopener\">ONLINE<\/a>\u00a0o por\u00a0<a href=\"https:\/\/api.whatsapp.com\/send?phone=593958753126\" target=\"_blank\" rel=\"noopener\">WHATSAPP<\/a>.<\/p>\n<\/div>\n","protected":false},"excerpt":{"rendered":"<p>El convertidor de voltaje DC-DC Step-Up\u00a02A MT3608 tiene como funci\u00f3n\u00a0entregar un voltaje de salida constante superior al voltaje de entrada frente a variaciones del voltaje de entrada o de carga. Soporta corrientes de salida de hasta 2A, voltaje de entrada entre 2V a 24V y voltaje de salida entre 2V a 28V. El voltaje de salida se selecciona mediante un potenci\u00f3metro multivuelta.<\/p>\n","protected":false},"featured_media":774,"comment_status":"closed","ping_status":"closed","template":"","meta":{"saved_in_kubio":false,"_joinchat":[]},"product_brand":[],"product_cat":[21],"product_tag":[597,593,598,77,596,594,599,600,595,601,602,603],"class_list":{"0":"post-772","1":"product","2":"type-product","3":"status-publish","4":"has-post-thumbnail","6":"product_cat-modulos_sensores","7":"product_tag-boost","8":"product_tag-conversores-y-reguladores","9":"product_tag-elevador","10":"product_tag-fuente","11":"product_tag-modulo-mt3608-elevador-de-voltaje-dc-dc-2a","12":"product_tag-modulos-y-shields","13":"product_tag-regulador","14":"product_tag-regulador-de-voltaje","15":"product_tag-reguladores-y-conversores-de-voltaje","16":"product_tag-step","17":"product_tag-stepup","18":"product_tag-up","20":"first","21":"outofstock","22":"taxable","23":"shipping-taxable","24":"purchasable","25":"product-type-simple"},"yoast_head":"<!-- This site is optimized with the Yoast SEO plugin v27.5 - https:\/\/yoast.com\/product\/yoast-seo-wordpress\/ -->\n<title>Convertidor Voltaje DC-DC Step-Up 2A MT3608 - Electronica JNC<\/title>\n<meta name=\"description\" content=\"Convertidor Voltaje DC-DC Step-Up 2A MT3608 tiene como funci\u00f3n\u00a0entregar un voltaje de salida constante superior al voltaje de entrada frente a variaciones\" \/>\n<meta name=\"robots\" content=\"index, follow, max-snippet:-1, max-image-preview:large, max-video-preview:-1\" \/>\n<link rel=\"canonical\" href=\"https:\/\/www.electronicajnc.com\/web\/producto\/convertidor-voltaje-dc-dc-step-up-2a-mt3608\/\" \/>\n<meta property=\"og:locale\" content=\"es_ES\" \/>\n<meta property=\"og:type\" content=\"article\" \/>\n<meta property=\"og:title\" content=\"Convertidor Voltaje DC-DC Step-Up 2A MT3608 - Electronica JNC\" \/>\n<meta property=\"og:description\" content=\"Convertidor Voltaje DC-DC Step-Up 2A MT3608 tiene como funci\u00f3n\u00a0entregar un voltaje de salida constante superior al voltaje de entrada frente a variaciones\" \/>\n<meta property=\"og:url\" content=\"https:\/\/www.electronicajnc.com\/web\/producto\/convertidor-voltaje-dc-dc-step-up-2a-mt3608\/\" \/>\n<meta property=\"og:site_name\" content=\"Electronica JNC\" \/>\n<meta property=\"article:modified_time\" content=\"2024-10-09T17:18:40+00:00\" \/>\n<meta property=\"og:image\" content=\"https:\/\/www.electronicajnc.com\/web\/wp-content\/uploads\/2023\/08\/mt3608.jpg\" \/>\n\t<meta property=\"og:image:width\" content=\"1028\" \/>\n\t<meta property=\"og:image:height\" content=\"1001\" \/>\n\t<meta property=\"og:image:type\" content=\"image\/jpeg\" \/>\n<meta name=\"twitter:card\" content=\"summary_large_image\" \/>\n<meta name=\"twitter:label1\" content=\"Tiempo de lectura\" \/>\n\t<meta name=\"twitter:data1\" content=\"2 minutos\" \/>\n<script type=\"application\/ld+json\" class=\"yoast-schema-graph\">{\"@context\":\"https:\\\/\\\/schema.org\",\"@graph\":[{\"@type\":\"WebPage\",\"@id\":\"https:\\\/\\\/www.electronicajnc.com\\\/web\\\/producto\\\/convertidor-voltaje-dc-dc-step-up-2a-mt3608\\\/\",\"url\":\"https:\\\/\\\/www.electronicajnc.com\\\/web\\\/producto\\\/convertidor-voltaje-dc-dc-step-up-2a-mt3608\\\/\",\"name\":\"Convertidor Voltaje DC-DC Step-Up 2A MT3608 - Electronica JNC\",\"isPartOf\":{\"@id\":\"https:\\\/\\\/www.electronicajnc.com\\\/web\\\/#website\"},\"primaryImageOfPage\":{\"@id\":\"https:\\\/\\\/www.electronicajnc.com\\\/web\\\/producto\\\/convertidor-voltaje-dc-dc-step-up-2a-mt3608\\\/#primaryimage\"},\"image\":{\"@id\":\"https:\\\/\\\/www.electronicajnc.com\\\/web\\\/producto\\\/convertidor-voltaje-dc-dc-step-up-2a-mt3608\\\/#primaryimage\"},\"thumbnailUrl\":\"https:\\\/\\\/www.electronicajnc.com\\\/web\\\/wp-content\\\/uploads\\\/2023\\\/08\\\/mt3608.jpg\",\"datePublished\":\"2023-08-02T23:14:49+00:00\",\"dateModified\":\"2024-10-09T17:18:40+00:00\",\"description\":\"Convertidor Voltaje DC-DC Step-Up 2A MT3608 tiene como funci\u00f3n\u00a0entregar un voltaje de salida constante superior al voltaje de entrada frente a variaciones\",\"breadcrumb\":{\"@id\":\"https:\\\/\\\/www.electronicajnc.com\\\/web\\\/producto\\\/convertidor-voltaje-dc-dc-step-up-2a-mt3608\\\/#breadcrumb\"},\"inLanguage\":\"es\",\"potentialAction\":[{\"@type\":\"ReadAction\",\"target\":[\"https:\\\/\\\/www.electronicajnc.com\\\/web\\\/producto\\\/convertidor-voltaje-dc-dc-step-up-2a-mt3608\\\/\"]}]},{\"@type\":\"ImageObject\",\"inLanguage\":\"es\",\"@id\":\"https:\\\/\\\/www.electronicajnc.com\\\/web\\\/producto\\\/convertidor-voltaje-dc-dc-step-up-2a-mt3608\\\/#primaryimage\",\"url\":\"https:\\\/\\\/www.electronicajnc.com\\\/web\\\/wp-content\\\/uploads\\\/2023\\\/08\\\/mt3608.jpg\",\"contentUrl\":\"https:\\\/\\\/www.electronicajnc.com\\\/web\\\/wp-content\\\/uploads\\\/2023\\\/08\\\/mt3608.jpg\",\"width\":1028,\"height\":1001,\"caption\":\"Convertidor Voltaje DC-DC Step-Up 2A MT3608\"},{\"@type\":\"BreadcrumbList\",\"@id\":\"https:\\\/\\\/www.electronicajnc.com\\\/web\\\/producto\\\/convertidor-voltaje-dc-dc-step-up-2a-mt3608\\\/#breadcrumb\",\"itemListElement\":[{\"@type\":\"ListItem\",\"position\":1,\"name\":\"Portada\",\"item\":\"https:\\\/\\\/www.electronicajnc.com\\\/web\\\/\"},{\"@type\":\"ListItem\",\"position\":2,\"name\":\"TIENDA\",\"item\":\"https:\\\/\\\/www.electronicajnc.com\\\/web\\\/tienda\\\/\"},{\"@type\":\"ListItem\",\"position\":3,\"name\":\"Convertidor Voltaje DC-DC Step-Up 2A MT3608\"}]},{\"@type\":\"WebSite\",\"@id\":\"https:\\\/\\\/www.electronicajnc.com\\\/web\\\/#website\",\"url\":\"https:\\\/\\\/www.electronicajnc.com\\\/web\\\/\",\"name\":\"Electronica JNC\",\"description\":\"Robotica Tecnologia Mecatronica en Ecuador\",\"publisher\":{\"@id\":\"https:\\\/\\\/www.electronicajnc.com\\\/web\\\/#organization\"},\"potentialAction\":[{\"@type\":\"SearchAction\",\"target\":{\"@type\":\"EntryPoint\",\"urlTemplate\":\"https:\\\/\\\/www.electronicajnc.com\\\/web\\\/?s={search_term_string}\"},\"query-input\":{\"@type\":\"PropertyValueSpecification\",\"valueRequired\":true,\"valueName\":\"search_term_string\"}}],\"inLanguage\":\"es\"},{\"@type\":\"Organization\",\"@id\":\"https:\\\/\\\/www.electronicajnc.com\\\/web\\\/#organization\",\"name\":\"Electronica JNC\",\"url\":\"https:\\\/\\\/www.electronicajnc.com\\\/web\\\/\",\"logo\":{\"@type\":\"ImageObject\",\"inLanguage\":\"es\",\"@id\":\"https:\\\/\\\/www.electronicajnc.com\\\/web\\\/#\\\/schema\\\/logo\\\/image\\\/\",\"url\":\"https:\\\/\\\/www.electronicajnc.com\\\/web\\\/wp-content\\\/uploads\\\/2023\\\/06\\\/nuevo-logo.jpg\",\"contentUrl\":\"https:\\\/\\\/www.electronicajnc.com\\\/web\\\/wp-content\\\/uploads\\\/2023\\\/06\\\/nuevo-logo.jpg\",\"width\":1256,\"height\":612,\"caption\":\"Electronica JNC\"},\"image\":{\"@id\":\"https:\\\/\\\/www.electronicajnc.com\\\/web\\\/#\\\/schema\\\/logo\\\/image\\\/\"}}]}<\/script>\n<!-- \/ Yoast SEO plugin. -->","yoast_head_json":{"title":"Convertidor Voltaje DC-DC Step-Up 2A MT3608 - Electronica JNC","description":"Convertidor Voltaje DC-DC Step-Up 2A MT3608 tiene como funci\u00f3n\u00a0entregar un voltaje de salida constante superior al voltaje de entrada frente a variaciones","robots":{"index":"index","follow":"follow","max-snippet":"max-snippet:-1","max-image-preview":"max-image-preview:large","max-video-preview":"max-video-preview:-1"},"canonical":"https:\/\/www.electronicajnc.com\/web\/producto\/convertidor-voltaje-dc-dc-step-up-2a-mt3608\/","og_locale":"es_ES","og_type":"article","og_title":"Convertidor Voltaje DC-DC Step-Up 2A MT3608 - Electronica JNC","og_description":"Convertidor Voltaje DC-DC Step-Up 2A MT3608 tiene como funci\u00f3n\u00a0entregar un voltaje de salida constante superior al voltaje de entrada frente a variaciones","og_url":"https:\/\/www.electronicajnc.com\/web\/producto\/convertidor-voltaje-dc-dc-step-up-2a-mt3608\/","og_site_name":"Electronica JNC","article_modified_time":"2024-10-09T17:18:40+00:00","og_image":[{"width":1028,"height":1001,"url":"https:\/\/www.electronicajnc.com\/web\/wp-content\/uploads\/2023\/08\/mt3608.jpg","type":"image\/jpeg"}],"twitter_card":"summary_large_image","twitter_misc":{"Tiempo de lectura":"2 minutos"},"schema":{"@context":"https:\/\/schema.org","@graph":[{"@type":"WebPage","@id":"https:\/\/www.electronicajnc.com\/web\/producto\/convertidor-voltaje-dc-dc-step-up-2a-mt3608\/","url":"https:\/\/www.electronicajnc.com\/web\/producto\/convertidor-voltaje-dc-dc-step-up-2a-mt3608\/","name":"Convertidor Voltaje DC-DC Step-Up 2A MT3608 - Electronica JNC","isPartOf":{"@id":"https:\/\/www.electronicajnc.com\/web\/#website"},"primaryImageOfPage":{"@id":"https:\/\/www.electronicajnc.com\/web\/producto\/convertidor-voltaje-dc-dc-step-up-2a-mt3608\/#primaryimage"},"image":{"@id":"https:\/\/www.electronicajnc.com\/web\/producto\/convertidor-voltaje-dc-dc-step-up-2a-mt3608\/#primaryimage"},"thumbnailUrl":"https:\/\/www.electronicajnc.com\/web\/wp-content\/uploads\/2023\/08\/mt3608.jpg","datePublished":"2023-08-02T23:14:49+00:00","dateModified":"2024-10-09T17:18:40+00:00","description":"Convertidor Voltaje DC-DC Step-Up 2A MT3608 tiene como funci\u00f3n\u00a0entregar un voltaje de salida constante superior al voltaje de entrada frente a variaciones","breadcrumb":{"@id":"https:\/\/www.electronicajnc.com\/web\/producto\/convertidor-voltaje-dc-dc-step-up-2a-mt3608\/#breadcrumb"},"inLanguage":"es","potentialAction":[{"@type":"ReadAction","target":["https:\/\/www.electronicajnc.com\/web\/producto\/convertidor-voltaje-dc-dc-step-up-2a-mt3608\/"]}]},{"@type":"ImageObject","inLanguage":"es","@id":"https:\/\/www.electronicajnc.com\/web\/producto\/convertidor-voltaje-dc-dc-step-up-2a-mt3608\/#primaryimage","url":"https:\/\/www.electronicajnc.com\/web\/wp-content\/uploads\/2023\/08\/mt3608.jpg","contentUrl":"https:\/\/www.electronicajnc.com\/web\/wp-content\/uploads\/2023\/08\/mt3608.jpg","width":1028,"height":1001,"caption":"Convertidor Voltaje DC-DC Step-Up 2A MT3608"},{"@type":"BreadcrumbList","@id":"https:\/\/www.electronicajnc.com\/web\/producto\/convertidor-voltaje-dc-dc-step-up-2a-mt3608\/#breadcrumb","itemListElement":[{"@type":"ListItem","position":1,"name":"Portada","item":"https:\/\/www.electronicajnc.com\/web\/"},{"@type":"ListItem","position":2,"name":"TIENDA","item":"https:\/\/www.electronicajnc.com\/web\/tienda\/"},{"@type":"ListItem","position":3,"name":"Convertidor Voltaje DC-DC Step-Up 2A MT3608"}]},{"@type":"WebSite","@id":"https:\/\/www.electronicajnc.com\/web\/#website","url":"https:\/\/www.electronicajnc.com\/web\/","name":"Electronica JNC","description":"Robotica Tecnologia Mecatronica en Ecuador","publisher":{"@id":"https:\/\/www.electronicajnc.com\/web\/#organization"},"potentialAction":[{"@type":"SearchAction","target":{"@type":"EntryPoint","urlTemplate":"https:\/\/www.electronicajnc.com\/web\/?s={search_term_string}"},"query-input":{"@type":"PropertyValueSpecification","valueRequired":true,"valueName":"search_term_string"}}],"inLanguage":"es"},{"@type":"Organization","@id":"https:\/\/www.electronicajnc.com\/web\/#organization","name":"Electronica JNC","url":"https:\/\/www.electronicajnc.com\/web\/","logo":{"@type":"ImageObject","inLanguage":"es","@id":"https:\/\/www.electronicajnc.com\/web\/#\/schema\/logo\/image\/","url":"https:\/\/www.electronicajnc.com\/web\/wp-content\/uploads\/2023\/06\/nuevo-logo.jpg","contentUrl":"https:\/\/www.electronicajnc.com\/web\/wp-content\/uploads\/2023\/06\/nuevo-logo.jpg","width":1256,"height":612,"caption":"Electronica JNC"},"image":{"@id":"https:\/\/www.electronicajnc.com\/web\/#\/schema\/logo\/image\/"}}]}},"_links":{"self":[{"href":"https:\/\/www.electronicajnc.com\/web\/wp-json\/wp\/v2\/product\/772","targetHints":{"allow":["GET"]}}],"collection":[{"href":"https:\/\/www.electronicajnc.com\/web\/wp-json\/wp\/v2\/product"}],"about":[{"href":"https:\/\/www.electronicajnc.com\/web\/wp-json\/wp\/v2\/types\/product"}],"replies":[{"embeddable":true,"href":"https:\/\/www.electronicajnc.com\/web\/wp-json\/wp\/v2\/comments?post=772"}],"wp:featuredmedia":[{"embeddable":true,"href":"https:\/\/www.electronicajnc.com\/web\/wp-json\/wp\/v2\/media\/774"}],"wp:attachment":[{"href":"https:\/\/www.electronicajnc.com\/web\/wp-json\/wp\/v2\/media?parent=772"}],"wp:term":[{"taxonomy":"product_brand","embeddable":true,"href":"https:\/\/www.electronicajnc.com\/web\/wp-json\/wp\/v2\/product_brand?post=772"},{"taxonomy":"product_cat","embeddable":true,"href":"https:\/\/www.electronicajnc.com\/web\/wp-json\/wp\/v2\/product_cat?post=772"},{"taxonomy":"product_tag","embeddable":true,"href":"https:\/\/www.electronicajnc.com\/web\/wp-json\/wp\/v2\/product_tag?post=772"}],"curies":[{"name":"wp","href":"https:\/\/api.w.org\/{rel}","templated":true}]}}