{"id":775,"date":"2023-08-02T23:43:03","date_gmt":"2023-08-02T23:43:03","guid":{"rendered":"https:\/\/www.electronicajnc.com\/web\/?post_type=product&#038;p=775"},"modified":"2024-06-26T23:35:45","modified_gmt":"2024-06-26T23:35:45","slug":"tb6612fng-driver-para-motor-dc","status":"publish","type":"product","link":"https:\/\/www.electronicajnc.com\/web\/producto\/tb6612fng-driver-para-motor-dc\/","title":{"rendered":"TB6612FNG Driver para motor DC"},"content":{"rendered":"<p class=\"product_title entry-title\">TB6612FNG Driver para motor DC<\/p>\n<p><img decoding=\"async\" class=\"aligncenter\" src=\"https:\/\/http2.mlstatic.com\/D_NQ_NP_897853-MEC31575017923_072019-O.webp\" alt=\"Mgsystem Motor Driver 1a Dual Tb6612fng Arduino Pic Robot | MercadoLibre\" \/><\/p>\n<p>El controlador de motor TB6612FNG puede controlar hasta dos motores de corriente continua con una corriente constante de 1,2A (pico de 3.2A). Se pueden utilizar dos se\u00f1ales de entrada (IN1 e IN2) para controlar el motor en uno de los cuatro modos de funcionamiento: CW, CCW, cortocircuito y parada. Las dos salidas del motor (A y B) pueden controlarse por separado, la velocidad de cada motor se controla mediante una se\u00f1al de entrada PWM con una frecuencia de hasta 100 kHz. El pin STBY debe ser encendido para sacar el motor del modo de espera.<\/p>\n<p>La tensi\u00f3n de alimentaci\u00f3n l\u00f3gica (VCC) puede estar en el rango de 2.7-5.5VDC, mientras que la alimentaci\u00f3n del motor (VM) est\u00e1 limitada a una tensi\u00f3n m\u00e1xima de 15VDC. La corriente de salida se clasifica hasta 1,2A por canal (o hasta 3,2A para un impulso corto y \u00fanico).<\/p>\n<p><span class=\"notranslate\">El Controlador\u00a0de Motor Dual TB6612FNG es una placa que nos permite utilizar de forma f\u00e1cil de utilizar el controlador de TB6612FNG de Toshiba, gracias a este dispositivo se puede controlar de forma independiente dos motores bidireccionales de CD o un motor paso a paso bipolar.<\/span>\u00a0El<span class=\"notranslate\">\u00a0voltaje de los motores recomendado debe ser de 4.5 V a 13.5 V y el controlador provee una salida de corriente m\u00e1xima de 3 A por canal, lo convierten en un excelente driver para motores de baja potencia.<\/span><\/p>\n<h1 class=\"product_title entry-title\">TB6612FNG Driver para motor DC<\/h1>\n<p><strong>Caracter\u00edsticas:<\/strong><\/p>\n<ul>\n<li>Tensi\u00f3n de alimentaci\u00f3n: VM = 15V m\u00e1x., VCC = 2.7-5.5V.<\/li>\n<li>Corriente de salida: Iout = 1,2A (promedio) \/ 3,2A (pico).<\/li>\n<li>Control en espera para ahorrar energ\u00eda.<\/li>\n<li>CW\/CCW\u00a0 modos de control del freno corto\/parada del motor.<\/li>\n<li>Circuito de apagado t\u00e9rmico incorporado y circuito de detecci\u00f3n de baja tensi\u00f3n.<\/li>\n<li>Filtrado de condensadores en ambas l\u00edneas de alimentaci\u00f3n.<\/li>\n<\/ul>\n<div>\n<h1><strong style=\"font-size: 16px;\">\u00bfD\u00f3nde conseguir ?<\/strong><\/h1>\n<\/div>\n<p>Puedes conseguir este producto y mucho mas en nuestra tienda de electr\u00f3nica \u201cElectr\u00f3nica JNC\u201d a un excelente precio, de igual manera puedes preguntar por otros productos que tenemos para ti y as\u00ed adquirirlos seg\u00fan tu necesidad para\u00a0 tus proyectos.<\/p>\n<p>Adem\u00e1s de vender realizamos todo tipo de proyectos de Rob\u00f3tica Electr\u00f3nica y de Programaci\u00f3n en Arduino-Raspberry, brindamos asesoramiento en la elaboraci\u00f3n de proyectos y personalizamos sus clases cuando deseas armar un robot.<\/p>\n<p><strong>\u00a1\u00a1\u00a1\u00a1 PREGUNTANOS!!!!<\/strong><\/p>\n<p>Puede retirar sus pedidos en nuestra\u00a0<a href=\"https:\/\/www.electronicajnc.com\/web\/contactos\" target=\"_blank\" rel=\"noopener\">TIENDA F\u00cdSICA<\/a>\u00a0o realizar sus pedidos\u00a0<a href=\"https:\/\/www.electronicajnc.com\/web\/mi-cuenta\" target=\"_blank\" rel=\"noopener\">ONLINE<\/a>\u00a0o por\u00a0<a href=\"https:\/\/api.whatsapp.com\/send?phone=593958753126\" target=\"_blank\" rel=\"noopener\">WHATSAPP<\/a>.<\/p>\n","protected":false},"excerpt":{"rendered":"<p>El TB6612FNG es un gran controlador de motor dual que es perfecto para interconectar dos motores de corriente continua peque\u00f1as tales como nuestros motorreductores de metal micro a un microcontrolador, y tambi\u00e9n puede ser usado para controlar un \u00fanico motor paso a paso bipolar.<\/p>\n","protected":false},"featured_media":776,"comment_status":"closed","ping_status":"closed","template":"","meta":{"saved_in_kubio":false,"_joinchat":[]},"product_brand":[],"product_cat":[21],"product_tag":[317,604,605,607,46,608,609,610,594,555,606,611,612,613,80,31],"class_list":{"0":"post-775","1":"product","2":"type-product","3":"status-publish","4":"has-post-thumbnail","6":"product_cat-modulos_sensores","7":"product_tag-controlador","8":"product_tag-controladores","9":"product_tag-controladores-de-motores","10":"product_tag-dual","11":"product_tag-electronica","12":"product_tag-h","13":"product_tag-micro","14":"product_tag-micromotor","15":"product_tag-modulos-y-shields","16":"product_tag-motor","17":"product_tag-motores","18":"product_tag-motorreductor","19":"product_tag-puente","20":"product_tag-reductor","21":"product_tag-robot","22":"product_tag-robotica","24":"first","25":"instock","26":"taxable","27":"shipping-taxable","28":"purchasable","29":"product-type-simple"},"yoast_head":"<!-- This site is optimized with the Yoast SEO plugin v27.5 - https:\/\/yoast.com\/product\/yoast-seo-wordpress\/ -->\n<title>TB6612FNG Driver para motor DC - Electronica JNC<\/title>\n<meta name=\"description\" content=\"TB6612FNG Driver para motor DC se puede controlar de forma independiente dos motores bidireccionales de CD o un motor paso a paso bipolar\" \/>\n<meta name=\"robots\" content=\"index, follow, max-snippet:-1, max-image-preview:large, max-video-preview:-1\" \/>\n<link rel=\"canonical\" href=\"https:\/\/www.electronicajnc.com\/web\/producto\/tb6612fng-driver-para-motor-dc\/\" \/>\n<meta property=\"og:locale\" content=\"es_ES\" \/>\n<meta property=\"og:type\" content=\"article\" \/>\n<meta property=\"og:title\" content=\"TB6612FNG Driver para motor DC - Electronica JNC\" \/>\n<meta property=\"og:description\" content=\"TB6612FNG Driver para motor DC se puede controlar de forma independiente dos motores bidireccionales de CD o un motor paso a paso bipolar\" \/>\n<meta property=\"og:url\" content=\"https:\/\/www.electronicajnc.com\/web\/producto\/tb6612fng-driver-para-motor-dc\/\" \/>\n<meta property=\"og:site_name\" content=\"Electronica JNC\" \/>\n<meta property=\"article:modified_time\" content=\"2024-06-26T23:35:45+00:00\" \/>\n<meta property=\"og:image\" content=\"https:\/\/www.electronicajnc.com\/web\/wp-content\/uploads\/2023\/08\/tb6612.jpg\" \/>\n\t<meta property=\"og:image:width\" content=\"1028\" \/>\n\t<meta property=\"og:image:height\" content=\"908\" \/>\n\t<meta property=\"og:image:type\" content=\"image\/jpeg\" \/>\n<meta name=\"twitter:card\" content=\"summary_large_image\" \/>\n<meta name=\"twitter:label1\" content=\"Tiempo de lectura\" \/>\n\t<meta name=\"twitter:data1\" content=\"2 minutos\" \/>\n<script type=\"application\/ld+json\" class=\"yoast-schema-graph\">{\"@context\":\"https:\\\/\\\/schema.org\",\"@graph\":[{\"@type\":\"WebPage\",\"@id\":\"https:\\\/\\\/www.electronicajnc.com\\\/web\\\/producto\\\/tb6612fng-driver-para-motor-dc\\\/\",\"url\":\"https:\\\/\\\/www.electronicajnc.com\\\/web\\\/producto\\\/tb6612fng-driver-para-motor-dc\\\/\",\"name\":\"TB6612FNG Driver para motor DC - Electronica JNC\",\"isPartOf\":{\"@id\":\"https:\\\/\\\/www.electronicajnc.com\\\/web\\\/#website\"},\"primaryImageOfPage\":{\"@id\":\"https:\\\/\\\/www.electronicajnc.com\\\/web\\\/producto\\\/tb6612fng-driver-para-motor-dc\\\/#primaryimage\"},\"image\":{\"@id\":\"https:\\\/\\\/www.electronicajnc.com\\\/web\\\/producto\\\/tb6612fng-driver-para-motor-dc\\\/#primaryimage\"},\"thumbnailUrl\":\"https:\\\/\\\/www.electronicajnc.com\\\/web\\\/wp-content\\\/uploads\\\/2023\\\/08\\\/tb6612.jpg\",\"datePublished\":\"2023-08-02T23:43:03+00:00\",\"dateModified\":\"2024-06-26T23:35:45+00:00\",\"description\":\"TB6612FNG Driver para motor DC se puede controlar de forma independiente dos motores bidireccionales de CD o un motor paso a paso bipolar\",\"breadcrumb\":{\"@id\":\"https:\\\/\\\/www.electronicajnc.com\\\/web\\\/producto\\\/tb6612fng-driver-para-motor-dc\\\/#breadcrumb\"},\"inLanguage\":\"es\",\"potentialAction\":[{\"@type\":\"ReadAction\",\"target\":[\"https:\\\/\\\/www.electronicajnc.com\\\/web\\\/producto\\\/tb6612fng-driver-para-motor-dc\\\/\"]}]},{\"@type\":\"ImageObject\",\"inLanguage\":\"es\",\"@id\":\"https:\\\/\\\/www.electronicajnc.com\\\/web\\\/producto\\\/tb6612fng-driver-para-motor-dc\\\/#primaryimage\",\"url\":\"https:\\\/\\\/www.electronicajnc.com\\\/web\\\/wp-content\\\/uploads\\\/2023\\\/08\\\/tb6612.jpg\",\"contentUrl\":\"https:\\\/\\\/www.electronicajnc.com\\\/web\\\/wp-content\\\/uploads\\\/2023\\\/08\\\/tb6612.jpg\",\"width\":1028,\"height\":908,\"caption\":\"TB6612FNG Driver para motor DC\"},{\"@type\":\"BreadcrumbList\",\"@id\":\"https:\\\/\\\/www.electronicajnc.com\\\/web\\\/producto\\\/tb6612fng-driver-para-motor-dc\\\/#breadcrumb\",\"itemListElement\":[{\"@type\":\"ListItem\",\"position\":1,\"name\":\"Portada\",\"item\":\"https:\\\/\\\/www.electronicajnc.com\\\/web\\\/\"},{\"@type\":\"ListItem\",\"position\":2,\"name\":\"TIENDA\",\"item\":\"https:\\\/\\\/www.electronicajnc.com\\\/web\\\/tienda\\\/\"},{\"@type\":\"ListItem\",\"position\":3,\"name\":\"TB6612FNG Driver para motor DC\"}]},{\"@type\":\"WebSite\",\"@id\":\"https:\\\/\\\/www.electronicajnc.com\\\/web\\\/#website\",\"url\":\"https:\\\/\\\/www.electronicajnc.com\\\/web\\\/\",\"name\":\"Electronica JNC\",\"description\":\"Robotica Tecnologia Mecatronica en Ecuador\",\"publisher\":{\"@id\":\"https:\\\/\\\/www.electronicajnc.com\\\/web\\\/#organization\"},\"potentialAction\":[{\"@type\":\"SearchAction\",\"target\":{\"@type\":\"EntryPoint\",\"urlTemplate\":\"https:\\\/\\\/www.electronicajnc.com\\\/web\\\/?s={search_term_string}\"},\"query-input\":{\"@type\":\"PropertyValueSpecification\",\"valueRequired\":true,\"valueName\":\"search_term_string\"}}],\"inLanguage\":\"es\"},{\"@type\":\"Organization\",\"@id\":\"https:\\\/\\\/www.electronicajnc.com\\\/web\\\/#organization\",\"name\":\"Electronica JNC\",\"url\":\"https:\\\/\\\/www.electronicajnc.com\\\/web\\\/\",\"logo\":{\"@type\":\"ImageObject\",\"inLanguage\":\"es\",\"@id\":\"https:\\\/\\\/www.electronicajnc.com\\\/web\\\/#\\\/schema\\\/logo\\\/image\\\/\",\"url\":\"https:\\\/\\\/www.electronicajnc.com\\\/web\\\/wp-content\\\/uploads\\\/2023\\\/06\\\/nuevo-logo.jpg\",\"contentUrl\":\"https:\\\/\\\/www.electronicajnc.com\\\/web\\\/wp-content\\\/uploads\\\/2023\\\/06\\\/nuevo-logo.jpg\",\"width\":1256,\"height\":612,\"caption\":\"Electronica JNC\"},\"image\":{\"@id\":\"https:\\\/\\\/www.electronicajnc.com\\\/web\\\/#\\\/schema\\\/logo\\\/image\\\/\"}}]}<\/script>\n<!-- \/ Yoast SEO plugin. -->","yoast_head_json":{"title":"TB6612FNG Driver para motor DC - Electronica JNC","description":"TB6612FNG Driver para motor DC se puede controlar de forma independiente dos motores bidireccionales de CD o un motor paso a paso bipolar","robots":{"index":"index","follow":"follow","max-snippet":"max-snippet:-1","max-image-preview":"max-image-preview:large","max-video-preview":"max-video-preview:-1"},"canonical":"https:\/\/www.electronicajnc.com\/web\/producto\/tb6612fng-driver-para-motor-dc\/","og_locale":"es_ES","og_type":"article","og_title":"TB6612FNG Driver para motor DC - Electronica JNC","og_description":"TB6612FNG Driver para motor DC se puede controlar de forma independiente dos motores bidireccionales de CD o un motor paso a paso bipolar","og_url":"https:\/\/www.electronicajnc.com\/web\/producto\/tb6612fng-driver-para-motor-dc\/","og_site_name":"Electronica JNC","article_modified_time":"2024-06-26T23:35:45+00:00","og_image":[{"width":1028,"height":908,"url":"https:\/\/www.electronicajnc.com\/web\/wp-content\/uploads\/2023\/08\/tb6612.jpg","type":"image\/jpeg"}],"twitter_card":"summary_large_image","twitter_misc":{"Tiempo de lectura":"2 minutos"},"schema":{"@context":"https:\/\/schema.org","@graph":[{"@type":"WebPage","@id":"https:\/\/www.electronicajnc.com\/web\/producto\/tb6612fng-driver-para-motor-dc\/","url":"https:\/\/www.electronicajnc.com\/web\/producto\/tb6612fng-driver-para-motor-dc\/","name":"TB6612FNG Driver para motor DC - Electronica JNC","isPartOf":{"@id":"https:\/\/www.electronicajnc.com\/web\/#website"},"primaryImageOfPage":{"@id":"https:\/\/www.electronicajnc.com\/web\/producto\/tb6612fng-driver-para-motor-dc\/#primaryimage"},"image":{"@id":"https:\/\/www.electronicajnc.com\/web\/producto\/tb6612fng-driver-para-motor-dc\/#primaryimage"},"thumbnailUrl":"https:\/\/www.electronicajnc.com\/web\/wp-content\/uploads\/2023\/08\/tb6612.jpg","datePublished":"2023-08-02T23:43:03+00:00","dateModified":"2024-06-26T23:35:45+00:00","description":"TB6612FNG Driver para motor DC se puede controlar de forma independiente dos motores bidireccionales de CD o un motor paso a paso bipolar","breadcrumb":{"@id":"https:\/\/www.electronicajnc.com\/web\/producto\/tb6612fng-driver-para-motor-dc\/#breadcrumb"},"inLanguage":"es","potentialAction":[{"@type":"ReadAction","target":["https:\/\/www.electronicajnc.com\/web\/producto\/tb6612fng-driver-para-motor-dc\/"]}]},{"@type":"ImageObject","inLanguage":"es","@id":"https:\/\/www.electronicajnc.com\/web\/producto\/tb6612fng-driver-para-motor-dc\/#primaryimage","url":"https:\/\/www.electronicajnc.com\/web\/wp-content\/uploads\/2023\/08\/tb6612.jpg","contentUrl":"https:\/\/www.electronicajnc.com\/web\/wp-content\/uploads\/2023\/08\/tb6612.jpg","width":1028,"height":908,"caption":"TB6612FNG Driver para motor DC"},{"@type":"BreadcrumbList","@id":"https:\/\/www.electronicajnc.com\/web\/producto\/tb6612fng-driver-para-motor-dc\/#breadcrumb","itemListElement":[{"@type":"ListItem","position":1,"name":"Portada","item":"https:\/\/www.electronicajnc.com\/web\/"},{"@type":"ListItem","position":2,"name":"TIENDA","item":"https:\/\/www.electronicajnc.com\/web\/tienda\/"},{"@type":"ListItem","position":3,"name":"TB6612FNG Driver para motor DC"}]},{"@type":"WebSite","@id":"https:\/\/www.electronicajnc.com\/web\/#website","url":"https:\/\/www.electronicajnc.com\/web\/","name":"Electronica JNC","description":"Robotica Tecnologia Mecatronica en Ecuador","publisher":{"@id":"https:\/\/www.electronicajnc.com\/web\/#organization"},"potentialAction":[{"@type":"SearchAction","target":{"@type":"EntryPoint","urlTemplate":"https:\/\/www.electronicajnc.com\/web\/?s={search_term_string}"},"query-input":{"@type":"PropertyValueSpecification","valueRequired":true,"valueName":"search_term_string"}}],"inLanguage":"es"},{"@type":"Organization","@id":"https:\/\/www.electronicajnc.com\/web\/#organization","name":"Electronica JNC","url":"https:\/\/www.electronicajnc.com\/web\/","logo":{"@type":"ImageObject","inLanguage":"es","@id":"https:\/\/www.electronicajnc.com\/web\/#\/schema\/logo\/image\/","url":"https:\/\/www.electronicajnc.com\/web\/wp-content\/uploads\/2023\/06\/nuevo-logo.jpg","contentUrl":"https:\/\/www.electronicajnc.com\/web\/wp-content\/uploads\/2023\/06\/nuevo-logo.jpg","width":1256,"height":612,"caption":"Electronica JNC"},"image":{"@id":"https:\/\/www.electronicajnc.com\/web\/#\/schema\/logo\/image\/"}}]}},"_links":{"self":[{"href":"https:\/\/www.electronicajnc.com\/web\/wp-json\/wp\/v2\/product\/775","targetHints":{"allow":["GET"]}}],"collection":[{"href":"https:\/\/www.electronicajnc.com\/web\/wp-json\/wp\/v2\/product"}],"about":[{"href":"https:\/\/www.electronicajnc.com\/web\/wp-json\/wp\/v2\/types\/product"}],"replies":[{"embeddable":true,"href":"https:\/\/www.electronicajnc.com\/web\/wp-json\/wp\/v2\/comments?post=775"}],"wp:featuredmedia":[{"embeddable":true,"href":"https:\/\/www.electronicajnc.com\/web\/wp-json\/wp\/v2\/media\/776"}],"wp:attachment":[{"href":"https:\/\/www.electronicajnc.com\/web\/wp-json\/wp\/v2\/media?parent=775"}],"wp:term":[{"taxonomy":"product_brand","embeddable":true,"href":"https:\/\/www.electronicajnc.com\/web\/wp-json\/wp\/v2\/product_brand?post=775"},{"taxonomy":"product_cat","embeddable":true,"href":"https:\/\/www.electronicajnc.com\/web\/wp-json\/wp\/v2\/product_cat?post=775"},{"taxonomy":"product_tag","embeddable":true,"href":"https:\/\/www.electronicajnc.com\/web\/wp-json\/wp\/v2\/product_tag?post=775"}],"curies":[{"name":"wp","href":"https:\/\/api.w.org\/{rel}","templated":true}]}}