{"id":787,"date":"2023-08-03T19:15:58","date_gmt":"2023-08-03T19:15:58","guid":{"rendered":"https:\/\/www.electronicajnc.com\/web\/?post_type=product&#038;p=787"},"modified":"2023-08-03T20:36:04","modified_gmt":"2023-08-03T20:36:04","slug":"modulo-nfc-rfid-rc522-2","status":"publish","type":"product","link":"https:\/\/www.electronicajnc.com\/web\/producto\/modulo-nfc-rfid-rc522-2\/","title":{"rendered":"M\u00f3dulo NFC RFID RC522"},"content":{"rendered":"<p class=\"product_title entry-title\">M\u00f3dulo NFC RFID RC522<\/p>\n<p><img decoding=\"async\" class=\"aligncenter\" src=\"https:\/\/3.bp.blogspot.com\/-U7Qa7HMTKYA\/WG2_ECi8ewI\/AAAAAAAAAUc\/tXx8x4vVxJARb2Ap4DgiEvhWhp1GWhiSQCLcB\/s400\/rc522_bb-1024x626.png\" alt=\"PROGRAMAR EL MODULO RC522 RFID CON TU ARDUINO\" \/><\/p>\n<p>&nbsp;<\/p>\n<p>El m\u00f3dulo RC522 es Lector-Grabador RFID 13.56MHz, posee comunicaci\u00f3n SPI lo que permite trabajar f\u00e1cilmente con la mayor\u00eda de microcontroladores. Utiliza un sistema de modulaci\u00f3n y demodulaci\u00f3n para todo tipo de dispositivos pasivos RFID de 13.56MHz. El dispositivo maneja el ISO14443-A y soporta el algoritmo de encriptaci\u00f3n Quick CRYPTO1 y MIFARE. El rango de detecci\u00f3n de tags RFID es de aprox. 5-7cm. Compatible con Arduino, Pic, Raspberry Pi y m\u00e1s.<\/p>\n<p>Los sistemas RFID son muy \u00fatiles para sistemas de control de acceso, seguridad electr\u00f3nica, trazabilidad.<\/p>\n<h1 class=\"product_title entry-title\">M\u00f3dulo NFC RFID RC522<\/h1>\n<h2>Caracter\u00edsticas del M\u00f3dulo Lector RFID-RC522 RF<\/h2>\n<ul>\n<li>Modelo: MF522-ED.<\/li>\n<li>Corriente de operaci\u00f3n: 13-26mA a 3.3V.<\/li>\n<li>Isb de stand by: 10-13mA a 3.3V.<\/li>\n<li>Ism de sleep-mode: &lt;80uA.<\/li>\n<li>Im m\u00e1xima: 30mA.<\/li>\n<li>Frecuencia de operaci\u00f3n: 13.56Mhz.<\/li>\n<li>Distancia de lectura: 0 a 60mm.<\/li>\n<li>Protocolo de comunicaci\u00f3n: SPI.<\/li>\n<li>Velocidad de datos m\u00e1xima: 10Mbit\/s.<\/li>\n<li>Dimensiones: 40 x 60 mm.<\/li>\n<li>Temperatura de operaci\u00f3n: -20 a 80\u00baC.<\/li>\n<li>Humedad de operaci\u00f3n: 5%-95%.<\/li>\n<li>M\u00e1xima velocidad de SPI: 10Mbit\/s.<\/li>\n<li>Incluye pines, llavero y tarjeta.<\/li>\n<\/ul>\n<h2>DESCRIPCI\u00d3N M\u00f3dulo Lector RFID-RC522 RF<\/h2>\n<p>En este tutorial haremos uso del Arduino UNO y el M\u00f3dulo Lector RFID-RC522 RF para dar uso de algunas funciones de la librer\u00eda RFID. Las operaciones que\u00a0 finalmente haremos en este tutorial, ser\u00e1n:<\/p>\n<ul>\n<li>Lectura de bloque de memoria de un tarjeta (rfid.read)<\/li>\n<li>Escritura en un bloque de memoria (rfid.write)<\/li>\n<li>Lectura de n\u00famero de serie de \u00a0tarjeta\u00a0\u00a0 (rfid.numSerie)\n<div>\n<h1><strong style=\"font-size: 16px;\">\u00bfD\u00f3nde conseguir ?<\/strong><\/h1>\n<\/div>\n<p>Puedes conseguir este producto y mucho mas en nuestra tienda de electr\u00f3nica \u201cElectr\u00f3nica JNC\u201d a un excelente precio, de igual manera puedes preguntar por otros productos que tenemos para ti y as\u00ed adquirirlos seg\u00fan tu necesidad para\u00a0 tus proyectos.<\/p>\n<p>Adem\u00e1s de vender realizamos todo tipo de proyectos de Rob\u00f3tica Electr\u00f3nica y de Programaci\u00f3n en Arduino-Raspberry, brindamos asesoramiento en la elaboraci\u00f3n de proyectos y personalizamos sus clases cuando deseas armar un robot.<\/p>\n<p><strong>\u00a1\u00a1\u00a1\u00a1 PREGUNTANOS Sin compromiso !!!!<\/strong><\/p>\n<p>Puede retirar sus pedidos en nuestra\u00a0<a href=\"https:\/\/www.electronicajnc.com\/web\/contactos\" target=\"_blank\" rel=\"noopener\">TIENDA F\u00cdSICA<\/a>\u00a0o realizar sus pedidos\u00a0<a href=\"https:\/\/www.electronicajnc.com\/web\/mi-cuenta\" target=\"_blank\" rel=\"noopener\">ONLINE<\/a>\u00a0o por\u00a0<a href=\"https:\/\/api.whatsapp.com\/send?phone=593958753126\" target=\"_blank\" rel=\"noopener\">WHATSAPP<\/a>.<\/li>\n<\/ul>\n","protected":false},"excerpt":{"rendered":"<p>M\u00f3dulo NFC RFID RC522 &nbsp; El m\u00f3dulo RC522 es Lector-Grabador RFID 13.56MHz, posee comunicaci\u00f3n SPI lo que permite trabajar f\u00e1cilmente con la mayor\u00eda de microcontroladores. Utiliza un sistema de modulaci\u00f3n y demodulaci\u00f3n para todo tipo de dispositivos pasivos RFID de 13.56MHz. El dispositivo maneja el ISO14443-A y soporta el algoritmo de encriptaci\u00f3n Quick CRYPTO1 y [&hellip;]<\/p>\n","protected":false},"featured_media":793,"comment_status":"closed","ping_status":"closed","template":"","meta":{"saved_in_kubio":false,"_joinchat":[]},"product_brand":[],"product_cat":[21],"product_tag":[196,623,624,625,46,626,627,630,408,628,629,31],"class_list":{"0":"post-787","1":"product","2":"type-product","3":"status-publish","4":"has-post-thumbnail","6":"product_cat-modulos_sensores","7":"product_tag-arduino","8":"product_tag-automatizacion","9":"product_tag-cerradura","10":"product_tag-cerraduras","11":"product_tag-electronica","12":"product_tag-frecuencia","13":"product_tag-identificacion","14":"product_tag-lector-rfid","15":"product_tag-modulo","16":"product_tag-radio","17":"product_tag-rfid","18":"product_tag-robotica","20":"first","21":"instock","22":"taxable","23":"shipping-taxable","24":"purchasable","25":"product-type-simple"},"yoast_head":"<!-- This site is optimized with the Yoast SEO plugin v27.4 - https:\/\/yoast.com\/product\/yoast-seo-wordpress\/ -->\n<title>M\u00f3dulo NFC RFID RC522 - Electronica JNC<\/title>\n<meta name=\"description\" content=\"M\u00f3dulo NFC RFID RC522 es utilizado para comunicaci\u00f3n inal\u00e1mbrica a 13.56Mhz para escribir o leer datos de aplicaciones de bajo consumo de energ\u00eda.\" \/>\n<meta name=\"robots\" content=\"index, follow, max-snippet:-1, max-image-preview:large, max-video-preview:-1\" \/>\n<link rel=\"canonical\" href=\"https:\/\/www.electronicajnc.com\/web\/producto\/modulo-nfc-rfid-rc522-2\/\" \/>\n<meta property=\"og:locale\" content=\"es_ES\" \/>\n<meta property=\"og:type\" content=\"article\" \/>\n<meta property=\"og:title\" content=\"M\u00f3dulo NFC RFID RC522 - Electronica JNC\" \/>\n<meta property=\"og:description\" content=\"M\u00f3dulo NFC RFID RC522 es utilizado para comunicaci\u00f3n inal\u00e1mbrica a 13.56Mhz para escribir o leer datos de aplicaciones de bajo consumo de energ\u00eda.\" \/>\n<meta property=\"og:url\" content=\"https:\/\/www.electronicajnc.com\/web\/producto\/modulo-nfc-rfid-rc522-2\/\" \/>\n<meta property=\"og:site_name\" content=\"Electronica JNC\" \/>\n<meta property=\"article:modified_time\" content=\"2023-08-03T20:36:04+00:00\" \/>\n<meta property=\"og:image\" content=\"https:\/\/www.electronicajnc.com\/web\/wp-content\/uploads\/2023\/08\/nrf-modulo-1.jpg\" \/>\n\t<meta property=\"og:image:width\" content=\"1028\" \/>\n\t<meta property=\"og:image:height\" content=\"969\" \/>\n\t<meta property=\"og:image:type\" content=\"image\/jpeg\" \/>\n<meta name=\"twitter:card\" content=\"summary_large_image\" \/>\n<meta name=\"twitter:label1\" content=\"Tiempo de lectura\" \/>\n\t<meta name=\"twitter:data1\" content=\"2 minutos\" \/>\n<script type=\"application\/ld+json\" class=\"yoast-schema-graph\">{\"@context\":\"https:\\\/\\\/schema.org\",\"@graph\":[{\"@type\":\"WebPage\",\"@id\":\"https:\\\/\\\/www.electronicajnc.com\\\/web\\\/producto\\\/modulo-nfc-rfid-rc522-2\\\/\",\"url\":\"https:\\\/\\\/www.electronicajnc.com\\\/web\\\/producto\\\/modulo-nfc-rfid-rc522-2\\\/\",\"name\":\"M\u00f3dulo NFC RFID RC522 - Electronica JNC\",\"isPartOf\":{\"@id\":\"https:\\\/\\\/www.electronicajnc.com\\\/web\\\/#website\"},\"primaryImageOfPage\":{\"@id\":\"https:\\\/\\\/www.electronicajnc.com\\\/web\\\/producto\\\/modulo-nfc-rfid-rc522-2\\\/#primaryimage\"},\"image\":{\"@id\":\"https:\\\/\\\/www.electronicajnc.com\\\/web\\\/producto\\\/modulo-nfc-rfid-rc522-2\\\/#primaryimage\"},\"thumbnailUrl\":\"https:\\\/\\\/www.electronicajnc.com\\\/web\\\/wp-content\\\/uploads\\\/2023\\\/08\\\/nrf-modulo-1.jpg\",\"datePublished\":\"2023-08-03T19:15:58+00:00\",\"dateModified\":\"2023-08-03T20:36:04+00:00\",\"description\":\"M\u00f3dulo NFC RFID RC522 es utilizado para comunicaci\u00f3n inal\u00e1mbrica a 13.56Mhz para escribir o leer datos de aplicaciones de bajo consumo de energ\u00eda.\",\"breadcrumb\":{\"@id\":\"https:\\\/\\\/www.electronicajnc.com\\\/web\\\/producto\\\/modulo-nfc-rfid-rc522-2\\\/#breadcrumb\"},\"inLanguage\":\"es\",\"potentialAction\":[{\"@type\":\"ReadAction\",\"target\":[\"https:\\\/\\\/www.electronicajnc.com\\\/web\\\/producto\\\/modulo-nfc-rfid-rc522-2\\\/\"]}]},{\"@type\":\"ImageObject\",\"inLanguage\":\"es\",\"@id\":\"https:\\\/\\\/www.electronicajnc.com\\\/web\\\/producto\\\/modulo-nfc-rfid-rc522-2\\\/#primaryimage\",\"url\":\"https:\\\/\\\/www.electronicajnc.com\\\/web\\\/wp-content\\\/uploads\\\/2023\\\/08\\\/nrf-modulo-1.jpg\",\"contentUrl\":\"https:\\\/\\\/www.electronicajnc.com\\\/web\\\/wp-content\\\/uploads\\\/2023\\\/08\\\/nrf-modulo-1.jpg\",\"width\":1028,\"height\":969,\"caption\":\"M\u00f3dulo NFC RFID RC522\"},{\"@type\":\"BreadcrumbList\",\"@id\":\"https:\\\/\\\/www.electronicajnc.com\\\/web\\\/producto\\\/modulo-nfc-rfid-rc522-2\\\/#breadcrumb\",\"itemListElement\":[{\"@type\":\"ListItem\",\"position\":1,\"name\":\"Portada\",\"item\":\"https:\\\/\\\/www.electronicajnc.com\\\/web\\\/\"},{\"@type\":\"ListItem\",\"position\":2,\"name\":\"TIENDA\",\"item\":\"https:\\\/\\\/www.electronicajnc.com\\\/web\\\/tienda\\\/\"},{\"@type\":\"ListItem\",\"position\":3,\"name\":\"M\u00f3dulo NFC RFID RC522\"}]},{\"@type\":\"WebSite\",\"@id\":\"https:\\\/\\\/www.electronicajnc.com\\\/web\\\/#website\",\"url\":\"https:\\\/\\\/www.electronicajnc.com\\\/web\\\/\",\"name\":\"Electronica JNC\",\"description\":\"Robotica Tecnologia Mecatronica en Ecuador\",\"publisher\":{\"@id\":\"https:\\\/\\\/www.electronicajnc.com\\\/web\\\/#organization\"},\"potentialAction\":[{\"@type\":\"SearchAction\",\"target\":{\"@type\":\"EntryPoint\",\"urlTemplate\":\"https:\\\/\\\/www.electronicajnc.com\\\/web\\\/?s={search_term_string}\"},\"query-input\":{\"@type\":\"PropertyValueSpecification\",\"valueRequired\":true,\"valueName\":\"search_term_string\"}}],\"inLanguage\":\"es\"},{\"@type\":\"Organization\",\"@id\":\"https:\\\/\\\/www.electronicajnc.com\\\/web\\\/#organization\",\"name\":\"Electronica JNC\",\"url\":\"https:\\\/\\\/www.electronicajnc.com\\\/web\\\/\",\"logo\":{\"@type\":\"ImageObject\",\"inLanguage\":\"es\",\"@id\":\"https:\\\/\\\/www.electronicajnc.com\\\/web\\\/#\\\/schema\\\/logo\\\/image\\\/\",\"url\":\"https:\\\/\\\/www.electronicajnc.com\\\/web\\\/wp-content\\\/uploads\\\/2023\\\/06\\\/nuevo-logo.jpg\",\"contentUrl\":\"https:\\\/\\\/www.electronicajnc.com\\\/web\\\/wp-content\\\/uploads\\\/2023\\\/06\\\/nuevo-logo.jpg\",\"width\":1256,\"height\":612,\"caption\":\"Electronica JNC\"},\"image\":{\"@id\":\"https:\\\/\\\/www.electronicajnc.com\\\/web\\\/#\\\/schema\\\/logo\\\/image\\\/\"}}]}<\/script>\n<!-- \/ Yoast SEO plugin. -->","yoast_head_json":{"title":"M\u00f3dulo NFC RFID RC522 - Electronica JNC","description":"M\u00f3dulo NFC RFID RC522 es utilizado para comunicaci\u00f3n inal\u00e1mbrica a 13.56Mhz para escribir o leer datos de aplicaciones de bajo consumo de energ\u00eda.","robots":{"index":"index","follow":"follow","max-snippet":"max-snippet:-1","max-image-preview":"max-image-preview:large","max-video-preview":"max-video-preview:-1"},"canonical":"https:\/\/www.electronicajnc.com\/web\/producto\/modulo-nfc-rfid-rc522-2\/","og_locale":"es_ES","og_type":"article","og_title":"M\u00f3dulo NFC RFID RC522 - Electronica JNC","og_description":"M\u00f3dulo NFC RFID RC522 es utilizado para comunicaci\u00f3n inal\u00e1mbrica a 13.56Mhz para escribir o leer datos de aplicaciones de bajo consumo de energ\u00eda.","og_url":"https:\/\/www.electronicajnc.com\/web\/producto\/modulo-nfc-rfid-rc522-2\/","og_site_name":"Electronica JNC","article_modified_time":"2023-08-03T20:36:04+00:00","og_image":[{"width":1028,"height":969,"url":"https:\/\/www.electronicajnc.com\/web\/wp-content\/uploads\/2023\/08\/nrf-modulo-1.jpg","type":"image\/jpeg"}],"twitter_card":"summary_large_image","twitter_misc":{"Tiempo de lectura":"2 minutos"},"schema":{"@context":"https:\/\/schema.org","@graph":[{"@type":"WebPage","@id":"https:\/\/www.electronicajnc.com\/web\/producto\/modulo-nfc-rfid-rc522-2\/","url":"https:\/\/www.electronicajnc.com\/web\/producto\/modulo-nfc-rfid-rc522-2\/","name":"M\u00f3dulo NFC RFID RC522 - Electronica JNC","isPartOf":{"@id":"https:\/\/www.electronicajnc.com\/web\/#website"},"primaryImageOfPage":{"@id":"https:\/\/www.electronicajnc.com\/web\/producto\/modulo-nfc-rfid-rc522-2\/#primaryimage"},"image":{"@id":"https:\/\/www.electronicajnc.com\/web\/producto\/modulo-nfc-rfid-rc522-2\/#primaryimage"},"thumbnailUrl":"https:\/\/www.electronicajnc.com\/web\/wp-content\/uploads\/2023\/08\/nrf-modulo-1.jpg","datePublished":"2023-08-03T19:15:58+00:00","dateModified":"2023-08-03T20:36:04+00:00","description":"M\u00f3dulo NFC RFID RC522 es utilizado para comunicaci\u00f3n inal\u00e1mbrica a 13.56Mhz para escribir o leer datos de aplicaciones de bajo consumo de energ\u00eda.","breadcrumb":{"@id":"https:\/\/www.electronicajnc.com\/web\/producto\/modulo-nfc-rfid-rc522-2\/#breadcrumb"},"inLanguage":"es","potentialAction":[{"@type":"ReadAction","target":["https:\/\/www.electronicajnc.com\/web\/producto\/modulo-nfc-rfid-rc522-2\/"]}]},{"@type":"ImageObject","inLanguage":"es","@id":"https:\/\/www.electronicajnc.com\/web\/producto\/modulo-nfc-rfid-rc522-2\/#primaryimage","url":"https:\/\/www.electronicajnc.com\/web\/wp-content\/uploads\/2023\/08\/nrf-modulo-1.jpg","contentUrl":"https:\/\/www.electronicajnc.com\/web\/wp-content\/uploads\/2023\/08\/nrf-modulo-1.jpg","width":1028,"height":969,"caption":"M\u00f3dulo NFC RFID RC522"},{"@type":"BreadcrumbList","@id":"https:\/\/www.electronicajnc.com\/web\/producto\/modulo-nfc-rfid-rc522-2\/#breadcrumb","itemListElement":[{"@type":"ListItem","position":1,"name":"Portada","item":"https:\/\/www.electronicajnc.com\/web\/"},{"@type":"ListItem","position":2,"name":"TIENDA","item":"https:\/\/www.electronicajnc.com\/web\/tienda\/"},{"@type":"ListItem","position":3,"name":"M\u00f3dulo NFC RFID RC522"}]},{"@type":"WebSite","@id":"https:\/\/www.electronicajnc.com\/web\/#website","url":"https:\/\/www.electronicajnc.com\/web\/","name":"Electronica JNC","description":"Robotica Tecnologia Mecatronica en Ecuador","publisher":{"@id":"https:\/\/www.electronicajnc.com\/web\/#organization"},"potentialAction":[{"@type":"SearchAction","target":{"@type":"EntryPoint","urlTemplate":"https:\/\/www.electronicajnc.com\/web\/?s={search_term_string}"},"query-input":{"@type":"PropertyValueSpecification","valueRequired":true,"valueName":"search_term_string"}}],"inLanguage":"es"},{"@type":"Organization","@id":"https:\/\/www.electronicajnc.com\/web\/#organization","name":"Electronica JNC","url":"https:\/\/www.electronicajnc.com\/web\/","logo":{"@type":"ImageObject","inLanguage":"es","@id":"https:\/\/www.electronicajnc.com\/web\/#\/schema\/logo\/image\/","url":"https:\/\/www.electronicajnc.com\/web\/wp-content\/uploads\/2023\/06\/nuevo-logo.jpg","contentUrl":"https:\/\/www.electronicajnc.com\/web\/wp-content\/uploads\/2023\/06\/nuevo-logo.jpg","width":1256,"height":612,"caption":"Electronica JNC"},"image":{"@id":"https:\/\/www.electronicajnc.com\/web\/#\/schema\/logo\/image\/"}}]}},"_links":{"self":[{"href":"https:\/\/www.electronicajnc.com\/web\/wp-json\/wp\/v2\/product\/787","targetHints":{"allow":["GET"]}}],"collection":[{"href":"https:\/\/www.electronicajnc.com\/web\/wp-json\/wp\/v2\/product"}],"about":[{"href":"https:\/\/www.electronicajnc.com\/web\/wp-json\/wp\/v2\/types\/product"}],"replies":[{"embeddable":true,"href":"https:\/\/www.electronicajnc.com\/web\/wp-json\/wp\/v2\/comments?post=787"}],"wp:featuredmedia":[{"embeddable":true,"href":"https:\/\/www.electronicajnc.com\/web\/wp-json\/wp\/v2\/media\/793"}],"wp:attachment":[{"href":"https:\/\/www.electronicajnc.com\/web\/wp-json\/wp\/v2\/media?parent=787"}],"wp:term":[{"taxonomy":"product_brand","embeddable":true,"href":"https:\/\/www.electronicajnc.com\/web\/wp-json\/wp\/v2\/product_brand?post=787"},{"taxonomy":"product_cat","embeddable":true,"href":"https:\/\/www.electronicajnc.com\/web\/wp-json\/wp\/v2\/product_cat?post=787"},{"taxonomy":"product_tag","embeddable":true,"href":"https:\/\/www.electronicajnc.com\/web\/wp-json\/wp\/v2\/product_tag?post=787"}],"curies":[{"name":"wp","href":"https:\/\/api.w.org\/{rel}","templated":true}]}}