{"id":810,"date":"2023-08-07T16:47:03","date_gmt":"2023-08-07T16:47:03","guid":{"rendered":"https:\/\/www.electronicajnc.com\/web\/?post_type=product&#038;p=810"},"modified":"2024-07-22T22:18:11","modified_gmt":"2024-07-22T22:18:11","slug":"kit-basico-compatible-con-arduino","status":"publish","type":"product","link":"https:\/\/www.electronicajnc.com\/web\/producto\/kit-basico-compatible-con-arduino\/","title":{"rendered":"Kit b\u00e1sico compatible con Arduino"},"content":{"rendered":"<p>Kit b\u00e1sico compatible con Arduino<\/p>\n<p>Kit b\u00e1sico compatible con Arduino, con una de las placas m\u00e1s populares y vers\u00e1tiles de esta plataforma de c\u00f3digo abierto, para empezar r\u00e1pida y f\u00e1cilmente a aprender electr\u00f3nica y Rob\u00f3tica, el cual le permite ir\u00a0 conociendo y aplicando tanto la codificaci\u00f3n (programaci\u00f3n) como la electr\u00f3nica (hardware) a trav\u00e9s de proyectos divertidos, atractivos y pr\u00e1cticos.<\/p>\n<p>El uso de un kit para ense\u00f1ar a los estudiantes sobre la corriente, el voltaje y la l\u00f3gica digital, as\u00ed como los fundamentos de la programaci\u00f3n; tambi\u00e9n sirve como introducci\u00f3n a los sensores y c\u00f3mo comprender las se\u00f1ales digitales y anal\u00f3gicas. Dentro de todo esto, ense\u00f1ar\u00e1 a los estudiantes c\u00f3mo pensar cr\u00edticamente, aprender en colaboraci\u00f3n y resolver problemas.<\/p>\n<p>Este kit compatible con\u00a0Arduino es un conjunto de componentes y m\u00f3dulos que te permiten realizar diferentes experimentos y aplicaciones con tu placa Arduino. Existen muchos tipos de kits, desde los m\u00e1s b\u00e1sicos hasta los m\u00e1s avanzados, que incluyen sensores, motores, pantallas, botones, LEDs y mucho m\u00e1s.<\/p>\n<div id=\"_ghXRZPjkCdyqwbkPws-qgA4_29\" class=\"bCOlv\" data-ved=\"2ahUKEwj4rcXz9cqAAxVcVTABHcKnCuAQ7NUEegQIDhAE\">\n<div class=\"IZE3Td\">\n<div class=\"t0bRye r2fjmd\" data-hveid=\"CA4QBQ\" data-ved=\"2ahUKEwj4rcXz9cqAAxVcVTABHcKnCuAQu04oAHoECA4QBQ\">\n<div id=\"ghXRZPjkCdyqwbkPws-qgA4__19\">\n<div class=\"wDYxhc\" data-md=\"61\"><\/div>\n<\/div>\n<\/div>\n<\/div>\n<\/div>\n<h1>Kit b\u00e1sico compatible con Arduino<\/h1>\n<p>1 x\u00a0<strong>Tarjeta UNO para Arduino<\/strong> con chip desmontable<br \/>\n1 x Cable USB<br \/>\n1 x Protoboard de 170 puntos<br \/>\n1 x M\u00f3dulo sensor Ultras\u00f3nico<br \/>\n1 x Kit de 1<strong>0 cables<\/strong> de 20cm<br \/>\n1 x Modulo Pir<br \/>\n1x LDR sensor de luz de 5mm<br \/>\n10 x Resistencias (220 ohm)<br \/>\n5 x Leds de colores<\/p>\n<div><\/div>\n<div>\n<h2><b>\u00bfD\u00f3nde<\/b><strong>\u00a0conseguir ?<\/strong><\/h2>\n<\/div>\n<p>Puedes conseguir este producto y mucho mas en nuestra tienda de electr\u00f3nica \u201cElectr\u00f3nica JNC\u201d a un excelente precio, de igual manera puedes preguntar por otros productos que tenemos para ti y as\u00ed adquirirlos seg\u00fan tu necesidad para\u00a0 tus proyectos.<\/p>\n<p>Adem\u00e1s de vender realizamos todo tipo de proyectos de Rob\u00f3tica Electr\u00f3nica y de Programaci\u00f3n compatible con\u00a0 Arduino-Raspberry, brindamos asesoramiento en la elaboraci\u00f3n de proyectos y personalizamos sus clases cuando deseas armar un robot.<\/p>\n<p>Somos importadores Directos de todo en Electr\u00f3nica y Rob\u00f3tica directamente desde los fabricantes, a los mejores precios del mercado.<\/p>\n<div class=\"x11i5rnm xat24cr x1mh8g0r x1vvkbs xtlvy1s x126k92a\">\n<div dir=\"auto\">SERVICIO PERSONALIZADO, APOYO TEORICO Y VENTA DE MATERIAL<\/div>\n<\/div>\n<div class=\"x11i5rnm xat24cr x1mh8g0r x1vvkbs xtlvy1s x126k92a\">\n<div dir=\"auto\">COTIZA CON NOSOTROS<\/div>\n<div dir=\"auto\">SERVICIO, EXPERIENCIA, CALIDAD Y CONFIANZA<\/div>\n<div dir=\"auto\">\u00abTodo lo que buscas en un solo lugar\u00bb<\/div>\n<\/div>\n<div dir=\"auto\"><\/div>\n<p><img decoding=\"async\" class=\"aligncenter\" src=\"https:\/\/images.ua.prom.st\/1494267654_1494267654.jpg?PImaGE_ID=1494267654\" \/><\/p>\n<p style=\"text-align: center;\">Realizar un pedido en la web o por \u00a0<a href=\"https:\/\/api.whatsapp.com\/send?phone=593958753126\" target=\"_blank\" rel=\"noopener\">WHATSAPP<\/a>.<\/p>\n<p><img decoding=\"async\" class=\"aligncenter\" src=\"https:\/\/images.ua.prom.st\/1494267867_1494267867.jpg?PImaGE_ID=1494267867\" \/><\/p>\n<p style=\"text-align: center;\">Consulta con un asesor\u00a0 todas tus inquietudes.<\/p>\n<p><img decoding=\"async\" class=\"aligncenter\" src=\"https:\/\/images.ua.prom.st\/1494266627_1494266627.jpg?PImaGE_ID=1494266627\" \/><\/p>\n<p style=\"text-align: center;\">Pregunta las formas de pago.<\/p>\n<p><img decoding=\"async\" class=\"aligncenter\" src=\"https:\/\/images.ua.prom.st\/1494267985_1494267985.jpg?PImaGE_ID=1494267985\" \/><\/p>\n<p style=\"text-align: center;\">Tu pedido llega a la puerta de tu casa.<\/p>\n<p>&nbsp;<\/p>\n<p><strong>\u00a1\u00a1 PREG\u00daNTANOS Sin compromiso !!!!<\/strong><\/p>\n<p>Puede retirar sus pedidos en nuestra\u00a0<a href=\"https:\/\/www.electronicajnc.com\/web\/contactos\" target=\"_blank\" rel=\"noopener\">TIENDA F\u00cdSICA<\/a>\u00a0o realizar sus pedidos\u00a0<a href=\"https:\/\/www.electronicajnc.com\/web\/mi-cuenta\" target=\"_blank\" rel=\"noopener\">ONLINE<\/a>\u00a0o por\u00a0<a href=\"https:\/\/api.whatsapp.com\/send?phone=593958753126\" target=\"_blank\" rel=\"noopener\">WHATSAPP<\/a>.<\/p>\n<p>&nbsp;<\/p>\n","protected":false},"excerpt":{"rendered":"<p>Kit b\u00e1sico compatible con Arduino Kit b\u00e1sico compatible con Arduino, con una de las placas m\u00e1s populares y vers\u00e1tiles de esta plataforma de c\u00f3digo abierto, para empezar r\u00e1pida y f\u00e1cilmente a aprender electr\u00f3nica y Rob\u00f3tica, el cual le permite ir\u00a0 conociendo y aplicando tanto la codificaci\u00f3n (programaci\u00f3n) como la electr\u00f3nica (hardware) a trav\u00e9s de proyectos [&hellip;]<\/p>\n","protected":false},"featured_media":1673,"comment_status":"closed","ping_status":"closed","template":"","meta":{"saved_in_kubio":false,"_joinchat":[]},"product_brand":[],"product_cat":[52],"product_tag":[1106,651,441,1109,653,32,79,72,198,652,25],"class_list":{"0":"post-810","1":"product","2":"type-product","3":"status-publish","4":"has-post-thumbnail","6":"product_cat-tarjetas-compatibles-con-arduino","7":"product_tag-compatible-con-arduino","8":"product_tag-flama","9":"product_tag-humedad","10":"product_tag-kit-compatible-con-arduino","11":"product_tag-lm-35","12":"product_tag-programacion","13":"product_tag-proyectos","14":"product_tag-sensores","15":"product_tag-sonido","16":"product_tag-temperatula","17":"product_tag-ultrasonico","19":"first","20":"instock","21":"taxable","22":"shipping-taxable","23":"purchasable","24":"product-type-simple"},"yoast_head":"<!-- This site is optimized with the Yoast SEO plugin v27.5 - https:\/\/yoast.com\/product\/yoast-seo-wordpress\/ -->\n<title>Kit b\u00e1sico compatible con Arduino - Electronica JNC<\/title>\n<meta name=\"description\" content=\"Kit b\u00e1sico compatible con Arduino Es intermedio incluye la placa Uno junto con algunos componentes esenciales ideal para iniciarse en la Rob\u00f3tica\" \/>\n<meta name=\"robots\" content=\"index, follow, max-snippet:-1, max-image-preview:large, max-video-preview:-1\" \/>\n<link rel=\"canonical\" href=\"https:\/\/www.electronicajnc.com\/web\/producto\/kit-basico-compatible-con-arduino\/\" \/>\n<meta property=\"og:locale\" content=\"es_ES\" \/>\n<meta property=\"og:type\" content=\"article\" \/>\n<meta property=\"og:title\" content=\"Kit b\u00e1sico compatible con Arduino - Electronica JNC\" \/>\n<meta property=\"og:description\" content=\"Kit b\u00e1sico compatible con Arduino Es intermedio incluye la placa Uno junto con algunos componentes esenciales ideal para iniciarse en la Rob\u00f3tica\" \/>\n<meta property=\"og:url\" content=\"https:\/\/www.electronicajnc.com\/web\/producto\/kit-basico-compatible-con-arduino\/\" \/>\n<meta property=\"og:site_name\" content=\"Electronica JNC\" \/>\n<meta property=\"article:modified_time\" content=\"2024-07-22T22:18:11+00:00\" \/>\n<meta property=\"og:image\" content=\"https:\/\/www.electronicajnc.com\/web\/wp-content\/uploads\/2023\/08\/kit-de-25-cambio.jpg\" \/>\n\t<meta property=\"og:image:width\" content=\"526\" \/>\n\t<meta property=\"og:image:height\" content=\"500\" \/>\n\t<meta property=\"og:image:type\" content=\"image\/jpeg\" \/>\n<meta name=\"twitter:card\" content=\"summary_large_image\" \/>\n<meta name=\"twitter:label1\" content=\"Tiempo de lectura\" \/>\n\t<meta name=\"twitter:data1\" content=\"3 minutos\" \/>\n<script type=\"application\/ld+json\" class=\"yoast-schema-graph\">{\"@context\":\"https:\\\/\\\/schema.org\",\"@graph\":[{\"@type\":\"WebPage\",\"@id\":\"https:\\\/\\\/www.electronicajnc.com\\\/web\\\/producto\\\/kit-basico-compatible-con-arduino\\\/\",\"url\":\"https:\\\/\\\/www.electronicajnc.com\\\/web\\\/producto\\\/kit-basico-compatible-con-arduino\\\/\",\"name\":\"Kit b\u00e1sico compatible con Arduino - Electronica JNC\",\"isPartOf\":{\"@id\":\"https:\\\/\\\/www.electronicajnc.com\\\/web\\\/#website\"},\"primaryImageOfPage\":{\"@id\":\"https:\\\/\\\/www.electronicajnc.com\\\/web\\\/producto\\\/kit-basico-compatible-con-arduino\\\/#primaryimage\"},\"image\":{\"@id\":\"https:\\\/\\\/www.electronicajnc.com\\\/web\\\/producto\\\/kit-basico-compatible-con-arduino\\\/#primaryimage\"},\"thumbnailUrl\":\"https:\\\/\\\/www.electronicajnc.com\\\/web\\\/wp-content\\\/uploads\\\/2023\\\/08\\\/kit-de-25-cambio.jpg\",\"datePublished\":\"2023-08-07T16:47:03+00:00\",\"dateModified\":\"2024-07-22T22:18:11+00:00\",\"description\":\"Kit b\u00e1sico compatible con Arduino Es intermedio incluye la placa Uno junto con algunos componentes esenciales ideal para iniciarse en la Rob\u00f3tica\",\"breadcrumb\":{\"@id\":\"https:\\\/\\\/www.electronicajnc.com\\\/web\\\/producto\\\/kit-basico-compatible-con-arduino\\\/#breadcrumb\"},\"inLanguage\":\"es\",\"potentialAction\":[{\"@type\":\"ReadAction\",\"target\":[\"https:\\\/\\\/www.electronicajnc.com\\\/web\\\/producto\\\/kit-basico-compatible-con-arduino\\\/\"]}]},{\"@type\":\"ImageObject\",\"inLanguage\":\"es\",\"@id\":\"https:\\\/\\\/www.electronicajnc.com\\\/web\\\/producto\\\/kit-basico-compatible-con-arduino\\\/#primaryimage\",\"url\":\"https:\\\/\\\/www.electronicajnc.com\\\/web\\\/wp-content\\\/uploads\\\/2023\\\/08\\\/kit-de-25-cambio.jpg\",\"contentUrl\":\"https:\\\/\\\/www.electronicajnc.com\\\/web\\\/wp-content\\\/uploads\\\/2023\\\/08\\\/kit-de-25-cambio.jpg\",\"width\":526,\"height\":500,\"caption\":\"KIT INICIAL COMPATIBLE CON ARDUINO\"},{\"@type\":\"BreadcrumbList\",\"@id\":\"https:\\\/\\\/www.electronicajnc.com\\\/web\\\/producto\\\/kit-basico-compatible-con-arduino\\\/#breadcrumb\",\"itemListElement\":[{\"@type\":\"ListItem\",\"position\":1,\"name\":\"Portada\",\"item\":\"https:\\\/\\\/www.electronicajnc.com\\\/web\\\/\"},{\"@type\":\"ListItem\",\"position\":2,\"name\":\"TIENDA\",\"item\":\"https:\\\/\\\/www.electronicajnc.com\\\/web\\\/tienda\\\/\"},{\"@type\":\"ListItem\",\"position\":3,\"name\":\"Kit b\u00e1sico compatible con Arduino\"}]},{\"@type\":\"WebSite\",\"@id\":\"https:\\\/\\\/www.electronicajnc.com\\\/web\\\/#website\",\"url\":\"https:\\\/\\\/www.electronicajnc.com\\\/web\\\/\",\"name\":\"Electronica JNC\",\"description\":\"Robotica Tecnologia Mecatronica en Ecuador\",\"publisher\":{\"@id\":\"https:\\\/\\\/www.electronicajnc.com\\\/web\\\/#organization\"},\"potentialAction\":[{\"@type\":\"SearchAction\",\"target\":{\"@type\":\"EntryPoint\",\"urlTemplate\":\"https:\\\/\\\/www.electronicajnc.com\\\/web\\\/?s={search_term_string}\"},\"query-input\":{\"@type\":\"PropertyValueSpecification\",\"valueRequired\":true,\"valueName\":\"search_term_string\"}}],\"inLanguage\":\"es\"},{\"@type\":\"Organization\",\"@id\":\"https:\\\/\\\/www.electronicajnc.com\\\/web\\\/#organization\",\"name\":\"Electronica JNC\",\"url\":\"https:\\\/\\\/www.electronicajnc.com\\\/web\\\/\",\"logo\":{\"@type\":\"ImageObject\",\"inLanguage\":\"es\",\"@id\":\"https:\\\/\\\/www.electronicajnc.com\\\/web\\\/#\\\/schema\\\/logo\\\/image\\\/\",\"url\":\"https:\\\/\\\/www.electronicajnc.com\\\/web\\\/wp-content\\\/uploads\\\/2023\\\/06\\\/nuevo-logo.jpg\",\"contentUrl\":\"https:\\\/\\\/www.electronicajnc.com\\\/web\\\/wp-content\\\/uploads\\\/2023\\\/06\\\/nuevo-logo.jpg\",\"width\":1256,\"height\":612,\"caption\":\"Electronica JNC\"},\"image\":{\"@id\":\"https:\\\/\\\/www.electronicajnc.com\\\/web\\\/#\\\/schema\\\/logo\\\/image\\\/\"}}]}<\/script>\n<!-- \/ Yoast SEO plugin. -->","yoast_head_json":{"title":"Kit b\u00e1sico compatible con Arduino - Electronica JNC","description":"Kit b\u00e1sico compatible con Arduino Es intermedio incluye la placa Uno junto con algunos componentes esenciales ideal para iniciarse en la Rob\u00f3tica","robots":{"index":"index","follow":"follow","max-snippet":"max-snippet:-1","max-image-preview":"max-image-preview:large","max-video-preview":"max-video-preview:-1"},"canonical":"https:\/\/www.electronicajnc.com\/web\/producto\/kit-basico-compatible-con-arduino\/","og_locale":"es_ES","og_type":"article","og_title":"Kit b\u00e1sico compatible con Arduino - Electronica JNC","og_description":"Kit b\u00e1sico compatible con Arduino Es intermedio incluye la placa Uno junto con algunos componentes esenciales ideal para iniciarse en la Rob\u00f3tica","og_url":"https:\/\/www.electronicajnc.com\/web\/producto\/kit-basico-compatible-con-arduino\/","og_site_name":"Electronica JNC","article_modified_time":"2024-07-22T22:18:11+00:00","og_image":[{"width":526,"height":500,"url":"https:\/\/www.electronicajnc.com\/web\/wp-content\/uploads\/2023\/08\/kit-de-25-cambio.jpg","type":"image\/jpeg"}],"twitter_card":"summary_large_image","twitter_misc":{"Tiempo de lectura":"3 minutos"},"schema":{"@context":"https:\/\/schema.org","@graph":[{"@type":"WebPage","@id":"https:\/\/www.electronicajnc.com\/web\/producto\/kit-basico-compatible-con-arduino\/","url":"https:\/\/www.electronicajnc.com\/web\/producto\/kit-basico-compatible-con-arduino\/","name":"Kit b\u00e1sico compatible con Arduino - Electronica JNC","isPartOf":{"@id":"https:\/\/www.electronicajnc.com\/web\/#website"},"primaryImageOfPage":{"@id":"https:\/\/www.electronicajnc.com\/web\/producto\/kit-basico-compatible-con-arduino\/#primaryimage"},"image":{"@id":"https:\/\/www.electronicajnc.com\/web\/producto\/kit-basico-compatible-con-arduino\/#primaryimage"},"thumbnailUrl":"https:\/\/www.electronicajnc.com\/web\/wp-content\/uploads\/2023\/08\/kit-de-25-cambio.jpg","datePublished":"2023-08-07T16:47:03+00:00","dateModified":"2024-07-22T22:18:11+00:00","description":"Kit b\u00e1sico compatible con Arduino Es intermedio incluye la placa Uno junto con algunos componentes esenciales ideal para iniciarse en la Rob\u00f3tica","breadcrumb":{"@id":"https:\/\/www.electronicajnc.com\/web\/producto\/kit-basico-compatible-con-arduino\/#breadcrumb"},"inLanguage":"es","potentialAction":[{"@type":"ReadAction","target":["https:\/\/www.electronicajnc.com\/web\/producto\/kit-basico-compatible-con-arduino\/"]}]},{"@type":"ImageObject","inLanguage":"es","@id":"https:\/\/www.electronicajnc.com\/web\/producto\/kit-basico-compatible-con-arduino\/#primaryimage","url":"https:\/\/www.electronicajnc.com\/web\/wp-content\/uploads\/2023\/08\/kit-de-25-cambio.jpg","contentUrl":"https:\/\/www.electronicajnc.com\/web\/wp-content\/uploads\/2023\/08\/kit-de-25-cambio.jpg","width":526,"height":500,"caption":"KIT INICIAL COMPATIBLE CON ARDUINO"},{"@type":"BreadcrumbList","@id":"https:\/\/www.electronicajnc.com\/web\/producto\/kit-basico-compatible-con-arduino\/#breadcrumb","itemListElement":[{"@type":"ListItem","position":1,"name":"Portada","item":"https:\/\/www.electronicajnc.com\/web\/"},{"@type":"ListItem","position":2,"name":"TIENDA","item":"https:\/\/www.electronicajnc.com\/web\/tienda\/"},{"@type":"ListItem","position":3,"name":"Kit b\u00e1sico compatible con Arduino"}]},{"@type":"WebSite","@id":"https:\/\/www.electronicajnc.com\/web\/#website","url":"https:\/\/www.electronicajnc.com\/web\/","name":"Electronica JNC","description":"Robotica Tecnologia Mecatronica en Ecuador","publisher":{"@id":"https:\/\/www.electronicajnc.com\/web\/#organization"},"potentialAction":[{"@type":"SearchAction","target":{"@type":"EntryPoint","urlTemplate":"https:\/\/www.electronicajnc.com\/web\/?s={search_term_string}"},"query-input":{"@type":"PropertyValueSpecification","valueRequired":true,"valueName":"search_term_string"}}],"inLanguage":"es"},{"@type":"Organization","@id":"https:\/\/www.electronicajnc.com\/web\/#organization","name":"Electronica JNC","url":"https:\/\/www.electronicajnc.com\/web\/","logo":{"@type":"ImageObject","inLanguage":"es","@id":"https:\/\/www.electronicajnc.com\/web\/#\/schema\/logo\/image\/","url":"https:\/\/www.electronicajnc.com\/web\/wp-content\/uploads\/2023\/06\/nuevo-logo.jpg","contentUrl":"https:\/\/www.electronicajnc.com\/web\/wp-content\/uploads\/2023\/06\/nuevo-logo.jpg","width":1256,"height":612,"caption":"Electronica JNC"},"image":{"@id":"https:\/\/www.electronicajnc.com\/web\/#\/schema\/logo\/image\/"}}]}},"_links":{"self":[{"href":"https:\/\/www.electronicajnc.com\/web\/wp-json\/wp\/v2\/product\/810","targetHints":{"allow":["GET"]}}],"collection":[{"href":"https:\/\/www.electronicajnc.com\/web\/wp-json\/wp\/v2\/product"}],"about":[{"href":"https:\/\/www.electronicajnc.com\/web\/wp-json\/wp\/v2\/types\/product"}],"replies":[{"embeddable":true,"href":"https:\/\/www.electronicajnc.com\/web\/wp-json\/wp\/v2\/comments?post=810"}],"wp:featuredmedia":[{"embeddable":true,"href":"https:\/\/www.electronicajnc.com\/web\/wp-json\/wp\/v2\/media\/1673"}],"wp:attachment":[{"href":"https:\/\/www.electronicajnc.com\/web\/wp-json\/wp\/v2\/media?parent=810"}],"wp:term":[{"taxonomy":"product_brand","embeddable":true,"href":"https:\/\/www.electronicajnc.com\/web\/wp-json\/wp\/v2\/product_brand?post=810"},{"taxonomy":"product_cat","embeddable":true,"href":"https:\/\/www.electronicajnc.com\/web\/wp-json\/wp\/v2\/product_cat?post=810"},{"taxonomy":"product_tag","embeddable":true,"href":"https:\/\/www.electronicajnc.com\/web\/wp-json\/wp\/v2\/product_tag?post=810"}],"curies":[{"name":"wp","href":"https:\/\/api.w.org\/{rel}","templated":true}]}}