{"id":813,"date":"2023-08-07T19:09:45","date_gmt":"2023-08-07T19:09:45","guid":{"rendered":"https:\/\/www.electronicajnc.com\/web\/?post_type=product&#038;p=813"},"modified":"2026-01-14T16:18:34","modified_gmt":"2026-01-14T16:18:34","slug":"kit-de-16-sensores-para-arduino","status":"publish","type":"product","link":"https:\/\/www.electronicajnc.com\/web\/producto\/kit-de-16-sensores-para-arduino\/","title":{"rendered":"Kit de 16 Sensores para Arduino"},"content":{"rendered":"<p class=\"product_title entry-title\">Kit de 16 Sensores para Arduino ideal para estudiantes<\/p>\n<p><img fetchpriority=\"high\" decoding=\"async\" class=\"aligncenter\" src=\"https:\/\/megatronica.cc\/wp-content\/uploads\/2023\/02\/kit_de_16_sensores_para_arduino_raspberry-esp32.webp\" alt=\"Kit de 16 Sensores para Arduino Raspberry Esp32 - MEGATRONICA\" width=\"367\" height=\"367\" \/><\/p>\n<p class=\"item-title__primary \">Este kit consta de 16 sensores compatibles con Arduino para que puedas realizar ampliaciones en tus proyectos. Podr\u00e1s aprender y probar c\u00f3mo funcionan cada uno de forma individual para expandir tus conocimientos. Tambi\u00e9n podr\u00e1s utilizarlos en tus proyectos posteriormente para aprovecharlos. Es un kit ideal para tener disponible una gran cantidad de sensores diferentes y poder valorar su funcionamiento. Se entrega en caja de cart\u00f3n los sensores y m\u00f3dulos<\/p>\n<p>Para poder realizar diversos proyectos principalmente en Arduino, pero tambi\u00e9n se pueden usar en otras tarjetas como: ESP32, NodeMCU y Raspberry Pi.<\/p>\n<h1 class=\"product_title entry-title\">Kit de 16 Sensores para Arduino<\/h1>\n<p>Incluye:<\/p>\n<p>1 x Sensor de Temperatura y Humedad DHT11<\/p>\n<p>1 x Sensor PIR de Movimiento HC-SR501<\/p>\n<p>1 x M\u00f3dulo Reloj de Tiempo Real RTC<\/p>\n<p>1 x Sensor de Lluvia<\/p>\n<p>1 x Sensor de Sonido<\/p>\n<p>1 x Sensor Ultras\u00f3nico HC-SR04<\/p>\n<p>1 x Sensor de Flama<\/p>\n<p>1 x M\u00f3dulo L\u00e1ser KY-008<\/p>\n<p>1 x Sensor de Luz con Fotorresistencia LDR<\/p>\n<p>1 x Sensor de Humedad del Suelo YL-69<\/p>\n<p>1 x Sensor de Obst\u00e1culos<\/p>\n<p>1 x Sensor de Vibraci\u00f3n<\/p>\n<p>1 x Sensor de Gas Inflamable MQ-2<\/p>\n<p>1 x M\u00f3dulo Emisor Receptor Radio Frecuencia RF<\/p>\n<p>1 x Sensor de Inclinaci\u00f3n<\/p>\n<p>1 x Sensor Reflectivo<\/p>\n<p>Los sensores detallados pueden variar por disponibilidad de stock en la tienda, en caso de falta de stock se enviar\u00e1 un \u00edtem del mismo valor. La imagen es referencial.<\/p>\n<p><strong style=\"font-size: 2.61792em; letter-spacing: -1px;\">\u00bfD\u00f3nde conseguir ?<\/strong><\/p>\n<p>Puedes conseguir este producto y mucho mas en nuestra tienda de electr\u00f3nica \u201cElectr\u00f3nica JNC\u201d a un excelente precio, de igual manera puedes preguntar por otros productos que tenemos para ti y as\u00ed adquirirlos seg\u00fan tu necesidad para\u00a0 tus proyectos.<\/p>\n<p>Adem\u00e1s de vender realizamos todo tipo de proyectos de Rob\u00f3tica Electr\u00f3nica y de Programaci\u00f3n en Arduino-Raspberry, brindamos asesoramiento en la elaboraci\u00f3n de proyectos y personalizamos sus clases cuando deseas armar un robot&#8230;<\/p>\n<p><strong>\u00a1\u00a1\u00a1\u00a1 PREGUNTANOS Sin compromiso !!!!<\/strong><\/p>\n<p>Puede retirar sus pedidos en nuestra\u00a0<a href=\"https:\/\/www.electronicajnc.com\/web\/contactos\" target=\"_blank\" rel=\"noopener\">TIENDA F\u00cdSICA<\/a>\u00a0o realizar sus pedidos\u00a0<a href=\"https:\/\/www.electronicajnc.com\/web\/mi-cuenta\" target=\"_blank\" rel=\"noopener\">ONLINE<\/a>\u00a0o por\u00a0<a href=\"https:\/\/api.whatsapp.com\/send?phone=593958753126\" target=\"_blank\" rel=\"noopener\">WHATSAPP<\/a>.<\/p>\n","protected":false},"excerpt":{"rendered":"<p class=\"product_title entry-title\">Este kit consta de 16 sensores compatibles con Arduino para que puedas realizar ampliaciones en tus proyectos<\/p>\n","protected":false},"featured_media":814,"comment_status":"closed","ping_status":"closed","template":"","meta":{"saved_in_kubio":false,"_joinchat":[]},"product_brand":[],"product_cat":[21],"product_tag":[688,691,686,719,699,710,697,706,712,692,714,711,687,708,709,713,694,685,696,701,717,715,318,703,704,700,705,702,693,698,707,32,718,31,35,695],"class_list":{"0":"post-813","1":"product","2":"type-product","3":"status-publish","4":"has-post-thumbnail","6":"product_cat-modulos_sensores","7":"product_tag-aprender-iot","8":"product_tag-compra-online-kit-arduino","9":"product_tag-comunicacion-inalambrica","10":"product_tag-control-de-motores-control-de-motores","11":"product_tag-conversion-analogica-a-digital","12":"product_tag-diseno-de-circuitos","13":"product_tag-educacion-stem","14":"product_tag-esp01-8266","15":"product_tag-internet-de-las-cosas-iot","16":"product_tag-kit-arduino","17":"product_tag-kit-arduino-ecuador","18":"product_tag-kit-arduino-mas-vendido","19":"product_tag-kit-de-electronica","20":"product_tag-kit-de-inicio-arduino","21":"product_tag-kit-de-proyecto-arduino","22":"product_tag-kit-de-robotica","23":"product_tag-kit-diy","24":"product_tag-kit-internet-de-las-cosas","25":"product_tag-kit-iot","26":"product_tag-kit-steam","27":"product_tag-kits-arduino","28":"product_tag-mejor-kit-arduino-ecuador","29":"product_tag-microcontrolador","30":"product_tag-modulo-bluetooth-hc05","31":"product_tag-modulo-sensor","32":"product_tag-nodemcu-esp8266","33":"product_tag-pantalla-i2c","34":"product_tag-pantalla-lcd","35":"product_tag-pantalla-led","36":"product_tag-placa-arduino","37":"product_tag-placa-de-pruebas","38":"product_tag-programacion","39":"product_tag-proyectos-arduino-uno-r3","40":"product_tag-robotica","41":"product_tag-sensor-de-temperatura","42":"product_tag-servomotor","44":"first","45":"instock","46":"taxable","47":"shipping-taxable","48":"purchasable","49":"product-type-simple"},"yoast_head":"<!-- This site is optimized with the Yoast SEO plugin v27.4 - https:\/\/yoast.com\/product\/yoast-seo-wordpress\/ -->\n<title>Kit de 16 Sensores para Arduino - Electronica JNC<\/title>\n<meta name=\"description\" content=\"Kit de 16 Sensores para Arduino ideal para estudiantes para poder realizar proyectos principalmente en Arduino, pero tambi\u00e9n en ESP32, NodeMCU y Raspberry\" \/>\n<meta name=\"robots\" content=\"index, follow, max-snippet:-1, max-image-preview:large, max-video-preview:-1\" \/>\n<link rel=\"canonical\" href=\"https:\/\/www.electronicajnc.com\/web\/producto\/kit-de-16-sensores-para-arduino\/\" \/>\n<meta property=\"og:locale\" content=\"es_ES\" \/>\n<meta property=\"og:type\" content=\"article\" \/>\n<meta property=\"og:title\" content=\"Kit de 16 Sensores para Arduino - Electronica JNC\" \/>\n<meta property=\"og:description\" content=\"Kit de 16 Sensores para Arduino ideal para estudiantes para poder realizar proyectos principalmente en Arduino, pero tambi\u00e9n en ESP32, NodeMCU y Raspberry\" \/>\n<meta property=\"og:url\" content=\"https:\/\/www.electronicajnc.com\/web\/producto\/kit-de-16-sensores-para-arduino\/\" \/>\n<meta property=\"og:site_name\" content=\"Electronica JNC\" \/>\n<meta property=\"article:modified_time\" content=\"2026-01-14T16:18:34+00:00\" \/>\n<meta property=\"og:image\" content=\"https:\/\/www.electronicajnc.com\/web\/wp-content\/uploads\/2023\/08\/KIT-de-sensores-12.jpg\" \/>\n\t<meta property=\"og:image:width\" content=\"1041\" \/>\n\t<meta property=\"og:image:height\" content=\"1092\" \/>\n\t<meta property=\"og:image:type\" content=\"image\/jpeg\" \/>\n<meta name=\"twitter:card\" content=\"summary_large_image\" \/>\n<meta name=\"twitter:label1\" content=\"Tiempo de lectura\" \/>\n\t<meta name=\"twitter:data1\" content=\"2 minutos\" \/>\n<script type=\"application\/ld+json\" class=\"yoast-schema-graph\">{\"@context\":\"https:\\\/\\\/schema.org\",\"@graph\":[{\"@type\":\"WebPage\",\"@id\":\"https:\\\/\\\/www.electronicajnc.com\\\/web\\\/producto\\\/kit-de-16-sensores-para-arduino\\\/\",\"url\":\"https:\\\/\\\/www.electronicajnc.com\\\/web\\\/producto\\\/kit-de-16-sensores-para-arduino\\\/\",\"name\":\"Kit de 16 Sensores para Arduino - Electronica JNC\",\"isPartOf\":{\"@id\":\"https:\\\/\\\/www.electronicajnc.com\\\/web\\\/#website\"},\"primaryImageOfPage\":{\"@id\":\"https:\\\/\\\/www.electronicajnc.com\\\/web\\\/producto\\\/kit-de-16-sensores-para-arduino\\\/#primaryimage\"},\"image\":{\"@id\":\"https:\\\/\\\/www.electronicajnc.com\\\/web\\\/producto\\\/kit-de-16-sensores-para-arduino\\\/#primaryimage\"},\"thumbnailUrl\":\"https:\\\/\\\/www.electronicajnc.com\\\/web\\\/wp-content\\\/uploads\\\/2023\\\/08\\\/KIT-de-sensores-12.jpg\",\"datePublished\":\"2023-08-07T19:09:45+00:00\",\"dateModified\":\"2026-01-14T16:18:34+00:00\",\"description\":\"Kit de 16 Sensores para Arduino ideal para estudiantes para poder realizar proyectos principalmente en Arduino, pero tambi\u00e9n en ESP32, NodeMCU y Raspberry\",\"breadcrumb\":{\"@id\":\"https:\\\/\\\/www.electronicajnc.com\\\/web\\\/producto\\\/kit-de-16-sensores-para-arduino\\\/#breadcrumb\"},\"inLanguage\":\"es\",\"potentialAction\":[{\"@type\":\"ReadAction\",\"target\":[\"https:\\\/\\\/www.electronicajnc.com\\\/web\\\/producto\\\/kit-de-16-sensores-para-arduino\\\/\"]}]},{\"@type\":\"ImageObject\",\"inLanguage\":\"es\",\"@id\":\"https:\\\/\\\/www.electronicajnc.com\\\/web\\\/producto\\\/kit-de-16-sensores-para-arduino\\\/#primaryimage\",\"url\":\"https:\\\/\\\/www.electronicajnc.com\\\/web\\\/wp-content\\\/uploads\\\/2023\\\/08\\\/KIT-de-sensores-12.jpg\",\"contentUrl\":\"https:\\\/\\\/www.electronicajnc.com\\\/web\\\/wp-content\\\/uploads\\\/2023\\\/08\\\/KIT-de-sensores-12.jpg\",\"width\":1041,\"height\":1092,\"caption\":\"KIT DE 16 SENSORES Y M\u00d3DULOS PARA ARDUINO Y RASPBERRY\"},{\"@type\":\"BreadcrumbList\",\"@id\":\"https:\\\/\\\/www.electronicajnc.com\\\/web\\\/producto\\\/kit-de-16-sensores-para-arduino\\\/#breadcrumb\",\"itemListElement\":[{\"@type\":\"ListItem\",\"position\":1,\"name\":\"Portada\",\"item\":\"https:\\\/\\\/www.electronicajnc.com\\\/web\\\/\"},{\"@type\":\"ListItem\",\"position\":2,\"name\":\"TIENDA\",\"item\":\"https:\\\/\\\/www.electronicajnc.com\\\/web\\\/tienda\\\/\"},{\"@type\":\"ListItem\",\"position\":3,\"name\":\"Kit de 16 Sensores para Arduino\"}]},{\"@type\":\"WebSite\",\"@id\":\"https:\\\/\\\/www.electronicajnc.com\\\/web\\\/#website\",\"url\":\"https:\\\/\\\/www.electronicajnc.com\\\/web\\\/\",\"name\":\"Electronica JNC\",\"description\":\"Robotica Tecnologia Mecatronica en Ecuador\",\"publisher\":{\"@id\":\"https:\\\/\\\/www.electronicajnc.com\\\/web\\\/#organization\"},\"potentialAction\":[{\"@type\":\"SearchAction\",\"target\":{\"@type\":\"EntryPoint\",\"urlTemplate\":\"https:\\\/\\\/www.electronicajnc.com\\\/web\\\/?s={search_term_string}\"},\"query-input\":{\"@type\":\"PropertyValueSpecification\",\"valueRequired\":true,\"valueName\":\"search_term_string\"}}],\"inLanguage\":\"es\"},{\"@type\":\"Organization\",\"@id\":\"https:\\\/\\\/www.electronicajnc.com\\\/web\\\/#organization\",\"name\":\"Electronica JNC\",\"url\":\"https:\\\/\\\/www.electronicajnc.com\\\/web\\\/\",\"logo\":{\"@type\":\"ImageObject\",\"inLanguage\":\"es\",\"@id\":\"https:\\\/\\\/www.electronicajnc.com\\\/web\\\/#\\\/schema\\\/logo\\\/image\\\/\",\"url\":\"https:\\\/\\\/www.electronicajnc.com\\\/web\\\/wp-content\\\/uploads\\\/2023\\\/06\\\/nuevo-logo.jpg\",\"contentUrl\":\"https:\\\/\\\/www.electronicajnc.com\\\/web\\\/wp-content\\\/uploads\\\/2023\\\/06\\\/nuevo-logo.jpg\",\"width\":1256,\"height\":612,\"caption\":\"Electronica JNC\"},\"image\":{\"@id\":\"https:\\\/\\\/www.electronicajnc.com\\\/web\\\/#\\\/schema\\\/logo\\\/image\\\/\"}}]}<\/script>\n<!-- \/ Yoast SEO plugin. -->","yoast_head_json":{"title":"Kit de 16 Sensores para Arduino - Electronica JNC","description":"Kit de 16 Sensores para Arduino ideal para estudiantes para poder realizar proyectos principalmente en Arduino, pero tambi\u00e9n en ESP32, NodeMCU y Raspberry","robots":{"index":"index","follow":"follow","max-snippet":"max-snippet:-1","max-image-preview":"max-image-preview:large","max-video-preview":"max-video-preview:-1"},"canonical":"https:\/\/www.electronicajnc.com\/web\/producto\/kit-de-16-sensores-para-arduino\/","og_locale":"es_ES","og_type":"article","og_title":"Kit de 16 Sensores para Arduino - Electronica JNC","og_description":"Kit de 16 Sensores para Arduino ideal para estudiantes para poder realizar proyectos principalmente en Arduino, pero tambi\u00e9n en ESP32, NodeMCU y Raspberry","og_url":"https:\/\/www.electronicajnc.com\/web\/producto\/kit-de-16-sensores-para-arduino\/","og_site_name":"Electronica JNC","article_modified_time":"2026-01-14T16:18:34+00:00","og_image":[{"width":1041,"height":1092,"url":"https:\/\/www.electronicajnc.com\/web\/wp-content\/uploads\/2023\/08\/KIT-de-sensores-12.jpg","type":"image\/jpeg"}],"twitter_card":"summary_large_image","twitter_misc":{"Tiempo de lectura":"2 minutos"},"schema":{"@context":"https:\/\/schema.org","@graph":[{"@type":"WebPage","@id":"https:\/\/www.electronicajnc.com\/web\/producto\/kit-de-16-sensores-para-arduino\/","url":"https:\/\/www.electronicajnc.com\/web\/producto\/kit-de-16-sensores-para-arduino\/","name":"Kit de 16 Sensores para Arduino - Electronica JNC","isPartOf":{"@id":"https:\/\/www.electronicajnc.com\/web\/#website"},"primaryImageOfPage":{"@id":"https:\/\/www.electronicajnc.com\/web\/producto\/kit-de-16-sensores-para-arduino\/#primaryimage"},"image":{"@id":"https:\/\/www.electronicajnc.com\/web\/producto\/kit-de-16-sensores-para-arduino\/#primaryimage"},"thumbnailUrl":"https:\/\/www.electronicajnc.com\/web\/wp-content\/uploads\/2023\/08\/KIT-de-sensores-12.jpg","datePublished":"2023-08-07T19:09:45+00:00","dateModified":"2026-01-14T16:18:34+00:00","description":"Kit de 16 Sensores para Arduino ideal para estudiantes para poder realizar proyectos principalmente en Arduino, pero tambi\u00e9n en ESP32, NodeMCU y Raspberry","breadcrumb":{"@id":"https:\/\/www.electronicajnc.com\/web\/producto\/kit-de-16-sensores-para-arduino\/#breadcrumb"},"inLanguage":"es","potentialAction":[{"@type":"ReadAction","target":["https:\/\/www.electronicajnc.com\/web\/producto\/kit-de-16-sensores-para-arduino\/"]}]},{"@type":"ImageObject","inLanguage":"es","@id":"https:\/\/www.electronicajnc.com\/web\/producto\/kit-de-16-sensores-para-arduino\/#primaryimage","url":"https:\/\/www.electronicajnc.com\/web\/wp-content\/uploads\/2023\/08\/KIT-de-sensores-12.jpg","contentUrl":"https:\/\/www.electronicajnc.com\/web\/wp-content\/uploads\/2023\/08\/KIT-de-sensores-12.jpg","width":1041,"height":1092,"caption":"KIT DE 16 SENSORES Y M\u00d3DULOS PARA ARDUINO Y RASPBERRY"},{"@type":"BreadcrumbList","@id":"https:\/\/www.electronicajnc.com\/web\/producto\/kit-de-16-sensores-para-arduino\/#breadcrumb","itemListElement":[{"@type":"ListItem","position":1,"name":"Portada","item":"https:\/\/www.electronicajnc.com\/web\/"},{"@type":"ListItem","position":2,"name":"TIENDA","item":"https:\/\/www.electronicajnc.com\/web\/tienda\/"},{"@type":"ListItem","position":3,"name":"Kit de 16 Sensores para Arduino"}]},{"@type":"WebSite","@id":"https:\/\/www.electronicajnc.com\/web\/#website","url":"https:\/\/www.electronicajnc.com\/web\/","name":"Electronica JNC","description":"Robotica Tecnologia Mecatronica en Ecuador","publisher":{"@id":"https:\/\/www.electronicajnc.com\/web\/#organization"},"potentialAction":[{"@type":"SearchAction","target":{"@type":"EntryPoint","urlTemplate":"https:\/\/www.electronicajnc.com\/web\/?s={search_term_string}"},"query-input":{"@type":"PropertyValueSpecification","valueRequired":true,"valueName":"search_term_string"}}],"inLanguage":"es"},{"@type":"Organization","@id":"https:\/\/www.electronicajnc.com\/web\/#organization","name":"Electronica JNC","url":"https:\/\/www.electronicajnc.com\/web\/","logo":{"@type":"ImageObject","inLanguage":"es","@id":"https:\/\/www.electronicajnc.com\/web\/#\/schema\/logo\/image\/","url":"https:\/\/www.electronicajnc.com\/web\/wp-content\/uploads\/2023\/06\/nuevo-logo.jpg","contentUrl":"https:\/\/www.electronicajnc.com\/web\/wp-content\/uploads\/2023\/06\/nuevo-logo.jpg","width":1256,"height":612,"caption":"Electronica JNC"},"image":{"@id":"https:\/\/www.electronicajnc.com\/web\/#\/schema\/logo\/image\/"}}]}},"_links":{"self":[{"href":"https:\/\/www.electronicajnc.com\/web\/wp-json\/wp\/v2\/product\/813","targetHints":{"allow":["GET"]}}],"collection":[{"href":"https:\/\/www.electronicajnc.com\/web\/wp-json\/wp\/v2\/product"}],"about":[{"href":"https:\/\/www.electronicajnc.com\/web\/wp-json\/wp\/v2\/types\/product"}],"replies":[{"embeddable":true,"href":"https:\/\/www.electronicajnc.com\/web\/wp-json\/wp\/v2\/comments?post=813"}],"wp:featuredmedia":[{"embeddable":true,"href":"https:\/\/www.electronicajnc.com\/web\/wp-json\/wp\/v2\/media\/814"}],"wp:attachment":[{"href":"https:\/\/www.electronicajnc.com\/web\/wp-json\/wp\/v2\/media?parent=813"}],"wp:term":[{"taxonomy":"product_brand","embeddable":true,"href":"https:\/\/www.electronicajnc.com\/web\/wp-json\/wp\/v2\/product_brand?post=813"},{"taxonomy":"product_cat","embeddable":true,"href":"https:\/\/www.electronicajnc.com\/web\/wp-json\/wp\/v2\/product_cat?post=813"},{"taxonomy":"product_tag","embeddable":true,"href":"https:\/\/www.electronicajnc.com\/web\/wp-json\/wp\/v2\/product_tag?post=813"}],"curies":[{"name":"wp","href":"https:\/\/api.w.org\/{rel}","templated":true}]}}