{"id":821,"date":"2023-08-08T20:38:59","date_gmt":"2023-08-08T20:38:59","guid":{"rendered":"https:\/\/www.electronicajnc.com\/web\/?post_type=product&#038;p=821"},"modified":"2023-08-08T20:39:01","modified_gmt":"2023-08-08T20:39:01","slug":"tuerca-de-acero-inoxidable-m3","status":"publish","type":"product","link":"https:\/\/www.electronicajnc.com\/web\/producto\/tuerca-de-acero-inoxidable-m3\/","title":{"rendered":"Tuerca de acero Inoxidable M3"},"content":{"rendered":"<p>Tuerca de acero Inoxidable M3<\/p>\n<p><img fetchpriority=\"high\" decoding=\"async\" class=\"aligncenter\" src=\"https:\/\/img.freepik.com\/fotos-premium\/tuerca-grande-pequena-concepto-superficie-blanca_268192-248.jpg\" alt=\"Tuerca grande y peque\u00f1a. concepto. superficie blanca. | Foto Premium\" width=\"352\" height=\"234\" \/><\/p>\n<p>Una Tuerca\u00a0es un elemento que dispone de un agujero con rosca. Esta caracter\u00edstica permite que un tornillo\u00a0se acople a su estructura, enrosc\u00e1ndose. Por ejemplo:\u00a0<em>\u201cLa mesa se est\u00e1 moviendo mucho: voy a tener que ajustar las tuercas\u201d<\/em>,\u00a0<em>\u201cEstoy tratando de armar el escritorio que compramos pero no encuentro las tuercas\u201d<\/em>,\u00a0<em>\u201cCreo que a esta m\u00e1quina le falta alguna tuerca\u201d<\/em>.<\/p>\n<p>Com\u00fanmente utilizado con perno para sujetar dos o m\u00e1s piezas juntas. Las dos partes se combinan por la fricci\u00f3n de sus roscas, un ligero estiramiento del perno y compresi\u00f3n de las piezas para mantenerse juntas. En uso com\u00fan, una junta de tuerca y perno se mantiene unida porque el perno est\u00e1 bajo un esfuerzo de tracci\u00f3n constante llamado precarga.<\/p>\n<p>El acero inoxidable de alta calidad proporciona una resistencia perfecta y buena resistencia a la corrosi\u00f3n en entornos malos como altas temperaturas, climas fr\u00edos y zonas de alta humedad sin la necesidad de consumir mucho tiempo y costoso mantenimiento.<\/p>\n<p>se vende por paquete de 25 piezas de tuercas hexagonal de acero, ideal para electr\u00f3nica, Terminado de zinc.<\/p>\n<h1>Tuerca de acero Inoxidable M3<\/h1>\n<p>Tuerca M3 .<\/p>\n<p>diametro: 3mm<\/p>\n<p><strong style=\"font-size: 2.61792em; letter-spacing: -1px;\">\u00bfD\u00f3nde conseguir ?<\/strong><\/p>\n<p>Puedes conseguir este producto y mucho mas en nuestra tienda de electr\u00f3nica \u201cElectr\u00f3nica JNC\u201d a un excelente precio, de igual manera puedes preguntar por otros productos que tenemos para ti y as\u00ed adquirirlos seg\u00fan tu necesidad para\u00a0 tus proyectos.<\/p>\n<p>Adem\u00e1s de vender realizamos todo tipo de proyectos de Rob\u00f3tica Electr\u00f3nica y de Programaci\u00f3n en Arduino-Raspberry, brindamos asesoramiento en la elaboraci\u00f3n de proyectos y personalizamos sus clases cuando deseas armar un robot&#8230;<\/p>\n<p><strong>\u00a1\u00a1\u00a1\u00a1 PREGUNTANOS Sin compromiso !!!!<\/strong><\/p>\n<p>Cont\u00e1ctanos:<br \/>\nSi tienes alguna pregunta, no dudes en ponerte en contacto con nosotros ser\u00e1 un placer servirte.<\/p>\n<p>Puede retirar sus pedidos en nuestra\u00a0<a href=\"https:\/\/www.electronicajnc.com\/web\/contactos\" target=\"_blank\" rel=\"noopener\">TIENDA F\u00cdSICA<\/a>\u00a0o realizar sus pedidos\u00a0<a href=\"https:\/\/www.electronicajnc.com\/web\/mi-cuenta\" target=\"_blank\" rel=\"noopener\">ONLINE<\/a>\u00a0o por\u00a0<a href=\"https:\/\/api.whatsapp.com\/send?phone=593958753126\" target=\"_blank\" rel=\"noopener\">WHATSAPP<\/a>.<\/p>\n","protected":false},"excerpt":{"rendered":"<p>Adem\u00e1s de vender realizamos todo tipo de proyectos de Rob\u00f3tica Electr\u00f3nica y de Programaci\u00f3n en Arduino-Raspberry, brindamos asesoramiento en la elaboraci\u00f3n de proyectos y personalizamos sus clases cuando deseas armar un robot&#8230;<\/p>\n","protected":false},"featured_media":822,"comment_status":"closed","ping_status":"closed","template":"","meta":{"saved_in_kubio":false,"_joinchat":[]},"product_brand":[],"product_cat":[309],"product_tag":[657,654,80,91,658,655,656],"class_list":{"0":"post-821","1":"product","2":"type-product","3":"status-publish","4":"has-post-thumbnail","6":"product_cat-componentes-electronicos","7":"product_tag-base-para-robot","8":"product_tag-espaciadores","9":"product_tag-robot","10":"product_tag-seguidor-de-linea","11":"product_tag-soportes","12":"product_tag-tornillos","13":"product_tag-tuercas","15":"first","16":"instock","17":"taxable","18":"shipping-taxable","19":"purchasable","20":"product-type-simple"},"yoast_head":"<!-- This site is optimized with the Yoast SEO plugin v27.4 - https:\/\/yoast.com\/product\/yoast-seo-wordpress\/ -->\n<title>Tuerca de acero Inoxidable M3 - Electronica JNC<\/title>\n<meta name=\"description\" content=\"Tuerca de acero Inoxidable M3 tiene varias utilidades dentro de ellas en la Rob\u00f3tica para ajustar diversos sensores, m\u00f3dulos en diversos robots.\" \/>\n<meta name=\"robots\" content=\"index, follow, max-snippet:-1, max-image-preview:large, max-video-preview:-1\" \/>\n<link rel=\"canonical\" href=\"https:\/\/www.electronicajnc.com\/web\/producto\/tuerca-de-acero-inoxidable-m3\/\" \/>\n<meta property=\"og:locale\" content=\"es_ES\" \/>\n<meta property=\"og:type\" content=\"article\" \/>\n<meta property=\"og:title\" content=\"Tuerca de acero Inoxidable M3 - Electronica JNC\" \/>\n<meta property=\"og:description\" content=\"Tuerca de acero Inoxidable M3 tiene varias utilidades dentro de ellas en la Rob\u00f3tica para ajustar diversos sensores, m\u00f3dulos en diversos robots.\" \/>\n<meta property=\"og:url\" content=\"https:\/\/www.electronicajnc.com\/web\/producto\/tuerca-de-acero-inoxidable-m3\/\" \/>\n<meta property=\"og:site_name\" content=\"Electronica JNC\" \/>\n<meta property=\"article:modified_time\" content=\"2023-08-08T20:39:01+00:00\" \/>\n<meta property=\"og:image\" content=\"https:\/\/www.electronicajnc.com\/web\/wp-content\/uploads\/2023\/08\/tuercas.jpg\" \/>\n\t<meta property=\"og:image:width\" content=\"962\" \/>\n\t<meta property=\"og:image:height\" content=\"969\" \/>\n\t<meta property=\"og:image:type\" content=\"image\/jpeg\" \/>\n<meta name=\"twitter:card\" content=\"summary_large_image\" \/>\n<meta name=\"twitter:label1\" content=\"Tiempo de lectura\" \/>\n\t<meta name=\"twitter:data1\" content=\"2 minutos\" \/>\n<script type=\"application\/ld+json\" class=\"yoast-schema-graph\">{\"@context\":\"https:\\\/\\\/schema.org\",\"@graph\":[{\"@type\":\"WebPage\",\"@id\":\"https:\\\/\\\/www.electronicajnc.com\\\/web\\\/producto\\\/tuerca-de-acero-inoxidable-m3\\\/\",\"url\":\"https:\\\/\\\/www.electronicajnc.com\\\/web\\\/producto\\\/tuerca-de-acero-inoxidable-m3\\\/\",\"name\":\"Tuerca de acero Inoxidable M3 - Electronica JNC\",\"isPartOf\":{\"@id\":\"https:\\\/\\\/www.electronicajnc.com\\\/web\\\/#website\"},\"primaryImageOfPage\":{\"@id\":\"https:\\\/\\\/www.electronicajnc.com\\\/web\\\/producto\\\/tuerca-de-acero-inoxidable-m3\\\/#primaryimage\"},\"image\":{\"@id\":\"https:\\\/\\\/www.electronicajnc.com\\\/web\\\/producto\\\/tuerca-de-acero-inoxidable-m3\\\/#primaryimage\"},\"thumbnailUrl\":\"https:\\\/\\\/www.electronicajnc.com\\\/web\\\/wp-content\\\/uploads\\\/2023\\\/08\\\/tuercas.jpg\",\"datePublished\":\"2023-08-08T20:38:59+00:00\",\"dateModified\":\"2023-08-08T20:39:01+00:00\",\"description\":\"Tuerca de acero Inoxidable M3 tiene varias utilidades dentro de ellas en la Rob\u00f3tica para ajustar diversos sensores, m\u00f3dulos en diversos robots.\",\"breadcrumb\":{\"@id\":\"https:\\\/\\\/www.electronicajnc.com\\\/web\\\/producto\\\/tuerca-de-acero-inoxidable-m3\\\/#breadcrumb\"},\"inLanguage\":\"es\",\"potentialAction\":[{\"@type\":\"ReadAction\",\"target\":[\"https:\\\/\\\/www.electronicajnc.com\\\/web\\\/producto\\\/tuerca-de-acero-inoxidable-m3\\\/\"]}]},{\"@type\":\"ImageObject\",\"inLanguage\":\"es\",\"@id\":\"https:\\\/\\\/www.electronicajnc.com\\\/web\\\/producto\\\/tuerca-de-acero-inoxidable-m3\\\/#primaryimage\",\"url\":\"https:\\\/\\\/www.electronicajnc.com\\\/web\\\/wp-content\\\/uploads\\\/2023\\\/08\\\/tuercas.jpg\",\"contentUrl\":\"https:\\\/\\\/www.electronicajnc.com\\\/web\\\/wp-content\\\/uploads\\\/2023\\\/08\\\/tuercas.jpg\",\"width\":962,\"height\":969,\"caption\":\"Tuerca M3 1pc\"},{\"@type\":\"BreadcrumbList\",\"@id\":\"https:\\\/\\\/www.electronicajnc.com\\\/web\\\/producto\\\/tuerca-de-acero-inoxidable-m3\\\/#breadcrumb\",\"itemListElement\":[{\"@type\":\"ListItem\",\"position\":1,\"name\":\"Portada\",\"item\":\"https:\\\/\\\/www.electronicajnc.com\\\/web\\\/\"},{\"@type\":\"ListItem\",\"position\":2,\"name\":\"TIENDA\",\"item\":\"https:\\\/\\\/www.electronicajnc.com\\\/web\\\/tienda\\\/\"},{\"@type\":\"ListItem\",\"position\":3,\"name\":\"Tuerca de acero Inoxidable M3\"}]},{\"@type\":\"WebSite\",\"@id\":\"https:\\\/\\\/www.electronicajnc.com\\\/web\\\/#website\",\"url\":\"https:\\\/\\\/www.electronicajnc.com\\\/web\\\/\",\"name\":\"Electronica JNC\",\"description\":\"Robotica Tecnologia Mecatronica en Ecuador\",\"publisher\":{\"@id\":\"https:\\\/\\\/www.electronicajnc.com\\\/web\\\/#organization\"},\"potentialAction\":[{\"@type\":\"SearchAction\",\"target\":{\"@type\":\"EntryPoint\",\"urlTemplate\":\"https:\\\/\\\/www.electronicajnc.com\\\/web\\\/?s={search_term_string}\"},\"query-input\":{\"@type\":\"PropertyValueSpecification\",\"valueRequired\":true,\"valueName\":\"search_term_string\"}}],\"inLanguage\":\"es\"},{\"@type\":\"Organization\",\"@id\":\"https:\\\/\\\/www.electronicajnc.com\\\/web\\\/#organization\",\"name\":\"Electronica JNC\",\"url\":\"https:\\\/\\\/www.electronicajnc.com\\\/web\\\/\",\"logo\":{\"@type\":\"ImageObject\",\"inLanguage\":\"es\",\"@id\":\"https:\\\/\\\/www.electronicajnc.com\\\/web\\\/#\\\/schema\\\/logo\\\/image\\\/\",\"url\":\"https:\\\/\\\/www.electronicajnc.com\\\/web\\\/wp-content\\\/uploads\\\/2023\\\/06\\\/nuevo-logo.jpg\",\"contentUrl\":\"https:\\\/\\\/www.electronicajnc.com\\\/web\\\/wp-content\\\/uploads\\\/2023\\\/06\\\/nuevo-logo.jpg\",\"width\":1256,\"height\":612,\"caption\":\"Electronica JNC\"},\"image\":{\"@id\":\"https:\\\/\\\/www.electronicajnc.com\\\/web\\\/#\\\/schema\\\/logo\\\/image\\\/\"}}]}<\/script>\n<!-- \/ Yoast SEO plugin. -->","yoast_head_json":{"title":"Tuerca de acero Inoxidable M3 - Electronica JNC","description":"Tuerca de acero Inoxidable M3 tiene varias utilidades dentro de ellas en la Rob\u00f3tica para ajustar diversos sensores, m\u00f3dulos en diversos robots.","robots":{"index":"index","follow":"follow","max-snippet":"max-snippet:-1","max-image-preview":"max-image-preview:large","max-video-preview":"max-video-preview:-1"},"canonical":"https:\/\/www.electronicajnc.com\/web\/producto\/tuerca-de-acero-inoxidable-m3\/","og_locale":"es_ES","og_type":"article","og_title":"Tuerca de acero Inoxidable M3 - Electronica JNC","og_description":"Tuerca de acero Inoxidable M3 tiene varias utilidades dentro de ellas en la Rob\u00f3tica para ajustar diversos sensores, m\u00f3dulos en diversos robots.","og_url":"https:\/\/www.electronicajnc.com\/web\/producto\/tuerca-de-acero-inoxidable-m3\/","og_site_name":"Electronica JNC","article_modified_time":"2023-08-08T20:39:01+00:00","og_image":[{"width":962,"height":969,"url":"https:\/\/www.electronicajnc.com\/web\/wp-content\/uploads\/2023\/08\/tuercas.jpg","type":"image\/jpeg"}],"twitter_card":"summary_large_image","twitter_misc":{"Tiempo de lectura":"2 minutos"},"schema":{"@context":"https:\/\/schema.org","@graph":[{"@type":"WebPage","@id":"https:\/\/www.electronicajnc.com\/web\/producto\/tuerca-de-acero-inoxidable-m3\/","url":"https:\/\/www.electronicajnc.com\/web\/producto\/tuerca-de-acero-inoxidable-m3\/","name":"Tuerca de acero Inoxidable M3 - Electronica JNC","isPartOf":{"@id":"https:\/\/www.electronicajnc.com\/web\/#website"},"primaryImageOfPage":{"@id":"https:\/\/www.electronicajnc.com\/web\/producto\/tuerca-de-acero-inoxidable-m3\/#primaryimage"},"image":{"@id":"https:\/\/www.electronicajnc.com\/web\/producto\/tuerca-de-acero-inoxidable-m3\/#primaryimage"},"thumbnailUrl":"https:\/\/www.electronicajnc.com\/web\/wp-content\/uploads\/2023\/08\/tuercas.jpg","datePublished":"2023-08-08T20:38:59+00:00","dateModified":"2023-08-08T20:39:01+00:00","description":"Tuerca de acero Inoxidable M3 tiene varias utilidades dentro de ellas en la Rob\u00f3tica para ajustar diversos sensores, m\u00f3dulos en diversos robots.","breadcrumb":{"@id":"https:\/\/www.electronicajnc.com\/web\/producto\/tuerca-de-acero-inoxidable-m3\/#breadcrumb"},"inLanguage":"es","potentialAction":[{"@type":"ReadAction","target":["https:\/\/www.electronicajnc.com\/web\/producto\/tuerca-de-acero-inoxidable-m3\/"]}]},{"@type":"ImageObject","inLanguage":"es","@id":"https:\/\/www.electronicajnc.com\/web\/producto\/tuerca-de-acero-inoxidable-m3\/#primaryimage","url":"https:\/\/www.electronicajnc.com\/web\/wp-content\/uploads\/2023\/08\/tuercas.jpg","contentUrl":"https:\/\/www.electronicajnc.com\/web\/wp-content\/uploads\/2023\/08\/tuercas.jpg","width":962,"height":969,"caption":"Tuerca M3 1pc"},{"@type":"BreadcrumbList","@id":"https:\/\/www.electronicajnc.com\/web\/producto\/tuerca-de-acero-inoxidable-m3\/#breadcrumb","itemListElement":[{"@type":"ListItem","position":1,"name":"Portada","item":"https:\/\/www.electronicajnc.com\/web\/"},{"@type":"ListItem","position":2,"name":"TIENDA","item":"https:\/\/www.electronicajnc.com\/web\/tienda\/"},{"@type":"ListItem","position":3,"name":"Tuerca de acero Inoxidable M3"}]},{"@type":"WebSite","@id":"https:\/\/www.electronicajnc.com\/web\/#website","url":"https:\/\/www.electronicajnc.com\/web\/","name":"Electronica JNC","description":"Robotica Tecnologia Mecatronica en Ecuador","publisher":{"@id":"https:\/\/www.electronicajnc.com\/web\/#organization"},"potentialAction":[{"@type":"SearchAction","target":{"@type":"EntryPoint","urlTemplate":"https:\/\/www.electronicajnc.com\/web\/?s={search_term_string}"},"query-input":{"@type":"PropertyValueSpecification","valueRequired":true,"valueName":"search_term_string"}}],"inLanguage":"es"},{"@type":"Organization","@id":"https:\/\/www.electronicajnc.com\/web\/#organization","name":"Electronica JNC","url":"https:\/\/www.electronicajnc.com\/web\/","logo":{"@type":"ImageObject","inLanguage":"es","@id":"https:\/\/www.electronicajnc.com\/web\/#\/schema\/logo\/image\/","url":"https:\/\/www.electronicajnc.com\/web\/wp-content\/uploads\/2023\/06\/nuevo-logo.jpg","contentUrl":"https:\/\/www.electronicajnc.com\/web\/wp-content\/uploads\/2023\/06\/nuevo-logo.jpg","width":1256,"height":612,"caption":"Electronica JNC"},"image":{"@id":"https:\/\/www.electronicajnc.com\/web\/#\/schema\/logo\/image\/"}}]}},"_links":{"self":[{"href":"https:\/\/www.electronicajnc.com\/web\/wp-json\/wp\/v2\/product\/821","targetHints":{"allow":["GET"]}}],"collection":[{"href":"https:\/\/www.electronicajnc.com\/web\/wp-json\/wp\/v2\/product"}],"about":[{"href":"https:\/\/www.electronicajnc.com\/web\/wp-json\/wp\/v2\/types\/product"}],"replies":[{"embeddable":true,"href":"https:\/\/www.electronicajnc.com\/web\/wp-json\/wp\/v2\/comments?post=821"}],"wp:featuredmedia":[{"embeddable":true,"href":"https:\/\/www.electronicajnc.com\/web\/wp-json\/wp\/v2\/media\/822"}],"wp:attachment":[{"href":"https:\/\/www.electronicajnc.com\/web\/wp-json\/wp\/v2\/media?parent=821"}],"wp:term":[{"taxonomy":"product_brand","embeddable":true,"href":"https:\/\/www.electronicajnc.com\/web\/wp-json\/wp\/v2\/product_brand?post=821"},{"taxonomy":"product_cat","embeddable":true,"href":"https:\/\/www.electronicajnc.com\/web\/wp-json\/wp\/v2\/product_cat?post=821"},{"taxonomy":"product_tag","embeddable":true,"href":"https:\/\/www.electronicajnc.com\/web\/wp-json\/wp\/v2\/product_tag?post=821"}],"curies":[{"name":"wp","href":"https:\/\/api.w.org\/{rel}","templated":true}]}}