{"id":840,"date":"2023-08-29T19:41:26","date_gmt":"2023-08-29T19:41:26","guid":{"rendered":"https:\/\/www.electronicajnc.com\/web\/?post_type=product&#038;p=840"},"modified":"2024-08-19T19:42:41","modified_gmt":"2024-08-19T19:42:41","slug":"robot-solar-12-en-1-armable-steam","status":"publish","type":"product","link":"https:\/\/www.electronicajnc.com\/web\/producto\/robot-solar-12-en-1-armable-steam\/","title":{"rendered":"Robot Solar 12 en 1 armable STEAM"},"content":{"rendered":"<p>Robot Solar 12 en 1 armable STEAM<\/p>\n<p><img decoding=\"async\" class=\"aligncenter\" src=\"https:\/\/m.media-amazon.com\/images\/I\/51L-w86AnOL.jpg\" alt=\"Lucky Doug Kit De Robot Solar STEM 12 En 1, Juguetes De Regalo Para Ni\u00f1os De 8, 9, 10, 11, 12, 13 A\u00f1os De Edad, Juego De Experimentos De Ciencia De | sepalgranite.in\" \/><\/p>\n<p>kit de robot solar se puede integrar en 12 formas diferentes de robots. puede moverse en tierra o water, \u00a0de dos niveles en cuanto a la complejidad, comenzando desde el nivel de entrada hasta el nivel avanzado para un mayor desaf\u00ede sus habilidades de manipulaci\u00f3n. Esta es una gran manera de iniciar al mundo de la Robotica.<\/p>\n<p>Excelente robot STEM para que la pr\u00f3xima generaci\u00f3n comience a entender la energ\u00eda solar. Puede gatear, rodar y flotar bajo la luz solar directa, lo que permite a los ni\u00f1os comprender el concepto ambiental de tecnolog\u00edas verdes y recursos renovables.<\/p>\n<h1>Robot Solar 12 en 1 armable STEAM<\/h1>\n<ul>\n<li>Apoya la educaci\u00f3n STEM: estos Robots cient\u00edficos ense\u00f1ar\u00e1n a los chicos c\u00f3mo dise\u00f1ar un robot que utiliza energ\u00eda solar, mientras que ayudan a desarrollar la destreza manual, habilidades de resoluci\u00f3n de problemas, mejoran el pensamiento l\u00f3gico, la confianza en s\u00ed mismos y promueve la importancia del trabajo en equipo y la colaboraci\u00f3n. robots para ni\u00f1os de 10 a\u00f1os en adelante integra ciencia, tecnolog\u00eda, ingenier\u00eda, matem\u00e1ticas, mantener a los ni\u00f1os alejados de productos electr\u00f3nicos.<\/li>\n<\/ul>\n<p>&nbsp;<\/p>\n<ul>\n<li>Mejora la capacidad de trabajo en equipo: los robots STEM pueden tardar alg\u00fan tiempo en montarse. Si se completa con amigos o familiares, ser\u00e1 m\u00e1s divertido, no solo para cultivar la capacidad de cooperar entre s\u00ed, sino tambi\u00e9n para mejorar los sentimientos.<\/li>\n<\/ul>\n<p>Regalo ideal: todas las piezas son resistentes y duraderas, est\u00e1n hechas de pl\u00e1stico ABS inofensivo y no t\u00f3xico de alta calidad. Gran regalo para cumplea\u00f1os, D\u00eda del Ni\u00f1o, Navidad, Januc\u00e1, Pascua, STEM, actividades de campamento de verano, regreso a la escuela<\/p>\n<p><strong>\u00bfD\u00f3nde conseguir ?<\/strong><\/p>\n<p>Puedes conseguir este producto y mucho mas en nuestra tienda de electr\u00f3nica \u201cElectr\u00f3nica JNC\u201d a un excelente precio, de igual manera puedes preguntar por otros productos que tenemos para ti y as\u00ed adquirirlos seg\u00fan tu necesidad para\u00a0 tus proyectos.<\/p>\n<p>Puede retirar sus pedidos en nuestra\u00a0<a href=\"https:\/\/www.electronicajnc.com\/web\/contactos\" target=\"_blank\" rel=\"noopener\">TIENDA F\u00cdSICA<\/a>\u00a0o realizar sus pedidos\u00a0<a href=\"https:\/\/www.electronicajnc.com\/web\/mi-cuenta\" target=\"_blank\" rel=\"noopener\">ONLINE<\/a>\u00a0o por\u00a0<a href=\"https:\/\/api.whatsapp.com\/send?phone=593958753126\" target=\"_blank\" rel=\"noopener\">WHATSAPP<\/a>.<\/p>\n","protected":false},"excerpt":{"rendered":"<p>Robot Solar 12 en 1 armable STEAM, R<span class=\"a-list-item\">ecomendado por profesionales de la educaci\u00f3n inicio a la Rob\u00f3tica desarrolla destrezas y habilidades. ayuda trabajo en equipo y fortalecimiento del autoestima siendo una manera divertida de aprender <\/span>Apoya la educaci\u00f3n STEM: estos Robots cient\u00edficos ense\u00f1ar\u00e1n a los chicos c\u00f3mo dise\u00f1ar un robot que utiliza energ\u00eda solar, mientras que ayudan a desarrollar la destreza manual, habilidades de resoluci\u00f3n de problemas, mejoran el pensamiento l\u00f3gico, la confianza en s\u00ed mismos y promueve la importancia del trabajo en equipo y la colaboraci\u00f3n, integra ciencia, tecnolog\u00eda, ingenier\u00eda, matem\u00e1ticas<\/p>\n<p>&nbsp;<\/p>\n","protected":false},"featured_media":841,"comment_status":"closed","ping_status":"closed","template":"","meta":{"saved_in_kubio":false,"_joinchat":[]},"product_brand":[],"product_cat":[323],"product_tag":[716,342,660,665,348,661,662,278,572,332,31,663,664],"class_list":{"0":"post-840","1":"product","2":"type-product","3":"status-publish","4":"has-post-thumbnail","6":"product_cat-kits-steam","7":"product_tag-12-en-1","8":"product_tag-armable","9":"product_tag-bricolaje","10":"product_tag-colegio","11":"product_tag-escuela","12":"product_tag-infantil","13":"product_tag-juguete","14":"product_tag-kit","15":"product_tag-ninos","16":"product_tag-proyecto-steam","17":"product_tag-robotica","18":"product_tag-solar","19":"product_tag-stem","21":"first","22":"instock","23":"taxable","24":"shipping-taxable","25":"product-type-simple"},"yoast_head":"<!-- This site is optimized with the Yoast SEO plugin v27.4 - https:\/\/yoast.com\/product\/yoast-seo-wordpress\/ -->\n<title>Robot Solar 12 en 1 armable STEAM - Electronica JNC<\/title>\n<meta name=\"description\" content=\"Robot Solar 12 en 1 armable STEAM Recomendado por profesionales de la educaci\u00f3n ideal para inicio a la rob\u00f3tica una manera divertida de aprender.\" \/>\n<meta name=\"robots\" content=\"index, follow, max-snippet:-1, max-image-preview:large, max-video-preview:-1\" \/>\n<link rel=\"canonical\" href=\"https:\/\/www.electronicajnc.com\/web\/producto\/robot-solar-12-en-1-armable-steam\/\" \/>\n<meta property=\"og:locale\" content=\"es_ES\" \/>\n<meta property=\"og:type\" content=\"article\" \/>\n<meta property=\"og:title\" content=\"Robot Solar 12 en 1 armable STEAM - Electronica JNC\" \/>\n<meta property=\"og:description\" content=\"Robot Solar 12 en 1 armable STEAM Recomendado por profesionales de la educaci\u00f3n ideal para inicio a la rob\u00f3tica una manera divertida de aprender.\" \/>\n<meta property=\"og:url\" content=\"https:\/\/www.electronicajnc.com\/web\/producto\/robot-solar-12-en-1-armable-steam\/\" \/>\n<meta property=\"og:site_name\" content=\"Electronica JNC\" \/>\n<meta property=\"article:modified_time\" content=\"2024-08-19T19:42:41+00:00\" \/>\n<meta property=\"og:image\" content=\"https:\/\/www.electronicajnc.com\/web\/wp-content\/uploads\/2023\/08\/12-EN-1-1.jpg\" \/>\n\t<meta property=\"og:image:width\" content=\"2084\" \/>\n\t<meta property=\"og:image:height\" content=\"1878\" \/>\n\t<meta property=\"og:image:type\" content=\"image\/jpeg\" \/>\n<meta name=\"twitter:card\" content=\"summary_large_image\" \/>\n<meta name=\"twitter:label1\" content=\"Tiempo de lectura\" \/>\n\t<meta name=\"twitter:data1\" content=\"2 minutos\" \/>\n<script type=\"application\/ld+json\" class=\"yoast-schema-graph\">{\"@context\":\"https:\\\/\\\/schema.org\",\"@graph\":[{\"@type\":\"WebPage\",\"@id\":\"https:\\\/\\\/www.electronicajnc.com\\\/web\\\/producto\\\/robot-solar-12-en-1-armable-steam\\\/\",\"url\":\"https:\\\/\\\/www.electronicajnc.com\\\/web\\\/producto\\\/robot-solar-12-en-1-armable-steam\\\/\",\"name\":\"Robot Solar 12 en 1 armable STEAM - Electronica JNC\",\"isPartOf\":{\"@id\":\"https:\\\/\\\/www.electronicajnc.com\\\/web\\\/#website\"},\"primaryImageOfPage\":{\"@id\":\"https:\\\/\\\/www.electronicajnc.com\\\/web\\\/producto\\\/robot-solar-12-en-1-armable-steam\\\/#primaryimage\"},\"image\":{\"@id\":\"https:\\\/\\\/www.electronicajnc.com\\\/web\\\/producto\\\/robot-solar-12-en-1-armable-steam\\\/#primaryimage\"},\"thumbnailUrl\":\"https:\\\/\\\/www.electronicajnc.com\\\/web\\\/wp-content\\\/uploads\\\/2023\\\/08\\\/12-EN-1-1.jpg\",\"datePublished\":\"2023-08-29T19:41:26+00:00\",\"dateModified\":\"2024-08-19T19:42:41+00:00\",\"description\":\"Robot Solar 12 en 1 armable STEAM Recomendado por profesionales de la educaci\u00f3n ideal para inicio a la rob\u00f3tica una manera divertida de aprender.\",\"breadcrumb\":{\"@id\":\"https:\\\/\\\/www.electronicajnc.com\\\/web\\\/producto\\\/robot-solar-12-en-1-armable-steam\\\/#breadcrumb\"},\"inLanguage\":\"es\",\"potentialAction\":[{\"@type\":\"ReadAction\",\"target\":[\"https:\\\/\\\/www.electronicajnc.com\\\/web\\\/producto\\\/robot-solar-12-en-1-armable-steam\\\/\"]}]},{\"@type\":\"ImageObject\",\"inLanguage\":\"es\",\"@id\":\"https:\\\/\\\/www.electronicajnc.com\\\/web\\\/producto\\\/robot-solar-12-en-1-armable-steam\\\/#primaryimage\",\"url\":\"https:\\\/\\\/www.electronicajnc.com\\\/web\\\/wp-content\\\/uploads\\\/2023\\\/08\\\/12-EN-1-1.jpg\",\"contentUrl\":\"https:\\\/\\\/www.electronicajnc.com\\\/web\\\/wp-content\\\/uploads\\\/2023\\\/08\\\/12-EN-1-1.jpg\",\"width\":2084,\"height\":1878,\"caption\":\"Robot Solar 12 en 1 armable\"},{\"@type\":\"BreadcrumbList\",\"@id\":\"https:\\\/\\\/www.electronicajnc.com\\\/web\\\/producto\\\/robot-solar-12-en-1-armable-steam\\\/#breadcrumb\",\"itemListElement\":[{\"@type\":\"ListItem\",\"position\":1,\"name\":\"Portada\",\"item\":\"https:\\\/\\\/www.electronicajnc.com\\\/web\\\/\"},{\"@type\":\"ListItem\",\"position\":2,\"name\":\"TIENDA\",\"item\":\"https:\\\/\\\/www.electronicajnc.com\\\/web\\\/tienda\\\/\"},{\"@type\":\"ListItem\",\"position\":3,\"name\":\"Robot Solar 12 en 1 armable STEAM\"}]},{\"@type\":\"WebSite\",\"@id\":\"https:\\\/\\\/www.electronicajnc.com\\\/web\\\/#website\",\"url\":\"https:\\\/\\\/www.electronicajnc.com\\\/web\\\/\",\"name\":\"Electronica JNC\",\"description\":\"Robotica Tecnologia Mecatronica en Ecuador\",\"publisher\":{\"@id\":\"https:\\\/\\\/www.electronicajnc.com\\\/web\\\/#organization\"},\"potentialAction\":[{\"@type\":\"SearchAction\",\"target\":{\"@type\":\"EntryPoint\",\"urlTemplate\":\"https:\\\/\\\/www.electronicajnc.com\\\/web\\\/?s={search_term_string}\"},\"query-input\":{\"@type\":\"PropertyValueSpecification\",\"valueRequired\":true,\"valueName\":\"search_term_string\"}}],\"inLanguage\":\"es\"},{\"@type\":\"Organization\",\"@id\":\"https:\\\/\\\/www.electronicajnc.com\\\/web\\\/#organization\",\"name\":\"Electronica JNC\",\"url\":\"https:\\\/\\\/www.electronicajnc.com\\\/web\\\/\",\"logo\":{\"@type\":\"ImageObject\",\"inLanguage\":\"es\",\"@id\":\"https:\\\/\\\/www.electronicajnc.com\\\/web\\\/#\\\/schema\\\/logo\\\/image\\\/\",\"url\":\"https:\\\/\\\/www.electronicajnc.com\\\/web\\\/wp-content\\\/uploads\\\/2023\\\/06\\\/nuevo-logo.jpg\",\"contentUrl\":\"https:\\\/\\\/www.electronicajnc.com\\\/web\\\/wp-content\\\/uploads\\\/2023\\\/06\\\/nuevo-logo.jpg\",\"width\":1256,\"height\":612,\"caption\":\"Electronica JNC\"},\"image\":{\"@id\":\"https:\\\/\\\/www.electronicajnc.com\\\/web\\\/#\\\/schema\\\/logo\\\/image\\\/\"}}]}<\/script>\n<!-- \/ Yoast SEO plugin. -->","yoast_head_json":{"title":"Robot Solar 12 en 1 armable STEAM - Electronica JNC","description":"Robot Solar 12 en 1 armable STEAM Recomendado por profesionales de la educaci\u00f3n ideal para inicio a la rob\u00f3tica una manera divertida de aprender.","robots":{"index":"index","follow":"follow","max-snippet":"max-snippet:-1","max-image-preview":"max-image-preview:large","max-video-preview":"max-video-preview:-1"},"canonical":"https:\/\/www.electronicajnc.com\/web\/producto\/robot-solar-12-en-1-armable-steam\/","og_locale":"es_ES","og_type":"article","og_title":"Robot Solar 12 en 1 armable STEAM - Electronica JNC","og_description":"Robot Solar 12 en 1 armable STEAM Recomendado por profesionales de la educaci\u00f3n ideal para inicio a la rob\u00f3tica una manera divertida de aprender.","og_url":"https:\/\/www.electronicajnc.com\/web\/producto\/robot-solar-12-en-1-armable-steam\/","og_site_name":"Electronica JNC","article_modified_time":"2024-08-19T19:42:41+00:00","og_image":[{"width":2084,"height":1878,"url":"https:\/\/www.electronicajnc.com\/web\/wp-content\/uploads\/2023\/08\/12-EN-1-1.jpg","type":"image\/jpeg"}],"twitter_card":"summary_large_image","twitter_misc":{"Tiempo de lectura":"2 minutos"},"schema":{"@context":"https:\/\/schema.org","@graph":[{"@type":"WebPage","@id":"https:\/\/www.electronicajnc.com\/web\/producto\/robot-solar-12-en-1-armable-steam\/","url":"https:\/\/www.electronicajnc.com\/web\/producto\/robot-solar-12-en-1-armable-steam\/","name":"Robot Solar 12 en 1 armable STEAM - Electronica JNC","isPartOf":{"@id":"https:\/\/www.electronicajnc.com\/web\/#website"},"primaryImageOfPage":{"@id":"https:\/\/www.electronicajnc.com\/web\/producto\/robot-solar-12-en-1-armable-steam\/#primaryimage"},"image":{"@id":"https:\/\/www.electronicajnc.com\/web\/producto\/robot-solar-12-en-1-armable-steam\/#primaryimage"},"thumbnailUrl":"https:\/\/www.electronicajnc.com\/web\/wp-content\/uploads\/2023\/08\/12-EN-1-1.jpg","datePublished":"2023-08-29T19:41:26+00:00","dateModified":"2024-08-19T19:42:41+00:00","description":"Robot Solar 12 en 1 armable STEAM Recomendado por profesionales de la educaci\u00f3n ideal para inicio a la rob\u00f3tica una manera divertida de aprender.","breadcrumb":{"@id":"https:\/\/www.electronicajnc.com\/web\/producto\/robot-solar-12-en-1-armable-steam\/#breadcrumb"},"inLanguage":"es","potentialAction":[{"@type":"ReadAction","target":["https:\/\/www.electronicajnc.com\/web\/producto\/robot-solar-12-en-1-armable-steam\/"]}]},{"@type":"ImageObject","inLanguage":"es","@id":"https:\/\/www.electronicajnc.com\/web\/producto\/robot-solar-12-en-1-armable-steam\/#primaryimage","url":"https:\/\/www.electronicajnc.com\/web\/wp-content\/uploads\/2023\/08\/12-EN-1-1.jpg","contentUrl":"https:\/\/www.electronicajnc.com\/web\/wp-content\/uploads\/2023\/08\/12-EN-1-1.jpg","width":2084,"height":1878,"caption":"Robot Solar 12 en 1 armable"},{"@type":"BreadcrumbList","@id":"https:\/\/www.electronicajnc.com\/web\/producto\/robot-solar-12-en-1-armable-steam\/#breadcrumb","itemListElement":[{"@type":"ListItem","position":1,"name":"Portada","item":"https:\/\/www.electronicajnc.com\/web\/"},{"@type":"ListItem","position":2,"name":"TIENDA","item":"https:\/\/www.electronicajnc.com\/web\/tienda\/"},{"@type":"ListItem","position":3,"name":"Robot Solar 12 en 1 armable STEAM"}]},{"@type":"WebSite","@id":"https:\/\/www.electronicajnc.com\/web\/#website","url":"https:\/\/www.electronicajnc.com\/web\/","name":"Electronica JNC","description":"Robotica Tecnologia Mecatronica en Ecuador","publisher":{"@id":"https:\/\/www.electronicajnc.com\/web\/#organization"},"potentialAction":[{"@type":"SearchAction","target":{"@type":"EntryPoint","urlTemplate":"https:\/\/www.electronicajnc.com\/web\/?s={search_term_string}"},"query-input":{"@type":"PropertyValueSpecification","valueRequired":true,"valueName":"search_term_string"}}],"inLanguage":"es"},{"@type":"Organization","@id":"https:\/\/www.electronicajnc.com\/web\/#organization","name":"Electronica JNC","url":"https:\/\/www.electronicajnc.com\/web\/","logo":{"@type":"ImageObject","inLanguage":"es","@id":"https:\/\/www.electronicajnc.com\/web\/#\/schema\/logo\/image\/","url":"https:\/\/www.electronicajnc.com\/web\/wp-content\/uploads\/2023\/06\/nuevo-logo.jpg","contentUrl":"https:\/\/www.electronicajnc.com\/web\/wp-content\/uploads\/2023\/06\/nuevo-logo.jpg","width":1256,"height":612,"caption":"Electronica JNC"},"image":{"@id":"https:\/\/www.electronicajnc.com\/web\/#\/schema\/logo\/image\/"}}]}},"_links":{"self":[{"href":"https:\/\/www.electronicajnc.com\/web\/wp-json\/wp\/v2\/product\/840","targetHints":{"allow":["GET"]}}],"collection":[{"href":"https:\/\/www.electronicajnc.com\/web\/wp-json\/wp\/v2\/product"}],"about":[{"href":"https:\/\/www.electronicajnc.com\/web\/wp-json\/wp\/v2\/types\/product"}],"replies":[{"embeddable":true,"href":"https:\/\/www.electronicajnc.com\/web\/wp-json\/wp\/v2\/comments?post=840"}],"wp:featuredmedia":[{"embeddable":true,"href":"https:\/\/www.electronicajnc.com\/web\/wp-json\/wp\/v2\/media\/841"}],"wp:attachment":[{"href":"https:\/\/www.electronicajnc.com\/web\/wp-json\/wp\/v2\/media?parent=840"}],"wp:term":[{"taxonomy":"product_brand","embeddable":true,"href":"https:\/\/www.electronicajnc.com\/web\/wp-json\/wp\/v2\/product_brand?post=840"},{"taxonomy":"product_cat","embeddable":true,"href":"https:\/\/www.electronicajnc.com\/web\/wp-json\/wp\/v2\/product_cat?post=840"},{"taxonomy":"product_tag","embeddable":true,"href":"https:\/\/www.electronicajnc.com\/web\/wp-json\/wp\/v2\/product_tag?post=840"}],"curies":[{"name":"wp","href":"https:\/\/api.w.org\/{rel}","templated":true}]}}