{"id":845,"date":"2023-08-29T20:04:53","date_gmt":"2023-08-29T20:04:53","guid":{"rendered":"https:\/\/www.electronicajnc.com\/web\/?post_type=product&#038;p=845"},"modified":"2023-12-21T13:42:42","modified_gmt":"2023-12-21T13:42:42","slug":"dinosaurio-robot-solar-3-en-1","status":"publish","type":"product","link":"https:\/\/www.electronicajnc.com\/web\/producto\/dinosaurio-robot-solar-3-en-1\/","title":{"rendered":"Dinosaurio Robot Solar 3 en 1"},"content":{"rendered":"<p id=\"title\" class=\"a-size-large a-spacing-none\"><span id=\"productTitle\" class=\"a-size-large product-title-word-break\">Dinosaurio Robot Solar 3 en 1<\/span><\/p>\n<p><img decoding=\"async\" class=\"aligncenter\" src=\"https:\/\/m.media-amazon.com\/images\/I\/71T6q8noXJL._AC_UF350,350_QL80_.jpg\" alt=\"Achort 3 en 1 Juguetes educativos de Robot Solar, Kit de Robot de Dinosaurio con energ\u00eda Solar, Juguetes Stem Kit de Experimento de Ciencia de construcci\u00f3n de Bricolaje para ni\u00f1os ni\u00f1os ni\u00f1as\" \/><\/p>\n<div class=\"celwidget aplus-module 3p-module-b aplus-standard\" data-csa-c-id=\"o5oo6c-ttcaqz-465lk8-tqv0td\" data-cel-widget=\"aplus-3p-module-b\">\n<div class=\"aplus-module-wrapper aplus-3p-fixed-width\">\n<h3 class=\"a-spacing-mini\"><strong>Kits de Robots Solares 3 en 1<\/strong><\/h3>\n<p class=\"a-spacing-base\">Este kit de ciencia para ni\u00f1os puede construir 3 tipos diferentes de robots por s\u00ed mismos, lo que ayuda a los ni\u00f1os a construir una base s\u00f3lida en ciencia, tecnolog\u00eda, ingenier\u00eda y matem\u00e1ticas a una edad temprana. Las piezas se pueden desmontar f\u00e1cilmente despu\u00e9s de completar un kit de robot.<\/p>\n<\/div>\n<\/div>\n<div class=\"celwidget aplus-module module-1 aplus-standard\" data-csa-c-id=\"lkl60e-k9lxr6-t6tzvg-9iyvwk\" data-cel-widget=\"aplus-module-1\">\n<div class=\"aplus-module-wrapper apm-fixed-width\">\n<div class=\"apm-spacing apm-wrap\">\n<div class=\"apm-floatleft apm-wrap\"><span style=\"font-size: 2.61792em; letter-spacing: -1px;\">Dinosaurio Robot Solar 3 en 1<\/span><\/div>\n<\/div>\n<\/div>\n<\/div>\n<h3 class=\"a-spacing-mini\">Excelente adici\u00f3n a un plan de estudios de escuela en casa.<\/h3>\n<p><span class=\"a-list-item\">Este ROBOT para ni\u00f1os de 8 a 12 a\u00f1os viene con todas las piezas que necesita para construir un robot real desde cero, desde pistones y ejes hasta engranajes, llantas y m\u00e1s<\/span><\/p>\n<ul class=\"a-unordered-list a-vertical\">\n<li><span class=\"a-list-item\">El robot de dinosaurio\u00a0 utiliza la energ\u00eda proporcionada por el sol para impulsar cualquiera de los cuatro robots. Los ni\u00f1os construir\u00e1n un panel solar alimentado por cables positivos y negativos, lo pondr\u00e1n al sol para absorber energ\u00eda y el robot se mover\u00e1 bajo la luz solar directa.<\/span><\/li>\n<\/ul>\n<h4 class=\"a-spacing-mini\"><strong>Unidad de Energ\u00eda Solar<\/strong><\/h4>\n<p>\u00a1No se necesitan bater\u00edas! Los kits de robot solar pueden funcionar libremente con luz solar intensa y tambi\u00e9n pueden usar luz para alimentar el robot en d\u00edas nublados. para que no tengas que limitarte a los d\u00edas soleados para jugar con el robot.<\/p>\n<p><span class=\"a-text-bold\">Caracter\u00edsticas:<\/span><br \/>\n\u25cf Divi\u00e9rtete con 3 en 1 DIY transforma los robots solares dinosaurios, perforadoras, insectos.<br \/>\n\u25cf Fuente de energ\u00eda solar limpia y verde, no requiere bater\u00eda. El robot se mueve a la luz solar directa. Estimular la conciencia de los ni\u00f1os sobre el ahorro de energ\u00eda y la protecci\u00f3n del medio ambiente.<br \/>\n\u25cf Es un dise\u00f1o amigable, que ahorra energ\u00eda, especializado y de moda. Para los estudiantes, es una ayuda did\u00e1ctica perfecta, una forma interesante y educativa de aprender sobre la energ\u00eda solar.<br \/>\n\u25cf Montaje, desensamblaje, reensamblaje, constantemente buscando nuevas formas de resolver problemas, inspirando la imaginaci\u00f3n y la capacidad creativa de los ni\u00f1os, la capacidad pr\u00e1ctica. Desarrollar la inteligencia de los ni\u00f1os mediante el trabajo en equipo<\/p>\n<p><strong>\u00bfD\u00f3nde conseguir ?<\/strong><\/p>\n<p>Puedes conseguir este producto y mucho mas en nuestra tienda de electr\u00f3nica \u201cElectr\u00f3nica JNC\u201d a un excelente precio, de igual manera puedes preguntar por otros productos que tenemos para ti y as\u00ed adquirirlos seg\u00fan tu necesidad para\u00a0 tus proyectos.<\/p>\n<p>Puede retirar sus pedidos en nuestra\u00a0<a href=\"https:\/\/www.electronicajnc.com\/web\/contactos\" target=\"_blank\" rel=\"noopener\">TIENDA F\u00cdSICA<\/a>\u00a0o realizar sus pedidos\u00a0<a href=\"https:\/\/www.electronicajnc.com\/web\/mi-cuenta\" target=\"_blank\" rel=\"noopener\">ONLINE<\/a>\u00a0o por\u00a0<a href=\"https:\/\/api.whatsapp.com\/send?phone=593958753126\" target=\"_blank\" rel=\"noopener\">WHATSAPP<\/a>.<\/p>\n","protected":false},"excerpt":{"rendered":"<p><span class=\"a-list-item\">Recomendado por profesionales de la educaci\u00f3n inicio a la Rob\u00f3tica desarrolla destrezas y habilidades. ayuda trabajo en equipo y fortalecimiento del autoestima siendo una manera divertida de aprender\u00a0<\/span>Apoya la educaci\u00f3n STEM: estos Robots cient\u00edficos ense\u00f1ar\u00e1n a los chicos c\u00f3mo dise\u00f1ar un robot que utiliza energ\u00eda solar, mientras que ayudan a desarrollar la destreza manual, habilidades de resoluci\u00f3n de problemas, mejoran el pensamiento l\u00f3gico, la confianza en s\u00ed mismos y promueve la importancia del trabajo en equipo y la colaboraci\u00f3n, integra ciencia, tecnolog\u00eda, ingenier\u00eda, matem\u00e1ticas<\/p>\n","protected":false},"featured_media":846,"comment_status":"closed","ping_status":"closed","template":"","meta":{"saved_in_kubio":false,"_joinchat":[]},"product_brand":[],"product_cat":[323],"product_tag":[659,342,660,665,348,661,662,278,572,332,31,663,664],"class_list":{"0":"post-845","1":"product","2":"type-product","3":"status-publish","4":"has-post-thumbnail","6":"product_cat-kits-steam","7":"product_tag-13-en-1","8":"product_tag-armable","9":"product_tag-bricolaje","10":"product_tag-colegio","11":"product_tag-escuela","12":"product_tag-infantil","13":"product_tag-juguete","14":"product_tag-kit","15":"product_tag-ninos","16":"product_tag-proyecto-steam","17":"product_tag-robotica","18":"product_tag-solar","19":"product_tag-stem","21":"first","22":"instock","23":"taxable","24":"shipping-taxable","25":"product-type-simple"},"yoast_head":"<!-- This site is optimized with the Yoast SEO plugin v27.4 - https:\/\/yoast.com\/product\/yoast-seo-wordpress\/ -->\n<title>Dinosaurio Robot Solar 3 en 1 - Electronica JNC<\/title>\n<meta name=\"description\" content=\"Recomendado por profesionales de la educaci\u00f3n ideal para inicio a la rob\u00f3tica una manera divertida de aprender. Dinosaurio Robot Solar 3 en 1\" \/>\n<meta name=\"robots\" content=\"index, follow, max-snippet:-1, max-image-preview:large, max-video-preview:-1\" \/>\n<link rel=\"canonical\" href=\"https:\/\/www.electronicajnc.com\/web\/producto\/dinosaurio-robot-solar-3-en-1\/\" \/>\n<meta property=\"og:locale\" content=\"es_ES\" \/>\n<meta property=\"og:type\" content=\"article\" \/>\n<meta property=\"og:title\" content=\"Dinosaurio Robot Solar 3 en 1 - Electronica JNC\" \/>\n<meta property=\"og:description\" content=\"Recomendado por profesionales de la educaci\u00f3n ideal para inicio a la rob\u00f3tica una manera divertida de aprender. Dinosaurio Robot Solar 3 en 1\" \/>\n<meta property=\"og:url\" content=\"https:\/\/www.electronicajnc.com\/web\/producto\/dinosaurio-robot-solar-3-en-1\/\" \/>\n<meta property=\"og:site_name\" content=\"Electronica JNC\" \/>\n<meta property=\"article:modified_time\" content=\"2023-12-21T13:42:42+00:00\" \/>\n<meta property=\"og:image\" content=\"https:\/\/www.electronicajnc.com\/web\/wp-content\/uploads\/2023\/08\/DINOSAURIO-ROBOT.jpg\" \/>\n\t<meta property=\"og:image:width\" content=\"2208\" \/>\n\t<meta property=\"og:image:height\" content=\"1908\" \/>\n\t<meta property=\"og:image:type\" content=\"image\/jpeg\" \/>\n<meta name=\"twitter:card\" content=\"summary_large_image\" \/>\n<meta name=\"twitter:label1\" content=\"Tiempo de lectura\" \/>\n\t<meta name=\"twitter:data1\" content=\"3 minutos\" \/>\n<script type=\"application\/ld+json\" class=\"yoast-schema-graph\">{\"@context\":\"https:\\\/\\\/schema.org\",\"@graph\":[{\"@type\":\"WebPage\",\"@id\":\"https:\\\/\\\/www.electronicajnc.com\\\/web\\\/producto\\\/dinosaurio-robot-solar-3-en-1\\\/\",\"url\":\"https:\\\/\\\/www.electronicajnc.com\\\/web\\\/producto\\\/dinosaurio-robot-solar-3-en-1\\\/\",\"name\":\"Dinosaurio Robot Solar 3 en 1 - Electronica JNC\",\"isPartOf\":{\"@id\":\"https:\\\/\\\/www.electronicajnc.com\\\/web\\\/#website\"},\"primaryImageOfPage\":{\"@id\":\"https:\\\/\\\/www.electronicajnc.com\\\/web\\\/producto\\\/dinosaurio-robot-solar-3-en-1\\\/#primaryimage\"},\"image\":{\"@id\":\"https:\\\/\\\/www.electronicajnc.com\\\/web\\\/producto\\\/dinosaurio-robot-solar-3-en-1\\\/#primaryimage\"},\"thumbnailUrl\":\"https:\\\/\\\/www.electronicajnc.com\\\/web\\\/wp-content\\\/uploads\\\/2023\\\/08\\\/DINOSAURIO-ROBOT.jpg\",\"datePublished\":\"2023-08-29T20:04:53+00:00\",\"dateModified\":\"2023-12-21T13:42:42+00:00\",\"description\":\"Recomendado por profesionales de la educaci\u00f3n ideal para inicio a la rob\u00f3tica una manera divertida de aprender. Dinosaurio Robot Solar 3 en 1\",\"breadcrumb\":{\"@id\":\"https:\\\/\\\/www.electronicajnc.com\\\/web\\\/producto\\\/dinosaurio-robot-solar-3-en-1\\\/#breadcrumb\"},\"inLanguage\":\"es\",\"potentialAction\":[{\"@type\":\"ReadAction\",\"target\":[\"https:\\\/\\\/www.electronicajnc.com\\\/web\\\/producto\\\/dinosaurio-robot-solar-3-en-1\\\/\"]}]},{\"@type\":\"ImageObject\",\"inLanguage\":\"es\",\"@id\":\"https:\\\/\\\/www.electronicajnc.com\\\/web\\\/producto\\\/dinosaurio-robot-solar-3-en-1\\\/#primaryimage\",\"url\":\"https:\\\/\\\/www.electronicajnc.com\\\/web\\\/wp-content\\\/uploads\\\/2023\\\/08\\\/DINOSAURIO-ROBOT.jpg\",\"contentUrl\":\"https:\\\/\\\/www.electronicajnc.com\\\/web\\\/wp-content\\\/uploads\\\/2023\\\/08\\\/DINOSAURIO-ROBOT.jpg\",\"width\":2208,\"height\":1908,\"caption\":\"Dinosaurio Robot Solar 3 en 1 Robot\"},{\"@type\":\"BreadcrumbList\",\"@id\":\"https:\\\/\\\/www.electronicajnc.com\\\/web\\\/producto\\\/dinosaurio-robot-solar-3-en-1\\\/#breadcrumb\",\"itemListElement\":[{\"@type\":\"ListItem\",\"position\":1,\"name\":\"Portada\",\"item\":\"https:\\\/\\\/www.electronicajnc.com\\\/web\\\/\"},{\"@type\":\"ListItem\",\"position\":2,\"name\":\"TIENDA\",\"item\":\"https:\\\/\\\/www.electronicajnc.com\\\/web\\\/tienda\\\/\"},{\"@type\":\"ListItem\",\"position\":3,\"name\":\"Dinosaurio Robot Solar 3 en 1\"}]},{\"@type\":\"WebSite\",\"@id\":\"https:\\\/\\\/www.electronicajnc.com\\\/web\\\/#website\",\"url\":\"https:\\\/\\\/www.electronicajnc.com\\\/web\\\/\",\"name\":\"Electronica JNC\",\"description\":\"Robotica Tecnologia Mecatronica en Ecuador\",\"publisher\":{\"@id\":\"https:\\\/\\\/www.electronicajnc.com\\\/web\\\/#organization\"},\"potentialAction\":[{\"@type\":\"SearchAction\",\"target\":{\"@type\":\"EntryPoint\",\"urlTemplate\":\"https:\\\/\\\/www.electronicajnc.com\\\/web\\\/?s={search_term_string}\"},\"query-input\":{\"@type\":\"PropertyValueSpecification\",\"valueRequired\":true,\"valueName\":\"search_term_string\"}}],\"inLanguage\":\"es\"},{\"@type\":\"Organization\",\"@id\":\"https:\\\/\\\/www.electronicajnc.com\\\/web\\\/#organization\",\"name\":\"Electronica JNC\",\"url\":\"https:\\\/\\\/www.electronicajnc.com\\\/web\\\/\",\"logo\":{\"@type\":\"ImageObject\",\"inLanguage\":\"es\",\"@id\":\"https:\\\/\\\/www.electronicajnc.com\\\/web\\\/#\\\/schema\\\/logo\\\/image\\\/\",\"url\":\"https:\\\/\\\/www.electronicajnc.com\\\/web\\\/wp-content\\\/uploads\\\/2023\\\/06\\\/nuevo-logo.jpg\",\"contentUrl\":\"https:\\\/\\\/www.electronicajnc.com\\\/web\\\/wp-content\\\/uploads\\\/2023\\\/06\\\/nuevo-logo.jpg\",\"width\":1256,\"height\":612,\"caption\":\"Electronica JNC\"},\"image\":{\"@id\":\"https:\\\/\\\/www.electronicajnc.com\\\/web\\\/#\\\/schema\\\/logo\\\/image\\\/\"}}]}<\/script>\n<!-- \/ Yoast SEO plugin. -->","yoast_head_json":{"title":"Dinosaurio Robot Solar 3 en 1 - Electronica JNC","description":"Recomendado por profesionales de la educaci\u00f3n ideal para inicio a la rob\u00f3tica una manera divertida de aprender. Dinosaurio Robot Solar 3 en 1","robots":{"index":"index","follow":"follow","max-snippet":"max-snippet:-1","max-image-preview":"max-image-preview:large","max-video-preview":"max-video-preview:-1"},"canonical":"https:\/\/www.electronicajnc.com\/web\/producto\/dinosaurio-robot-solar-3-en-1\/","og_locale":"es_ES","og_type":"article","og_title":"Dinosaurio Robot Solar 3 en 1 - Electronica JNC","og_description":"Recomendado por profesionales de la educaci\u00f3n ideal para inicio a la rob\u00f3tica una manera divertida de aprender. Dinosaurio Robot Solar 3 en 1","og_url":"https:\/\/www.electronicajnc.com\/web\/producto\/dinosaurio-robot-solar-3-en-1\/","og_site_name":"Electronica JNC","article_modified_time":"2023-12-21T13:42:42+00:00","og_image":[{"width":2208,"height":1908,"url":"https:\/\/www.electronicajnc.com\/web\/wp-content\/uploads\/2023\/08\/DINOSAURIO-ROBOT.jpg","type":"image\/jpeg"}],"twitter_card":"summary_large_image","twitter_misc":{"Tiempo de lectura":"3 minutos"},"schema":{"@context":"https:\/\/schema.org","@graph":[{"@type":"WebPage","@id":"https:\/\/www.electronicajnc.com\/web\/producto\/dinosaurio-robot-solar-3-en-1\/","url":"https:\/\/www.electronicajnc.com\/web\/producto\/dinosaurio-robot-solar-3-en-1\/","name":"Dinosaurio Robot Solar 3 en 1 - Electronica JNC","isPartOf":{"@id":"https:\/\/www.electronicajnc.com\/web\/#website"},"primaryImageOfPage":{"@id":"https:\/\/www.electronicajnc.com\/web\/producto\/dinosaurio-robot-solar-3-en-1\/#primaryimage"},"image":{"@id":"https:\/\/www.electronicajnc.com\/web\/producto\/dinosaurio-robot-solar-3-en-1\/#primaryimage"},"thumbnailUrl":"https:\/\/www.electronicajnc.com\/web\/wp-content\/uploads\/2023\/08\/DINOSAURIO-ROBOT.jpg","datePublished":"2023-08-29T20:04:53+00:00","dateModified":"2023-12-21T13:42:42+00:00","description":"Recomendado por profesionales de la educaci\u00f3n ideal para inicio a la rob\u00f3tica una manera divertida de aprender. Dinosaurio Robot Solar 3 en 1","breadcrumb":{"@id":"https:\/\/www.electronicajnc.com\/web\/producto\/dinosaurio-robot-solar-3-en-1\/#breadcrumb"},"inLanguage":"es","potentialAction":[{"@type":"ReadAction","target":["https:\/\/www.electronicajnc.com\/web\/producto\/dinosaurio-robot-solar-3-en-1\/"]}]},{"@type":"ImageObject","inLanguage":"es","@id":"https:\/\/www.electronicajnc.com\/web\/producto\/dinosaurio-robot-solar-3-en-1\/#primaryimage","url":"https:\/\/www.electronicajnc.com\/web\/wp-content\/uploads\/2023\/08\/DINOSAURIO-ROBOT.jpg","contentUrl":"https:\/\/www.electronicajnc.com\/web\/wp-content\/uploads\/2023\/08\/DINOSAURIO-ROBOT.jpg","width":2208,"height":1908,"caption":"Dinosaurio Robot Solar 3 en 1 Robot"},{"@type":"BreadcrumbList","@id":"https:\/\/www.electronicajnc.com\/web\/producto\/dinosaurio-robot-solar-3-en-1\/#breadcrumb","itemListElement":[{"@type":"ListItem","position":1,"name":"Portada","item":"https:\/\/www.electronicajnc.com\/web\/"},{"@type":"ListItem","position":2,"name":"TIENDA","item":"https:\/\/www.electronicajnc.com\/web\/tienda\/"},{"@type":"ListItem","position":3,"name":"Dinosaurio Robot Solar 3 en 1"}]},{"@type":"WebSite","@id":"https:\/\/www.electronicajnc.com\/web\/#website","url":"https:\/\/www.electronicajnc.com\/web\/","name":"Electronica JNC","description":"Robotica Tecnologia Mecatronica en Ecuador","publisher":{"@id":"https:\/\/www.electronicajnc.com\/web\/#organization"},"potentialAction":[{"@type":"SearchAction","target":{"@type":"EntryPoint","urlTemplate":"https:\/\/www.electronicajnc.com\/web\/?s={search_term_string}"},"query-input":{"@type":"PropertyValueSpecification","valueRequired":true,"valueName":"search_term_string"}}],"inLanguage":"es"},{"@type":"Organization","@id":"https:\/\/www.electronicajnc.com\/web\/#organization","name":"Electronica JNC","url":"https:\/\/www.electronicajnc.com\/web\/","logo":{"@type":"ImageObject","inLanguage":"es","@id":"https:\/\/www.electronicajnc.com\/web\/#\/schema\/logo\/image\/","url":"https:\/\/www.electronicajnc.com\/web\/wp-content\/uploads\/2023\/06\/nuevo-logo.jpg","contentUrl":"https:\/\/www.electronicajnc.com\/web\/wp-content\/uploads\/2023\/06\/nuevo-logo.jpg","width":1256,"height":612,"caption":"Electronica JNC"},"image":{"@id":"https:\/\/www.electronicajnc.com\/web\/#\/schema\/logo\/image\/"}}]}},"_links":{"self":[{"href":"https:\/\/www.electronicajnc.com\/web\/wp-json\/wp\/v2\/product\/845","targetHints":{"allow":["GET"]}}],"collection":[{"href":"https:\/\/www.electronicajnc.com\/web\/wp-json\/wp\/v2\/product"}],"about":[{"href":"https:\/\/www.electronicajnc.com\/web\/wp-json\/wp\/v2\/types\/product"}],"replies":[{"embeddable":true,"href":"https:\/\/www.electronicajnc.com\/web\/wp-json\/wp\/v2\/comments?post=845"}],"wp:featuredmedia":[{"embeddable":true,"href":"https:\/\/www.electronicajnc.com\/web\/wp-json\/wp\/v2\/media\/846"}],"wp:attachment":[{"href":"https:\/\/www.electronicajnc.com\/web\/wp-json\/wp\/v2\/media?parent=845"}],"wp:term":[{"taxonomy":"product_brand","embeddable":true,"href":"https:\/\/www.electronicajnc.com\/web\/wp-json\/wp\/v2\/product_brand?post=845"},{"taxonomy":"product_cat","embeddable":true,"href":"https:\/\/www.electronicajnc.com\/web\/wp-json\/wp\/v2\/product_cat?post=845"},{"taxonomy":"product_tag","embeddable":true,"href":"https:\/\/www.electronicajnc.com\/web\/wp-json\/wp\/v2\/product_tag?post=845"}],"curies":[{"name":"wp","href":"https:\/\/api.w.org\/{rel}","templated":true}]}}