{"id":848,"date":"2023-08-30T00:38:04","date_gmt":"2023-08-30T00:38:04","guid":{"rendered":"https:\/\/www.electronicajnc.com\/web\/?post_type=product&#038;p=848"},"modified":"2023-08-30T22:39:35","modified_gmt":"2023-08-30T22:39:35","slug":"kit-solar-robot-didactico","status":"publish","type":"product","link":"https:\/\/www.electronicajnc.com\/web\/producto\/kit-solar-robot-didactico\/","title":{"rendered":"Kit solar Robot did\u00e1ctico"},"content":{"rendered":"<p>Kit solar Robot did\u00e1ctico<\/p>\n<p><img decoding=\"async\" class=\"aligncenter\" src=\"https:\/\/i0.wp.com\/avelectronics.cc\/wp-content\/uploads\/2018\/03\/6-in-1-1-e1508044910604.jpg?fit=500%2C500&amp;ssl=1\" alt=\"Owi 6 in 1 Educational Solar Kit - AV Electronics\" \/><\/p>\n<p>6 en 1, para armar hasta proyectos diferentes aprovechando la energ\u00eda solar:<\/p>\n<p>Este es un robot que ayuda a desarrollar las habilidades mentales y motrices de los ni\u00f1os, no requiere soldadura ni herramientas especiales, es divertido y muy f\u00e1cil de armar. Todos los proyectos funcionan con un peque\u00f1o motor que es impulsado por energ\u00eda solar recopilada por un panel fotovoltaico, por lo que no \u00a0necesita pilas.<\/p>\n<h1>Kit solar Robot did\u00e1ctico<\/h1>\n<p>Kit solar Robot did\u00e1ctico 6 en 1 para armar hasta 6 proyectos diferentes aprovechando la energ\u00eda solar:<\/p>\n<p><em>Avi\u00f3n<\/em><br \/>\n<em>Cachorro<\/em><br \/>\n<em>Autom\u00f3vil<\/em><br \/>\n<em>Lancha<\/em><br \/>\n<em>Avi\u00f3n giratorio<\/em><br \/>\n<em>Molino<\/em><\/p>\n<p>Este es un juguete que ayuda a desarrollar las habilidades mentales y motrices de los ni\u00f1os, no requiere soldadura ni herramientas especiales, es divertido y muy f\u00e1cil de armar. Todos los proyectos funcionan con un peque\u00f1o motor que es impulsado por\u00a0<a href=\"https:\/\/es.wikipedia.org\/wiki\/Panel_solar\" target=\"_blank\" rel=\"noopener\">energ\u00eda solar<\/a>\u00a0recopilada por un panel fotovoltaico, por lo que no \u00a0necesita pilas.<\/p>\n<p>Las dos partes m\u00e1s importantes de este conjunto son la caja de engranajes y la celda solar . Ambas piezas deben usarse con cada robot si desea que tenga movimiento.\u00a0Construir estas dos partes es simple y solo toma alrededor de 5 minutos en total.<\/p>\n<p>Para hacer que el robot se mueva, debe conectar los cables de la celda solar a la caja de engranajes.\u00a0La gran parte es que no hay soldadura involucrada.<\/p>\n<h4><strong>Caracter\u00edsticas Kit solar Robot did\u00e1ctico:<\/strong><\/h4>\n<ul>\n<li>Nivel b\u00e1sico: para mayores de 7 a\u00f1os<\/li>\n<li>Funciona con energ\u00eda solar<\/li>\n<li>No requiere herramientas especiales o soldadura<\/li>\n<li>Construye: Avi\u00f3n\/Cachorro\/Auto\/Bote\/Avi\u00f3n giratorio\/Molino<\/li>\n<li>Panel solar: 1 Vcc 75 mA<\/li>\n<li>Motor: 12,000 rpm \/ 1.2 Vcc<\/li>\n<li><strong style=\"font-size: 1.41575em;\">Contiene<\/strong><\/li>\n<\/ul>\n<ul>\n<li>Instructivo<\/li>\n<li>26 piezas de pl\u00e1stico<\/li>\n<li>Celda solar<\/li>\n<li>Motor<\/li>\n<li>2 engranes<\/li>\n<li>2 cables cortos<\/li>\n<li>2 cables largos<\/li>\n<\/ul>\n<p><strong>\u00bfD\u00f3nde conseguir ?<\/strong><\/p>\n<p>Puedes conseguir este producto y mucho mas en nuestra tienda de electr\u00f3nica \u201cElectr\u00f3nica JNC\u201d a un excelente precio, de igual manera puedes preguntar por otros productos que tenemos para ti y as\u00ed adquirirlos seg\u00fan tu necesidad para\u00a0 tus proyectos.<\/p>\n<p>Puede retirar sus pedidos en nuestra\u00a0<a href=\"https:\/\/www.electronicajnc.com\/web\/contactos\" target=\"_blank\" rel=\"noopener\">TIENDA F\u00cdSICA<\/a>\u00a0o realizar sus pedidos\u00a0<a href=\"https:\/\/www.electronicajnc.com\/web\/mi-cuenta\" target=\"_blank\" rel=\"noopener\">ONLINE<\/a>\u00a0o por\u00a0<a href=\"https:\/\/api.whatsapp.com\/send?phone=593958753126\" target=\"_blank\" rel=\"noopener\">WHATSAPP<\/a>.<\/p>\n","protected":false},"excerpt":{"rendered":"<p>Kit solar Robot did\u00e1ctico<\/p>\n<p><span class=\"a-list-item\">Recomendado por profesionales de la educaci\u00f3n inicio a la Rob\u00f3tica desarrolla destrezas y habilidades. ayuda trabajo en equipo y fortalecimiento del autoestima siendo una manera divertida de aprender\u00a0<\/span>Apoya la educaci\u00f3n STEM: estos Robots cient\u00edficos ense\u00f1ar\u00e1n a los chicos c\u00f3mo dise\u00f1ar un robot que utiliza energ\u00eda solar, mientras que ayudan a desarrollar la destreza manual, habilidades de resoluci\u00f3n de problemas, mejoran el pensamiento l\u00f3gico, la confianza en s\u00ed mismos y promueve la importancia del trabajo en equipo y la colaboraci\u00f3n, integra ciencia, tecnolog\u00eda, ingenier\u00eda, matem\u00e1ticas<\/p>\n","protected":false},"featured_media":855,"comment_status":"closed","ping_status":"closed","template":"","meta":{"saved_in_kubio":false,"_joinchat":[]},"product_brand":[],"product_cat":[323],"product_tag":[666,665,348,490,667,669,664,668],"class_list":{"0":"post-848","1":"product","2":"type-product","3":"status-publish","4":"has-post-thumbnail","6":"product_cat-kits-steam","7":"product_tag-6-en-1","8":"product_tag-colegio","9":"product_tag-escuela","10":"product_tag-kit-solar","11":"product_tag-proyecto","12":"product_tag-robot-6-en-1","13":"product_tag-stem","14":"product_tag-stem-stem","16":"first","17":"instock","18":"taxable","19":"shipping-taxable","20":"purchasable","21":"product-type-simple"},"yoast_head":"<!-- This site is optimized with the Yoast SEO plugin v27.5 - https:\/\/yoast.com\/product\/yoast-seo-wordpress\/ -->\n<title>Kit solar Robot did\u00e1ctico - Electronica JNC<\/title>\n<meta name=\"description\" content=\"Kit solar Robot did\u00e1ctico Recomendado por profesionales de la educaci\u00f3n ideal para inicio a la rob\u00f3tica una manera divertida de aprender.\" \/>\n<meta name=\"robots\" content=\"index, follow, max-snippet:-1, max-image-preview:large, max-video-preview:-1\" \/>\n<link rel=\"canonical\" href=\"https:\/\/www.electronicajnc.com\/web\/producto\/kit-solar-robot-didactico\/\" \/>\n<meta property=\"og:locale\" content=\"es_ES\" \/>\n<meta property=\"og:type\" content=\"article\" \/>\n<meta property=\"og:title\" content=\"Kit solar Robot did\u00e1ctico - Electronica JNC\" \/>\n<meta property=\"og:description\" content=\"Kit solar Robot did\u00e1ctico Recomendado por profesionales de la educaci\u00f3n ideal para inicio a la rob\u00f3tica una manera divertida de aprender.\" \/>\n<meta property=\"og:url\" content=\"https:\/\/www.electronicajnc.com\/web\/producto\/kit-solar-robot-didactico\/\" \/>\n<meta property=\"og:site_name\" content=\"Electronica JNC\" \/>\n<meta property=\"article:modified_time\" content=\"2023-08-30T22:39:35+00:00\" \/>\n<meta property=\"og:image\" content=\"https:\/\/www.electronicajnc.com\/web\/wp-content\/uploads\/2023\/08\/6-en-1-2.jpg\" \/>\n\t<meta property=\"og:image:width\" content=\"991\" \/>\n\t<meta property=\"og:image:height\" content=\"1082\" \/>\n\t<meta property=\"og:image:type\" content=\"image\/jpeg\" \/>\n<meta name=\"twitter:card\" content=\"summary_large_image\" \/>\n<meta name=\"twitter:label1\" content=\"Tiempo de lectura\" \/>\n\t<meta name=\"twitter:data1\" content=\"2 minutos\" \/>\n<script type=\"application\/ld+json\" class=\"yoast-schema-graph\">{\"@context\":\"https:\\\/\\\/schema.org\",\"@graph\":[{\"@type\":\"WebPage\",\"@id\":\"https:\\\/\\\/www.electronicajnc.com\\\/web\\\/producto\\\/kit-solar-robot-didactico\\\/\",\"url\":\"https:\\\/\\\/www.electronicajnc.com\\\/web\\\/producto\\\/kit-solar-robot-didactico\\\/\",\"name\":\"Kit solar Robot did\u00e1ctico - Electronica JNC\",\"isPartOf\":{\"@id\":\"https:\\\/\\\/www.electronicajnc.com\\\/web\\\/#website\"},\"primaryImageOfPage\":{\"@id\":\"https:\\\/\\\/www.electronicajnc.com\\\/web\\\/producto\\\/kit-solar-robot-didactico\\\/#primaryimage\"},\"image\":{\"@id\":\"https:\\\/\\\/www.electronicajnc.com\\\/web\\\/producto\\\/kit-solar-robot-didactico\\\/#primaryimage\"},\"thumbnailUrl\":\"https:\\\/\\\/www.electronicajnc.com\\\/web\\\/wp-content\\\/uploads\\\/2023\\\/08\\\/6-en-1-2.jpg\",\"datePublished\":\"2023-08-30T00:38:04+00:00\",\"dateModified\":\"2023-08-30T22:39:35+00:00\",\"description\":\"Kit solar Robot did\u00e1ctico Recomendado por profesionales de la educaci\u00f3n ideal para inicio a la rob\u00f3tica una manera divertida de aprender.\",\"breadcrumb\":{\"@id\":\"https:\\\/\\\/www.electronicajnc.com\\\/web\\\/producto\\\/kit-solar-robot-didactico\\\/#breadcrumb\"},\"inLanguage\":\"es\",\"potentialAction\":[{\"@type\":\"ReadAction\",\"target\":[\"https:\\\/\\\/www.electronicajnc.com\\\/web\\\/producto\\\/kit-solar-robot-didactico\\\/\"]}]},{\"@type\":\"ImageObject\",\"inLanguage\":\"es\",\"@id\":\"https:\\\/\\\/www.electronicajnc.com\\\/web\\\/producto\\\/kit-solar-robot-didactico\\\/#primaryimage\",\"url\":\"https:\\\/\\\/www.electronicajnc.com\\\/web\\\/wp-content\\\/uploads\\\/2023\\\/08\\\/6-en-1-2.jpg\",\"contentUrl\":\"https:\\\/\\\/www.electronicajnc.com\\\/web\\\/wp-content\\\/uploads\\\/2023\\\/08\\\/6-en-1-2.jpg\",\"width\":991,\"height\":1082,\"caption\":\"Kit Robot Solar 6 En 1\"},{\"@type\":\"BreadcrumbList\",\"@id\":\"https:\\\/\\\/www.electronicajnc.com\\\/web\\\/producto\\\/kit-solar-robot-didactico\\\/#breadcrumb\",\"itemListElement\":[{\"@type\":\"ListItem\",\"position\":1,\"name\":\"Portada\",\"item\":\"https:\\\/\\\/www.electronicajnc.com\\\/web\\\/\"},{\"@type\":\"ListItem\",\"position\":2,\"name\":\"TIENDA\",\"item\":\"https:\\\/\\\/www.electronicajnc.com\\\/web\\\/tienda\\\/\"},{\"@type\":\"ListItem\",\"position\":3,\"name\":\"Kit solar Robot did\u00e1ctico\"}]},{\"@type\":\"WebSite\",\"@id\":\"https:\\\/\\\/www.electronicajnc.com\\\/web\\\/#website\",\"url\":\"https:\\\/\\\/www.electronicajnc.com\\\/web\\\/\",\"name\":\"Electronica JNC\",\"description\":\"Robotica Tecnologia Mecatronica en Ecuador\",\"publisher\":{\"@id\":\"https:\\\/\\\/www.electronicajnc.com\\\/web\\\/#organization\"},\"potentialAction\":[{\"@type\":\"SearchAction\",\"target\":{\"@type\":\"EntryPoint\",\"urlTemplate\":\"https:\\\/\\\/www.electronicajnc.com\\\/web\\\/?s={search_term_string}\"},\"query-input\":{\"@type\":\"PropertyValueSpecification\",\"valueRequired\":true,\"valueName\":\"search_term_string\"}}],\"inLanguage\":\"es\"},{\"@type\":\"Organization\",\"@id\":\"https:\\\/\\\/www.electronicajnc.com\\\/web\\\/#organization\",\"name\":\"Electronica JNC\",\"url\":\"https:\\\/\\\/www.electronicajnc.com\\\/web\\\/\",\"logo\":{\"@type\":\"ImageObject\",\"inLanguage\":\"es\",\"@id\":\"https:\\\/\\\/www.electronicajnc.com\\\/web\\\/#\\\/schema\\\/logo\\\/image\\\/\",\"url\":\"https:\\\/\\\/www.electronicajnc.com\\\/web\\\/wp-content\\\/uploads\\\/2023\\\/06\\\/nuevo-logo.jpg\",\"contentUrl\":\"https:\\\/\\\/www.electronicajnc.com\\\/web\\\/wp-content\\\/uploads\\\/2023\\\/06\\\/nuevo-logo.jpg\",\"width\":1256,\"height\":612,\"caption\":\"Electronica JNC\"},\"image\":{\"@id\":\"https:\\\/\\\/www.electronicajnc.com\\\/web\\\/#\\\/schema\\\/logo\\\/image\\\/\"}}]}<\/script>\n<!-- \/ Yoast SEO plugin. -->","yoast_head_json":{"title":"Kit solar Robot did\u00e1ctico - Electronica JNC","description":"Kit solar Robot did\u00e1ctico Recomendado por profesionales de la educaci\u00f3n ideal para inicio a la rob\u00f3tica una manera divertida de aprender.","robots":{"index":"index","follow":"follow","max-snippet":"max-snippet:-1","max-image-preview":"max-image-preview:large","max-video-preview":"max-video-preview:-1"},"canonical":"https:\/\/www.electronicajnc.com\/web\/producto\/kit-solar-robot-didactico\/","og_locale":"es_ES","og_type":"article","og_title":"Kit solar Robot did\u00e1ctico - Electronica JNC","og_description":"Kit solar Robot did\u00e1ctico Recomendado por profesionales de la educaci\u00f3n ideal para inicio a la rob\u00f3tica una manera divertida de aprender.","og_url":"https:\/\/www.electronicajnc.com\/web\/producto\/kit-solar-robot-didactico\/","og_site_name":"Electronica JNC","article_modified_time":"2023-08-30T22:39:35+00:00","og_image":[{"width":991,"height":1082,"url":"https:\/\/www.electronicajnc.com\/web\/wp-content\/uploads\/2023\/08\/6-en-1-2.jpg","type":"image\/jpeg"}],"twitter_card":"summary_large_image","twitter_misc":{"Tiempo de lectura":"2 minutos"},"schema":{"@context":"https:\/\/schema.org","@graph":[{"@type":"WebPage","@id":"https:\/\/www.electronicajnc.com\/web\/producto\/kit-solar-robot-didactico\/","url":"https:\/\/www.electronicajnc.com\/web\/producto\/kit-solar-robot-didactico\/","name":"Kit solar Robot did\u00e1ctico - Electronica JNC","isPartOf":{"@id":"https:\/\/www.electronicajnc.com\/web\/#website"},"primaryImageOfPage":{"@id":"https:\/\/www.electronicajnc.com\/web\/producto\/kit-solar-robot-didactico\/#primaryimage"},"image":{"@id":"https:\/\/www.electronicajnc.com\/web\/producto\/kit-solar-robot-didactico\/#primaryimage"},"thumbnailUrl":"https:\/\/www.electronicajnc.com\/web\/wp-content\/uploads\/2023\/08\/6-en-1-2.jpg","datePublished":"2023-08-30T00:38:04+00:00","dateModified":"2023-08-30T22:39:35+00:00","description":"Kit solar Robot did\u00e1ctico Recomendado por profesionales de la educaci\u00f3n ideal para inicio a la rob\u00f3tica una manera divertida de aprender.","breadcrumb":{"@id":"https:\/\/www.electronicajnc.com\/web\/producto\/kit-solar-robot-didactico\/#breadcrumb"},"inLanguage":"es","potentialAction":[{"@type":"ReadAction","target":["https:\/\/www.electronicajnc.com\/web\/producto\/kit-solar-robot-didactico\/"]}]},{"@type":"ImageObject","inLanguage":"es","@id":"https:\/\/www.electronicajnc.com\/web\/producto\/kit-solar-robot-didactico\/#primaryimage","url":"https:\/\/www.electronicajnc.com\/web\/wp-content\/uploads\/2023\/08\/6-en-1-2.jpg","contentUrl":"https:\/\/www.electronicajnc.com\/web\/wp-content\/uploads\/2023\/08\/6-en-1-2.jpg","width":991,"height":1082,"caption":"Kit Robot Solar 6 En 1"},{"@type":"BreadcrumbList","@id":"https:\/\/www.electronicajnc.com\/web\/producto\/kit-solar-robot-didactico\/#breadcrumb","itemListElement":[{"@type":"ListItem","position":1,"name":"Portada","item":"https:\/\/www.electronicajnc.com\/web\/"},{"@type":"ListItem","position":2,"name":"TIENDA","item":"https:\/\/www.electronicajnc.com\/web\/tienda\/"},{"@type":"ListItem","position":3,"name":"Kit solar Robot did\u00e1ctico"}]},{"@type":"WebSite","@id":"https:\/\/www.electronicajnc.com\/web\/#website","url":"https:\/\/www.electronicajnc.com\/web\/","name":"Electronica JNC","description":"Robotica Tecnologia Mecatronica en Ecuador","publisher":{"@id":"https:\/\/www.electronicajnc.com\/web\/#organization"},"potentialAction":[{"@type":"SearchAction","target":{"@type":"EntryPoint","urlTemplate":"https:\/\/www.electronicajnc.com\/web\/?s={search_term_string}"},"query-input":{"@type":"PropertyValueSpecification","valueRequired":true,"valueName":"search_term_string"}}],"inLanguage":"es"},{"@type":"Organization","@id":"https:\/\/www.electronicajnc.com\/web\/#organization","name":"Electronica JNC","url":"https:\/\/www.electronicajnc.com\/web\/","logo":{"@type":"ImageObject","inLanguage":"es","@id":"https:\/\/www.electronicajnc.com\/web\/#\/schema\/logo\/image\/","url":"https:\/\/www.electronicajnc.com\/web\/wp-content\/uploads\/2023\/06\/nuevo-logo.jpg","contentUrl":"https:\/\/www.electronicajnc.com\/web\/wp-content\/uploads\/2023\/06\/nuevo-logo.jpg","width":1256,"height":612,"caption":"Electronica JNC"},"image":{"@id":"https:\/\/www.electronicajnc.com\/web\/#\/schema\/logo\/image\/"}}]}},"_links":{"self":[{"href":"https:\/\/www.electronicajnc.com\/web\/wp-json\/wp\/v2\/product\/848","targetHints":{"allow":["GET"]}}],"collection":[{"href":"https:\/\/www.electronicajnc.com\/web\/wp-json\/wp\/v2\/product"}],"about":[{"href":"https:\/\/www.electronicajnc.com\/web\/wp-json\/wp\/v2\/types\/product"}],"replies":[{"embeddable":true,"href":"https:\/\/www.electronicajnc.com\/web\/wp-json\/wp\/v2\/comments?post=848"}],"wp:featuredmedia":[{"embeddable":true,"href":"https:\/\/www.electronicajnc.com\/web\/wp-json\/wp\/v2\/media\/855"}],"wp:attachment":[{"href":"https:\/\/www.electronicajnc.com\/web\/wp-json\/wp\/v2\/media?parent=848"}],"wp:term":[{"taxonomy":"product_brand","embeddable":true,"href":"https:\/\/www.electronicajnc.com\/web\/wp-json\/wp\/v2\/product_brand?post=848"},{"taxonomy":"product_cat","embeddable":true,"href":"https:\/\/www.electronicajnc.com\/web\/wp-json\/wp\/v2\/product_cat?post=848"},{"taxonomy":"product_tag","embeddable":true,"href":"https:\/\/www.electronicajnc.com\/web\/wp-json\/wp\/v2\/product_tag?post=848"}],"curies":[{"name":"wp","href":"https:\/\/api.w.org\/{rel}","templated":true}]}}