{"id":873,"date":"2023-09-08T17:50:48","date_gmt":"2023-09-08T17:50:48","guid":{"rendered":"https:\/\/www.electronicajnc.com\/web\/?post_type=product&#038;p=873"},"modified":"2024-08-06T15:43:48","modified_gmt":"2024-08-06T15:43:48","slug":"kit-basic-modulos-sensores-para-arduino","status":"publish","type":"product","link":"https:\/\/www.electronicajnc.com\/web\/producto\/kit-basic-modulos-sensores-para-arduino\/","title":{"rendered":"Kit Basico Modulos Sensores Para Arduino"},"content":{"rendered":"<p style=\"text-align: left;\">Kit B\u00e1sico M\u00f3dulos Sensores Para Arduino<\/p>\n<p>\u00a0Este kit Uno compatible con Arduino, semi completo, plataforma de c\u00f3digo abierto, lista e ideal para que estudiantes empiecen r\u00e1pida y f\u00e1cilmente a aprender electr\u00f3nica y Rob\u00f3tica, el cual le permite ir\u00a0 conociendo y aplicando tanto la codificaci\u00f3n (programaci\u00f3n) como la electr\u00f3nica (hardware) a trav\u00e9s de proyectos divertidos, atractivos y pr\u00e1cticos.<\/p>\n<p>El uso de un kit para ense\u00f1ar a los estudiantes sobre la corriente, el voltaje y la l\u00f3gica digital, as\u00ed como los fundamentos de la programaci\u00f3n; tambi\u00e9n sirve como introducci\u00f3n a los sensores y c\u00f3mo comprender las se\u00f1ales digitales y anal\u00f3gicas. Dentro de todo esto, ense\u00f1ar\u00e1 a los estudiantes c\u00f3mo pensar cr\u00edticamente, aprender en colaboraci\u00f3n y resolver problemas.<\/p>\n<h1>Kit B\u00e1sico M\u00f3dulos Sensores Para Arduino<\/h1>\n<p>Kit Basico con\u00a0 M\u00f3dulos y Sensores Para Arduino<\/p>\n<p><strong><span data-spm-anchor-id=\"a2700.wholesale.0.i35.6ae67346qNcrKR\">CONTENIDO DEL KIT:<\/span><\/strong><span data-spm-anchor-id=\"a2700.wholesale.0.i34.6ae67346qNcrKR\"><br \/>\n5 LEDS amarillo<br \/>\n5 leds verdes<br \/>\n5 leds rojos<br \/>\n1 led RGB<br \/>\n1 TERMISTOR<br \/>\n1 Switch<br \/>\n2 LDRS<br \/>\n10 cables macho &#8211; macho<br \/>\n30 resistencias<br \/>\n6 pulsadores<br \/>\n1 potenci\u00f3metro(10K)<br \/>\n1 Buzzer Activo<br \/>\n1Buzzer pasivo<br \/>\n1 Modulo DHT11<br \/>\n1 Display 7 segmentos<br \/>\n1Modulo nivel de agua<br \/>\n1 Modulo sensor de sonido<br \/>\n1 Modulo de humedad y temperatura<br \/>\n1Modulo evita Obstaculo<br \/>\n1 USB Cable<br \/>\n1 Protoboard<br \/>\n1 Tarjeta programable Uno R3 para Arduino<\/span><\/p>\n<div>\n<h1><strong style=\"font-size: 16px;\">\u00bfD\u00f3nde conseguir ?<\/strong><\/h1>\n<\/div>\n<p>Puedes conseguir este producto y mucho mas en nuestra tienda de electr\u00f3nica \u201cElectr\u00f3nica JNC\u201d a un excelente precio, de igual manera puedes preguntar por otros productos que tenemos para ti y as\u00ed adquirirlos seg\u00fan tu necesidad para\u00a0 tus proyectos.<\/p>\n<p>Adem\u00e1s de vender realizamos todo tipo de proyectos de Rob\u00f3tica Electr\u00f3nica y de Programaci\u00f3n en Arduino-Raspberry, brindamos asesoramiento en la elaboraci\u00f3n de proyectos y personalizamos sus clases cuando deseas armar un robot.<\/p>\n<p>Somos importadores Directos de todo en Electr\u00f3nica y Rob\u00f3tica directamente desde los fabricantes, a los mejores precios del mercado.<\/p>\n<div class=\"x11i5rnm xat24cr x1mh8g0r x1vvkbs xtlvy1s x126k92a\">\n<div dir=\"auto\">SERVICIO PERSONALIZADO, APOYO TEORICO Y VENTA DE MATERIAL<\/div>\n<\/div>\n<div class=\"x11i5rnm xat24cr x1mh8g0r x1vvkbs xtlvy1s x126k92a\">\n<div dir=\"auto\">COTIZA CON NOSOTROS<\/div>\n<div dir=\"auto\">SERVICIO, EXPERIENCIA, CALIDAD Y CONFIANZA<\/div>\n<div dir=\"auto\">\u00abTodo lo que buscas en un solo lugar\u00bb<\/div>\n<\/div>\n<div dir=\"auto\"><\/div>\n<p><img decoding=\"async\" class=\"aligncenter\" src=\"https:\/\/images.ua.prom.st\/1494267654_1494267654.jpg?PImaGE_ID=1494267654\" \/><\/p>\n<p style=\"text-align: center;\">Realizar un pedido en la web o por \u00a0<a href=\"https:\/\/api.whatsapp.com\/send?phone=593958753126\" target=\"_blank\" rel=\"noopener\">WHATSAPP<\/a>.<\/p>\n<p><img decoding=\"async\" class=\"aligncenter\" src=\"https:\/\/images.ua.prom.st\/1494267867_1494267867.jpg?PImaGE_ID=1494267867\" \/><\/p>\n<p style=\"text-align: center;\">Consulta con un asesor\u00a0 todas tus inquietudes.<\/p>\n<p><img decoding=\"async\" class=\"aligncenter\" src=\"https:\/\/images.ua.prom.st\/1494266627_1494266627.jpg?PImaGE_ID=1494266627\" \/><\/p>\n<p style=\"text-align: center;\">Pregunta las formas de pago.<\/p>\n<p><img decoding=\"async\" class=\"aligncenter\" src=\"https:\/\/images.ua.prom.st\/1494267985_1494267985.jpg?PImaGE_ID=1494267985\" \/><\/p>\n<p style=\"text-align: center;\">Tu pedido llega a la puerta de tu casa.<\/p>\n<p>&nbsp;<\/p>\n<p><strong>\u00a1\u00a1 PREGUNTANOS Sin compromiso !!!!<\/strong><\/p>\n<p>Puede retirar sus pedidos en nuestra\u00a0<a href=\"https:\/\/www.electronicajnc.com\/web\/contactos\" target=\"_blank\" rel=\"noopener\">TIENDA F\u00cdSICA<\/a>\u00a0o realizar sus pedidos\u00a0<a href=\"https:\/\/www.electronicajnc.com\/web\/mi-cuenta\" target=\"_blank\" rel=\"noopener\">ONLINE<\/a>\u00a0o por\u00a0<a href=\"https:\/\/api.whatsapp.com\/send?phone=593958753126\" target=\"_blank\" rel=\"noopener\">WHATSAPP<\/a>.<\/p>\n<p>&nbsp;<\/p>\n","protected":false},"excerpt":{"rendered":"<p>Kit Basic M\u00f3dulos Sensores Para Arduino kit Arduino Uno, una de las placas m\u00e1s practicas y vers\u00e1tiles esta plataforma de c\u00f3digo abierto, lista para empezar r\u00e1pida y f\u00e1cilmente a aprender electr\u00f3nica y Rob\u00f3tica<\/p>\n","protected":false},"featured_media":874,"comment_status":"closed","ping_status":"closed","template":"","meta":{"saved_in_kubio":false,"_joinchat":[]},"product_brand":[],"product_cat":[52],"product_tag":[44,33,41,45,46,39,40,36,34,38,37,79,42,43,35],"class_list":{"0":"post-873","1":"product","2":"type-product","3":"status-publish","4":"has-post-thumbnail","6":"product_cat-tarjetas-compatibles-con-arduino","7":"product_tag-arduino-mega","8":"product_tag-arduino-uno-modulo-pir","9":"product_tag-baterias","10":"product_tag-distribuidores","11":"product_tag-electronica","12":"product_tag-electrovalvulas","13":"product_tag-fuentes","14":"product_tag-lm35","15":"product_tag-modulo-ultrasonico","16":"product_tag-multimetros","17":"product_tag-protoboard","18":"product_tag-proyectos","19":"product_tag-robot-seguidor-de-linea","20":"product_tag-robot-zumo","21":"product_tag-sensor-de-temperatura","23":"first","24":"instock","25":"taxable","26":"shipping-taxable","27":"purchasable","28":"product-type-simple"},"yoast_head":"<!-- This site is optimized with the Yoast SEO plugin v27.4 - https:\/\/yoast.com\/product\/yoast-seo-wordpress\/ -->\n<title>Kit Basico Modulos Sensores Para Arduino - Electronica JNC<\/title>\n<meta name=\"description\" content=\"Kit B\u00e1sico M\u00f3dulos Sensores Para Arduino semi completo, ideal para que estudiantes empiecen r\u00e1pida y f\u00e1cilmente a aprender electr\u00f3nica y Rob\u00f3tica\" \/>\n<meta name=\"robots\" content=\"index, follow, max-snippet:-1, max-image-preview:large, max-video-preview:-1\" \/>\n<link rel=\"canonical\" href=\"https:\/\/www.electronicajnc.com\/web\/producto\/kit-basic-modulos-sensores-para-arduino\/\" \/>\n<meta property=\"og:locale\" content=\"es_ES\" \/>\n<meta property=\"og:type\" content=\"article\" \/>\n<meta property=\"og:title\" content=\"Kit Basico Modulos Sensores Para Arduino - Electronica JNC\" \/>\n<meta property=\"og:description\" content=\"Kit B\u00e1sico M\u00f3dulos Sensores Para Arduino semi completo, ideal para que estudiantes empiecen r\u00e1pida y f\u00e1cilmente a aprender electr\u00f3nica y Rob\u00f3tica\" \/>\n<meta property=\"og:url\" content=\"https:\/\/www.electronicajnc.com\/web\/producto\/kit-basic-modulos-sensores-para-arduino\/\" \/>\n<meta property=\"og:site_name\" content=\"Electronica JNC\" \/>\n<meta property=\"article:modified_time\" content=\"2024-08-06T15:43:48+00:00\" \/>\n<meta property=\"og:image\" content=\"https:\/\/www.electronicajnc.com\/web\/wp-content\/uploads\/2023\/09\/kit-mega-39.jpg\" \/>\n\t<meta property=\"og:image:width\" content=\"1929\" \/>\n\t<meta property=\"og:image:height\" content=\"1817\" \/>\n\t<meta property=\"og:image:type\" content=\"image\/jpeg\" \/>\n<meta name=\"twitter:card\" content=\"summary_large_image\" \/>\n<meta name=\"twitter:label1\" content=\"Tiempo de lectura\" \/>\n\t<meta name=\"twitter:data1\" content=\"3 minutos\" \/>\n<script type=\"application\/ld+json\" class=\"yoast-schema-graph\">{\"@context\":\"https:\\\/\\\/schema.org\",\"@graph\":[{\"@type\":\"WebPage\",\"@id\":\"https:\\\/\\\/www.electronicajnc.com\\\/web\\\/producto\\\/kit-basic-modulos-sensores-para-arduino\\\/\",\"url\":\"https:\\\/\\\/www.electronicajnc.com\\\/web\\\/producto\\\/kit-basic-modulos-sensores-para-arduino\\\/\",\"name\":\"Kit Basico Modulos Sensores Para Arduino - Electronica JNC\",\"isPartOf\":{\"@id\":\"https:\\\/\\\/www.electronicajnc.com\\\/web\\\/#website\"},\"primaryImageOfPage\":{\"@id\":\"https:\\\/\\\/www.electronicajnc.com\\\/web\\\/producto\\\/kit-basic-modulos-sensores-para-arduino\\\/#primaryimage\"},\"image\":{\"@id\":\"https:\\\/\\\/www.electronicajnc.com\\\/web\\\/producto\\\/kit-basic-modulos-sensores-para-arduino\\\/#primaryimage\"},\"thumbnailUrl\":\"https:\\\/\\\/www.electronicajnc.com\\\/web\\\/wp-content\\\/uploads\\\/2023\\\/09\\\/kit-mega-39.jpg\",\"datePublished\":\"2023-09-08T17:50:48+00:00\",\"dateModified\":\"2024-08-06T15:43:48+00:00\",\"description\":\"Kit B\u00e1sico M\u00f3dulos Sensores Para Arduino semi completo, ideal para que estudiantes empiecen r\u00e1pida y f\u00e1cilmente a aprender electr\u00f3nica y Rob\u00f3tica\",\"breadcrumb\":{\"@id\":\"https:\\\/\\\/www.electronicajnc.com\\\/web\\\/producto\\\/kit-basic-modulos-sensores-para-arduino\\\/#breadcrumb\"},\"inLanguage\":\"es\",\"potentialAction\":[{\"@type\":\"ReadAction\",\"target\":[\"https:\\\/\\\/www.electronicajnc.com\\\/web\\\/producto\\\/kit-basic-modulos-sensores-para-arduino\\\/\"]}]},{\"@type\":\"ImageObject\",\"inLanguage\":\"es\",\"@id\":\"https:\\\/\\\/www.electronicajnc.com\\\/web\\\/producto\\\/kit-basic-modulos-sensores-para-arduino\\\/#primaryimage\",\"url\":\"https:\\\/\\\/www.electronicajnc.com\\\/web\\\/wp-content\\\/uploads\\\/2023\\\/09\\\/kit-mega-39.jpg\",\"contentUrl\":\"https:\\\/\\\/www.electronicajnc.com\\\/web\\\/wp-content\\\/uploads\\\/2023\\\/09\\\/kit-mega-39.jpg\",\"width\":1929,\"height\":1817,\"caption\":\"Kit Basic Modulos Sensores Para Arduino Basic Kit\"},{\"@type\":\"BreadcrumbList\",\"@id\":\"https:\\\/\\\/www.electronicajnc.com\\\/web\\\/producto\\\/kit-basic-modulos-sensores-para-arduino\\\/#breadcrumb\",\"itemListElement\":[{\"@type\":\"ListItem\",\"position\":1,\"name\":\"Portada\",\"item\":\"https:\\\/\\\/www.electronicajnc.com\\\/web\\\/\"},{\"@type\":\"ListItem\",\"position\":2,\"name\":\"TIENDA\",\"item\":\"https:\\\/\\\/www.electronicajnc.com\\\/web\\\/tienda\\\/\"},{\"@type\":\"ListItem\",\"position\":3,\"name\":\"Kit Basico Modulos Sensores Para Arduino\"}]},{\"@type\":\"WebSite\",\"@id\":\"https:\\\/\\\/www.electronicajnc.com\\\/web\\\/#website\",\"url\":\"https:\\\/\\\/www.electronicajnc.com\\\/web\\\/\",\"name\":\"Electronica JNC\",\"description\":\"Robotica Tecnologia Mecatronica en Ecuador\",\"publisher\":{\"@id\":\"https:\\\/\\\/www.electronicajnc.com\\\/web\\\/#organization\"},\"potentialAction\":[{\"@type\":\"SearchAction\",\"target\":{\"@type\":\"EntryPoint\",\"urlTemplate\":\"https:\\\/\\\/www.electronicajnc.com\\\/web\\\/?s={search_term_string}\"},\"query-input\":{\"@type\":\"PropertyValueSpecification\",\"valueRequired\":true,\"valueName\":\"search_term_string\"}}],\"inLanguage\":\"es\"},{\"@type\":\"Organization\",\"@id\":\"https:\\\/\\\/www.electronicajnc.com\\\/web\\\/#organization\",\"name\":\"Electronica JNC\",\"url\":\"https:\\\/\\\/www.electronicajnc.com\\\/web\\\/\",\"logo\":{\"@type\":\"ImageObject\",\"inLanguage\":\"es\",\"@id\":\"https:\\\/\\\/www.electronicajnc.com\\\/web\\\/#\\\/schema\\\/logo\\\/image\\\/\",\"url\":\"https:\\\/\\\/www.electronicajnc.com\\\/web\\\/wp-content\\\/uploads\\\/2023\\\/06\\\/nuevo-logo.jpg\",\"contentUrl\":\"https:\\\/\\\/www.electronicajnc.com\\\/web\\\/wp-content\\\/uploads\\\/2023\\\/06\\\/nuevo-logo.jpg\",\"width\":1256,\"height\":612,\"caption\":\"Electronica JNC\"},\"image\":{\"@id\":\"https:\\\/\\\/www.electronicajnc.com\\\/web\\\/#\\\/schema\\\/logo\\\/image\\\/\"}}]}<\/script>\n<!-- \/ Yoast SEO plugin. -->","yoast_head_json":{"title":"Kit Basico Modulos Sensores Para Arduino - Electronica JNC","description":"Kit B\u00e1sico M\u00f3dulos Sensores Para Arduino semi completo, ideal para que estudiantes empiecen r\u00e1pida y f\u00e1cilmente a aprender electr\u00f3nica y Rob\u00f3tica","robots":{"index":"index","follow":"follow","max-snippet":"max-snippet:-1","max-image-preview":"max-image-preview:large","max-video-preview":"max-video-preview:-1"},"canonical":"https:\/\/www.electronicajnc.com\/web\/producto\/kit-basic-modulos-sensores-para-arduino\/","og_locale":"es_ES","og_type":"article","og_title":"Kit Basico Modulos Sensores Para Arduino - Electronica JNC","og_description":"Kit B\u00e1sico M\u00f3dulos Sensores Para Arduino semi completo, ideal para que estudiantes empiecen r\u00e1pida y f\u00e1cilmente a aprender electr\u00f3nica y Rob\u00f3tica","og_url":"https:\/\/www.electronicajnc.com\/web\/producto\/kit-basic-modulos-sensores-para-arduino\/","og_site_name":"Electronica JNC","article_modified_time":"2024-08-06T15:43:48+00:00","og_image":[{"width":1929,"height":1817,"url":"https:\/\/www.electronicajnc.com\/web\/wp-content\/uploads\/2023\/09\/kit-mega-39.jpg","type":"image\/jpeg"}],"twitter_card":"summary_large_image","twitter_misc":{"Tiempo de lectura":"3 minutos"},"schema":{"@context":"https:\/\/schema.org","@graph":[{"@type":"WebPage","@id":"https:\/\/www.electronicajnc.com\/web\/producto\/kit-basic-modulos-sensores-para-arduino\/","url":"https:\/\/www.electronicajnc.com\/web\/producto\/kit-basic-modulos-sensores-para-arduino\/","name":"Kit Basico Modulos Sensores Para Arduino - Electronica JNC","isPartOf":{"@id":"https:\/\/www.electronicajnc.com\/web\/#website"},"primaryImageOfPage":{"@id":"https:\/\/www.electronicajnc.com\/web\/producto\/kit-basic-modulos-sensores-para-arduino\/#primaryimage"},"image":{"@id":"https:\/\/www.electronicajnc.com\/web\/producto\/kit-basic-modulos-sensores-para-arduino\/#primaryimage"},"thumbnailUrl":"https:\/\/www.electronicajnc.com\/web\/wp-content\/uploads\/2023\/09\/kit-mega-39.jpg","datePublished":"2023-09-08T17:50:48+00:00","dateModified":"2024-08-06T15:43:48+00:00","description":"Kit B\u00e1sico M\u00f3dulos Sensores Para Arduino semi completo, ideal para que estudiantes empiecen r\u00e1pida y f\u00e1cilmente a aprender electr\u00f3nica y Rob\u00f3tica","breadcrumb":{"@id":"https:\/\/www.electronicajnc.com\/web\/producto\/kit-basic-modulos-sensores-para-arduino\/#breadcrumb"},"inLanguage":"es","potentialAction":[{"@type":"ReadAction","target":["https:\/\/www.electronicajnc.com\/web\/producto\/kit-basic-modulos-sensores-para-arduino\/"]}]},{"@type":"ImageObject","inLanguage":"es","@id":"https:\/\/www.electronicajnc.com\/web\/producto\/kit-basic-modulos-sensores-para-arduino\/#primaryimage","url":"https:\/\/www.electronicajnc.com\/web\/wp-content\/uploads\/2023\/09\/kit-mega-39.jpg","contentUrl":"https:\/\/www.electronicajnc.com\/web\/wp-content\/uploads\/2023\/09\/kit-mega-39.jpg","width":1929,"height":1817,"caption":"Kit Basic Modulos Sensores Para Arduino Basic Kit"},{"@type":"BreadcrumbList","@id":"https:\/\/www.electronicajnc.com\/web\/producto\/kit-basic-modulos-sensores-para-arduino\/#breadcrumb","itemListElement":[{"@type":"ListItem","position":1,"name":"Portada","item":"https:\/\/www.electronicajnc.com\/web\/"},{"@type":"ListItem","position":2,"name":"TIENDA","item":"https:\/\/www.electronicajnc.com\/web\/tienda\/"},{"@type":"ListItem","position":3,"name":"Kit Basico Modulos Sensores Para Arduino"}]},{"@type":"WebSite","@id":"https:\/\/www.electronicajnc.com\/web\/#website","url":"https:\/\/www.electronicajnc.com\/web\/","name":"Electronica JNC","description":"Robotica Tecnologia Mecatronica en Ecuador","publisher":{"@id":"https:\/\/www.electronicajnc.com\/web\/#organization"},"potentialAction":[{"@type":"SearchAction","target":{"@type":"EntryPoint","urlTemplate":"https:\/\/www.electronicajnc.com\/web\/?s={search_term_string}"},"query-input":{"@type":"PropertyValueSpecification","valueRequired":true,"valueName":"search_term_string"}}],"inLanguage":"es"},{"@type":"Organization","@id":"https:\/\/www.electronicajnc.com\/web\/#organization","name":"Electronica JNC","url":"https:\/\/www.electronicajnc.com\/web\/","logo":{"@type":"ImageObject","inLanguage":"es","@id":"https:\/\/www.electronicajnc.com\/web\/#\/schema\/logo\/image\/","url":"https:\/\/www.electronicajnc.com\/web\/wp-content\/uploads\/2023\/06\/nuevo-logo.jpg","contentUrl":"https:\/\/www.electronicajnc.com\/web\/wp-content\/uploads\/2023\/06\/nuevo-logo.jpg","width":1256,"height":612,"caption":"Electronica JNC"},"image":{"@id":"https:\/\/www.electronicajnc.com\/web\/#\/schema\/logo\/image\/"}}]}},"_links":{"self":[{"href":"https:\/\/www.electronicajnc.com\/web\/wp-json\/wp\/v2\/product\/873","targetHints":{"allow":["GET"]}}],"collection":[{"href":"https:\/\/www.electronicajnc.com\/web\/wp-json\/wp\/v2\/product"}],"about":[{"href":"https:\/\/www.electronicajnc.com\/web\/wp-json\/wp\/v2\/types\/product"}],"replies":[{"embeddable":true,"href":"https:\/\/www.electronicajnc.com\/web\/wp-json\/wp\/v2\/comments?post=873"}],"wp:featuredmedia":[{"embeddable":true,"href":"https:\/\/www.electronicajnc.com\/web\/wp-json\/wp\/v2\/media\/874"}],"wp:attachment":[{"href":"https:\/\/www.electronicajnc.com\/web\/wp-json\/wp\/v2\/media?parent=873"}],"wp:term":[{"taxonomy":"product_brand","embeddable":true,"href":"https:\/\/www.electronicajnc.com\/web\/wp-json\/wp\/v2\/product_brand?post=873"},{"taxonomy":"product_cat","embeddable":true,"href":"https:\/\/www.electronicajnc.com\/web\/wp-json\/wp\/v2\/product_cat?post=873"},{"taxonomy":"product_tag","embeddable":true,"href":"https:\/\/www.electronicajnc.com\/web\/wp-json\/wp\/v2\/product_tag?post=873"}],"curies":[{"name":"wp","href":"https:\/\/api.w.org\/{rel}","templated":true}]}}