{"id":901,"date":"2023-10-02T17:01:48","date_gmt":"2023-10-02T17:01:48","guid":{"rendered":"https:\/\/www.electronicajnc.com\/web\/?post_type=product&#038;p=901"},"modified":"2024-07-23T00:17:41","modified_gmt":"2024-07-23T00:17:41","slug":"kit-para-estudiantes-compatible-con-arduino-uno","status":"publish","type":"product","link":"https:\/\/www.electronicajnc.com\/web\/producto\/kit-para-estudiantes-compatible-con-arduino-uno\/","title":{"rendered":"KIT PARA ESTUDIANTES COMPATIBLE CON ARDUINO UNO"},"content":{"rendered":"<p>KIT PARA ESTUDIANTES COMPATIBLE CON ARDUINO UNO<\/p>\n<p>&nbsp;<\/p>\n<p>Este kit compatible con Arduino, b\u00e1sico para estudiantes, con plataforma de c\u00f3digo abierto, lista e ideal para clases de Rob\u00f3tica a precios accesibles y sobre todo de calidad con este es f\u00e1cil aprender electr\u00f3nica y Rob\u00f3tica, el cual le permite ir\u00a0 conociendo y aplicando tanto la codificaci\u00f3n (programaci\u00f3n) como la electr\u00f3nica (hardware) a trav\u00e9s de proyectos divertidos, atractivos y pr\u00e1cticos.<\/p>\n<p>El uso de un kit para ense\u00f1ar a los estudiantes sobre la corriente, el voltaje y la l\u00f3gica digital, as\u00ed como los fundamentos de la programaci\u00f3n; tambi\u00e9n sirve como introducci\u00f3n a los sensores y c\u00f3mo comprender las se\u00f1ales digitales y anal\u00f3gicas. Dentro de todo esto, ense\u00f1ar\u00e1 a los estudiantes c\u00f3mo pensar cr\u00edticamente, aprender en colaboraci\u00f3n y resolver problemas.<\/p>\n<h1>KIT PARA ESTUDIANTES COMPATIBLE CON ARDUINO UNO<\/h1>\n<p><strong><span data-spm-anchor-id=\"a2700.wholesale.0.i35.6ae67346qNcrKR\">CONTENIDO DEL KIT:<\/span><\/strong><span data-spm-anchor-id=\"a2700.wholesale.0.i34.6ae67346qNcrKR\"><br \/>\n<\/span><\/p>\n<p><span data-spm-anchor-id=\"a2700.wholesale.0.i34.6ae67346qNcrKR\">1 Motor 3 -9v Diy<br \/>\n1 Mini servo sg90<br \/>\n1 Placa Uno compatible con Arduino y cable USB<br \/>\nProtoboard 830 puntos<br \/>\n1 Display de 7 segmentos<br \/>\n1 LM 35<br \/>\n2 2N2222A<br \/>\n1 Modulo PIR<br \/>\n1 LDR fototransistor<br \/>\n1 M\u00f3dulo Ultras\u00f3nico<br \/>\n1 potenci\u00f3metro(10K)<br \/>\n1 Buzzer Activo<br \/>\n1 LED RGB<br \/>\n10 LEDS COLORES<br \/>\n4 Pulsadores<br \/>\n1Modulo HX1838<br \/>\n<\/span><\/p>\n<div><\/div>\n<div>\n<h2><b>\u00bfD\u00f3nde<\/b><strong>\u00a0conseguir ?<\/strong><\/h2>\n<\/div>\n<p>Puedes conseguir este producto y mucho mas en nuestra tienda de electr\u00f3nica \u201cElectr\u00f3nica JNC\u201d a un excelente precio, de igual manera puedes preguntar por otros productos que tenemos para ti y as\u00ed adquirirlos seg\u00fan tu necesidad para\u00a0 tus proyectos.<\/p>\n<p>Adem\u00e1s de vender realizamos todo tipo de proyectos de Rob\u00f3tica Electr\u00f3nica y de Programaci\u00f3n compatibles en Arduino-Raspberry, brindamos asesoramiento en la elaboraci\u00f3n de proyectos y personalizamos sus clases cuando deseas armar un robot.<\/p>\n<p>Somos importadores Directos de todo en Electr\u00f3nica y Rob\u00f3tica directamente desde los fabricantes, a los mejores precios del mercado.<\/p>\n<div class=\"x11i5rnm xat24cr x1mh8g0r x1vvkbs xtlvy1s x126k92a\">\n<div dir=\"auto\">SERVICIO PERSONALIZADO, APOYO TEORICO Y VENTA DE MATERIAL<\/div>\n<\/div>\n<div class=\"x11i5rnm xat24cr x1mh8g0r x1vvkbs xtlvy1s x126k92a\">\n<div dir=\"auto\">COTIZA CON NOSOTROS<\/div>\n<div dir=\"auto\">SERVICIO, EXPERIENCIA, CALIDAD Y CONFIANZA<\/div>\n<div dir=\"auto\">\u00abTodo lo que buscas en un solo lugar\u00bb<\/div>\n<\/div>\n<div dir=\"auto\"><\/div>\n<p><img decoding=\"async\" class=\"aligncenter\" src=\"https:\/\/images.ua.prom.st\/1494267654_1494267654.jpg?PImaGE_ID=1494267654\" \/><\/p>\n<p style=\"text-align: center;\">Realizar un pedido en la web o por \u00a0<a href=\"https:\/\/api.whatsapp.com\/send?phone=593958753126\" target=\"_blank\" rel=\"noopener\">WHATSAPP<\/a>.<\/p>\n<p><img decoding=\"async\" class=\"aligncenter\" src=\"https:\/\/images.ua.prom.st\/1494267867_1494267867.jpg?PImaGE_ID=1494267867\" \/><\/p>\n<p style=\"text-align: center;\">Consulta con un asesor\u00a0 todas tus inquietudes.<\/p>\n<p><img decoding=\"async\" class=\"aligncenter\" src=\"https:\/\/images.ua.prom.st\/1494266627_1494266627.jpg?PImaGE_ID=1494266627\" \/><\/p>\n<p style=\"text-align: center;\">Pregunta las formas de pago.<\/p>\n<p><img decoding=\"async\" class=\"aligncenter\" src=\"https:\/\/images.ua.prom.st\/1494267985_1494267985.jpg?PImaGE_ID=1494267985\" \/><\/p>\n<p style=\"text-align: center;\">Tu pedido llega a la puerta de tu casa.<\/p>\n<p>&nbsp;<\/p>\n<p><strong>\u00a1\u00a1 PREG\u00daNTANOS Sin compromiso !!!!<\/strong><\/p>\n<p>Puede retirar sus pedidos en nuestra\u00a0<a href=\"https:\/\/www.electronicajnc.com\/web\/contactos\" target=\"_blank\" rel=\"noopener\">TIENDA F\u00cdSICA<\/a>\u00a0o realizar sus pedidos\u00a0<a href=\"https:\/\/www.electronicajnc.com\/web\/mi-cuenta\" target=\"_blank\" rel=\"noopener\">ONLINE<\/a>\u00a0o por\u00a0<a href=\"https:\/\/api.whatsapp.com\/send?phone=593958753126\" target=\"_blank\" rel=\"noopener\">WHATSAPP<\/a>.<\/p>\n","protected":false},"excerpt":{"rendered":"<p>Kit Basico de M\u00f3dulos Sensores compatibles para Arduino kit Arduino Uno, una de las placas m\u00e1s practicas y vers\u00e1tiles esta plataforma de c\u00f3digo abierto, lista para empezar r\u00e1pida y f\u00e1cilmente a aprender electr\u00f3nica y Rob\u00f3tica<\/p>\n","protected":false},"featured_media":1664,"comment_status":"closed","ping_status":"closed","template":"","meta":{"saved_in_kubio":false,"_joinchat":[]},"product_brand":[],"product_cat":[52],"product_tag":[41,45,46,39,40,36,34,38,37,79,42,43,35],"class_list":{"0":"post-901","1":"product","2":"type-product","3":"status-publish","4":"has-post-thumbnail","6":"product_cat-tarjetas-compatibles-con-arduino","7":"product_tag-baterias","8":"product_tag-distribuidores","9":"product_tag-electronica","10":"product_tag-electrovalvulas","11":"product_tag-fuentes","12":"product_tag-lm35","13":"product_tag-modulo-ultrasonico","14":"product_tag-multimetros","15":"product_tag-protoboard","16":"product_tag-proyectos","17":"product_tag-robot-seguidor-de-linea","18":"product_tag-robot-zumo","19":"product_tag-sensor-de-temperatura","21":"first","22":"instock","23":"taxable","24":"shipping-taxable","25":"purchasable","26":"product-type-simple"},"yoast_head":"<!-- This site is optimized with the Yoast SEO plugin v27.4 - https:\/\/yoast.com\/product\/yoast-seo-wordpress\/ -->\n<title>KIT PARA ESTUDIANTES COMPATIBLE CON ARDUINO UNO - Electronica JNC<\/title>\n<meta name=\"description\" content=\"KIT PARA ESTUDIANTES COMPATIBLE CON ARDUINO UNO ideal para que estudiantes empiecen r\u00e1pida y f\u00e1cilmente a aprender electr\u00f3nica y Rob\u00f3tica\" \/>\n<meta name=\"robots\" content=\"index, follow, max-snippet:-1, max-image-preview:large, max-video-preview:-1\" \/>\n<link rel=\"canonical\" href=\"https:\/\/www.electronicajnc.com\/web\/producto\/kit-para-estudiantes-compatible-con-arduino-uno\/\" \/>\n<meta property=\"og:locale\" content=\"es_ES\" \/>\n<meta property=\"og:type\" content=\"article\" \/>\n<meta property=\"og:title\" content=\"KIT PARA ESTUDIANTES COMPATIBLE CON ARDUINO UNO - Electronica JNC\" \/>\n<meta property=\"og:description\" content=\"KIT PARA ESTUDIANTES COMPATIBLE CON ARDUINO UNO ideal para que estudiantes empiecen r\u00e1pida y f\u00e1cilmente a aprender electr\u00f3nica y Rob\u00f3tica\" \/>\n<meta property=\"og:url\" content=\"https:\/\/www.electronicajnc.com\/web\/producto\/kit-para-estudiantes-compatible-con-arduino-uno\/\" \/>\n<meta property=\"og:site_name\" content=\"Electronica JNC\" \/>\n<meta property=\"article:modified_time\" content=\"2024-07-23T00:17:41+00:00\" \/>\n<meta property=\"og:image\" content=\"https:\/\/www.electronicajnc.com\/web\/wp-content\/uploads\/2023\/10\/kit-de-cambio-39.95-1.jpg\" \/>\n\t<meta property=\"og:image:width\" content=\"749\" \/>\n\t<meta property=\"og:image:height\" content=\"782\" \/>\n\t<meta property=\"og:image:type\" content=\"image\/jpeg\" \/>\n<meta name=\"twitter:card\" content=\"summary_large_image\" \/>\n<meta name=\"twitter:label1\" content=\"Tiempo de lectura\" \/>\n\t<meta name=\"twitter:data1\" content=\"3 minutos\" \/>\n<script type=\"application\/ld+json\" class=\"yoast-schema-graph\">{\"@context\":\"https:\\\/\\\/schema.org\",\"@graph\":[{\"@type\":\"WebPage\",\"@id\":\"https:\\\/\\\/www.electronicajnc.com\\\/web\\\/producto\\\/kit-para-estudiantes-compatible-con-arduino-uno\\\/\",\"url\":\"https:\\\/\\\/www.electronicajnc.com\\\/web\\\/producto\\\/kit-para-estudiantes-compatible-con-arduino-uno\\\/\",\"name\":\"KIT PARA ESTUDIANTES COMPATIBLE CON ARDUINO UNO - Electronica JNC\",\"isPartOf\":{\"@id\":\"https:\\\/\\\/www.electronicajnc.com\\\/web\\\/#website\"},\"primaryImageOfPage\":{\"@id\":\"https:\\\/\\\/www.electronicajnc.com\\\/web\\\/producto\\\/kit-para-estudiantes-compatible-con-arduino-uno\\\/#primaryimage\"},\"image\":{\"@id\":\"https:\\\/\\\/www.electronicajnc.com\\\/web\\\/producto\\\/kit-para-estudiantes-compatible-con-arduino-uno\\\/#primaryimage\"},\"thumbnailUrl\":\"https:\\\/\\\/www.electronicajnc.com\\\/web\\\/wp-content\\\/uploads\\\/2023\\\/10\\\/kit-de-cambio-39.95-1.jpg\",\"datePublished\":\"2023-10-02T17:01:48+00:00\",\"dateModified\":\"2024-07-23T00:17:41+00:00\",\"description\":\"KIT PARA ESTUDIANTES COMPATIBLE CON ARDUINO UNO ideal para que estudiantes empiecen r\u00e1pida y f\u00e1cilmente a aprender electr\u00f3nica y Rob\u00f3tica\",\"breadcrumb\":{\"@id\":\"https:\\\/\\\/www.electronicajnc.com\\\/web\\\/producto\\\/kit-para-estudiantes-compatible-con-arduino-uno\\\/#breadcrumb\"},\"inLanguage\":\"es\",\"potentialAction\":[{\"@type\":\"ReadAction\",\"target\":[\"https:\\\/\\\/www.electronicajnc.com\\\/web\\\/producto\\\/kit-para-estudiantes-compatible-con-arduino-uno\\\/\"]}]},{\"@type\":\"ImageObject\",\"inLanguage\":\"es\",\"@id\":\"https:\\\/\\\/www.electronicajnc.com\\\/web\\\/producto\\\/kit-para-estudiantes-compatible-con-arduino-uno\\\/#primaryimage\",\"url\":\"https:\\\/\\\/www.electronicajnc.com\\\/web\\\/wp-content\\\/uploads\\\/2023\\\/10\\\/kit-de-cambio-39.95-1.jpg\",\"contentUrl\":\"https:\\\/\\\/www.electronicajnc.com\\\/web\\\/wp-content\\\/uploads\\\/2023\\\/10\\\/kit-de-cambio-39.95-1.jpg\",\"width\":749,\"height\":782,\"caption\":\"kit compatible con arduino\"},{\"@type\":\"BreadcrumbList\",\"@id\":\"https:\\\/\\\/www.electronicajnc.com\\\/web\\\/producto\\\/kit-para-estudiantes-compatible-con-arduino-uno\\\/#breadcrumb\",\"itemListElement\":[{\"@type\":\"ListItem\",\"position\":1,\"name\":\"Portada\",\"item\":\"https:\\\/\\\/www.electronicajnc.com\\\/web\\\/\"},{\"@type\":\"ListItem\",\"position\":2,\"name\":\"TIENDA\",\"item\":\"https:\\\/\\\/www.electronicajnc.com\\\/web\\\/tienda\\\/\"},{\"@type\":\"ListItem\",\"position\":3,\"name\":\"KIT PARA ESTUDIANTES COMPATIBLE CON ARDUINO UNO\"}]},{\"@type\":\"WebSite\",\"@id\":\"https:\\\/\\\/www.electronicajnc.com\\\/web\\\/#website\",\"url\":\"https:\\\/\\\/www.electronicajnc.com\\\/web\\\/\",\"name\":\"Electronica JNC\",\"description\":\"Robotica Tecnologia Mecatronica en Ecuador\",\"publisher\":{\"@id\":\"https:\\\/\\\/www.electronicajnc.com\\\/web\\\/#organization\"},\"potentialAction\":[{\"@type\":\"SearchAction\",\"target\":{\"@type\":\"EntryPoint\",\"urlTemplate\":\"https:\\\/\\\/www.electronicajnc.com\\\/web\\\/?s={search_term_string}\"},\"query-input\":{\"@type\":\"PropertyValueSpecification\",\"valueRequired\":true,\"valueName\":\"search_term_string\"}}],\"inLanguage\":\"es\"},{\"@type\":\"Organization\",\"@id\":\"https:\\\/\\\/www.electronicajnc.com\\\/web\\\/#organization\",\"name\":\"Electronica JNC\",\"url\":\"https:\\\/\\\/www.electronicajnc.com\\\/web\\\/\",\"logo\":{\"@type\":\"ImageObject\",\"inLanguage\":\"es\",\"@id\":\"https:\\\/\\\/www.electronicajnc.com\\\/web\\\/#\\\/schema\\\/logo\\\/image\\\/\",\"url\":\"https:\\\/\\\/www.electronicajnc.com\\\/web\\\/wp-content\\\/uploads\\\/2023\\\/06\\\/nuevo-logo.jpg\",\"contentUrl\":\"https:\\\/\\\/www.electronicajnc.com\\\/web\\\/wp-content\\\/uploads\\\/2023\\\/06\\\/nuevo-logo.jpg\",\"width\":1256,\"height\":612,\"caption\":\"Electronica JNC\"},\"image\":{\"@id\":\"https:\\\/\\\/www.electronicajnc.com\\\/web\\\/#\\\/schema\\\/logo\\\/image\\\/\"}}]}<\/script>\n<!-- \/ Yoast SEO plugin. -->","yoast_head_json":{"title":"KIT PARA ESTUDIANTES COMPATIBLE CON ARDUINO UNO - Electronica JNC","description":"KIT PARA ESTUDIANTES COMPATIBLE CON ARDUINO UNO ideal para que estudiantes empiecen r\u00e1pida y f\u00e1cilmente a aprender electr\u00f3nica y Rob\u00f3tica","robots":{"index":"index","follow":"follow","max-snippet":"max-snippet:-1","max-image-preview":"max-image-preview:large","max-video-preview":"max-video-preview:-1"},"canonical":"https:\/\/www.electronicajnc.com\/web\/producto\/kit-para-estudiantes-compatible-con-arduino-uno\/","og_locale":"es_ES","og_type":"article","og_title":"KIT PARA ESTUDIANTES COMPATIBLE CON ARDUINO UNO - Electronica JNC","og_description":"KIT PARA ESTUDIANTES COMPATIBLE CON ARDUINO UNO ideal para que estudiantes empiecen r\u00e1pida y f\u00e1cilmente a aprender electr\u00f3nica y Rob\u00f3tica","og_url":"https:\/\/www.electronicajnc.com\/web\/producto\/kit-para-estudiantes-compatible-con-arduino-uno\/","og_site_name":"Electronica JNC","article_modified_time":"2024-07-23T00:17:41+00:00","og_image":[{"width":749,"height":782,"url":"https:\/\/www.electronicajnc.com\/web\/wp-content\/uploads\/2023\/10\/kit-de-cambio-39.95-1.jpg","type":"image\/jpeg"}],"twitter_card":"summary_large_image","twitter_misc":{"Tiempo de lectura":"3 minutos"},"schema":{"@context":"https:\/\/schema.org","@graph":[{"@type":"WebPage","@id":"https:\/\/www.electronicajnc.com\/web\/producto\/kit-para-estudiantes-compatible-con-arduino-uno\/","url":"https:\/\/www.electronicajnc.com\/web\/producto\/kit-para-estudiantes-compatible-con-arduino-uno\/","name":"KIT PARA ESTUDIANTES COMPATIBLE CON ARDUINO UNO - Electronica JNC","isPartOf":{"@id":"https:\/\/www.electronicajnc.com\/web\/#website"},"primaryImageOfPage":{"@id":"https:\/\/www.electronicajnc.com\/web\/producto\/kit-para-estudiantes-compatible-con-arduino-uno\/#primaryimage"},"image":{"@id":"https:\/\/www.electronicajnc.com\/web\/producto\/kit-para-estudiantes-compatible-con-arduino-uno\/#primaryimage"},"thumbnailUrl":"https:\/\/www.electronicajnc.com\/web\/wp-content\/uploads\/2023\/10\/kit-de-cambio-39.95-1.jpg","datePublished":"2023-10-02T17:01:48+00:00","dateModified":"2024-07-23T00:17:41+00:00","description":"KIT PARA ESTUDIANTES COMPATIBLE CON ARDUINO UNO ideal para que estudiantes empiecen r\u00e1pida y f\u00e1cilmente a aprender electr\u00f3nica y Rob\u00f3tica","breadcrumb":{"@id":"https:\/\/www.electronicajnc.com\/web\/producto\/kit-para-estudiantes-compatible-con-arduino-uno\/#breadcrumb"},"inLanguage":"es","potentialAction":[{"@type":"ReadAction","target":["https:\/\/www.electronicajnc.com\/web\/producto\/kit-para-estudiantes-compatible-con-arduino-uno\/"]}]},{"@type":"ImageObject","inLanguage":"es","@id":"https:\/\/www.electronicajnc.com\/web\/producto\/kit-para-estudiantes-compatible-con-arduino-uno\/#primaryimage","url":"https:\/\/www.electronicajnc.com\/web\/wp-content\/uploads\/2023\/10\/kit-de-cambio-39.95-1.jpg","contentUrl":"https:\/\/www.electronicajnc.com\/web\/wp-content\/uploads\/2023\/10\/kit-de-cambio-39.95-1.jpg","width":749,"height":782,"caption":"kit compatible con arduino"},{"@type":"BreadcrumbList","@id":"https:\/\/www.electronicajnc.com\/web\/producto\/kit-para-estudiantes-compatible-con-arduino-uno\/#breadcrumb","itemListElement":[{"@type":"ListItem","position":1,"name":"Portada","item":"https:\/\/www.electronicajnc.com\/web\/"},{"@type":"ListItem","position":2,"name":"TIENDA","item":"https:\/\/www.electronicajnc.com\/web\/tienda\/"},{"@type":"ListItem","position":3,"name":"KIT PARA ESTUDIANTES COMPATIBLE CON ARDUINO UNO"}]},{"@type":"WebSite","@id":"https:\/\/www.electronicajnc.com\/web\/#website","url":"https:\/\/www.electronicajnc.com\/web\/","name":"Electronica JNC","description":"Robotica Tecnologia Mecatronica en Ecuador","publisher":{"@id":"https:\/\/www.electronicajnc.com\/web\/#organization"},"potentialAction":[{"@type":"SearchAction","target":{"@type":"EntryPoint","urlTemplate":"https:\/\/www.electronicajnc.com\/web\/?s={search_term_string}"},"query-input":{"@type":"PropertyValueSpecification","valueRequired":true,"valueName":"search_term_string"}}],"inLanguage":"es"},{"@type":"Organization","@id":"https:\/\/www.electronicajnc.com\/web\/#organization","name":"Electronica JNC","url":"https:\/\/www.electronicajnc.com\/web\/","logo":{"@type":"ImageObject","inLanguage":"es","@id":"https:\/\/www.electronicajnc.com\/web\/#\/schema\/logo\/image\/","url":"https:\/\/www.electronicajnc.com\/web\/wp-content\/uploads\/2023\/06\/nuevo-logo.jpg","contentUrl":"https:\/\/www.electronicajnc.com\/web\/wp-content\/uploads\/2023\/06\/nuevo-logo.jpg","width":1256,"height":612,"caption":"Electronica JNC"},"image":{"@id":"https:\/\/www.electronicajnc.com\/web\/#\/schema\/logo\/image\/"}}]}},"_links":{"self":[{"href":"https:\/\/www.electronicajnc.com\/web\/wp-json\/wp\/v2\/product\/901","targetHints":{"allow":["GET"]}}],"collection":[{"href":"https:\/\/www.electronicajnc.com\/web\/wp-json\/wp\/v2\/product"}],"about":[{"href":"https:\/\/www.electronicajnc.com\/web\/wp-json\/wp\/v2\/types\/product"}],"replies":[{"embeddable":true,"href":"https:\/\/www.electronicajnc.com\/web\/wp-json\/wp\/v2\/comments?post=901"}],"wp:featuredmedia":[{"embeddable":true,"href":"https:\/\/www.electronicajnc.com\/web\/wp-json\/wp\/v2\/media\/1664"}],"wp:attachment":[{"href":"https:\/\/www.electronicajnc.com\/web\/wp-json\/wp\/v2\/media?parent=901"}],"wp:term":[{"taxonomy":"product_brand","embeddable":true,"href":"https:\/\/www.electronicajnc.com\/web\/wp-json\/wp\/v2\/product_brand?post=901"},{"taxonomy":"product_cat","embeddable":true,"href":"https:\/\/www.electronicajnc.com\/web\/wp-json\/wp\/v2\/product_cat?post=901"},{"taxonomy":"product_tag","embeddable":true,"href":"https:\/\/www.electronicajnc.com\/web\/wp-json\/wp\/v2\/product_tag?post=901"}],"curies":[{"name":"wp","href":"https:\/\/api.w.org\/{rel}","templated":true}]}}