{"id":933,"date":"2023-10-18T17:19:51","date_gmt":"2023-10-18T17:19:51","guid":{"rendered":"https:\/\/www.electronicajnc.com\/web\/?post_type=product&#038;p=933"},"modified":"2024-07-23T00:16:47","modified_gmt":"2024-07-23T00:16:47","slug":"super-promocion-arduino-uno","status":"publish","type":"product","link":"https:\/\/www.electronicajnc.com\/web\/producto\/super-promocion-arduino-uno\/","title":{"rendered":"Super promoci\u00f3n compatible con Arduino"},"content":{"rendered":"<h2>Super promoci\u00f3n Arduino UNO<\/h2>\n<h2>Este Kits es ideal para principiantes de Electr\u00f3nica y Rob\u00f3tica no te quedes sin el tuyo preg\u00fantanos ya una super promoci\u00f3n espera por ti.<\/h2>\n<p>Pregunta tambi\u00e9n por promociones para Instituciones educativas y\/o estudiantes tenemos los mejores precios del mercado. compra y compara<\/p>\n<h2><\/h2>\n<p>\u00bfEst\u00e1 buscando el mejor kit compatible con\u00a0 Arduino? Somos los principales proveedores de gama de calidad para kits compatibles con\u00a0 Arduino,\u00a0 componentes, kits de sensores para Arduino, Raspberry y mucho mas en el Ecuador\u00a0 a precios razonables con una gran garant\u00eda de calidad.<\/p>\n<p>Oferta Kit compatible para Arduino para Principiantes<\/p>\n<p>Ofrecemos la m\u00e1s alta calidad en las herramientas que le permitir\u00e1n hacer exitosos sus Proyectos Arduino.<\/p>\n<h1>Super promoci\u00f3n compatible con Arduino<\/h1>\n<p>Tarjeta Uno Smd compatible con Arduino, buzzer, ldr, 10 resistencias, 5 leds, 10 cables jumper, y un regalo extra&#8230;..<\/p>\n<div>\n<h1><strong style=\"font-size: 16px;\">\u00bfD\u00f3nde conseguir ?<\/strong><\/h1>\n<\/div>\n<p>Puedes conseguir este producto y mucho mas en nuestra tienda de electr\u00f3nica \u201cElectr\u00f3nica JNC\u201d a un excelente precio, de igual manera puedes preguntar por otros productos que tenemos para ti y as\u00ed adquirirlos seg\u00fan tu necesidad para\u00a0 tus proyectos.<\/p>\n<p>Adem\u00e1s de vender realizamos todo tipo de proyectos de Rob\u00f3tica Electr\u00f3nica y de Programaci\u00f3n compatible con\u00a0 Arduino-Raspberry, brindamos asesoramiento en la elaboraci\u00f3n de proyectos y personalizamos sus clases cuando deseas armar un robot.<\/p>\n<p>Somos importadores Directos de todo en Electr\u00f3nica y Rob\u00f3tica directamente desde los fabricantes, a los mejores precios del mercado.<\/p>\n<div class=\"x11i5rnm xat24cr x1mh8g0r x1vvkbs xtlvy1s x126k92a\">\n<div dir=\"auto\">SERVICIO PERSONALIZADO, APOYO TEORICO Y VENTA DE MATERIAL<\/div>\n<\/div>\n<div class=\"x11i5rnm xat24cr x1mh8g0r x1vvkbs xtlvy1s x126k92a\">\n<div dir=\"auto\">COTIZA CON NOSOTROS<\/div>\n<div dir=\"auto\">SERVICIO, EXPERIENCIA, CALIDAD Y CONFIANZA<\/div>\n<div dir=\"auto\">\u00abTodo lo que buscas en un solo lugar\u00bb<\/div>\n<\/div>\n<div dir=\"auto\"><\/div>\n<div dir=\"auto\">\n<p><img decoding=\"async\" class=\"aligncenter\" src=\"https:\/\/images.ua.prom.st\/1494267654_1494267654.jpg?PImaGE_ID=1494267654\" \/><\/p>\n<p style=\"text-align: center;\">Realizar un pedido en la web o por \u00a0<a href=\"https:\/\/api.whatsapp.com\/send?phone=593958753126\" target=\"_blank\" rel=\"noopener\">WHATSAPP<\/a>.<\/p>\n<p><img decoding=\"async\" class=\"aligncenter\" src=\"https:\/\/images.ua.prom.st\/1494267867_1494267867.jpg?PImaGE_ID=1494267867\" \/><\/p>\n<p style=\"text-align: center;\">Consulta con un asesor\u00a0 todas tus inquietudes.<\/p>\n<p><img decoding=\"async\" class=\"aligncenter\" src=\"https:\/\/images.ua.prom.st\/1494266627_1494266627.jpg?PImaGE_ID=1494266627\" \/><\/p>\n<p style=\"text-align: center;\">Pregunta las formas de pago.<\/p>\n<p><img decoding=\"async\" class=\"aligncenter\" src=\"https:\/\/images.ua.prom.st\/1494267985_1494267985.jpg?PImaGE_ID=1494267985\" \/><\/p>\n<p style=\"text-align: center;\">Tu pedido llega a la puerta de tu casa.<\/p>\n<\/div>\n<div dir=\"auto\"><\/div>\n<p><strong>\u00a1\u00a1 PREGUNTANOS Sin compromiso !!!!<\/strong><\/p>\n<p>Puede retirar sus pedidos en nuestra\u00a0<a href=\"https:\/\/www.electronicajnc.com\/web\/contactos\" target=\"_blank\" rel=\"noopener\">TIENDA F\u00cdSICA<\/a>\u00a0o realizar sus pedidos\u00a0<a href=\"https:\/\/www.electronicajnc.com\/web\/mi-cuenta\" target=\"_blank\" rel=\"noopener\">ONLINE<\/a>\u00a0o por\u00a0<a href=\"https:\/\/api.whatsapp.com\/send?phone=593958753126\" target=\"_blank\" rel=\"noopener\">WHATSAPP<\/a>.<\/p>\n<p>ser\u00e1 un gusto servirte TE ESPERAMOS EN NUESTRA TIENDA FISICA.<\/p>\n","protected":false},"excerpt":{"rendered":"<p>&nbsp;<\/p>\n<p>super promoci\u00f3n compatible con Arduino<\/p>\n<p>&nbsp;<\/p>\n","protected":false},"featured_media":1681,"comment_status":"closed","ping_status":"closed","template":"","meta":{"saved_in_kubio":false,"_joinchat":[]},"product_brand":[],"product_cat":[52],"product_tag":[688,686,690,699,710,697,706,712,687,713,694,685,696,701,318,703,704,700,705,702,693,698,707,32,31,35,695],"class_list":{"0":"post-933","1":"product","2":"type-product","3":"status-publish","4":"has-post-thumbnail","6":"product_cat-tarjetas-compatibles-con-arduino","7":"product_tag-aprender-iot","8":"product_tag-comunicacion-inalambrica","9":"product_tag-control-de-motores","10":"product_tag-conversion-analogica-a-digital","11":"product_tag-diseno-de-circuitos","12":"product_tag-educacion-stem","13":"product_tag-esp01-8266","14":"product_tag-internet-de-las-cosas-iot","15":"product_tag-kit-de-electronica","16":"product_tag-kit-de-robotica","17":"product_tag-kit-diy","18":"product_tag-kit-internet-de-las-cosas","19":"product_tag-kit-iot","20":"product_tag-kit-steam","21":"product_tag-microcontrolador","22":"product_tag-modulo-bluetooth-hc05","23":"product_tag-modulo-sensor","24":"product_tag-nodemcu-esp8266","25":"product_tag-pantalla-i2c","26":"product_tag-pantalla-lcd","27":"product_tag-pantalla-led","28":"product_tag-placa-arduino","29":"product_tag-placa-de-pruebas","30":"product_tag-programacion","31":"product_tag-robotica","32":"product_tag-sensor-de-temperatura","33":"product_tag-servomotor","35":"first","36":"instock","37":"taxable","38":"shipping-taxable","39":"purchasable","40":"product-type-simple"},"yoast_head":"<!-- This site is optimized with the Yoast SEO plugin v27.4 - https:\/\/yoast.com\/product\/yoast-seo-wordpress\/ -->\n<title>Super promoci\u00f3n compatible con Arduino - Electronica JNC<\/title>\n<meta name=\"description\" content=\"super promoci\u00f3n Arduino UNO Ofrecemos la m\u00e1s alta calidad en las herramientas que le permitir\u00e1n hacer exitosos sus Proyectos Arduino.\u00a0PREGUNTANOS YA.\" \/>\n<meta name=\"robots\" content=\"index, follow, max-snippet:-1, max-image-preview:large, max-video-preview:-1\" \/>\n<link rel=\"canonical\" href=\"https:\/\/www.electronicajnc.com\/web\/producto\/super-promocion-arduino-uno\/\" \/>\n<meta property=\"og:locale\" content=\"es_ES\" \/>\n<meta property=\"og:type\" content=\"article\" \/>\n<meta property=\"og:title\" content=\"Super promoci\u00f3n compatible con Arduino - Electronica JNC\" \/>\n<meta property=\"og:description\" content=\"super promoci\u00f3n Arduino UNO Ofrecemos la m\u00e1s alta calidad en las herramientas que le permitir\u00e1n hacer exitosos sus Proyectos Arduino.\u00a0PREGUNTANOS YA.\" \/>\n<meta property=\"og:url\" content=\"https:\/\/www.electronicajnc.com\/web\/producto\/super-promocion-arduino-uno\/\" \/>\n<meta property=\"og:site_name\" content=\"Electronica JNC\" \/>\n<meta property=\"article:modified_time\" content=\"2024-07-23T00:16:47+00:00\" \/>\n<meta property=\"og:image\" content=\"https:\/\/www.electronicajnc.com\/web\/wp-content\/uploads\/2023\/10\/PROMO-ARDUINO-13.99.jpg\" \/>\n\t<meta property=\"og:image:width\" content=\"1230\" \/>\n\t<meta property=\"og:image:height\" content=\"1524\" \/>\n\t<meta property=\"og:image:type\" content=\"image\/jpeg\" \/>\n<meta name=\"twitter:card\" content=\"summary_large_image\" \/>\n<meta name=\"twitter:label1\" content=\"Tiempo de lectura\" \/>\n\t<meta name=\"twitter:data1\" content=\"3 minutos\" \/>\n<script type=\"application\/ld+json\" class=\"yoast-schema-graph\">{\"@context\":\"https:\\\/\\\/schema.org\",\"@graph\":[{\"@type\":\"WebPage\",\"@id\":\"https:\\\/\\\/www.electronicajnc.com\\\/web\\\/producto\\\/super-promocion-arduino-uno\\\/\",\"url\":\"https:\\\/\\\/www.electronicajnc.com\\\/web\\\/producto\\\/super-promocion-arduino-uno\\\/\",\"name\":\"Super promoci\u00f3n compatible con Arduino - Electronica JNC\",\"isPartOf\":{\"@id\":\"https:\\\/\\\/www.electronicajnc.com\\\/web\\\/#website\"},\"primaryImageOfPage\":{\"@id\":\"https:\\\/\\\/www.electronicajnc.com\\\/web\\\/producto\\\/super-promocion-arduino-uno\\\/#primaryimage\"},\"image\":{\"@id\":\"https:\\\/\\\/www.electronicajnc.com\\\/web\\\/producto\\\/super-promocion-arduino-uno\\\/#primaryimage\"},\"thumbnailUrl\":\"https:\\\/\\\/www.electronicajnc.com\\\/web\\\/wp-content\\\/uploads\\\/2023\\\/10\\\/PROMO-ARDUINO-13.99.jpg\",\"datePublished\":\"2023-10-18T17:19:51+00:00\",\"dateModified\":\"2024-07-23T00:16:47+00:00\",\"description\":\"super promoci\u00f3n Arduino UNO Ofrecemos la m\u00e1s alta calidad en las herramientas que le permitir\u00e1n hacer exitosos sus Proyectos Arduino.\u00a0PREGUNTANOS YA.\",\"breadcrumb\":{\"@id\":\"https:\\\/\\\/www.electronicajnc.com\\\/web\\\/producto\\\/super-promocion-arduino-uno\\\/#breadcrumb\"},\"inLanguage\":\"es\",\"potentialAction\":[{\"@type\":\"ReadAction\",\"target\":[\"https:\\\/\\\/www.electronicajnc.com\\\/web\\\/producto\\\/super-promocion-arduino-uno\\\/\"]}]},{\"@type\":\"ImageObject\",\"inLanguage\":\"es\",\"@id\":\"https:\\\/\\\/www.electronicajnc.com\\\/web\\\/producto\\\/super-promocion-arduino-uno\\\/#primaryimage\",\"url\":\"https:\\\/\\\/www.electronicajnc.com\\\/web\\\/wp-content\\\/uploads\\\/2023\\\/10\\\/PROMO-ARDUINO-13.99.jpg\",\"contentUrl\":\"https:\\\/\\\/www.electronicajnc.com\\\/web\\\/wp-content\\\/uploads\\\/2023\\\/10\\\/PROMO-ARDUINO-13.99.jpg\",\"width\":1230,\"height\":1524,\"caption\":\"super promoci\u00f3n compatible con Arduino\"},{\"@type\":\"BreadcrumbList\",\"@id\":\"https:\\\/\\\/www.electronicajnc.com\\\/web\\\/producto\\\/super-promocion-arduino-uno\\\/#breadcrumb\",\"itemListElement\":[{\"@type\":\"ListItem\",\"position\":1,\"name\":\"Portada\",\"item\":\"https:\\\/\\\/www.electronicajnc.com\\\/web\\\/\"},{\"@type\":\"ListItem\",\"position\":2,\"name\":\"TIENDA\",\"item\":\"https:\\\/\\\/www.electronicajnc.com\\\/web\\\/tienda\\\/\"},{\"@type\":\"ListItem\",\"position\":3,\"name\":\"Super promoci\u00f3n compatible con Arduino\"}]},{\"@type\":\"WebSite\",\"@id\":\"https:\\\/\\\/www.electronicajnc.com\\\/web\\\/#website\",\"url\":\"https:\\\/\\\/www.electronicajnc.com\\\/web\\\/\",\"name\":\"Electronica JNC\",\"description\":\"Robotica Tecnologia Mecatronica en Ecuador\",\"publisher\":{\"@id\":\"https:\\\/\\\/www.electronicajnc.com\\\/web\\\/#organization\"},\"potentialAction\":[{\"@type\":\"SearchAction\",\"target\":{\"@type\":\"EntryPoint\",\"urlTemplate\":\"https:\\\/\\\/www.electronicajnc.com\\\/web\\\/?s={search_term_string}\"},\"query-input\":{\"@type\":\"PropertyValueSpecification\",\"valueRequired\":true,\"valueName\":\"search_term_string\"}}],\"inLanguage\":\"es\"},{\"@type\":\"Organization\",\"@id\":\"https:\\\/\\\/www.electronicajnc.com\\\/web\\\/#organization\",\"name\":\"Electronica JNC\",\"url\":\"https:\\\/\\\/www.electronicajnc.com\\\/web\\\/\",\"logo\":{\"@type\":\"ImageObject\",\"inLanguage\":\"es\",\"@id\":\"https:\\\/\\\/www.electronicajnc.com\\\/web\\\/#\\\/schema\\\/logo\\\/image\\\/\",\"url\":\"https:\\\/\\\/www.electronicajnc.com\\\/web\\\/wp-content\\\/uploads\\\/2023\\\/06\\\/nuevo-logo.jpg\",\"contentUrl\":\"https:\\\/\\\/www.electronicajnc.com\\\/web\\\/wp-content\\\/uploads\\\/2023\\\/06\\\/nuevo-logo.jpg\",\"width\":1256,\"height\":612,\"caption\":\"Electronica JNC\"},\"image\":{\"@id\":\"https:\\\/\\\/www.electronicajnc.com\\\/web\\\/#\\\/schema\\\/logo\\\/image\\\/\"}}]}<\/script>\n<!-- \/ Yoast SEO plugin. -->","yoast_head_json":{"title":"Super promoci\u00f3n compatible con Arduino - Electronica JNC","description":"super promoci\u00f3n Arduino UNO Ofrecemos la m\u00e1s alta calidad en las herramientas que le permitir\u00e1n hacer exitosos sus Proyectos Arduino.\u00a0PREGUNTANOS YA.","robots":{"index":"index","follow":"follow","max-snippet":"max-snippet:-1","max-image-preview":"max-image-preview:large","max-video-preview":"max-video-preview:-1"},"canonical":"https:\/\/www.electronicajnc.com\/web\/producto\/super-promocion-arduino-uno\/","og_locale":"es_ES","og_type":"article","og_title":"Super promoci\u00f3n compatible con Arduino - Electronica JNC","og_description":"super promoci\u00f3n Arduino UNO Ofrecemos la m\u00e1s alta calidad en las herramientas que le permitir\u00e1n hacer exitosos sus Proyectos Arduino.\u00a0PREGUNTANOS YA.","og_url":"https:\/\/www.electronicajnc.com\/web\/producto\/super-promocion-arduino-uno\/","og_site_name":"Electronica JNC","article_modified_time":"2024-07-23T00:16:47+00:00","og_image":[{"width":1230,"height":1524,"url":"https:\/\/www.electronicajnc.com\/web\/wp-content\/uploads\/2023\/10\/PROMO-ARDUINO-13.99.jpg","type":"image\/jpeg"}],"twitter_card":"summary_large_image","twitter_misc":{"Tiempo de lectura":"3 minutos"},"schema":{"@context":"https:\/\/schema.org","@graph":[{"@type":"WebPage","@id":"https:\/\/www.electronicajnc.com\/web\/producto\/super-promocion-arduino-uno\/","url":"https:\/\/www.electronicajnc.com\/web\/producto\/super-promocion-arduino-uno\/","name":"Super promoci\u00f3n compatible con Arduino - Electronica JNC","isPartOf":{"@id":"https:\/\/www.electronicajnc.com\/web\/#website"},"primaryImageOfPage":{"@id":"https:\/\/www.electronicajnc.com\/web\/producto\/super-promocion-arduino-uno\/#primaryimage"},"image":{"@id":"https:\/\/www.electronicajnc.com\/web\/producto\/super-promocion-arduino-uno\/#primaryimage"},"thumbnailUrl":"https:\/\/www.electronicajnc.com\/web\/wp-content\/uploads\/2023\/10\/PROMO-ARDUINO-13.99.jpg","datePublished":"2023-10-18T17:19:51+00:00","dateModified":"2024-07-23T00:16:47+00:00","description":"super promoci\u00f3n Arduino UNO Ofrecemos la m\u00e1s alta calidad en las herramientas que le permitir\u00e1n hacer exitosos sus Proyectos Arduino.\u00a0PREGUNTANOS YA.","breadcrumb":{"@id":"https:\/\/www.electronicajnc.com\/web\/producto\/super-promocion-arduino-uno\/#breadcrumb"},"inLanguage":"es","potentialAction":[{"@type":"ReadAction","target":["https:\/\/www.electronicajnc.com\/web\/producto\/super-promocion-arduino-uno\/"]}]},{"@type":"ImageObject","inLanguage":"es","@id":"https:\/\/www.electronicajnc.com\/web\/producto\/super-promocion-arduino-uno\/#primaryimage","url":"https:\/\/www.electronicajnc.com\/web\/wp-content\/uploads\/2023\/10\/PROMO-ARDUINO-13.99.jpg","contentUrl":"https:\/\/www.electronicajnc.com\/web\/wp-content\/uploads\/2023\/10\/PROMO-ARDUINO-13.99.jpg","width":1230,"height":1524,"caption":"super promoci\u00f3n compatible con Arduino"},{"@type":"BreadcrumbList","@id":"https:\/\/www.electronicajnc.com\/web\/producto\/super-promocion-arduino-uno\/#breadcrumb","itemListElement":[{"@type":"ListItem","position":1,"name":"Portada","item":"https:\/\/www.electronicajnc.com\/web\/"},{"@type":"ListItem","position":2,"name":"TIENDA","item":"https:\/\/www.electronicajnc.com\/web\/tienda\/"},{"@type":"ListItem","position":3,"name":"Super promoci\u00f3n compatible con Arduino"}]},{"@type":"WebSite","@id":"https:\/\/www.electronicajnc.com\/web\/#website","url":"https:\/\/www.electronicajnc.com\/web\/","name":"Electronica JNC","description":"Robotica Tecnologia Mecatronica en Ecuador","publisher":{"@id":"https:\/\/www.electronicajnc.com\/web\/#organization"},"potentialAction":[{"@type":"SearchAction","target":{"@type":"EntryPoint","urlTemplate":"https:\/\/www.electronicajnc.com\/web\/?s={search_term_string}"},"query-input":{"@type":"PropertyValueSpecification","valueRequired":true,"valueName":"search_term_string"}}],"inLanguage":"es"},{"@type":"Organization","@id":"https:\/\/www.electronicajnc.com\/web\/#organization","name":"Electronica JNC","url":"https:\/\/www.electronicajnc.com\/web\/","logo":{"@type":"ImageObject","inLanguage":"es","@id":"https:\/\/www.electronicajnc.com\/web\/#\/schema\/logo\/image\/","url":"https:\/\/www.electronicajnc.com\/web\/wp-content\/uploads\/2023\/06\/nuevo-logo.jpg","contentUrl":"https:\/\/www.electronicajnc.com\/web\/wp-content\/uploads\/2023\/06\/nuevo-logo.jpg","width":1256,"height":612,"caption":"Electronica JNC"},"image":{"@id":"https:\/\/www.electronicajnc.com\/web\/#\/schema\/logo\/image\/"}}]}},"_links":{"self":[{"href":"https:\/\/www.electronicajnc.com\/web\/wp-json\/wp\/v2\/product\/933","targetHints":{"allow":["GET"]}}],"collection":[{"href":"https:\/\/www.electronicajnc.com\/web\/wp-json\/wp\/v2\/product"}],"about":[{"href":"https:\/\/www.electronicajnc.com\/web\/wp-json\/wp\/v2\/types\/product"}],"replies":[{"embeddable":true,"href":"https:\/\/www.electronicajnc.com\/web\/wp-json\/wp\/v2\/comments?post=933"}],"wp:featuredmedia":[{"embeddable":true,"href":"https:\/\/www.electronicajnc.com\/web\/wp-json\/wp\/v2\/media\/1681"}],"wp:attachment":[{"href":"https:\/\/www.electronicajnc.com\/web\/wp-json\/wp\/v2\/media?parent=933"}],"wp:term":[{"taxonomy":"product_brand","embeddable":true,"href":"https:\/\/www.electronicajnc.com\/web\/wp-json\/wp\/v2\/product_brand?post=933"},{"taxonomy":"product_cat","embeddable":true,"href":"https:\/\/www.electronicajnc.com\/web\/wp-json\/wp\/v2\/product_cat?post=933"},{"taxonomy":"product_tag","embeddable":true,"href":"https:\/\/www.electronicajnc.com\/web\/wp-json\/wp\/v2\/product_tag?post=933"}],"curies":[{"name":"wp","href":"https:\/\/api.w.org\/{rel}","templated":true}]}}