{"id":942,"date":"2023-10-24T22:10:39","date_gmt":"2023-10-24T22:10:39","guid":{"rendered":"https:\/\/www.electronicajnc.com\/web\/?post_type=product&#038;p=942"},"modified":"2023-10-24T22:10:41","modified_gmt":"2023-10-24T22:10:41","slug":"kit-robot-evasor-de-obstaculos-con-arduino","status":"publish","type":"product","link":"https:\/\/www.electronicajnc.com\/web\/producto\/kit-robot-evasor-de-obstaculos-con-arduino\/","title":{"rendered":"Kit Robot Evasor de Obst\u00e1culos con Arduino"},"content":{"rendered":"<p>Kit Robot Evasor de Obst\u00e1culos con Arduino<\/p>\n<p>Este Kit con todo lo necesario, dise\u00f1ado para construir un robot capaz de sortear obst\u00e1culos gracias a su sensor de distancia, sus dos motores que obtienen toda la potencia de motores de velocidad los cuales son controlados mediante circuitos especialmente construidos para tal fin<img fetchpriority=\"high\" decoding=\"async\" class=\"aligncenter\" src=\"https:\/\/scontent.fuio19-1.fna.fbcdn.net\/v\/t39.30808-6\/395550085_6662243780550057_8282398602197229604_n.jpg?_nc_cat=108&amp;ccb=1-7&amp;_nc_sid=5f2048&amp;_nc_eui2=AeEqptvluFET_lTY4G77jMrGPI1NgBdF8qM8jU2AF0Xyoy5OBXwiCrpd3a5xhdI9m0VGLB142CSdLvQrdDtzrxlW&amp;_nc_ohc=BpuILzb8AUcAX-39nPt&amp;_nc_oc=AQldaKsnwYywKoLMweQZjDzAzyQTNm3vG_M4Sfv7OSrYfIhTtteYaaERkvntutXNEsg&amp;_nc_ht=scontent.fuio19-1.fna&amp;oh=00_AfDDC4pVW5q_X6Fx6BhE5hCnnq3EvPRlf3zZStzSuJXmyg&amp;oe=653D4AB3\" width=\"518\" height=\"478\" \/><\/p>\n<p>En este proyecto nos marcamos el objetivo de desarrollar un robot capaz de esquivar objetos. Un robot que avanzar\u00e1 en l\u00ednea recta mientras que no detecte ning\u00fan obst\u00e1culo; en caso de detectar alg\u00fan estorbo, girar\u00e1 sobre s\u00ed mismo hasta que esquive el objeto. Vamos a utilizar para ello una placa de Arduino UNO, un controlador de motores y un sensor de distancia. Una vez terminado el montaje, le a\u00f1adiremos avisos luminosos.<\/p>\n<h1>Kit Robot Evasor de Obst\u00e1culos con Arduino<\/h1>\n<h3><strong>ESPECIFICACIONES Y CARACTER\u00cdSTICAS<\/strong><\/h3>\n<ul>\n<li>Tipo: Robot Evasor de Obst\u00e1culos<\/li>\n<li>Voltaje de alimentaci\u00f3n: 6V DC<\/li>\n<li>Di\u00e1metro de llanta: 66 mm<\/li>\n<li>Ancho de llanta: 26 mm<\/li>\n<li><strong style=\"font-size: 1.41575em;\">Motorreductores<\/strong><\/li>\n<\/ul>\n<ul>\n<li>Voltaje de trabajo: 3 V \/ 5 V \/ 6 V<\/li>\n<li>Corriente de consumo: 100 mA<\/li>\n<li>Tasa de reducci\u00f3n: 48:1<\/li>\n<li>Velocidad (con las llantas montadas)\n<ul>\n<li>3V @ 100 rpm<\/li>\n<li>5V @ 190 rpm<\/li>\n<li>6V @ 240 rpm<\/li>\n<\/ul>\n<\/li>\n<\/ul>\n<div>\n<h1><strong style=\"font-size: 16px;\">\u00bfD\u00f3nde conseguir ?<\/strong><\/h1>\n<\/div>\n<p>Puedes conseguir este producto y mucho mas en nuestra tienda de electr\u00f3nica \u201cElectr\u00f3nica JNC\u201d a un excelente precio, de igual manera puedes preguntar por otros productos que tenemos para ti y as\u00ed adquirirlos seg\u00fan tu necesidad para\u00a0 tus proyectos.<\/p>\n<p>Adem\u00e1s de vender realizamos todo tipo de proyectos de Rob\u00f3tica Electr\u00f3nica y de Programaci\u00f3n en Arduino-Raspberry, brindamos asesoramiento en la elaboraci\u00f3n de proyectos y personalizamos sus clases cuando deseas armar un robot.<\/p>\n<p>Somos importadores Directos de todo en Electr\u00f3nica y Rob\u00f3tica directamente desde los fabricantes, a los mejores precios del mercado.<\/p>\n<div class=\"x11i5rnm xat24cr x1mh8g0r x1vvkbs xtlvy1s x126k92a\">\n<div dir=\"auto\">SERVICIO PERSONALIZADO, APOYO TEORICO Y VENTA DE MATERIAL<\/div>\n<\/div>\n<div class=\"x11i5rnm xat24cr x1mh8g0r x1vvkbs xtlvy1s x126k92a\">\n<div dir=\"auto\">COTIZA CON NOSOTROS<\/div>\n<div dir=\"auto\">SERVICIO, EXPERIENCIA, CALIDAD Y CONFIANZA<\/div>\n<div dir=\"auto\">\u00abTodo lo que buscas en un solo lugar\u00bb<\/div>\n<\/div>\n<div dir=\"auto\"><\/div>\n<p><img decoding=\"async\" class=\"aligncenter\" src=\"https:\/\/images.ua.prom.st\/1494267654_1494267654.jpg?PImaGE_ID=1494267654\" \/><\/p>\n<p style=\"text-align: center;\">Realizar un pedido en la web o por \u00a0<a href=\"https:\/\/api.whatsapp.com\/send?phone=593958753126\" target=\"_blank\" rel=\"noopener\">WHATSAPP<\/a>.<\/p>\n<p><img decoding=\"async\" class=\"aligncenter\" src=\"https:\/\/images.ua.prom.st\/1494267867_1494267867.jpg?PImaGE_ID=1494267867\" \/><\/p>\n<p style=\"text-align: center;\">Consulta con un asesor\u00a0 todas tus inquietudes.<\/p>\n<p><img decoding=\"async\" class=\"aligncenter\" src=\"https:\/\/images.ua.prom.st\/1494266627_1494266627.jpg?PImaGE_ID=1494266627\" \/><\/p>\n<p style=\"text-align: center;\">Pregunta las formas de pago.<\/p>\n<p><img decoding=\"async\" class=\"aligncenter\" src=\"https:\/\/images.ua.prom.st\/1494267985_1494267985.jpg?PImaGE_ID=1494267985\" \/><\/p>\n<p style=\"text-align: center;\">Tu pedido llega a la puerta de tu casa.<\/p>\n<p>&nbsp;<\/p>\n<p><strong>\u00a1\u00a1 PREGUNTANOS Sin compromiso !!!!<\/strong><\/p>\n<p>Puede retirar sus pedidos en nuestra\u00a0<a href=\"https:\/\/www.electronicajnc.com\/web\/contactos\" target=\"_blank\" rel=\"noopener\">TIENDA F\u00cdSICA<\/a>\u00a0o realizar sus pedidos\u00a0<a href=\"https:\/\/www.electronicajnc.com\/web\/mi-cuenta\" target=\"_blank\" rel=\"noopener\">ONLINE<\/a>\u00a0o por\u00a0<a href=\"https:\/\/api.whatsapp.com\/send?phone=593958753126\" target=\"_blank\" rel=\"noopener\">WHATSAPP<\/a>.<\/p>\n<p>&nbsp;<\/p>\n","protected":false},"excerpt":{"rendered":"<p>Este Kit con todo lo necesario, dise\u00f1ado para construir un robot capaz de sortear obst\u00e1culos gracias a su sensor de distancia, sus dos motores que obtienen toda la potencia de motores de velocidad los cuales son controlados mediante circuitos especialmente construidos para tal fin.<\/p>\n","protected":false},"featured_media":944,"comment_status":"closed","ping_status":"closed","template":"","meta":{"saved_in_kubio":false,"_joinchat":[]},"product_brand":[],"product_cat":[53],"product_tag":[688,691,686,719,699,710,697,706,712,692,714,711,687,708,709,713,694,685,696,701,717,715,318,703,704,700,705,702,693,698,707,32,718,31,35,695],"class_list":{"0":"post-942","1":"product","2":"type-product","3":"status-publish","4":"has-post-thumbnail","6":"product_cat-kits-de-robotica","7":"product_tag-aprender-iot","8":"product_tag-compra-online-kit-arduino","9":"product_tag-comunicacion-inalambrica","10":"product_tag-control-de-motores-control-de-motores","11":"product_tag-conversion-analogica-a-digital","12":"product_tag-diseno-de-circuitos","13":"product_tag-educacion-stem","14":"product_tag-esp01-8266","15":"product_tag-internet-de-las-cosas-iot","16":"product_tag-kit-arduino","17":"product_tag-kit-arduino-ecuador","18":"product_tag-kit-arduino-mas-vendido","19":"product_tag-kit-de-electronica","20":"product_tag-kit-de-inicio-arduino","21":"product_tag-kit-de-proyecto-arduino","22":"product_tag-kit-de-robotica","23":"product_tag-kit-diy","24":"product_tag-kit-internet-de-las-cosas","25":"product_tag-kit-iot","26":"product_tag-kit-steam","27":"product_tag-kits-arduino","28":"product_tag-mejor-kit-arduino-ecuador","29":"product_tag-microcontrolador","30":"product_tag-modulo-bluetooth-hc05","31":"product_tag-modulo-sensor","32":"product_tag-nodemcu-esp8266","33":"product_tag-pantalla-i2c","34":"product_tag-pantalla-lcd","35":"product_tag-pantalla-led","36":"product_tag-placa-arduino","37":"product_tag-placa-de-pruebas","38":"product_tag-programacion","39":"product_tag-proyectos-arduino-uno-r3","40":"product_tag-robotica","41":"product_tag-sensor-de-temperatura","42":"product_tag-servomotor","44":"first","45":"instock","46":"taxable","47":"shipping-taxable","48":"purchasable","49":"product-type-simple"},"yoast_head":"<!-- This site is optimized with the Yoast SEO plugin v27.4 - https:\/\/yoast.com\/product\/yoast-seo-wordpress\/ -->\n<title>Kit Robot Evasor de Obst\u00e1culos con Arduino - Electronica JNC<\/title>\n<meta name=\"description\" content=\"Kit Robot Evasor de Obst\u00e1culos con Arduino Este Kit, dise\u00f1ado para construir un robot capaz de sortear obst\u00e1culos por sensor de distancia, y sus dos motores\" \/>\n<meta name=\"robots\" content=\"index, follow, max-snippet:-1, max-image-preview:large, max-video-preview:-1\" \/>\n<link rel=\"canonical\" href=\"https:\/\/www.electronicajnc.com\/web\/producto\/kit-robot-evasor-de-obstaculos-con-arduino\/\" \/>\n<meta property=\"og:locale\" content=\"es_ES\" \/>\n<meta property=\"og:type\" content=\"article\" \/>\n<meta property=\"og:title\" content=\"Kit Robot Evasor de Obst\u00e1culos con Arduino - Electronica JNC\" \/>\n<meta property=\"og:description\" content=\"Kit Robot Evasor de Obst\u00e1culos con Arduino Este Kit, dise\u00f1ado para construir un robot capaz de sortear obst\u00e1culos por sensor de distancia, y sus dos motores\" \/>\n<meta property=\"og:url\" content=\"https:\/\/www.electronicajnc.com\/web\/producto\/kit-robot-evasor-de-obstaculos-con-arduino\/\" \/>\n<meta property=\"og:site_name\" content=\"Electronica JNC\" \/>\n<meta property=\"article:modified_time\" content=\"2023-10-24T22:10:41+00:00\" \/>\n<meta property=\"og:image\" content=\"https:\/\/www.electronicajnc.com\/web\/wp-content\/uploads\/2023\/10\/seguidor-de-linea-con-rueda-loca-1.jpg\" \/>\n\t<meta property=\"og:image:width\" content=\"954\" \/>\n\t<meta property=\"og:image:height\" content=\"880\" \/>\n\t<meta property=\"og:image:type\" content=\"image\/jpeg\" \/>\n<meta name=\"twitter:card\" content=\"summary_large_image\" \/>\n<meta name=\"twitter:label1\" content=\"Tiempo de lectura\" \/>\n\t<meta name=\"twitter:data1\" content=\"3 minutos\" \/>\n<script type=\"application\/ld+json\" class=\"yoast-schema-graph\">{\"@context\":\"https:\\\/\\\/schema.org\",\"@graph\":[{\"@type\":\"WebPage\",\"@id\":\"https:\\\/\\\/www.electronicajnc.com\\\/web\\\/producto\\\/kit-robot-evasor-de-obstaculos-con-arduino\\\/\",\"url\":\"https:\\\/\\\/www.electronicajnc.com\\\/web\\\/producto\\\/kit-robot-evasor-de-obstaculos-con-arduino\\\/\",\"name\":\"Kit Robot Evasor de Obst\u00e1culos con Arduino - Electronica JNC\",\"isPartOf\":{\"@id\":\"https:\\\/\\\/www.electronicajnc.com\\\/web\\\/#website\"},\"primaryImageOfPage\":{\"@id\":\"https:\\\/\\\/www.electronicajnc.com\\\/web\\\/producto\\\/kit-robot-evasor-de-obstaculos-con-arduino\\\/#primaryimage\"},\"image\":{\"@id\":\"https:\\\/\\\/www.electronicajnc.com\\\/web\\\/producto\\\/kit-robot-evasor-de-obstaculos-con-arduino\\\/#primaryimage\"},\"thumbnailUrl\":\"https:\\\/\\\/www.electronicajnc.com\\\/web\\\/wp-content\\\/uploads\\\/2023\\\/10\\\/seguidor-de-linea-con-rueda-loca-1.jpg\",\"datePublished\":\"2023-10-24T22:10:39+00:00\",\"dateModified\":\"2023-10-24T22:10:41+00:00\",\"description\":\"Kit Robot Evasor de Obst\u00e1culos con Arduino Este Kit, dise\u00f1ado para construir un robot capaz de sortear obst\u00e1culos por sensor de distancia, y sus dos motores\",\"breadcrumb\":{\"@id\":\"https:\\\/\\\/www.electronicajnc.com\\\/web\\\/producto\\\/kit-robot-evasor-de-obstaculos-con-arduino\\\/#breadcrumb\"},\"inLanguage\":\"es\",\"potentialAction\":[{\"@type\":\"ReadAction\",\"target\":[\"https:\\\/\\\/www.electronicajnc.com\\\/web\\\/producto\\\/kit-robot-evasor-de-obstaculos-con-arduino\\\/\"]}]},{\"@type\":\"ImageObject\",\"inLanguage\":\"es\",\"@id\":\"https:\\\/\\\/www.electronicajnc.com\\\/web\\\/producto\\\/kit-robot-evasor-de-obstaculos-con-arduino\\\/#primaryimage\",\"url\":\"https:\\\/\\\/www.electronicajnc.com\\\/web\\\/wp-content\\\/uploads\\\/2023\\\/10\\\/seguidor-de-linea-con-rueda-loca-1.jpg\",\"contentUrl\":\"https:\\\/\\\/www.electronicajnc.com\\\/web\\\/wp-content\\\/uploads\\\/2023\\\/10\\\/seguidor-de-linea-con-rueda-loca-1.jpg\",\"width\":954,\"height\":880,\"caption\":\"Robot seguidor de linea\"},{\"@type\":\"BreadcrumbList\",\"@id\":\"https:\\\/\\\/www.electronicajnc.com\\\/web\\\/producto\\\/kit-robot-evasor-de-obstaculos-con-arduino\\\/#breadcrumb\",\"itemListElement\":[{\"@type\":\"ListItem\",\"position\":1,\"name\":\"Portada\",\"item\":\"https:\\\/\\\/www.electronicajnc.com\\\/web\\\/\"},{\"@type\":\"ListItem\",\"position\":2,\"name\":\"TIENDA\",\"item\":\"https:\\\/\\\/www.electronicajnc.com\\\/web\\\/tienda\\\/\"},{\"@type\":\"ListItem\",\"position\":3,\"name\":\"Kit Robot Evasor de Obst\u00e1culos con Arduino\"}]},{\"@type\":\"WebSite\",\"@id\":\"https:\\\/\\\/www.electronicajnc.com\\\/web\\\/#website\",\"url\":\"https:\\\/\\\/www.electronicajnc.com\\\/web\\\/\",\"name\":\"Electronica JNC\",\"description\":\"Robotica Tecnologia Mecatronica en Ecuador\",\"publisher\":{\"@id\":\"https:\\\/\\\/www.electronicajnc.com\\\/web\\\/#organization\"},\"potentialAction\":[{\"@type\":\"SearchAction\",\"target\":{\"@type\":\"EntryPoint\",\"urlTemplate\":\"https:\\\/\\\/www.electronicajnc.com\\\/web\\\/?s={search_term_string}\"},\"query-input\":{\"@type\":\"PropertyValueSpecification\",\"valueRequired\":true,\"valueName\":\"search_term_string\"}}],\"inLanguage\":\"es\"},{\"@type\":\"Organization\",\"@id\":\"https:\\\/\\\/www.electronicajnc.com\\\/web\\\/#organization\",\"name\":\"Electronica JNC\",\"url\":\"https:\\\/\\\/www.electronicajnc.com\\\/web\\\/\",\"logo\":{\"@type\":\"ImageObject\",\"inLanguage\":\"es\",\"@id\":\"https:\\\/\\\/www.electronicajnc.com\\\/web\\\/#\\\/schema\\\/logo\\\/image\\\/\",\"url\":\"https:\\\/\\\/www.electronicajnc.com\\\/web\\\/wp-content\\\/uploads\\\/2023\\\/06\\\/nuevo-logo.jpg\",\"contentUrl\":\"https:\\\/\\\/www.electronicajnc.com\\\/web\\\/wp-content\\\/uploads\\\/2023\\\/06\\\/nuevo-logo.jpg\",\"width\":1256,\"height\":612,\"caption\":\"Electronica JNC\"},\"image\":{\"@id\":\"https:\\\/\\\/www.electronicajnc.com\\\/web\\\/#\\\/schema\\\/logo\\\/image\\\/\"}}]}<\/script>\n<!-- \/ Yoast SEO plugin. -->","yoast_head_json":{"title":"Kit Robot Evasor de Obst\u00e1culos con Arduino - Electronica JNC","description":"Kit Robot Evasor de Obst\u00e1culos con Arduino Este Kit, dise\u00f1ado para construir un robot capaz de sortear obst\u00e1culos por sensor de distancia, y sus dos motores","robots":{"index":"index","follow":"follow","max-snippet":"max-snippet:-1","max-image-preview":"max-image-preview:large","max-video-preview":"max-video-preview:-1"},"canonical":"https:\/\/www.electronicajnc.com\/web\/producto\/kit-robot-evasor-de-obstaculos-con-arduino\/","og_locale":"es_ES","og_type":"article","og_title":"Kit Robot Evasor de Obst\u00e1culos con Arduino - Electronica JNC","og_description":"Kit Robot Evasor de Obst\u00e1culos con Arduino Este Kit, dise\u00f1ado para construir un robot capaz de sortear obst\u00e1culos por sensor de distancia, y sus dos motores","og_url":"https:\/\/www.electronicajnc.com\/web\/producto\/kit-robot-evasor-de-obstaculos-con-arduino\/","og_site_name":"Electronica JNC","article_modified_time":"2023-10-24T22:10:41+00:00","og_image":[{"width":954,"height":880,"url":"https:\/\/www.electronicajnc.com\/web\/wp-content\/uploads\/2023\/10\/seguidor-de-linea-con-rueda-loca-1.jpg","type":"image\/jpeg"}],"twitter_card":"summary_large_image","twitter_misc":{"Tiempo de lectura":"3 minutos"},"schema":{"@context":"https:\/\/schema.org","@graph":[{"@type":"WebPage","@id":"https:\/\/www.electronicajnc.com\/web\/producto\/kit-robot-evasor-de-obstaculos-con-arduino\/","url":"https:\/\/www.electronicajnc.com\/web\/producto\/kit-robot-evasor-de-obstaculos-con-arduino\/","name":"Kit Robot Evasor de Obst\u00e1culos con Arduino - Electronica JNC","isPartOf":{"@id":"https:\/\/www.electronicajnc.com\/web\/#website"},"primaryImageOfPage":{"@id":"https:\/\/www.electronicajnc.com\/web\/producto\/kit-robot-evasor-de-obstaculos-con-arduino\/#primaryimage"},"image":{"@id":"https:\/\/www.electronicajnc.com\/web\/producto\/kit-robot-evasor-de-obstaculos-con-arduino\/#primaryimage"},"thumbnailUrl":"https:\/\/www.electronicajnc.com\/web\/wp-content\/uploads\/2023\/10\/seguidor-de-linea-con-rueda-loca-1.jpg","datePublished":"2023-10-24T22:10:39+00:00","dateModified":"2023-10-24T22:10:41+00:00","description":"Kit Robot Evasor de Obst\u00e1culos con Arduino Este Kit, dise\u00f1ado para construir un robot capaz de sortear obst\u00e1culos por sensor de distancia, y sus dos motores","breadcrumb":{"@id":"https:\/\/www.electronicajnc.com\/web\/producto\/kit-robot-evasor-de-obstaculos-con-arduino\/#breadcrumb"},"inLanguage":"es","potentialAction":[{"@type":"ReadAction","target":["https:\/\/www.electronicajnc.com\/web\/producto\/kit-robot-evasor-de-obstaculos-con-arduino\/"]}]},{"@type":"ImageObject","inLanguage":"es","@id":"https:\/\/www.electronicajnc.com\/web\/producto\/kit-robot-evasor-de-obstaculos-con-arduino\/#primaryimage","url":"https:\/\/www.electronicajnc.com\/web\/wp-content\/uploads\/2023\/10\/seguidor-de-linea-con-rueda-loca-1.jpg","contentUrl":"https:\/\/www.electronicajnc.com\/web\/wp-content\/uploads\/2023\/10\/seguidor-de-linea-con-rueda-loca-1.jpg","width":954,"height":880,"caption":"Robot seguidor de linea"},{"@type":"BreadcrumbList","@id":"https:\/\/www.electronicajnc.com\/web\/producto\/kit-robot-evasor-de-obstaculos-con-arduino\/#breadcrumb","itemListElement":[{"@type":"ListItem","position":1,"name":"Portada","item":"https:\/\/www.electronicajnc.com\/web\/"},{"@type":"ListItem","position":2,"name":"TIENDA","item":"https:\/\/www.electronicajnc.com\/web\/tienda\/"},{"@type":"ListItem","position":3,"name":"Kit Robot Evasor de Obst\u00e1culos con Arduino"}]},{"@type":"WebSite","@id":"https:\/\/www.electronicajnc.com\/web\/#website","url":"https:\/\/www.electronicajnc.com\/web\/","name":"Electronica JNC","description":"Robotica Tecnologia Mecatronica en Ecuador","publisher":{"@id":"https:\/\/www.electronicajnc.com\/web\/#organization"},"potentialAction":[{"@type":"SearchAction","target":{"@type":"EntryPoint","urlTemplate":"https:\/\/www.electronicajnc.com\/web\/?s={search_term_string}"},"query-input":{"@type":"PropertyValueSpecification","valueRequired":true,"valueName":"search_term_string"}}],"inLanguage":"es"},{"@type":"Organization","@id":"https:\/\/www.electronicajnc.com\/web\/#organization","name":"Electronica JNC","url":"https:\/\/www.electronicajnc.com\/web\/","logo":{"@type":"ImageObject","inLanguage":"es","@id":"https:\/\/www.electronicajnc.com\/web\/#\/schema\/logo\/image\/","url":"https:\/\/www.electronicajnc.com\/web\/wp-content\/uploads\/2023\/06\/nuevo-logo.jpg","contentUrl":"https:\/\/www.electronicajnc.com\/web\/wp-content\/uploads\/2023\/06\/nuevo-logo.jpg","width":1256,"height":612,"caption":"Electronica JNC"},"image":{"@id":"https:\/\/www.electronicajnc.com\/web\/#\/schema\/logo\/image\/"}}]}},"_links":{"self":[{"href":"https:\/\/www.electronicajnc.com\/web\/wp-json\/wp\/v2\/product\/942","targetHints":{"allow":["GET"]}}],"collection":[{"href":"https:\/\/www.electronicajnc.com\/web\/wp-json\/wp\/v2\/product"}],"about":[{"href":"https:\/\/www.electronicajnc.com\/web\/wp-json\/wp\/v2\/types\/product"}],"replies":[{"embeddable":true,"href":"https:\/\/www.electronicajnc.com\/web\/wp-json\/wp\/v2\/comments?post=942"}],"wp:featuredmedia":[{"embeddable":true,"href":"https:\/\/www.electronicajnc.com\/web\/wp-json\/wp\/v2\/media\/944"}],"wp:attachment":[{"href":"https:\/\/www.electronicajnc.com\/web\/wp-json\/wp\/v2\/media?parent=942"}],"wp:term":[{"taxonomy":"product_brand","embeddable":true,"href":"https:\/\/www.electronicajnc.com\/web\/wp-json\/wp\/v2\/product_brand?post=942"},{"taxonomy":"product_cat","embeddable":true,"href":"https:\/\/www.electronicajnc.com\/web\/wp-json\/wp\/v2\/product_cat?post=942"},{"taxonomy":"product_tag","embeddable":true,"href":"https:\/\/www.electronicajnc.com\/web\/wp-json\/wp\/v2\/product_tag?post=942"}],"curies":[{"name":"wp","href":"https:\/\/api.w.org\/{rel}","templated":true}]}}