{"id":957,"date":"2023-10-26T17:00:35","date_gmt":"2023-10-26T17:00:35","guid":{"rendered":"https:\/\/www.electronicajnc.com\/web\/?post_type=product&#038;p=957"},"modified":"2025-05-27T16:09:59","modified_gmt":"2025-05-27T16:09:59","slug":"brazo-robotico-acrilico-diy","status":"publish","type":"product","link":"https:\/\/www.electronicajnc.com\/web\/producto\/brazo-robotico-acrilico-diy\/","title":{"rendered":"Brazo Rob\u00f3tico Acr\u00edlico DIY"},"content":{"rendered":"<p class=\"product-title product_title entry-title\">Brazo Rob\u00f3tico Acr\u00edlico DIY Estructura para armar\u00a0 en acr\u00edlico, podr\u00e1s armarlo y construirlo, aprender\u00e1s a controlar el movimiento mediante los servomotores (No incluidos). Con el podr\u00e1s crear proyectos para divertirte.<\/p>\n<p>&nbsp;<\/p>\n<p><img fetchpriority=\"high\" decoding=\"async\" class=\"aligncenter\" src=\"https:\/\/www.electronicajnc.com\/web\/wp-content\/uploads\/2023\/10\/BRAZO-ROBOTICO-SEGUNDA.jpg\" width=\"435\" height=\"373\" \/><\/p>\n<p>Ideal de introducci\u00f3n para conocer el mundo de la rob\u00f3tica a trav\u00e9s de los brazos rob\u00f3ticos<\/p>\n<p>Arma tu Kit que es perfecto para proyectos de rob\u00f3tica. Compatible con Electr\u00f3nica B\u00e1sica, Electr\u00f3nica Digital,\u00a0\u00a0Arduino y Raspberry Pi.<\/p>\n<p>No se recomienda levantar objetos pesados.<\/p>\n<p>Se puede usar para probar la codificaci\u00f3n del servomotor para ingenieros rob\u00f3ticos.<\/p>\n<p>Adecuado para aprender y controlar la teor\u00eda del brazo rob\u00f3tico autom\u00e1tico<\/p>\n<p>Puedes programarlo con cualquier tarjeta de desarrollo como Arduino, Raspberry, Microchip, etc que cuente con salidas PWM.<\/p>\n<h1 class=\"product-title product_title entry-title\">Brazo Rob\u00f3tico Acr\u00edlico DIY<\/h1>\n<ul>\n<li>Material : Acr\u00edlico<\/li>\n<li>Grado : 4 grados de libertad<\/li>\n<li>Para :\u00a08 a\u00f1os y arriba<\/li>\n<li>Peso<strong>\u00a0:<\/strong>\u00a0 450 g<\/li>\n<li>El paquete NO incluye servomotores y si desea se lo podemos agregar por un valor adicional<\/li>\n<\/ul>\n<h2><strong>NOTA EL PRODUCTO ES SOLO LA ESTRUCTURA ACRILICA NO INCLUYE SERVOS NI DEM\u00c1S IMPLEMENTOS<\/strong><\/h2>\n<div>\n<h1><strong>\u00bfD\u00f3nde conseguir ?<\/strong><\/h1>\n<\/div>\n<p>Puedes conseguir este producto y mucho mas en nuestra tienda de electr\u00f3nica \u201cElectr\u00f3nica JNC\u201d a un excelente precio, de igual manera puedes preguntar por otros productos que tenemos para ti y as\u00ed adquirirlos seg\u00fan tu necesidad para\u00a0 tus proyectos.<\/p>\n<p>Adem\u00e1s de vender realizamos todo tipo de proyectos de Rob\u00f3tica Electr\u00f3nica y de Programaci\u00f3n en Arduino-Raspberry, brindamos asesoramiento en la elaboraci\u00f3n de proyectos y personalizamos sus clases cuando deseas armar un robot.<\/p>\n<p>Somos importadores Directos de todo en Electr\u00f3nica y Rob\u00f3tica directamente desde los fabricantes, a los mejores precios del mercado.<\/p>\n<div class=\"x11i5rnm xat24cr x1mh8g0r x1vvkbs xtlvy1s x126k92a\">\n<div dir=\"auto\">SERVICIO PERSONALIZADO, APOYO TEORICO Y VENTA DE MATERIAL<\/div>\n<\/div>\n<div class=\"x11i5rnm xat24cr x1mh8g0r x1vvkbs xtlvy1s x126k92a\">\n<div dir=\"auto\">COTIZA CON NOSOTROS<\/div>\n<div dir=\"auto\">SERVICIO, EXPERIENCIA, CALIDAD Y CONFIANZA<\/div>\n<div dir=\"auto\">\u00abTodo lo que buscas en un solo lugar\u00bb<\/div>\n<\/div>\n<div dir=\"auto\"><\/div>\n<p><img decoding=\"async\" class=\"aligncenter\" src=\"https:\/\/images.ua.prom.st\/1494267654_1494267654.jpg?PImaGE_ID=1494267654\" \/><\/p>\n<p style=\"text-align: center;\">Realizar un pedido en la web o por \u00a0<a href=\"https:\/\/api.whatsapp.com\/send?phone=593958753126\" target=\"_blank\" rel=\"noopener\">WHATSAPP<\/a>.<\/p>\n<p><img decoding=\"async\" class=\"aligncenter\" src=\"https:\/\/images.ua.prom.st\/1494267867_1494267867.jpg?PImaGE_ID=1494267867\" \/><\/p>\n<p style=\"text-align: center;\">Consulta con un asesor\u00a0 todas tus inquietudes.<\/p>\n<p><img decoding=\"async\" class=\"aligncenter\" src=\"https:\/\/images.ua.prom.st\/1494266627_1494266627.jpg?PImaGE_ID=1494266627\" \/><\/p>\n<p style=\"text-align: center;\">Pregunta las formas de pago.<\/p>\n<p><img decoding=\"async\" class=\"aligncenter\" src=\"https:\/\/images.ua.prom.st\/1494267985_1494267985.jpg?PImaGE_ID=1494267985\" \/><\/p>\n<p style=\"text-align: center;\">Tu pedido llega a la puerta de tu casa.<\/p>\n<p>&nbsp;<\/p>\n<p><strong>\u00a1\u00a1 PREGUNTANOS Sin compromiso !!!!<\/strong><\/p>\n<p>Puede retirar sus pedidos en nuestra\u00a0<a href=\"https:\/\/www.electronicajnc.com\/web\/contactos\" target=\"_blank\" rel=\"noopener\">TIENDA F\u00cdSICA<\/a>\u00a0o realizar sus pedidos\u00a0<a href=\"https:\/\/www.electronicajnc.com\/web\/mi-cuenta\" target=\"_blank\" rel=\"noopener\">ONLINE<\/a>\u00a0o por\u00a0<a href=\"https:\/\/api.whatsapp.com\/send?phone=593958753126\" target=\"_blank\" rel=\"noopener\">WHATSAPP<\/a>.<\/p>\n","protected":false},"excerpt":{"rendered":"<p>Arma este kit que es perfecto para un proyecto Maker o para inspirar inter\u00e9s en temas STEM (ciencia, tecnolog\u00eda, ingenier\u00eda y matem\u00e1ticas), introduciendo ingenier\u00eda, rob\u00f3tica, electr\u00f3nica y abriendo todo un mundo de posibilidades de programaci\u00f3n.<\/p>\n","protected":false},"featured_media":958,"comment_status":"closed","ping_status":"closed","template":"","meta":{"saved_in_kubio":false,"_joinchat":[]},"product_brand":[],"product_cat":[53],"product_tag":[688,691,686,719,699,710,697,706,712,692,714,711,687,708,709,713,694,685,696,701,717,715,318,703,704,700,705,702,693,698,707,32,718,31,35,695],"class_list":{"0":"post-957","1":"product","2":"type-product","3":"status-publish","4":"has-post-thumbnail","6":"product_cat-kits-de-robotica","7":"product_tag-aprender-iot","8":"product_tag-compra-online-kit-arduino","9":"product_tag-comunicacion-inalambrica","10":"product_tag-control-de-motores-control-de-motores","11":"product_tag-conversion-analogica-a-digital","12":"product_tag-diseno-de-circuitos","13":"product_tag-educacion-stem","14":"product_tag-esp01-8266","15":"product_tag-internet-de-las-cosas-iot","16":"product_tag-kit-arduino","17":"product_tag-kit-arduino-ecuador","18":"product_tag-kit-arduino-mas-vendido","19":"product_tag-kit-de-electronica","20":"product_tag-kit-de-inicio-arduino","21":"product_tag-kit-de-proyecto-arduino","22":"product_tag-kit-de-robotica","23":"product_tag-kit-diy","24":"product_tag-kit-internet-de-las-cosas","25":"product_tag-kit-iot","26":"product_tag-kit-steam","27":"product_tag-kits-arduino","28":"product_tag-mejor-kit-arduino-ecuador","29":"product_tag-microcontrolador","30":"product_tag-modulo-bluetooth-hc05","31":"product_tag-modulo-sensor","32":"product_tag-nodemcu-esp8266","33":"product_tag-pantalla-i2c","34":"product_tag-pantalla-lcd","35":"product_tag-pantalla-led","36":"product_tag-placa-arduino","37":"product_tag-placa-de-pruebas","38":"product_tag-programacion","39":"product_tag-proyectos-arduino-uno-r3","40":"product_tag-robotica","41":"product_tag-sensor-de-temperatura","42":"product_tag-servomotor","44":"first","45":"instock","46":"taxable","47":"shipping-taxable","48":"product-type-simple"},"yoast_head":"<!-- This site is optimized with the Yoast SEO plugin v27.5 - https:\/\/yoast.com\/product\/yoast-seo-wordpress\/ -->\n<title>Brazo Rob\u00f3tico Acr\u00edlico DIY - Electronica JNC<\/title>\n<meta name=\"description\" content=\"Brazo Rob\u00f3tico Acr\u00edlico DIY es perfecto para un proyecto Maker o para inspirar inter\u00e9s en temas STEM (ciencia, tecnolog\u00eda, ingenier\u00eda y matem\u00e1ticas)\" \/>\n<meta name=\"robots\" content=\"index, follow, max-snippet:-1, max-image-preview:large, max-video-preview:-1\" \/>\n<link rel=\"canonical\" href=\"https:\/\/www.electronicajnc.com\/web\/producto\/brazo-robotico-acrilico-diy\/\" \/>\n<meta property=\"og:locale\" content=\"es_ES\" \/>\n<meta property=\"og:type\" content=\"article\" \/>\n<meta property=\"og:title\" content=\"Brazo Rob\u00f3tico Acr\u00edlico DIY - Electronica JNC\" \/>\n<meta property=\"og:description\" content=\"Brazo Rob\u00f3tico Acr\u00edlico DIY es perfecto para un proyecto Maker o para inspirar inter\u00e9s en temas STEM (ciencia, tecnolog\u00eda, ingenier\u00eda y matem\u00e1ticas)\" \/>\n<meta property=\"og:url\" content=\"https:\/\/www.electronicajnc.com\/web\/producto\/brazo-robotico-acrilico-diy\/\" \/>\n<meta property=\"og:site_name\" content=\"Electronica JNC\" \/>\n<meta property=\"article:modified_time\" content=\"2025-05-27T16:09:59+00:00\" \/>\n<meta property=\"og:image\" content=\"https:\/\/www.electronicajnc.com\/web\/wp-content\/uploads\/2023\/10\/brazo-robotico.jpg\" \/>\n\t<meta property=\"og:image:width\" content=\"1214\" \/>\n\t<meta property=\"og:image:height\" content=\"1234\" \/>\n\t<meta property=\"og:image:type\" content=\"image\/jpeg\" \/>\n<meta name=\"twitter:card\" content=\"summary_large_image\" \/>\n<meta name=\"twitter:label1\" content=\"Tiempo de lectura\" \/>\n\t<meta name=\"twitter:data1\" content=\"3 minutos\" \/>\n<script type=\"application\/ld+json\" class=\"yoast-schema-graph\">{\"@context\":\"https:\\\/\\\/schema.org\",\"@graph\":[{\"@type\":\"WebPage\",\"@id\":\"https:\\\/\\\/www.electronicajnc.com\\\/web\\\/producto\\\/brazo-robotico-acrilico-diy\\\/\",\"url\":\"https:\\\/\\\/www.electronicajnc.com\\\/web\\\/producto\\\/brazo-robotico-acrilico-diy\\\/\",\"name\":\"Brazo Rob\u00f3tico Acr\u00edlico DIY - Electronica JNC\",\"isPartOf\":{\"@id\":\"https:\\\/\\\/www.electronicajnc.com\\\/web\\\/#website\"},\"primaryImageOfPage\":{\"@id\":\"https:\\\/\\\/www.electronicajnc.com\\\/web\\\/producto\\\/brazo-robotico-acrilico-diy\\\/#primaryimage\"},\"image\":{\"@id\":\"https:\\\/\\\/www.electronicajnc.com\\\/web\\\/producto\\\/brazo-robotico-acrilico-diy\\\/#primaryimage\"},\"thumbnailUrl\":\"https:\\\/\\\/www.electronicajnc.com\\\/web\\\/wp-content\\\/uploads\\\/2023\\\/10\\\/brazo-robotico.jpg\",\"datePublished\":\"2023-10-26T17:00:35+00:00\",\"dateModified\":\"2025-05-27T16:09:59+00:00\",\"description\":\"Brazo Rob\u00f3tico Acr\u00edlico DIY es perfecto para un proyecto Maker o para inspirar inter\u00e9s en temas STEM (ciencia, tecnolog\u00eda, ingenier\u00eda y matem\u00e1ticas)\",\"breadcrumb\":{\"@id\":\"https:\\\/\\\/www.electronicajnc.com\\\/web\\\/producto\\\/brazo-robotico-acrilico-diy\\\/#breadcrumb\"},\"inLanguage\":\"es\",\"potentialAction\":[{\"@type\":\"ReadAction\",\"target\":[\"https:\\\/\\\/www.electronicajnc.com\\\/web\\\/producto\\\/brazo-robotico-acrilico-diy\\\/\"]}]},{\"@type\":\"ImageObject\",\"inLanguage\":\"es\",\"@id\":\"https:\\\/\\\/www.electronicajnc.com\\\/web\\\/producto\\\/brazo-robotico-acrilico-diy\\\/#primaryimage\",\"url\":\"https:\\\/\\\/www.electronicajnc.com\\\/web\\\/wp-content\\\/uploads\\\/2023\\\/10\\\/brazo-robotico.jpg\",\"contentUrl\":\"https:\\\/\\\/www.electronicajnc.com\\\/web\\\/wp-content\\\/uploads\\\/2023\\\/10\\\/brazo-robotico.jpg\",\"width\":1214,\"height\":1234,\"caption\":\"BRAZO ROBOTICO CON GRIPPER\"},{\"@type\":\"BreadcrumbList\",\"@id\":\"https:\\\/\\\/www.electronicajnc.com\\\/web\\\/producto\\\/brazo-robotico-acrilico-diy\\\/#breadcrumb\",\"itemListElement\":[{\"@type\":\"ListItem\",\"position\":1,\"name\":\"Portada\",\"item\":\"https:\\\/\\\/www.electronicajnc.com\\\/web\\\/\"},{\"@type\":\"ListItem\",\"position\":2,\"name\":\"TIENDA\",\"item\":\"https:\\\/\\\/www.electronicajnc.com\\\/web\\\/tienda\\\/\"},{\"@type\":\"ListItem\",\"position\":3,\"name\":\"Brazo Rob\u00f3tico Acr\u00edlico DIY\"}]},{\"@type\":\"WebSite\",\"@id\":\"https:\\\/\\\/www.electronicajnc.com\\\/web\\\/#website\",\"url\":\"https:\\\/\\\/www.electronicajnc.com\\\/web\\\/\",\"name\":\"Electronica JNC\",\"description\":\"Robotica Tecnologia Mecatronica en Ecuador\",\"publisher\":{\"@id\":\"https:\\\/\\\/www.electronicajnc.com\\\/web\\\/#organization\"},\"potentialAction\":[{\"@type\":\"SearchAction\",\"target\":{\"@type\":\"EntryPoint\",\"urlTemplate\":\"https:\\\/\\\/www.electronicajnc.com\\\/web\\\/?s={search_term_string}\"},\"query-input\":{\"@type\":\"PropertyValueSpecification\",\"valueRequired\":true,\"valueName\":\"search_term_string\"}}],\"inLanguage\":\"es\"},{\"@type\":\"Organization\",\"@id\":\"https:\\\/\\\/www.electronicajnc.com\\\/web\\\/#organization\",\"name\":\"Electronica JNC\",\"url\":\"https:\\\/\\\/www.electronicajnc.com\\\/web\\\/\",\"logo\":{\"@type\":\"ImageObject\",\"inLanguage\":\"es\",\"@id\":\"https:\\\/\\\/www.electronicajnc.com\\\/web\\\/#\\\/schema\\\/logo\\\/image\\\/\",\"url\":\"https:\\\/\\\/www.electronicajnc.com\\\/web\\\/wp-content\\\/uploads\\\/2023\\\/06\\\/nuevo-logo.jpg\",\"contentUrl\":\"https:\\\/\\\/www.electronicajnc.com\\\/web\\\/wp-content\\\/uploads\\\/2023\\\/06\\\/nuevo-logo.jpg\",\"width\":1256,\"height\":612,\"caption\":\"Electronica JNC\"},\"image\":{\"@id\":\"https:\\\/\\\/www.electronicajnc.com\\\/web\\\/#\\\/schema\\\/logo\\\/image\\\/\"}}]}<\/script>\n<!-- \/ Yoast SEO plugin. -->","yoast_head_json":{"title":"Brazo Rob\u00f3tico Acr\u00edlico DIY - Electronica JNC","description":"Brazo Rob\u00f3tico Acr\u00edlico DIY es perfecto para un proyecto Maker o para inspirar inter\u00e9s en temas STEM (ciencia, tecnolog\u00eda, ingenier\u00eda y matem\u00e1ticas)","robots":{"index":"index","follow":"follow","max-snippet":"max-snippet:-1","max-image-preview":"max-image-preview:large","max-video-preview":"max-video-preview:-1"},"canonical":"https:\/\/www.electronicajnc.com\/web\/producto\/brazo-robotico-acrilico-diy\/","og_locale":"es_ES","og_type":"article","og_title":"Brazo Rob\u00f3tico Acr\u00edlico DIY - Electronica JNC","og_description":"Brazo Rob\u00f3tico Acr\u00edlico DIY es perfecto para un proyecto Maker o para inspirar inter\u00e9s en temas STEM (ciencia, tecnolog\u00eda, ingenier\u00eda y matem\u00e1ticas)","og_url":"https:\/\/www.electronicajnc.com\/web\/producto\/brazo-robotico-acrilico-diy\/","og_site_name":"Electronica JNC","article_modified_time":"2025-05-27T16:09:59+00:00","og_image":[{"width":1214,"height":1234,"url":"https:\/\/www.electronicajnc.com\/web\/wp-content\/uploads\/2023\/10\/brazo-robotico.jpg","type":"image\/jpeg"}],"twitter_card":"summary_large_image","twitter_misc":{"Tiempo de lectura":"3 minutos"},"schema":{"@context":"https:\/\/schema.org","@graph":[{"@type":"WebPage","@id":"https:\/\/www.electronicajnc.com\/web\/producto\/brazo-robotico-acrilico-diy\/","url":"https:\/\/www.electronicajnc.com\/web\/producto\/brazo-robotico-acrilico-diy\/","name":"Brazo Rob\u00f3tico Acr\u00edlico DIY - Electronica JNC","isPartOf":{"@id":"https:\/\/www.electronicajnc.com\/web\/#website"},"primaryImageOfPage":{"@id":"https:\/\/www.electronicajnc.com\/web\/producto\/brazo-robotico-acrilico-diy\/#primaryimage"},"image":{"@id":"https:\/\/www.electronicajnc.com\/web\/producto\/brazo-robotico-acrilico-diy\/#primaryimage"},"thumbnailUrl":"https:\/\/www.electronicajnc.com\/web\/wp-content\/uploads\/2023\/10\/brazo-robotico.jpg","datePublished":"2023-10-26T17:00:35+00:00","dateModified":"2025-05-27T16:09:59+00:00","description":"Brazo Rob\u00f3tico Acr\u00edlico DIY es perfecto para un proyecto Maker o para inspirar inter\u00e9s en temas STEM (ciencia, tecnolog\u00eda, ingenier\u00eda y matem\u00e1ticas)","breadcrumb":{"@id":"https:\/\/www.electronicajnc.com\/web\/producto\/brazo-robotico-acrilico-diy\/#breadcrumb"},"inLanguage":"es","potentialAction":[{"@type":"ReadAction","target":["https:\/\/www.electronicajnc.com\/web\/producto\/brazo-robotico-acrilico-diy\/"]}]},{"@type":"ImageObject","inLanguage":"es","@id":"https:\/\/www.electronicajnc.com\/web\/producto\/brazo-robotico-acrilico-diy\/#primaryimage","url":"https:\/\/www.electronicajnc.com\/web\/wp-content\/uploads\/2023\/10\/brazo-robotico.jpg","contentUrl":"https:\/\/www.electronicajnc.com\/web\/wp-content\/uploads\/2023\/10\/brazo-robotico.jpg","width":1214,"height":1234,"caption":"BRAZO ROBOTICO CON GRIPPER"},{"@type":"BreadcrumbList","@id":"https:\/\/www.electronicajnc.com\/web\/producto\/brazo-robotico-acrilico-diy\/#breadcrumb","itemListElement":[{"@type":"ListItem","position":1,"name":"Portada","item":"https:\/\/www.electronicajnc.com\/web\/"},{"@type":"ListItem","position":2,"name":"TIENDA","item":"https:\/\/www.electronicajnc.com\/web\/tienda\/"},{"@type":"ListItem","position":3,"name":"Brazo Rob\u00f3tico Acr\u00edlico DIY"}]},{"@type":"WebSite","@id":"https:\/\/www.electronicajnc.com\/web\/#website","url":"https:\/\/www.electronicajnc.com\/web\/","name":"Electronica JNC","description":"Robotica Tecnologia Mecatronica en Ecuador","publisher":{"@id":"https:\/\/www.electronicajnc.com\/web\/#organization"},"potentialAction":[{"@type":"SearchAction","target":{"@type":"EntryPoint","urlTemplate":"https:\/\/www.electronicajnc.com\/web\/?s={search_term_string}"},"query-input":{"@type":"PropertyValueSpecification","valueRequired":true,"valueName":"search_term_string"}}],"inLanguage":"es"},{"@type":"Organization","@id":"https:\/\/www.electronicajnc.com\/web\/#organization","name":"Electronica JNC","url":"https:\/\/www.electronicajnc.com\/web\/","logo":{"@type":"ImageObject","inLanguage":"es","@id":"https:\/\/www.electronicajnc.com\/web\/#\/schema\/logo\/image\/","url":"https:\/\/www.electronicajnc.com\/web\/wp-content\/uploads\/2023\/06\/nuevo-logo.jpg","contentUrl":"https:\/\/www.electronicajnc.com\/web\/wp-content\/uploads\/2023\/06\/nuevo-logo.jpg","width":1256,"height":612,"caption":"Electronica JNC"},"image":{"@id":"https:\/\/www.electronicajnc.com\/web\/#\/schema\/logo\/image\/"}}]}},"_links":{"self":[{"href":"https:\/\/www.electronicajnc.com\/web\/wp-json\/wp\/v2\/product\/957","targetHints":{"allow":["GET"]}}],"collection":[{"href":"https:\/\/www.electronicajnc.com\/web\/wp-json\/wp\/v2\/product"}],"about":[{"href":"https:\/\/www.electronicajnc.com\/web\/wp-json\/wp\/v2\/types\/product"}],"replies":[{"embeddable":true,"href":"https:\/\/www.electronicajnc.com\/web\/wp-json\/wp\/v2\/comments?post=957"}],"wp:featuredmedia":[{"embeddable":true,"href":"https:\/\/www.electronicajnc.com\/web\/wp-json\/wp\/v2\/media\/958"}],"wp:attachment":[{"href":"https:\/\/www.electronicajnc.com\/web\/wp-json\/wp\/v2\/media?parent=957"}],"wp:term":[{"taxonomy":"product_brand","embeddable":true,"href":"https:\/\/www.electronicajnc.com\/web\/wp-json\/wp\/v2\/product_brand?post=957"},{"taxonomy":"product_cat","embeddable":true,"href":"https:\/\/www.electronicajnc.com\/web\/wp-json\/wp\/v2\/product_cat?post=957"},{"taxonomy":"product_tag","embeddable":true,"href":"https:\/\/www.electronicajnc.com\/web\/wp-json\/wp\/v2\/product_tag?post=957"}],"curies":[{"name":"wp","href":"https:\/\/api.w.org\/{rel}","templated":true}]}}